{"id":15876,"date":"2015-09-12T19:08:06","date_gmt":"2015-09-12T19:08:06","guid":{"rendered":"http:\/\/new.solarity.cz\/cs\/?page_id=15876"},"modified":"2024-01-28T18:37:27","modified_gmt":"2024-01-28T18:37:27","slug":"off-grid-produkty","status":"publish","type":"page","link":"https:\/\/solarity.eu\/cs\/produkty\/ostrovni-systemy-off-grid\/off-grid-produkty\/","title":{"rendered":"Off-grid produkty"},"content":{"rendered":"<p>[vc_row row_type=&#8220;row&#8220; use_row_as_full_screen_section=&#8220;no&#8220; type=&#8220;grid&#8220; parallax_content_width=&#8220;in_grid&#8220; angled_section=&#8220;no&#8220; angled_section_position=&#8220;both&#8220; angled_section_direction=&#8220;from_left_to_right&#8220; text_align=&#8220;left&#8220; background_image_as_pattern=&#8220;without_pattern&#8220;][vc_column width=&#8220;1\/1&#8243;][vc_row_inner row_type=&#8220;row&#8220; use_as_box=&#8220;&#8220; type=&#8220;grid&#8220; text_align=&#8220;left&#8220; anchor=&#8220;offgridmodules&#8220;][vc_column_inner el_class=&#8220;&#8220; width=&#8220;1\/1&#8243;][vc_column_text]<span style=\"color: #ee8922;font-size: 30px\">Ostrovn\u00ed Off-Grid\u00a0Fotovoltaick\u00e9 Panely<\/span>[\/vc_column_text][vc_empty_space height=&#8220;32px&#8220; image_repeat=&#8220;no-repeat&#8220;][vc_column_text]Ostrovn\u00ed fotovoltaick\u00e9 panely jsou navr\u017eeny na \u0161irok\u00e9 spektrum pou\u017eit\u00ed. Od fotovoltaick\u00fdch syst\u00e9m\u016f p\u0159es \u010derp\u00e1n\u00ed vody a\u017e na sol\u00e1rn\u00ed osv\u011btlen\u00ed v odlou\u010den\u00fdch kon\u010din\u00e1ch s omezenou distribuc\u00ed elektrick\u00e9 energie.[\/vc_column_text][\/vc_column_inner][\/vc_row_inner][vc_empty_space height=&#8220;32px&#8220; image_repeat=&#8220;no-repeat&#8220;][vc_single_image image=&#8220;16170&#8243; alignment=&#8220;center&#8220; border_color=&#8220;grey&#8220; img_link_large=&#8220;&#8220; img_link_target=&#8220;_self&#8220; img_size=&#8220;800&#215;121&#8243;][vc_empty_space height=&#8220;72px&#8220; image_repeat=&#8220;no-repeat&#8220;][\/vc_column][\/vc_row][vc_row row_type=&#8220;row&#8220; use_row_as_full_screen_section=&#8220;no&#8220; type=&#8220;grid&#8220; parallax_content_width=&#8220;in_grid&#8220; angled_section=&#8220;no&#8220; angled_section_position=&#8220;both&#8220; angled_section_direction=&#8220;from_left_to_right&#8220; text_align=&#8220;left&#8220; background_image_as_pattern=&#8220;without_pattern&#8220; anchor=&#8220;offgridinverters&#8220;][vc_column width=&#8220;1\/1&#8243;][vc_column_text]<span style=\"color: #ee8922;font-size: 30px\">Ostrovn\u00ed Off-grid St\u0159\u00edda\u010de<\/span>[\/vc_column_text][vc_empty_space height=&#8220;32px&#8220; image_repeat=&#8220;no-repeat&#8220;][vc_column_text]Ostrovn\u00ed st\u0159\u00edda\u010de V\u00e1m nab\u00edz\u00ed nekolik mo\u017enost\u00ed na \u0159e\u0161en\u00ed nez\u00e1visl\u00fdch instalac\u00ed elektrick\u00fdch syst\u00e9m\u016f. Ve spojen\u00ed s bateriemi tvo\u0159\u00ed st\u0159\u00edda\u010de sob\u011bsta\u010dnou st\u0159\u00eddavou s\u00ed\u0165, kter\u00e1 spl\u0148uje ty nejp\u0159\u00edsn\u011bj\u0161\u00ed standardy kvality.[\/vc_column_text][vc_empty_space height=&#8220;72px&#8220; image_repeat=&#8220;no-repeat&#8220;][vc_row_inner row_type=&#8220;row&#8220; use_as_box=&#8220;&#8220; type=&#8220;grid&#8220; text_align=&#8220;left&#8220; css=&#8220;.vc_custom_1442843087753{padding-bottom: 32px !important;}&#8220;][vc_column_inner width=&#8220;1\/4&#8243;][vc_single_image image=&#8220;16179&#8243; alignment=&#8220;center&#8220; border_color=&#8220;grey&#8220; img_link_large=&#8220;&#8220; img_link_target=&#8220;_blank&#8220; img_size=&#8220;250&#215;288&#8243; link=&#8220;http:\/\/kaco-newenergy.com\/us\/&#8220;][\/vc_column_inner][vc_column_inner width=&#8220;1\/4&#8243;][vc_single_image image=&#8220;16180&#8243; alignment=&#8220;center&#8220; border_color=&#8220;grey&#8220; img_link_large=&#8220;&#8220; img_link_target=&#8220;_blank&#8220; img_size=&#8220;250&#215;288&#8243; link=&#8220;http:\/\/www.sma.de\/en&#8220;][\/vc_column_inner][vc_column_inner width=&#8220;1\/4&#8243;][vc_single_image image=&#8220;16182&#8243; alignment=&#8220;center&#8220; border_color=&#8220;grey&#8220; img_link_large=&#8220;&#8220; img_link_target=&#8220;_blank&#8220; img_size=&#8220;250&#215;288&#8243; link=&#8220;http:\/\/www.fronius.com\/cps\/rde\/xchg\/SID-84EBADB3-52963152\/fronius_ceska_republika\/hs.xsl\/30.htm&#8220;][\/vc_column_inner][vc_column_inner width=&#8220;1\/4&#8243;][vc_single_image image=&#8220;16183&#8243; alignment=&#8220;center&#8220; border_color=&#8220;grey&#8220; img_link_large=&#8220;&#8220; img_link_target=&#8220;_blank&#8220; img_size=&#8220;250&#215;288&#8243; link=&#8220;http:\/\/www.kostal-solar-electric.com\/&#8220;][\/vc_column_inner][\/vc_row_inner][vc_empty_space height=&#8220;72px&#8220; background_image=&#8220;&#8220; image_repeat=&#8220;no-repeat&#8220;][\/vc_column][\/vc_row][vc_row row_type=&#8220;row&#8220; use_row_as_full_screen_section=&#8220;no&#8220; type=&#8220;grid&#8220; parallax_content_width=&#8220;in_grid&#8220; angled_section=&#8220;no&#8220; angled_section_position=&#8220;both&#8220; angled_section_direction=&#8220;from_left_to_right&#8220; text_align=&#8220;left&#8220; background_image_as_pattern=&#8220;without_pattern&#8220; anchor=&#8220;chargecontrollers&#8220;][vc_column width=&#8220;1\/1&#8243;][vc_column_text]<span style=\"color: #ee8922;font-size: 30px\">Regul\u00e1tory nab\u00edjen\u00ed<\/span>[\/vc_column_text][vc_empty_space height=&#8220;32px&#8220; image_repeat=&#8220;no-repeat&#8220;][vc_column_text]Slou\u017e\u00ed jako centr\u00e1ln\u00ed prvek ostrovn\u00edch fotovoltaick\u00fdch syst\u00e9m\u016f, kontroluj\u00ed tok energie v syst\u00e9mu a udr\u017euj\u00ed optim\u00e1ln\u00ed \u00fadr\u017ebu bateri\u00ed.[\/vc_column_text][vc_empty_space height=&#8220;32px&#8220; background_image=&#8220;&#8220; image_repeat=&#8220;no-repeat&#8220;][vc_single_image image=&#8220;16464&#8243; border_color=&#8220;grey&#8220; img_link_large=&#8220;&#8220; img_link_target=&#8220;_blank&#8220; img_size=&#8220;full&#8220; alignment=&#8220;center&#8220;][vc_empty_space height=&#8220;72px&#8220; image_repeat=&#8220;no-repeat&#8220;][\/vc_column][\/vc_row][vc_row row_type=&#8220;row&#8220; use_row_as_full_screen_section=&#8220;no&#8220; type=&#8220;grid&#8220; parallax_content_width=&#8220;in_grid&#8220; angled_section=&#8220;no&#8220; angled_section_position=&#8220;both&#8220; angled_section_direction=&#8220;from_left_to_right&#8220; text_align=&#8220;left&#8220; background_image_as_pattern=&#8220;without_pattern&#8220; anchor=&#8220;batteries&#8220;][vc_column width=&#8220;1\/1&#8243;][vc_column_text]<span style=\"color: #ee8922;font-size: 30px\">Baterie<\/span>[\/vc_column_text][vc_empty_space height=&#8220;32px&#8220; image_repeat=&#8220;no-repeat&#8220;][vc_column_text]V souladu s bezpe\u010dnostn\u00edmi standardy, v\u00fdrobci pou\u017e\u00edvaj\u00ed k v\u00fdvoji statick\u00fdch energetick\u00fdch syst\u00e9m\u016f a ostrovn\u00edch instalac\u00ed nejnov\u011bj\u0161\u00ed postupy v olov\u011bn\u00fdch, NiCd, NiMH a lithiov\u00fdch technologi\u00edch.<\/p>\n<p>Nez\u00e1le\u017e\u00ed na tom jestli se jedn\u00e1 o mal\u00fd z\u00e1lo\u017en\u00ed syst\u00e9m nebo o velkou ostrovn\u00ed instalaci skl\u00e1daj\u00edc\u00ed se z PV, v\u011btrn\u00fdch a jin\u00fdch energetick\u00fdch zdroj\u016f. Baterie\u00a0jsou v\u017edy vyb\u00edr\u00e1ny tak, aby nejl\u00e9pe vyhov\u011bly technick\u00fdm a ekonomick\u00fdm po\u017eadavk\u016fm.<\/p>\n<p>[\/vc_column_text][vc_empty_space height=&#8220;32px&#8220; background_image=&#8220;&#8220; image_repeat=&#8220;no-repeat&#8220;][vc_single_image image=&#8220;16203&#8243; border_color=&#8220;grey&#8220; img_link_large=&#8220;&#8220; img_link_target=&#8220;_blank&#8220; img_size=&#8220;full&#8220; alignment=&#8220;center&#8220;][vc_empty_space height=&#8220;144px&#8220; image_repeat=&#8220;no-repeat&#8220;][\/vc_column][\/vc_row]<\/p>\n","protected":false},"excerpt":{"rendered":"<p>[vc_row row_type=&#8220;row&#8220; use_row_as_full_screen_section=&#8220;no&#8220; type=&#8220;grid&#8220; parallax_content_width=&#8220;in_grid&#8220; angled_section=&#8220;no&#8220; angled_section_position=&#8220;both&#8220; angled_section_direction=&#8220;from_left_to_right&#8220; text_align=&#8220;left&#8220; background_image_as_pattern=&#8220;without_pattern&#8220;][vc_column width=&#8220;1\/1&#8243;][vc_row_inner row_type=&#8220;row&#8220; use_as_box=&#8220;&#8220; type=&#8220;grid&#8220; text_align=&#8220;left&#8220; anchor=&#8220;offgridmodules&#8220;][vc_column_inner el_class=&#8220;&#8220; width=&#8220;1\/1&#8243;][vc_column_text]Ostrovn\u00ed Off-Grid\u00a0Fotovoltaick\u00e9 Panely[\/vc_column_text][vc_empty_space height=&#8220;32px&#8220; image_repeat=&#8220;no-repeat&#8220;][vc_column_text]Ostrovn\u00ed fotovoltaick\u00e9 panely jsou navr\u017eeny na \u0161irok\u00e9 spektrum pou\u017eit\u00ed. Od fotovoltaick\u00fdch syst\u00e9m\u016f p\u0159es \u010derp\u00e1n\u00ed vody a\u017e na sol\u00e1rn\u00ed osv\u011btlen\u00ed v odlou\u010den\u00fdch kon\u010din\u00e1ch s omezenou&#8230;<\/p>\n","protected":false},"author":30,"featured_media":0,"parent":15761,"menu_order":0,"comment_status":"open","ping_status":"open","template":"full_width.php","meta":{"footnotes":""},"class_list":["post-15876","page","type-page","status-publish","hentry"],"yoast_head":"<!-- This site is optimized with the Yoast SEO Premium plugin v25.6 (Yoast SEO v25.6) - https:\/\/yoast.com\/wordpress\/plugins\/seo\/ -->\n<title>Off-grid produkty | Solarity \u2013 distributor a velkoobchod fotovoltaick\u00fdch syst\u00e9m\u016f<\/title>\n<meta name=\"robots\" content=\"index, follow, max-snippet:-1, max-image-preview:large, max-video-preview:-1\" \/>\n<link rel=\"canonical\" href=\"https:\/\/solarity.eu\/cs\/produkty\/ostrovni-systemy-off-grid\/off-grid-produkty\/\" \/>\n<meta property=\"og:locale\" content=\"cs_CZ\" \/>\n<meta property=\"og:type\" content=\"article\" \/>\n<meta property=\"og:title\" content=\"Off-grid produkty\" \/>\n<meta property=\"og:description\" content=\"[vc_row row_type=&#8220;row&#8220; use_row_as_full_screen_section=&#8220;no&#8220; type=&#8220;grid&#8220; parallax_content_width=&#8220;in_grid&#8220; angled_section=&#8220;no&#8220; angled_section_position=&#8220;both&#8220; angled_section_direction=&#8220;from_left_to_right&#8220; text_align=&#8220;left&#8220; background_image_as_pattern=&#8220;without_pattern&#8220;][vc_column width=&#8220;1\/1&#8243;][vc_row_inner row_type=&#8220;row&#8220; use_as_box=&#8220;&#8220; type=&#8220;grid&#8220; text_align=&#8220;left&#8220; anchor=&#8220;offgridmodules&#8220;][vc_column_inner el_class=&#8220;&#8220; width=&#8220;1\/1&#8243;][vc_column_text]Ostrovn\u00ed Off-Grid\u00a0Fotovoltaick\u00e9 Panely[\/vc_column_text][vc_empty_space height=&#8220;32px&#8220; image_repeat=&#8220;no-repeat&#8220;][vc_column_text]Ostrovn\u00ed fotovoltaick\u00e9 panely jsou navr\u017eeny na \u0161irok\u00e9 spektrum pou\u017eit\u00ed. Od fotovoltaick\u00fdch syst\u00e9m\u016f p\u0159es \u010derp\u00e1n\u00ed vody a\u017e na sol\u00e1rn\u00ed osv\u011btlen\u00ed v odlou\u010den\u00fdch kon\u010din\u00e1ch s omezenou...\" \/>\n<meta property=\"og:url\" content=\"https:\/\/solarity.eu\/cs\/produkty\/ostrovni-systemy-off-grid\/off-grid-produkty\/\" \/>\n<meta property=\"og:site_name\" content=\"Solarity\" \/>\n<meta property=\"article:publisher\" content=\"https:\/\/www.facebook.com\/solaritycz\/\" \/>\n<meta property=\"article:modified_time\" content=\"2024-01-28T18:37:27+00:00\" \/>\n<meta name=\"twitter:card\" content=\"summary_large_image\" \/>\n<meta name=\"twitter:label1\" content=\"Odhadovan\u00e1 doba \u010dten\u00ed\" \/>\n\t<meta name=\"twitter:data1\" content=\"2 minuty\" \/>\n<script type=\"application\/ld+json\" class=\"yoast-schema-graph\">{\"@context\":\"https:\/\/schema.org\",\"@graph\":[{\"@type\":\"WebPage\",\"@id\":\"https:\/\/solarity.eu\/cs\/produkty\/ostrovni-systemy-off-grid\/off-grid-produkty\/\",\"url\":\"https:\/\/solarity.eu\/cs\/produkty\/ostrovni-systemy-off-grid\/off-grid-produkty\/\",\"name\":\"Off-grid produkty | Solarity \u2013 distributor a velkoobchod fotovoltaick\u00fdch syst\u00e9m\u016f\",\"isPartOf\":{\"@id\":\"https:\/\/solarity.eu\/cs\/#website\"},\"datePublished\":\"2015-09-12T19:08:06+00:00\",\"dateModified\":\"2024-01-28T18:37:27+00:00\",\"breadcrumb\":{\"@id\":\"https:\/\/solarity.eu\/cs\/produkty\/ostrovni-systemy-off-grid\/off-grid-produkty\/#breadcrumb\"},\"inLanguage\":\"cs\",\"potentialAction\":[{\"@type\":\"ReadAction\",\"target\":[\"https:\/\/solarity.eu\/cs\/produkty\/ostrovni-systemy-off-grid\/off-grid-produkty\/\"]}]},{\"@type\":\"BreadcrumbList\",\"@id\":\"https:\/\/solarity.eu\/cs\/produkty\/ostrovni-systemy-off-grid\/off-grid-produkty\/#breadcrumb\",\"itemListElement\":[{\"@type\":\"ListItem\",\"position\":1,\"name\":\"Home\",\"item\":\"https:\/\/solarity.eu\/cs\/uvod\/\"},{\"@type\":\"ListItem\",\"position\":2,\"name\":\"Produkty\",\"item\":\"https:\/\/solarity.eu\/cs\/produkty\/\"},{\"@type\":\"ListItem\",\"position\":3,\"name\":\"Ostrovn\u00ed syst\u00e9my &#8211; Off-grid\",\"item\":\"https:\/\/solarity.eu\/cs\/produkty\/ostrovni-systemy-off-grid\/\"},{\"@type\":\"ListItem\",\"position\":4,\"name\":\"Off-grid produkty\"}]},{\"@type\":\"WebSite\",\"@id\":\"https:\/\/solarity.eu\/cs\/#website\",\"url\":\"https:\/\/solarity.eu\/cs\/\",\"name\":\"Solarity\",\"description\":\"Distributor and wholesaler of photovoltaic systems\",\"publisher\":{\"@id\":\"https:\/\/solarity.eu\/cs\/#organization\"},\"potentialAction\":[{\"@type\":\"SearchAction\",\"target\":{\"@type\":\"EntryPoint\",\"urlTemplate\":\"https:\/\/solarity.eu\/cs\/?s={search_term_string}\"},\"query-input\":{\"@type\":\"PropertyValueSpecification\",\"valueRequired\":true,\"valueName\":\"search_term_string\"}}],\"inLanguage\":\"cs\"},{\"@type\":\"Organization\",\"@id\":\"https:\/\/solarity.eu\/cs\/#organization\",\"name\":\"Solarity\",\"url\":\"https:\/\/solarity.eu\/cs\/\",\"logo\":{\"@type\":\"ImageObject\",\"inLanguage\":\"cs\",\"@id\":\"https:\/\/solarity.eu\/cs\/#\/schema\/logo\/image\/\",\"url\":\"https:\/\/solarity.eu\/wp-content\/uploads\/2020\/08\/Solarity_Logo_new.jpg\",\"contentUrl\":\"https:\/\/solarity.eu\/wp-content\/uploads\/2020\/08\/Solarity_Logo_new.jpg\",\"width\":364,\"height\":59,\"caption\":\"Solarity\"},\"image\":{\"@id\":\"https:\/\/solarity.eu\/cs\/#\/schema\/logo\/image\/\"},\"sameAs\":[\"https:\/\/www.facebook.com\/solaritycz\/\"]}]}<\/script>\n<!-- \/ Yoast SEO Premium plugin. -->","yoast_head_json":{"title":"Off-grid produkty | Solarity \u2013 distributor a velkoobchod fotovoltaick\u00fdch syst\u00e9m\u016f","robots":{"index":"index","follow":"follow","max-snippet":"max-snippet:-1","max-image-preview":"max-image-preview:large","max-video-preview":"max-video-preview:-1"},"canonical":"https:\/\/solarity.eu\/cs\/produkty\/ostrovni-systemy-off-grid\/off-grid-produkty\/","og_locale":"cs_CZ","og_type":"article","og_title":"Off-grid produkty","og_description":"[vc_row row_type=&#8220;row&#8220; use_row_as_full_screen_section=&#8220;no&#8220; type=&#8220;grid&#8220; parallax_content_width=&#8220;in_grid&#8220; angled_section=&#8220;no&#8220; angled_section_position=&#8220;both&#8220; angled_section_direction=&#8220;from_left_to_right&#8220; text_align=&#8220;left&#8220; background_image_as_pattern=&#8220;without_pattern&#8220;][vc_column width=&#8220;1\/1&#8243;][vc_row_inner row_type=&#8220;row&#8220; use_as_box=&#8220;&#8220; type=&#8220;grid&#8220; text_align=&#8220;left&#8220; anchor=&#8220;offgridmodules&#8220;][vc_column_inner el_class=&#8220;&#8220; width=&#8220;1\/1&#8243;][vc_column_text]Ostrovn\u00ed Off-Grid\u00a0Fotovoltaick\u00e9 Panely[\/vc_column_text][vc_empty_space height=&#8220;32px&#8220; image_repeat=&#8220;no-repeat&#8220;][vc_column_text]Ostrovn\u00ed fotovoltaick\u00e9 panely jsou navr\u017eeny na \u0161irok\u00e9 spektrum pou\u017eit\u00ed. Od fotovoltaick\u00fdch syst\u00e9m\u016f p\u0159es \u010derp\u00e1n\u00ed vody a\u017e na sol\u00e1rn\u00ed osv\u011btlen\u00ed v odlou\u010den\u00fdch kon\u010din\u00e1ch s omezenou...","og_url":"https:\/\/solarity.eu\/cs\/produkty\/ostrovni-systemy-off-grid\/off-grid-produkty\/","og_site_name":"Solarity","article_publisher":"https:\/\/www.facebook.com\/solaritycz\/","article_modified_time":"2024-01-28T18:37:27+00:00","twitter_card":"summary_large_image","twitter_misc":{"Odhadovan\u00e1 doba \u010dten\u00ed":"2 minuty"},"schema":{"@context":"https:\/\/schema.org","@graph":[{"@type":"WebPage","@id":"https:\/\/solarity.eu\/cs\/produkty\/ostrovni-systemy-off-grid\/off-grid-produkty\/","url":"https:\/\/solarity.eu\/cs\/produkty\/ostrovni-systemy-off-grid\/off-grid-produkty\/","name":"Off-grid produkty | Solarity \u2013 distributor a velkoobchod fotovoltaick\u00fdch syst\u00e9m\u016f","isPartOf":{"@id":"https:\/\/solarity.eu\/cs\/#website"},"datePublished":"2015-09-12T19:08:06+00:00","dateModified":"2024-01-28T18:37:27+00:00","breadcrumb":{"@id":"https:\/\/solarity.eu\/cs\/produkty\/ostrovni-systemy-off-grid\/off-grid-produkty\/#breadcrumb"},"inLanguage":"cs","potentialAction":[{"@type":"ReadAction","target":["https:\/\/solarity.eu\/cs\/produkty\/ostrovni-systemy-off-grid\/off-grid-produkty\/"]}]},{"@type":"BreadcrumbList","@id":"https:\/\/solarity.eu\/cs\/produkty\/ostrovni-systemy-off-grid\/off-grid-produkty\/#breadcrumb","itemListElement":[{"@type":"ListItem","position":1,"name":"Home","item":"https:\/\/solarity.eu\/cs\/uvod\/"},{"@type":"ListItem","position":2,"name":"Produkty","item":"https:\/\/solarity.eu\/cs\/produkty\/"},{"@type":"ListItem","position":3,"name":"Ostrovn\u00ed syst\u00e9my &#8211; Off-grid","item":"https:\/\/solarity.eu\/cs\/produkty\/ostrovni-systemy-off-grid\/"},{"@type":"ListItem","position":4,"name":"Off-grid produkty"}]},{"@type":"WebSite","@id":"https:\/\/solarity.eu\/cs\/#website","url":"https:\/\/solarity.eu\/cs\/","name":"Solarity","description":"Distributor and wholesaler of photovoltaic systems","publisher":{"@id":"https:\/\/solarity.eu\/cs\/#organization"},"potentialAction":[{"@type":"SearchAction","target":{"@type":"EntryPoint","urlTemplate":"https:\/\/solarity.eu\/cs\/?s={search_term_string}"},"query-input":{"@type":"PropertyValueSpecification","valueRequired":true,"valueName":"search_term_string"}}],"inLanguage":"cs"},{"@type":"Organization","@id":"https:\/\/solarity.eu\/cs\/#organization","name":"Solarity","url":"https:\/\/solarity.eu\/cs\/","logo":{"@type":"ImageObject","inLanguage":"cs","@id":"https:\/\/solarity.eu\/cs\/#\/schema\/logo\/image\/","url":"https:\/\/solarity.eu\/wp-content\/uploads\/2020\/08\/Solarity_Logo_new.jpg","contentUrl":"https:\/\/solarity.eu\/wp-content\/uploads\/2020\/08\/Solarity_Logo_new.jpg","width":364,"height":59,"caption":"Solarity"},"image":{"@id":"https:\/\/solarity.eu\/cs\/#\/schema\/logo\/image\/"},"sameAs":["https:\/\/www.facebook.com\/solaritycz\/"]}]}},"_links":{"self":[{"href":"https:\/\/solarity.eu\/cs\/wp-json\/wp\/v2\/pages\/15876","targetHints":{"allow":["GET"]}}],"collection":[{"href":"https:\/\/solarity.eu\/cs\/wp-json\/wp\/v2\/pages"}],"about":[{"href":"https:\/\/solarity.eu\/cs\/wp-json\/wp\/v2\/types\/page"}],"author":[{"embeddable":true,"href":"https:\/\/solarity.eu\/cs\/wp-json\/wp\/v2\/users\/30"}],"replies":[{"embeddable":true,"href":"https:\/\/solarity.eu\/cs\/wp-json\/wp\/v2\/comments?post=15876"}],"version-history":[{"count":1,"href":"https:\/\/solarity.eu\/cs\/wp-json\/wp\/v2\/pages\/15876\/revisions"}],"predecessor-version":[{"id":145686,"href":"https:\/\/solarity.eu\/cs\/wp-json\/wp\/v2\/pages\/15876\/revisions\/145686"}],"up":[{"embeddable":true,"href":"https:\/\/solarity.eu\/cs\/wp-json\/wp\/v2\/pages\/15761"}],"wp:attachment":[{"href":"https:\/\/solarity.eu\/cs\/wp-json\/wp\/v2\/media?parent=15876"}],"curies":[{"name":"wp","href":"https:\/\/api.w.org\/{rel}","templated":true}]}}