{"id":37928,"date":"2021-11-18T15:51:54","date_gmt":"2021-11-18T14:51:54","guid":{"rendered":"https:\/\/solarity.cz\/cs\/?page_id=19781"},"modified":"2023-08-29T07:38:33","modified_gmt":"2023-08-29T07:38:33","slug":"odeslano","status":"publish","type":"page","link":"https:\/\/solarity.eu\/cs\/odeslano\/","title":{"rendered":"ODESL\u00c1NO"},"content":{"rendered":"\t\t<div data-elementor-type=\"wp-page\" data-elementor-id=\"37928\" class=\"elementor elementor-37928\" data-elementor-post-type=\"page\">\n\t\t\t\t\t\t<section class=\"elementor-section elementor-top-section elementor-element elementor-element-23ab18a6 elementor-section-boxed elementor-section-height-default elementor-section-height-default parallax_section_no qode_elementor_container_no\" data-id=\"23ab18a6\" data-element_type=\"section\">\n\t\t\t\t\t\t<div class=\"elementor-container elementor-column-gap-default\">\n\t\t\t\t\t<div class=\"elementor-column elementor-col-100 elementor-top-column elementor-element elementor-element-2236f4b3\" data-id=\"2236f4b3\" data-element_type=\"column\">\n\t\t\t<div class=\"elementor-widget-wrap elementor-element-populated\">\n\t\t\t\t\t\t<div class=\"elementor-element elementor-element-4fa7dd4f elementor-widget elementor-widget-text-editor\" data-id=\"4fa7dd4f\" data-element_type=\"widget\" data-widget_type=\"text-editor.default\">\n\t\t\t\t<div class=\"elementor-widget-container\">\n\t\t\t\t\t\t\t\t\t<div class=\"phenom-desc\"><div class=\"comment-container\"><div class=\"action-comment can-view-video markeddown js-comment\" dir=\"auto\"><div class=\"current-comment js-friendly-links js-open-card\"><p>P\u0159ihl\u00e1\u0161ka na \u0161kolen\u00ed byla odesl\u00e1na \ud83d\ude42<\/p><\/div><\/div><\/div><\/div>\t\t\t\t\t\t\t\t<\/div>\n\t\t\t\t<\/div>\n\t\t\t\t\t<\/div>\n\t\t<\/div>\n\t\t\t\t\t<\/div>\n\t\t<\/section>\n\t\t\t\t<\/div>\n\t\t","protected":false},"excerpt":{"rendered":"<p>P\u0159ihl\u00e1\u0161ka na \u0161kolen\u00ed byla odesl\u00e1na \ud83d\ude42<\/p>\n","protected":false},"author":30,"featured_media":0,"parent":0,"menu_order":0,"comment_status":"closed","ping_status":"closed","template":"","meta":{"footnotes":""},"class_list":["post-37928","page","type-page","status-publish","hentry"],"yoast_head":"<!-- This site is optimized with the Yoast SEO Premium plugin v25.6 (Yoast SEO v25.6) - https:\/\/yoast.com\/wordpress\/plugins\/seo\/ -->\n<title>ODESL\u00c1NO | Solarity \u2013 distributor a velkoobchod fotovoltaick\u00fdch syst\u00e9m\u016f<\/title>\n<meta name=\"robots\" content=\"index, follow, max-snippet:-1, max-image-preview:large, max-video-preview:-1\" \/>\n<link rel=\"canonical\" href=\"https:\/\/solarity.eu\/cs\/odeslano\/\" \/>\n<meta property=\"og:locale\" content=\"cs_CZ\" \/>\n<meta property=\"og:type\" content=\"article\" \/>\n<meta property=\"og:title\" content=\"ODESL\u00c1NO\" \/>\n<meta property=\"og:description\" content=\"P\u0159ihl\u00e1\u0161ka na \u0161kolen\u00ed byla odesl\u00e1na \ud83d\ude42\" \/>\n<meta property=\"og:url\" content=\"https:\/\/solarity.eu\/cs\/odeslano\/\" \/>\n<meta property=\"og:site_name\" content=\"Solarity\" \/>\n<meta property=\"article:publisher\" content=\"https:\/\/www.facebook.com\/solaritycz\/\" \/>\n<meta property=\"article:modified_time\" content=\"2023-08-29T07:38:33+00:00\" \/>\n<meta name=\"twitter:card\" content=\"summary_large_image\" \/>\n<meta name=\"twitter:label1\" content=\"Odhadovan\u00e1 doba \u010dten\u00ed\" \/>\n\t<meta name=\"twitter:data1\" content=\"1 minuta\" \/>\n<script type=\"application\/ld+json\" class=\"yoast-schema-graph\">{\"@context\":\"https:\/\/schema.org\",\"@graph\":[{\"@type\":\"WebPage\",\"@id\":\"https:\/\/solarity.eu\/cs\/odeslano\/\",\"url\":\"https:\/\/solarity.eu\/cs\/odeslano\/\",\"name\":\"ODESL\u00c1NO | Solarity \u2013 distributor a velkoobchod fotovoltaick\u00fdch syst\u00e9m\u016f\",\"isPartOf\":{\"@id\":\"https:\/\/solarity.eu\/cs\/#website\"},\"datePublished\":\"2021-11-18T14:51:54+00:00\",\"dateModified\":\"2023-08-29T07:38:33+00:00\",\"breadcrumb\":{\"@id\":\"https:\/\/solarity.eu\/cs\/odeslano\/#breadcrumb\"},\"inLanguage\":\"cs\",\"potentialAction\":[{\"@type\":\"ReadAction\",\"target\":[\"https:\/\/solarity.eu\/cs\/odeslano\/\"]}]},{\"@type\":\"BreadcrumbList\",\"@id\":\"https:\/\/solarity.eu\/cs\/odeslano\/#breadcrumb\",\"itemListElement\":[{\"@type\":\"ListItem\",\"position\":1,\"name\":\"Home\",\"item\":\"https:\/\/solarity.eu\/cs\/uvod\/\"},{\"@type\":\"ListItem\",\"position\":2,\"name\":\"ODESL\u00c1NO\"}]},{\"@type\":\"WebSite\",\"@id\":\"https:\/\/solarity.eu\/cs\/#website\",\"url\":\"https:\/\/solarity.eu\/cs\/\",\"name\":\"Solarity\",\"description\":\"Distributor and wholesaler of photovoltaic systems\",\"publisher\":{\"@id\":\"https:\/\/solarity.eu\/cs\/#organization\"},\"potentialAction\":[{\"@type\":\"SearchAction\",\"target\":{\"@type\":\"EntryPoint\",\"urlTemplate\":\"https:\/\/solarity.eu\/cs\/?s={search_term_string}\"},\"query-input\":{\"@type\":\"PropertyValueSpecification\",\"valueRequired\":true,\"valueName\":\"search_term_string\"}}],\"inLanguage\":\"cs\"},{\"@type\":\"Organization\",\"@id\":\"https:\/\/solarity.eu\/cs\/#organization\",\"name\":\"Solarity\",\"url\":\"https:\/\/solarity.eu\/cs\/\",\"logo\":{\"@type\":\"ImageObject\",\"inLanguage\":\"cs\",\"@id\":\"https:\/\/solarity.eu\/cs\/#\/schema\/logo\/image\/\",\"url\":\"https:\/\/solarity.eu\/wp-content\/uploads\/2020\/08\/Solarity_Logo_new.jpg\",\"contentUrl\":\"https:\/\/solarity.eu\/wp-content\/uploads\/2020\/08\/Solarity_Logo_new.jpg\",\"width\":364,\"height\":59,\"caption\":\"Solarity\"},\"image\":{\"@id\":\"https:\/\/solarity.eu\/cs\/#\/schema\/logo\/image\/\"},\"sameAs\":[\"https:\/\/www.facebook.com\/solaritycz\/\"]}]}<\/script>\n<!-- \/ Yoast SEO Premium plugin. -->","yoast_head_json":{"title":"ODESL\u00c1NO | Solarity \u2013 distributor a velkoobchod fotovoltaick\u00fdch syst\u00e9m\u016f","robots":{"index":"index","follow":"follow","max-snippet":"max-snippet:-1","max-image-preview":"max-image-preview:large","max-video-preview":"max-video-preview:-1"},"canonical":"https:\/\/solarity.eu\/cs\/odeslano\/","og_locale":"cs_CZ","og_type":"article","og_title":"ODESL\u00c1NO","og_description":"P\u0159ihl\u00e1\u0161ka na \u0161kolen\u00ed byla odesl\u00e1na \ud83d\ude42","og_url":"https:\/\/solarity.eu\/cs\/odeslano\/","og_site_name":"Solarity","article_publisher":"https:\/\/www.facebook.com\/solaritycz\/","article_modified_time":"2023-08-29T07:38:33+00:00","twitter_card":"summary_large_image","twitter_misc":{"Odhadovan\u00e1 doba \u010dten\u00ed":"1 minuta"},"schema":{"@context":"https:\/\/schema.org","@graph":[{"@type":"WebPage","@id":"https:\/\/solarity.eu\/cs\/odeslano\/","url":"https:\/\/solarity.eu\/cs\/odeslano\/","name":"ODESL\u00c1NO | Solarity \u2013 distributor a velkoobchod fotovoltaick\u00fdch syst\u00e9m\u016f","isPartOf":{"@id":"https:\/\/solarity.eu\/cs\/#website"},"datePublished":"2021-11-18T14:51:54+00:00","dateModified":"2023-08-29T07:38:33+00:00","breadcrumb":{"@id":"https:\/\/solarity.eu\/cs\/odeslano\/#breadcrumb"},"inLanguage":"cs","potentialAction":[{"@type":"ReadAction","target":["https:\/\/solarity.eu\/cs\/odeslano\/"]}]},{"@type":"BreadcrumbList","@id":"https:\/\/solarity.eu\/cs\/odeslano\/#breadcrumb","itemListElement":[{"@type":"ListItem","position":1,"name":"Home","item":"https:\/\/solarity.eu\/cs\/uvod\/"},{"@type":"ListItem","position":2,"name":"ODESL\u00c1NO"}]},{"@type":"WebSite","@id":"https:\/\/solarity.eu\/cs\/#website","url":"https:\/\/solarity.eu\/cs\/","name":"Solarity","description":"Distributor and wholesaler of photovoltaic systems","publisher":{"@id":"https:\/\/solarity.eu\/cs\/#organization"},"potentialAction":[{"@type":"SearchAction","target":{"@type":"EntryPoint","urlTemplate":"https:\/\/solarity.eu\/cs\/?s={search_term_string}"},"query-input":{"@type":"PropertyValueSpecification","valueRequired":true,"valueName":"search_term_string"}}],"inLanguage":"cs"},{"@type":"Organization","@id":"https:\/\/solarity.eu\/cs\/#organization","name":"Solarity","url":"https:\/\/solarity.eu\/cs\/","logo":{"@type":"ImageObject","inLanguage":"cs","@id":"https:\/\/solarity.eu\/cs\/#\/schema\/logo\/image\/","url":"https:\/\/solarity.eu\/wp-content\/uploads\/2020\/08\/Solarity_Logo_new.jpg","contentUrl":"https:\/\/solarity.eu\/wp-content\/uploads\/2020\/08\/Solarity_Logo_new.jpg","width":364,"height":59,"caption":"Solarity"},"image":{"@id":"https:\/\/solarity.eu\/cs\/#\/schema\/logo\/image\/"},"sameAs":["https:\/\/www.facebook.com\/solaritycz\/"]}]}},"_links":{"self":[{"href":"https:\/\/solarity.eu\/cs\/wp-json\/wp\/v2\/pages\/37928","targetHints":{"allow":["GET"]}}],"collection":[{"href":"https:\/\/solarity.eu\/cs\/wp-json\/wp\/v2\/pages"}],"about":[{"href":"https:\/\/solarity.eu\/cs\/wp-json\/wp\/v2\/types\/page"}],"author":[{"embeddable":true,"href":"https:\/\/solarity.eu\/cs\/wp-json\/wp\/v2\/users\/30"}],"replies":[{"embeddable":true,"href":"https:\/\/solarity.eu\/cs\/wp-json\/wp\/v2\/comments?post=37928"}],"version-history":[{"count":0,"href":"https:\/\/solarity.eu\/cs\/wp-json\/wp\/v2\/pages\/37928\/revisions"}],"wp:attachment":[{"href":"https:\/\/solarity.eu\/cs\/wp-json\/wp\/v2\/media?parent=37928"}],"curies":[{"name":"wp","href":"https:\/\/api.w.org\/{rel}","templated":true}]}}