{"id":37929,"date":"2022-01-03T11:47:48","date_gmt":"2022-01-03T11:47:48","guid":{"rendered":"https:\/\/solarity.cz\/cs\/?page_id=20336"},"modified":"2024-01-28T18:40:58","modified_gmt":"2024-01-28T18:40:58","slug":"zasady-pouzivani-souboru-cookie","status":"publish","type":"page","link":"https:\/\/solarity.eu\/cs\/zasady-pouzivani-souboru-cookie\/","title":{"rendered":"Z\u00e1sady pou\u017e\u00edv\u00e1n\u00ed soubor\u016f cookie"},"content":{"rendered":"\t\t<div data-elementor-type=\"wp-page\" data-elementor-id=\"37929\" class=\"elementor elementor-37929 elementor-25263\" data-elementor-post-type=\"page\">\n\t\t\t\t\t\t<section class=\"elementor-section elementor-top-section elementor-element elementor-element-20ba7520 elementor-section-boxed elementor-section-height-default elementor-section-height-default parallax_section_no qode_elementor_container_no\" data-id=\"20ba7520\" data-element_type=\"section\">\n\t\t\t\t\t\t<div class=\"elementor-container elementor-column-gap-default\">\n\t\t\t\t\t<div class=\"elementor-column elementor-col-100 elementor-top-column elementor-element elementor-element-5053af0\" data-id=\"5053af0\" data-element_type=\"column\">\n\t\t\t<div class=\"elementor-widget-wrap elementor-element-populated\">\n\t\t\t\t\t\t\t<\/div>\n\t\t<\/div>\n\t\t\t\t\t<\/div>\n\t\t<\/section>\n\t\t\t\t<section class=\"elementor-section elementor-top-section elementor-element elementor-element-36a665e elementor-section-boxed elementor-section-height-default elementor-section-height-default parallax_section_no qode_elementor_container_no\" data-id=\"36a665e\" data-element_type=\"section\">\n\t\t\t\t\t\t<div class=\"elementor-container elementor-column-gap-default\">\n\t\t\t\t\t<div class=\"elementor-column elementor-col-100 elementor-top-column elementor-element elementor-element-5f92bc19\" data-id=\"5f92bc19\" data-element_type=\"column\">\n\t\t\t<div class=\"elementor-widget-wrap elementor-element-populated\">\n\t\t\t\t\t\t<div class=\"elementor-element elementor-element-78442b01 elementor-widget elementor-widget-text-editor\" data-id=\"78442b01\" data-element_type=\"widget\" data-widget_type=\"text-editor.default\">\n\t\t\t\t<div class=\"elementor-widget-container\">\n\t\t\t\t\t\t\t\t\t<p>Tyto z\u00e1sady pou\u017e\u00edv\u00e1n\u00ed soubor\u016f cookie vysv\u011btluj\u00ed, co soubory cookie jsou a jak je pou\u017e\u00edv\u00e1me, jak\u00e9 typy soubor\u016f cookie pou\u017e\u00edv\u00e1me, tj. jak\u00e9 informace shroma\u017e\u010fujeme pomoc\u00ed soubor\u016f cookie a jak tyto informace pou\u017e\u00edv\u00e1me, a jak si nastavit p\u0159edvolby soubor\u016f cookie. Pro dal\u0161\u00ed informace o tom, jak pou\u017e\u00edv\u00e1me, ukl\u00e1d\u00e1me a uchov\u00e1v\u00e1me va\u0161e osobn\u00ed \u00fadaje v bezpe\u010d\u00ed si p\u0159e\u010dt\u011bte na\u0161e Z\u00e1sady ochrany osobn\u00edch \u00fadaj\u016f.<\/p><p>V\u00e1\u0161 souhlas s prohl\u00e1\u0161en\u00edm o souborech cookie na na\u0161ich webov\u00fdch str\u00e1nk\u00e1ch m\u016f\u017eete kdykoli zm\u011bnit nebo zru\u0161it.<br \/>V\u00edce o tom, kdo jsme, jak n\u00e1s m\u016f\u017eete kontaktovat a jak zpracov\u00e1v\u00e1me va\u0161e osobn\u00ed \u00fadaje, naleznete v na\u0161ich Z\u00e1sad\u00e1ch ochrany osobn\u00edch \u00fadaj\u016f.<\/p><p>V\u00e1\u0161 souhlas se vztahuje na n\u00e1sleduj\u00edc\u00ed dom\u00e9ny: solarity.cz<\/p><p>\u00a0[user_consent_state]<\/p>\t\t\t\t\t\t\t\t<\/div>\n\t\t\t\t<\/div>\n\t\t\t\t\t<\/div>\n\t\t<\/div>\n\t\t\t\t\t<\/div>\n\t\t<\/section>\n\t\t\t\t<section class=\"elementor-section elementor-top-section elementor-element elementor-element-95e7048 elementor-section-boxed elementor-section-height-default elementor-section-height-default parallax_section_no qode_elementor_container_no\" data-id=\"95e7048\" data-element_type=\"section\">\n\t\t\t\t\t\t<div class=\"elementor-container elementor-column-gap-default\">\n\t\t\t\t\t<div class=\"elementor-column elementor-col-100 elementor-top-column elementor-element elementor-element-b749e31\" data-id=\"b749e31\" data-element_type=\"column\">\n\t\t\t<div class=\"elementor-widget-wrap elementor-element-populated\">\n\t\t\t\t\t\t<div class=\"elementor-element elementor-element-2e031353 elementor-widget elementor-widget-heading\" data-id=\"2e031353\" data-element_type=\"widget\" data-widget_type=\"heading.default\">\n\t\t\t\t<div class=\"elementor-widget-container\">\n\t\t\t\t\t<h2 class=\"elementor-heading-title elementor-size-default\">Co jsou soubory cookie?<\/h2>\t\t\t\t<\/div>\n\t\t\t\t<\/div>\n\t\t\t\t<div class=\"elementor-element elementor-element-38017e56 elementor-widget elementor-widget-text-editor\" data-id=\"38017e56\" data-element_type=\"widget\" data-widget_type=\"text-editor.default\">\n\t\t\t\t<div class=\"elementor-widget-container\">\n\t\t\t\t\t\t\t\t\tSoubory cookie jsou mal\u00e9 textov\u00e9 soubory, kter\u00e9 se pou\u017e\u00edvaj\u00ed k ukl\u00e1d\u00e1n\u00ed mal\u00fdch informac\u00ed. Ukl\u00e1daj\u00ed se ve va\u0161em za\u0159\u00edzen\u00ed, kdy\u017e se webov\u00e1 str\u00e1nka na\u010dte na va\u0161em prohl\u00ed\u017ee\u010di. Soubory cookie n\u00e1m pom\u00e1haj\u00ed, aby webov\u00e1 str\u00e1nka spr\u00e1vn\u011b fungovala, aby byla bezpe\u010dn\u011bj\u0161\u00ed a aby poskytovala lep\u0161\u00ed u\u017eivatelsk\u00fd z\u00e1\u017eitek. Tak\u00e9 n\u00e1m pom\u00e1haj\u00ed rozum\u011bt tomu, jak dob\u0159e si webov\u00e1 str\u00e1nka vede, a analyzovat to, co funguje a kde je t\u0159eba zlep\u0161en\u00ed.\t\t\t\t\t\t\t\t<\/div>\n\t\t\t\t<\/div>\n\t\t\t\t\t<\/div>\n\t\t<\/div>\n\t\t\t\t\t<\/div>\n\t\t<\/section>\n\t\t\t\t<section class=\"elementor-section elementor-top-section elementor-element elementor-element-744553aa elementor-section-boxed elementor-section-height-default elementor-section-height-default parallax_section_no qode_elementor_container_no\" data-id=\"744553aa\" data-element_type=\"section\">\n\t\t\t\t\t\t<div class=\"elementor-container elementor-column-gap-default\">\n\t\t\t\t\t<div class=\"elementor-column elementor-col-100 elementor-top-column elementor-element elementor-element-4b3d85e4\" data-id=\"4b3d85e4\" data-element_type=\"column\">\n\t\t\t<div class=\"elementor-widget-wrap elementor-element-populated\">\n\t\t\t\t\t\t<div class=\"elementor-element elementor-element-35fc739a elementor-widget elementor-widget-heading\" data-id=\"35fc739a\" data-element_type=\"widget\" data-widget_type=\"heading.default\">\n\t\t\t\t<div class=\"elementor-widget-container\">\n\t\t\t\t\t<h2 class=\"elementor-heading-title elementor-size-default\">Jak soubory cookie pou\u017e\u00edv\u00e1me?<\/h2>\t\t\t\t<\/div>\n\t\t\t\t<\/div>\n\t\t\t\t<div class=\"elementor-element elementor-element-2673bc1a elementor-widget elementor-widget-text-editor\" data-id=\"2673bc1a\" data-element_type=\"widget\" data-widget_type=\"text-editor.default\">\n\t\t\t\t<div class=\"elementor-widget-container\">\n\t\t\t\t\t\t\t\t\t<p>Stejn\u011b jako v\u011bt\u0161ina online slu\u017eeb, na\u0161e webov\u00e9 str\u00e1nky pou\u017e\u00edvaj\u00ed soubory cookie prvn\u00ed strany a soubory cookie t\u0159et\u00ed strany k n\u011bkolika \u00fa\u010del\u016fm. Soubory cookie prvn\u00ed strany jsou v\u011bt\u0161inou nezbytn\u00e9 pro spr\u00e1vn\u00e9 fungov\u00e1n\u00ed webov\u00e9 str\u00e1nky a neshroma\u017e\u010fuj\u00ed \u017e\u00e1dn\u00e9 va\u0161e osobn\u00ed \u00fadaje.<\/p><p><br \/>Soubory cookie t\u0159et\u00ed strany pou\u017e\u00edvan\u00e9 na na\u0161ich webov\u00fdch str\u00e1nk\u00e1ch slou\u017e\u00ed p\u0159edev\u0161\u00edm k pochopen\u00ed toho, jak si webov\u00e1 str\u00e1nka vede a jak s na\u0161im webem komunikujete. D\u00e1le slou\u017e\u00ed k zaji\u0161t\u011bn\u00ed bezpe\u010dnosti na\u0161ich slu\u017eeb, poskytov\u00e1n\u00ed reklam, kter\u00e9 jsou pro v\u00e1s relevantn\u00ed, a celkov\u011b k poskytov\u00e1n\u00ed lep\u0161\u00edho u\u017eivatelsk\u00e9ho z\u00e1\u017eitku a zrychlen\u00ed va\u0161\u00ed budouc\u00ed interakce s na\u0161\u00edm webem.<\/p>\t\t\t\t\t\t\t\t<\/div>\n\t\t\t\t<\/div>\n\t\t\t\t\t<\/div>\n\t\t<\/div>\n\t\t\t\t\t<\/div>\n\t\t<\/section>\n\t\t\t\t<section class=\"elementor-section elementor-top-section elementor-element elementor-element-b074ff5 elementor-section-boxed elementor-section-height-default elementor-section-height-default parallax_section_no qode_elementor_container_no\" data-id=\"b074ff5\" data-element_type=\"section\">\n\t\t\t\t\t\t<div class=\"elementor-container elementor-column-gap-default\">\n\t\t\t\t\t<div class=\"elementor-column elementor-col-100 elementor-top-column elementor-element elementor-element-67b4da3f\" data-id=\"67b4da3f\" data-element_type=\"column\">\n\t\t\t<div class=\"elementor-widget-wrap elementor-element-populated\">\n\t\t\t\t\t\t<div class=\"elementor-element elementor-element-6d64e00a elementor-widget elementor-widget-heading\" data-id=\"6d64e00a\" data-element_type=\"widget\" data-widget_type=\"heading.default\">\n\t\t\t\t<div class=\"elementor-widget-container\">\n\t\t\t\t\t<h2 class=\"elementor-heading-title elementor-size-default\">Jak\u00e9 typy soubor\u016f cookie pou\u017e\u00edv\u00e1me?<\/h2>\t\t\t\t<\/div>\n\t\t\t\t<\/div>\n\t\t\t\t<div class=\"elementor-element elementor-element-274a0b60 elementor-widget elementor-widget-text-editor\" data-id=\"274a0b60\" data-element_type=\"widget\" data-widget_type=\"text-editor.default\">\n\t\t\t\t<div class=\"elementor-widget-container\">\n\t\t\t\t\t\t\t\t\t<p>[cookie_audit columns=&#8220;category,cookie, duration, description&#8220; heading=&#8220;N\u00ed\u017ee uveden\u00fd seznam podrobn\u011b popisuje soubory cookie pou\u017e\u00edvan\u00e9 na na\u0161ich webov\u00fdch str\u00e1nk\u00e1ch.&#8220;]<\/p>\t\t\t\t\t\t\t\t<\/div>\n\t\t\t\t<\/div>\n\t\t\t\t\t<\/div>\n\t\t<\/div>\n\t\t\t\t\t<\/div>\n\t\t<\/section>\n\t\t\t\t<section class=\"elementor-section elementor-top-section elementor-element elementor-element-7a5f38fd elementor-section-boxed elementor-section-height-default elementor-section-height-default parallax_section_no qode_elementor_container_no\" data-id=\"7a5f38fd\" data-element_type=\"section\">\n\t\t\t\t\t\t<div class=\"elementor-container elementor-column-gap-default\">\n\t\t\t\t\t<div class=\"elementor-column elementor-col-100 elementor-top-column elementor-element elementor-element-59dec0ad\" data-id=\"59dec0ad\" data-element_type=\"column\">\n\t\t\t<div class=\"elementor-widget-wrap elementor-element-populated\">\n\t\t\t\t\t\t<div class=\"elementor-element elementor-element-6fbbca7a elementor-widget elementor-widget-heading\" data-id=\"6fbbca7a\" data-element_type=\"widget\" data-widget_type=\"heading.default\">\n\t\t\t\t<div class=\"elementor-widget-container\">\n\t\t\t\t\t<h2 class=\"elementor-heading-title elementor-size-default\">Jak mohu ovl\u00e1dat p\u0159edvolby soubor\u016f cookie?<\/h2>\t\t\t\t<\/div>\n\t\t\t\t<\/div>\n\t\t\t\t<div class=\"elementor-element elementor-element-68387e8e elementor-widget elementor-widget-text-editor\" data-id=\"68387e8e\" data-element_type=\"widget\" data-widget_type=\"text-editor.default\">\n\t\t\t\t<div class=\"elementor-widget-container\">\n\t\t\t\t\t\t\t\t\t<p>Pokud se rozhodnete zm\u011bnit va\u0161e p\u0159edvolby pozd\u011bji b\u011bhem va\u0161\u00ed relace prohl\u00ed\u017een\u00ed, m\u016f\u017eete na va\u0161\u00ed obrazovce kliknout na z\u00e1lo\u017eku \u201eZ\u00e1sady ochrany osobn\u00edch \u00fadaj\u016f a soubor\u016f cookie\u201c. T\u00edm znovu zobraz\u00edte ozn\u00e1men\u00ed o souhlasu, kter\u00e9 v\u00e1m umo\u017en\u00ed zm\u011bnit va\u0161e p\u0159edvolby nebo zcela odvolat v\u00e1\u0161 souhlas.<\/p><p>\u00a0<\/p><p>Krom\u011b toho r\u016fzn\u00e9 prohl\u00ed\u017ee\u010de poskytuj\u00ed r\u016fzn\u00e9 zp\u016fsoby blokov\u00e1n\u00ed a maz\u00e1n\u00ed soubor\u016f cookie pou\u017e\u00edvan\u00fdch webov\u00fdmi str\u00e1nkami. Nastaven\u00ed va\u0161eho prohl\u00ed\u017ee\u010de m\u016f\u017eete zm\u011bnit tak, abyste blokovali nebo mazali soubory cookie. Pro v\u00edce informac\u00ed o tom, jak spravovat a mazat soubory cookie nav\u0161tivte wikipedia.org nebo www.allaboutcookies.org<\/p>\t\t\t\t\t\t\t\t<\/div>\n\t\t\t\t<\/div>\n\t\t\t\t\t<\/div>\n\t\t<\/div>\n\t\t\t\t\t<\/div>\n\t\t<\/section>\n\t\t\t\t<\/div>\n\t\t","protected":false},"excerpt":{"rendered":"<p>Tyto z\u00e1sady pou\u017e\u00edv\u00e1n\u00ed soubor\u016f cookie vysv\u011btluj\u00ed, co soubory cookie jsou a jak je pou\u017e\u00edv\u00e1me, jak\u00e9 typy soubor\u016f cookie pou\u017e\u00edv\u00e1me, tj. jak\u00e9 informace shroma\u017e\u010fujeme pomoc\u00ed soubor\u016f cookie a jak tyto informace pou\u017e\u00edv\u00e1me, a jak si nastavit p\u0159edvolby soubor\u016f cookie. Pro dal\u0161\u00ed informace o tom, jak pou\u017e\u00edv\u00e1me,&#8230;<\/p>\n","protected":false},"author":30,"featured_media":0,"parent":0,"menu_order":0,"comment_status":"closed","ping_status":"closed","template":"","meta":{"footnotes":""},"class_list":["post-37929","page","type-page","status-publish","hentry"],"yoast_head":"<!-- This site is optimized with the Yoast SEO Premium plugin v25.6 (Yoast SEO v25.6) - https:\/\/yoast.com\/wordpress\/plugins\/seo\/ -->\n<title>Z\u00e1sady pou\u017e\u00edv\u00e1n\u00ed soubor\u016f cookie | Solarity \u2013 distributor a velkoobchod fotovoltaick\u00fdch syst\u00e9m\u016f<\/title>\n<meta name=\"description\" content=\"Seznamte se s t\u00edm, co jsou soubory cookie, jak je v Solarity pou\u017e\u00edv\u00e1me a jak m\u016f\u017eete ovl\u00e1dat p\u0159edvolby soubor\u016f cookie.\" \/>\n<meta name=\"robots\" content=\"index, follow, max-snippet:-1, max-image-preview:large, max-video-preview:-1\" \/>\n<link rel=\"canonical\" href=\"https:\/\/solarity.eu\/cs\/zasady-pouzivani-souboru-cookie\/\" \/>\n<meta property=\"og:locale\" content=\"cs_CZ\" \/>\n<meta property=\"og:type\" content=\"article\" \/>\n<meta property=\"og:title\" content=\"Z\u00e1sady pou\u017e\u00edv\u00e1n\u00ed soubor\u016f cookie\" \/>\n<meta property=\"og:description\" content=\"Seznamte se s t\u00edm, co jsou soubory cookie, jak je v Solarity pou\u017e\u00edv\u00e1me a jak m\u016f\u017eete ovl\u00e1dat p\u0159edvolby soubor\u016f cookie.\" \/>\n<meta property=\"og:url\" content=\"https:\/\/solarity.eu\/cs\/zasady-pouzivani-souboru-cookie\/\" \/>\n<meta property=\"og:site_name\" content=\"Solarity\" \/>\n<meta property=\"article:publisher\" content=\"https:\/\/www.facebook.com\/solaritycz\/\" \/>\n<meta property=\"article:modified_time\" content=\"2024-01-28T18:40:58+00:00\" \/>\n<meta name=\"twitter:card\" content=\"summary_large_image\" \/>\n<meta name=\"twitter:label1\" content=\"Odhadovan\u00e1 doba \u010dten\u00ed\" \/>\n\t<meta name=\"twitter:data1\" content=\"2 minuty\" \/>\n<script type=\"application\/ld+json\" class=\"yoast-schema-graph\">{\"@context\":\"https:\/\/schema.org\",\"@graph\":[{\"@type\":\"WebPage\",\"@id\":\"https:\/\/solarity.eu\/cs\/zasady-pouzivani-souboru-cookie\/\",\"url\":\"https:\/\/solarity.eu\/cs\/zasady-pouzivani-souboru-cookie\/\",\"name\":\"Z\u00e1sady pou\u017e\u00edv\u00e1n\u00ed soubor\u016f cookie | Solarity \u2013 distributor a velkoobchod fotovoltaick\u00fdch syst\u00e9m\u016f\",\"isPartOf\":{\"@id\":\"https:\/\/solarity.eu\/cs\/#website\"},\"datePublished\":\"2022-01-03T11:47:48+00:00\",\"dateModified\":\"2024-01-28T18:40:58+00:00\",\"description\":\"Seznamte se s t\u00edm, co jsou soubory cookie, jak je v Solarity pou\u017e\u00edv\u00e1me a jak m\u016f\u017eete ovl\u00e1dat p\u0159edvolby soubor\u016f cookie.\",\"breadcrumb\":{\"@id\":\"https:\/\/solarity.eu\/cs\/zasady-pouzivani-souboru-cookie\/#breadcrumb\"},\"inLanguage\":\"cs\",\"potentialAction\":[{\"@type\":\"ReadAction\",\"target\":[\"https:\/\/solarity.eu\/cs\/zasady-pouzivani-souboru-cookie\/\"]}]},{\"@type\":\"BreadcrumbList\",\"@id\":\"https:\/\/solarity.eu\/cs\/zasady-pouzivani-souboru-cookie\/#breadcrumb\",\"itemListElement\":[{\"@type\":\"ListItem\",\"position\":1,\"name\":\"Home\",\"item\":\"https:\/\/solarity.eu\/cs\/uvod\/\"},{\"@type\":\"ListItem\",\"position\":2,\"name\":\"Z\u00e1sady pou\u017e\u00edv\u00e1n\u00ed soubor\u016f cookie\"}]},{\"@type\":\"WebSite\",\"@id\":\"https:\/\/solarity.eu\/cs\/#website\",\"url\":\"https:\/\/solarity.eu\/cs\/\",\"name\":\"Solarity\",\"description\":\"Distributor and wholesaler of photovoltaic systems\",\"publisher\":{\"@id\":\"https:\/\/solarity.eu\/cs\/#organization\"},\"potentialAction\":[{\"@type\":\"SearchAction\",\"target\":{\"@type\":\"EntryPoint\",\"urlTemplate\":\"https:\/\/solarity.eu\/cs\/?s={search_term_string}\"},\"query-input\":{\"@type\":\"PropertyValueSpecification\",\"valueRequired\":true,\"valueName\":\"search_term_string\"}}],\"inLanguage\":\"cs\"},{\"@type\":\"Organization\",\"@id\":\"https:\/\/solarity.eu\/cs\/#organization\",\"name\":\"Solarity\",\"url\":\"https:\/\/solarity.eu\/cs\/\",\"logo\":{\"@type\":\"ImageObject\",\"inLanguage\":\"cs\",\"@id\":\"https:\/\/solarity.eu\/cs\/#\/schema\/logo\/image\/\",\"url\":\"https:\/\/solarity.eu\/wp-content\/uploads\/2020\/08\/Solarity_Logo_new.jpg\",\"contentUrl\":\"https:\/\/solarity.eu\/wp-content\/uploads\/2020\/08\/Solarity_Logo_new.jpg\",\"width\":364,\"height\":59,\"caption\":\"Solarity\"},\"image\":{\"@id\":\"https:\/\/solarity.eu\/cs\/#\/schema\/logo\/image\/\"},\"sameAs\":[\"https:\/\/www.facebook.com\/solaritycz\/\"]}]}<\/script>\n<!-- \/ Yoast SEO Premium plugin. -->","yoast_head_json":{"title":"Z\u00e1sady pou\u017e\u00edv\u00e1n\u00ed soubor\u016f cookie | Solarity \u2013 distributor a velkoobchod fotovoltaick\u00fdch syst\u00e9m\u016f","description":"Seznamte se s t\u00edm, co jsou soubory cookie, jak je v Solarity pou\u017e\u00edv\u00e1me a jak m\u016f\u017eete ovl\u00e1dat p\u0159edvolby soubor\u016f cookie.","robots":{"index":"index","follow":"follow","max-snippet":"max-snippet:-1","max-image-preview":"max-image-preview:large","max-video-preview":"max-video-preview:-1"},"canonical":"https:\/\/solarity.eu\/cs\/zasady-pouzivani-souboru-cookie\/","og_locale":"cs_CZ","og_type":"article","og_title":"Z\u00e1sady pou\u017e\u00edv\u00e1n\u00ed soubor\u016f cookie","og_description":"Seznamte se s t\u00edm, co jsou soubory cookie, jak je v Solarity pou\u017e\u00edv\u00e1me a jak m\u016f\u017eete ovl\u00e1dat p\u0159edvolby soubor\u016f cookie.","og_url":"https:\/\/solarity.eu\/cs\/zasady-pouzivani-souboru-cookie\/","og_site_name":"Solarity","article_publisher":"https:\/\/www.facebook.com\/solaritycz\/","article_modified_time":"2024-01-28T18:40:58+00:00","twitter_card":"summary_large_image","twitter_misc":{"Odhadovan\u00e1 doba \u010dten\u00ed":"2 minuty"},"schema":{"@context":"https:\/\/schema.org","@graph":[{"@type":"WebPage","@id":"https:\/\/solarity.eu\/cs\/zasady-pouzivani-souboru-cookie\/","url":"https:\/\/solarity.eu\/cs\/zasady-pouzivani-souboru-cookie\/","name":"Z\u00e1sady pou\u017e\u00edv\u00e1n\u00ed soubor\u016f cookie | Solarity \u2013 distributor a velkoobchod fotovoltaick\u00fdch syst\u00e9m\u016f","isPartOf":{"@id":"https:\/\/solarity.eu\/cs\/#website"},"datePublished":"2022-01-03T11:47:48+00:00","dateModified":"2024-01-28T18:40:58+00:00","description":"Seznamte se s t\u00edm, co jsou soubory cookie, jak je v Solarity pou\u017e\u00edv\u00e1me a jak m\u016f\u017eete ovl\u00e1dat p\u0159edvolby soubor\u016f cookie.","breadcrumb":{"@id":"https:\/\/solarity.eu\/cs\/zasady-pouzivani-souboru-cookie\/#breadcrumb"},"inLanguage":"cs","potentialAction":[{"@type":"ReadAction","target":["https:\/\/solarity.eu\/cs\/zasady-pouzivani-souboru-cookie\/"]}]},{"@type":"BreadcrumbList","@id":"https:\/\/solarity.eu\/cs\/zasady-pouzivani-souboru-cookie\/#breadcrumb","itemListElement":[{"@type":"ListItem","position":1,"name":"Home","item":"https:\/\/solarity.eu\/cs\/uvod\/"},{"@type":"ListItem","position":2,"name":"Z\u00e1sady pou\u017e\u00edv\u00e1n\u00ed soubor\u016f cookie"}]},{"@type":"WebSite","@id":"https:\/\/solarity.eu\/cs\/#website","url":"https:\/\/solarity.eu\/cs\/","name":"Solarity","description":"Distributor and wholesaler of photovoltaic systems","publisher":{"@id":"https:\/\/solarity.eu\/cs\/#organization"},"potentialAction":[{"@type":"SearchAction","target":{"@type":"EntryPoint","urlTemplate":"https:\/\/solarity.eu\/cs\/?s={search_term_string}"},"query-input":{"@type":"PropertyValueSpecification","valueRequired":true,"valueName":"search_term_string"}}],"inLanguage":"cs"},{"@type":"Organization","@id":"https:\/\/solarity.eu\/cs\/#organization","name":"Solarity","url":"https:\/\/solarity.eu\/cs\/","logo":{"@type":"ImageObject","inLanguage":"cs","@id":"https:\/\/solarity.eu\/cs\/#\/schema\/logo\/image\/","url":"https:\/\/solarity.eu\/wp-content\/uploads\/2020\/08\/Solarity_Logo_new.jpg","contentUrl":"https:\/\/solarity.eu\/wp-content\/uploads\/2020\/08\/Solarity_Logo_new.jpg","width":364,"height":59,"caption":"Solarity"},"image":{"@id":"https:\/\/solarity.eu\/cs\/#\/schema\/logo\/image\/"},"sameAs":["https:\/\/www.facebook.com\/solaritycz\/"]}]}},"_links":{"self":[{"href":"https:\/\/solarity.eu\/cs\/wp-json\/wp\/v2\/pages\/37929","targetHints":{"allow":["GET"]}}],"collection":[{"href":"https:\/\/solarity.eu\/cs\/wp-json\/wp\/v2\/pages"}],"about":[{"href":"https:\/\/solarity.eu\/cs\/wp-json\/wp\/v2\/types\/page"}],"author":[{"embeddable":true,"href":"https:\/\/solarity.eu\/cs\/wp-json\/wp\/v2\/users\/30"}],"replies":[{"embeddable":true,"href":"https:\/\/solarity.eu\/cs\/wp-json\/wp\/v2\/comments?post=37929"}],"version-history":[{"count":2,"href":"https:\/\/solarity.eu\/cs\/wp-json\/wp\/v2\/pages\/37929\/revisions"}],"predecessor-version":[{"id":148125,"href":"https:\/\/solarity.eu\/cs\/wp-json\/wp\/v2\/pages\/37929\/revisions\/148125"}],"wp:attachment":[{"href":"https:\/\/solarity.eu\/cs\/wp-json\/wp\/v2\/media?parent=37929"}],"curies":[{"name":"wp","href":"https:\/\/api.w.org\/{rel}","templated":true}]}}