{"id":37930,"date":"2022-04-14T14:10:03","date_gmt":"2022-04-14T14:10:03","guid":{"rendered":"https:\/\/solarity.cz\/cs\/?page_id=28565"},"modified":"2023-08-29T07:33:16","modified_gmt":"2023-08-29T07:33:16","slug":"newsletter-landing-page","status":"publish","type":"page","link":"https:\/\/solarity.eu\/cs\/newsletter-landing-page\/","title":{"rendered":"Newsletter landing page"},"content":{"rendered":"\t\t<div data-elementor-type=\"wp-page\" data-elementor-id=\"37930\" class=\"elementor elementor-37930 elementor-37247\" data-elementor-post-type=\"page\">\n\t\t\t\t\t\t<section class=\"elementor-section elementor-top-section elementor-element elementor-element-fa59030 elementor-section-boxed elementor-section-height-default elementor-section-height-default parallax_section_no qode_elementor_container_no\" data-id=\"fa59030\" data-element_type=\"section\">\n\t\t\t\t\t\t<div class=\"elementor-container elementor-column-gap-default\">\n\t\t\t\t\t<div class=\"elementor-column elementor-col-100 elementor-top-column elementor-element elementor-element-6778ca4\" data-id=\"6778ca4\" data-element_type=\"column\">\n\t\t\t<div class=\"elementor-widget-wrap elementor-element-populated\">\n\t\t\t\t\t\t<div class=\"elementor-element elementor-element-a9a424c elementor-widget elementor-widget-template\" data-id=\"a9a424c\" data-element_type=\"widget\" data-widget_type=\"template.default\">\n\t\t\t\t<div class=\"elementor-widget-container\">\n\t\t\t\t\t\t\t<div class=\"elementor-template\">\n\t\t\t\t\t<div data-elementor-type=\"page\" data-elementor-id=\"55459\" class=\"elementor elementor-55459\" data-elementor-post-type=\"elementor_library\">\n\t\t\t\t\t\t<section class=\"elementor-section elementor-top-section elementor-element elementor-element-50345d17 elementor-section-boxed elementor-section-height-default elementor-section-height-default parallax_section_no qode_elementor_container_no\" data-id=\"50345d17\" data-element_type=\"section\">\n\t\t\t\t\t\t<div class=\"elementor-container elementor-column-gap-default\">\n\t\t\t\t\t<div class=\"elementor-column elementor-col-100 elementor-top-column elementor-element elementor-element-3226cdf0\" data-id=\"3226cdf0\" data-element_type=\"column\">\n\t\t\t<div class=\"elementor-widget-wrap elementor-element-populated\">\n\t\t\t\t\t\t<div class=\"elementor-element elementor-element-43543544 elementor-widget elementor-widget-template\" data-id=\"43543544\" data-element_type=\"widget\" data-widget_type=\"template.default\">\n\t\t\t\t<div class=\"elementor-widget-container\">\n\t\t\t\t\t\t\t<div class=\"elementor-template\">\n\t\t\t\t\t<div data-elementor-type=\"page\" data-elementor-id=\"55488\" class=\"elementor elementor-55488\" data-elementor-post-type=\"elementor_library\">\n\t\t\t\t\t\t<section class=\"elementor-section elementor-inner-section elementor-element elementor-element-53b2130b elementor-section-boxed elementor-section-height-default elementor-section-height-default parallax_section_no qode_elementor_container_no\" data-id=\"53b2130b\" data-element_type=\"section\">\n\t\t\t\t\t\t<div class=\"elementor-container elementor-column-gap-default\">\n\t\t\t\t\t<div class=\"elementor-column elementor-col-100 elementor-inner-column elementor-element elementor-element-5b1aa6c7\" data-id=\"5b1aa6c7\" data-element_type=\"column\">\n\t\t\t<div class=\"elementor-widget-wrap elementor-element-populated\">\n\t\t\t\t\t\t<div class=\"elementor-element elementor-element-371601b9 elementor-widget elementor-widget-text-editor\" data-id=\"371601b9\" data-element_type=\"widget\" data-widget_type=\"text-editor.default\">\n\t\t\t\t<div class=\"elementor-widget-container\">\n\t\t\t\t\t\t\t\t\t<p style=\"color: #54595f; font-size: 2em; font-weight: 400;\">P\u0159ihl\u00e1\u0161en\u00ed k odb\u011bru newsletteru<\/p>\n&nbsp;\n<p style=\"color: #54595f; font-size: 1.2em; font-weight: 300;\">Odesl\u00e1n\u00edm va\u0161eho e-mailu souhlas\u00edte se zas\u00edl\u00e1n\u00edm novinek ze spole\u010dnosti Solarity s.r.o.<\/p>\n&nbsp;\n<p style=\"color: #54595f; font-size: 1.2em; font-weight: 300;\">Nemus\u00edte se b\u00e1t, \u017ee v\u00e1s budeme zbyte\u010dn\u011b spamovat.<\/p>\n<p style=\"color: #54595f; font-size: 1.2em; font-weight: 300;\">Obsahem na\u0161ich sd\u011blen\u00ed budou v\u017edy aktuality ze sv\u011bta fotovoltaiky a na\u0161\u00ed spole\u010dnosti, pozv\u00e1nky na konference, semin\u00e1\u0159e \u010di veletrhy.<\/p>\t\t\t\t\t\t\t\t<\/div>\n\t\t\t\t<\/div>\n\t\t\t\t<div class=\"elementor-element elementor-element-3a1e4d51 elementor-button-align-center elementor-widget elementor-widget-form\" data-id=\"3a1e4d51\" data-element_type=\"widget\" data-settings=\"{&quot;button_width&quot;:&quot;30&quot;,&quot;step_next_label&quot;:&quot;Next&quot;,&quot;step_previous_label&quot;:&quot;Previous&quot;,&quot;step_type&quot;:&quot;number_text&quot;,&quot;step_icon_shape&quot;:&quot;circle&quot;}\" data-widget_type=\"form.default\">\n\t\t\t\t<div class=\"elementor-widget-container\">\n\t\t\t\t\t\t\t<form class=\"elementor-form\" method=\"post\" id=\"thank_you_cz\" name=\"Newsletter CZ\" aria-label=\"Newsletter CZ\">\n\t\t\t<input type=\"hidden\" name=\"post_id\" value=\"55488\"\/>\n\t\t\t<input type=\"hidden\" name=\"form_id\" value=\"3a1e4d51\"\/>\n\t\t\t<input type=\"hidden\" name=\"referer_title\" value=\"Solarity\" \/>\n\n\t\t\t\n\t\t\t<div class=\"elementor-form-fields-wrapper elementor-labels-\">\n\t\t\t\t\t\t\t\t<div class=\"elementor-field-type-email elementor-field-group elementor-column elementor-field-group-email elementor-col-70 elementor-field-required\">\n\t\t\t\t\t\t\t\t\t\t\t\t\t<input size=\"1\" type=\"email\" name=\"form_fields[email]\" id=\"form-field-email\" class=\"elementor-field elementor-size-md  elementor-field-textual\" placeholder=\"Vypl\u0148te v\u00e1\u0161 email\" required=\"required\">\n\t\t\t\t\t\t\t\t\t\t\t<\/div>\n\t\t\t\t\t\t\t\t<div class=\"elementor-field-group elementor-column elementor-field-type-submit elementor-col-30 e-form__buttons\">\n\t\t\t\t\t<button class=\"elementor-button elementor-size-lg\" type=\"submit\" id=\"newsletter_button_sub\">\n\t\t\t\t\t\t<span class=\"elementor-button-content-wrapper\">\n\t\t\t\t\t\t\t\t\t\t\t\t\t\t\t\t\t\t\t\t\t\t<span class=\"elementor-button-text\">ODESLAT<\/span>\n\t\t\t\t\t\t\t\t\t\t\t\t\t<\/span>\n\t\t\t\t\t<\/button>\n\t\t\t\t<\/div>\n\t\t\t<\/div>\n\t\t<\/form>\n\t\t\t\t\t\t<\/div>\n\t\t\t\t<\/div>\n\t\t\t\t\t<\/div>\n\t\t<\/div>\n\t\t\t\t\t<\/div>\n\t\t<\/section>\n\t\t\t\t<\/div>\n\t\t\t\t<\/div>\n\t\t\t\t\t\t<\/div>\n\t\t\t\t<\/div>\n\t\t\t\t\t<\/div>\n\t\t<\/div>\n\t\t\t\t\t<\/div>\n\t\t<\/section>\n\t\t\t\t<\/div>\n\t\t\t\t<\/div>\n\t\t\t\t\t\t<\/div>\n\t\t\t\t<\/div>\n\t\t\t\t\t<\/div>\n\t\t<\/div>\n\t\t\t\t\t<\/div>\n\t\t<\/section>\n\t\t\t\t<\/div>\n\t\t","protected":false},"excerpt":{"rendered":"","protected":false},"author":30,"featured_media":0,"parent":0,"menu_order":0,"comment_status":"closed","ping_status":"closed","template":"","meta":{"footnotes":""},"class_list":["post-37930","page","type-page","status-publish","hentry"],"yoast_head":"<!-- This site is optimized with the Yoast SEO Premium plugin v25.6 (Yoast SEO v25.6) - https:\/\/yoast.com\/wordpress\/plugins\/seo\/ -->\n<title>Newsletter landing page | Solarity \u2013 distributor a velkoobchod fotovoltaick\u00fdch syst\u00e9m\u016f<\/title>\n<meta name=\"robots\" content=\"index, follow, max-snippet:-1, max-image-preview:large, max-video-preview:-1\" \/>\n<link rel=\"canonical\" href=\"https:\/\/solarity.eu\/cs\/newsletter-landing-page\/\" \/>\n<meta property=\"og:locale\" content=\"cs_CZ\" \/>\n<meta property=\"og:type\" content=\"article\" \/>\n<meta property=\"og:title\" content=\"Newsletter landing page\" \/>\n<meta property=\"og:url\" content=\"https:\/\/solarity.eu\/cs\/newsletter-landing-page\/\" \/>\n<meta property=\"og:site_name\" content=\"Solarity\" \/>\n<meta property=\"article:publisher\" content=\"https:\/\/www.facebook.com\/solaritycz\/\" \/>\n<meta property=\"article:modified_time\" content=\"2023-08-29T07:33:16+00:00\" \/>\n<meta name=\"twitter:card\" content=\"summary_large_image\" \/>\n<script type=\"application\/ld+json\" class=\"yoast-schema-graph\">{\"@context\":\"https:\/\/schema.org\",\"@graph\":[{\"@type\":\"WebPage\",\"@id\":\"https:\/\/solarity.eu\/cs\/newsletter-landing-page\/\",\"url\":\"https:\/\/solarity.eu\/cs\/newsletter-landing-page\/\",\"name\":\"Newsletter landing page | Solarity \u2013 distributor a velkoobchod fotovoltaick\u00fdch syst\u00e9m\u016f\",\"isPartOf\":{\"@id\":\"https:\/\/solarity.eu\/cs\/#website\"},\"datePublished\":\"2022-04-14T14:10:03+00:00\",\"dateModified\":\"2023-08-29T07:33:16+00:00\",\"breadcrumb\":{\"@id\":\"https:\/\/solarity.eu\/cs\/newsletter-landing-page\/#breadcrumb\"},\"inLanguage\":\"cs\",\"potentialAction\":[{\"@type\":\"ReadAction\",\"target\":[\"https:\/\/solarity.eu\/cs\/newsletter-landing-page\/\"]}]},{\"@type\":\"BreadcrumbList\",\"@id\":\"https:\/\/solarity.eu\/cs\/newsletter-landing-page\/#breadcrumb\",\"itemListElement\":[{\"@type\":\"ListItem\",\"position\":1,\"name\":\"Home\",\"item\":\"https:\/\/solarity.eu\/cs\/uvod\/\"},{\"@type\":\"ListItem\",\"position\":2,\"name\":\"Newsletter landing page\"}]},{\"@type\":\"WebSite\",\"@id\":\"https:\/\/solarity.eu\/cs\/#website\",\"url\":\"https:\/\/solarity.eu\/cs\/\",\"name\":\"Solarity\",\"description\":\"Distributor and wholesaler of photovoltaic systems\",\"publisher\":{\"@id\":\"https:\/\/solarity.eu\/cs\/#organization\"},\"potentialAction\":[{\"@type\":\"SearchAction\",\"target\":{\"@type\":\"EntryPoint\",\"urlTemplate\":\"https:\/\/solarity.eu\/cs\/?s={search_term_string}\"},\"query-input\":{\"@type\":\"PropertyValueSpecification\",\"valueRequired\":true,\"valueName\":\"search_term_string\"}}],\"inLanguage\":\"cs\"},{\"@type\":\"Organization\",\"@id\":\"https:\/\/solarity.eu\/cs\/#organization\",\"name\":\"Solarity\",\"url\":\"https:\/\/solarity.eu\/cs\/\",\"logo\":{\"@type\":\"ImageObject\",\"inLanguage\":\"cs\",\"@id\":\"https:\/\/solarity.eu\/cs\/#\/schema\/logo\/image\/\",\"url\":\"https:\/\/solarity.eu\/wp-content\/uploads\/2020\/08\/Solarity_Logo_new.jpg\",\"contentUrl\":\"https:\/\/solarity.eu\/wp-content\/uploads\/2020\/08\/Solarity_Logo_new.jpg\",\"width\":364,\"height\":59,\"caption\":\"Solarity\"},\"image\":{\"@id\":\"https:\/\/solarity.eu\/cs\/#\/schema\/logo\/image\/\"},\"sameAs\":[\"https:\/\/www.facebook.com\/solaritycz\/\"]}]}<\/script>\n<!-- \/ Yoast SEO Premium plugin. -->","yoast_head_json":{"title":"Newsletter landing page | Solarity \u2013 distributor a velkoobchod fotovoltaick\u00fdch syst\u00e9m\u016f","robots":{"index":"index","follow":"follow","max-snippet":"max-snippet:-1","max-image-preview":"max-image-preview:large","max-video-preview":"max-video-preview:-1"},"canonical":"https:\/\/solarity.eu\/cs\/newsletter-landing-page\/","og_locale":"cs_CZ","og_type":"article","og_title":"Newsletter landing page","og_url":"https:\/\/solarity.eu\/cs\/newsletter-landing-page\/","og_site_name":"Solarity","article_publisher":"https:\/\/www.facebook.com\/solaritycz\/","article_modified_time":"2023-08-29T07:33:16+00:00","twitter_card":"summary_large_image","schema":{"@context":"https:\/\/schema.org","@graph":[{"@type":"WebPage","@id":"https:\/\/solarity.eu\/cs\/newsletter-landing-page\/","url":"https:\/\/solarity.eu\/cs\/newsletter-landing-page\/","name":"Newsletter landing page | Solarity \u2013 distributor a velkoobchod fotovoltaick\u00fdch syst\u00e9m\u016f","isPartOf":{"@id":"https:\/\/solarity.eu\/cs\/#website"},"datePublished":"2022-04-14T14:10:03+00:00","dateModified":"2023-08-29T07:33:16+00:00","breadcrumb":{"@id":"https:\/\/solarity.eu\/cs\/newsletter-landing-page\/#breadcrumb"},"inLanguage":"cs","potentialAction":[{"@type":"ReadAction","target":["https:\/\/solarity.eu\/cs\/newsletter-landing-page\/"]}]},{"@type":"BreadcrumbList","@id":"https:\/\/solarity.eu\/cs\/newsletter-landing-page\/#breadcrumb","itemListElement":[{"@type":"ListItem","position":1,"name":"Home","item":"https:\/\/solarity.eu\/cs\/uvod\/"},{"@type":"ListItem","position":2,"name":"Newsletter landing page"}]},{"@type":"WebSite","@id":"https:\/\/solarity.eu\/cs\/#website","url":"https:\/\/solarity.eu\/cs\/","name":"Solarity","description":"Distributor and wholesaler of photovoltaic systems","publisher":{"@id":"https:\/\/solarity.eu\/cs\/#organization"},"potentialAction":[{"@type":"SearchAction","target":{"@type":"EntryPoint","urlTemplate":"https:\/\/solarity.eu\/cs\/?s={search_term_string}"},"query-input":{"@type":"PropertyValueSpecification","valueRequired":true,"valueName":"search_term_string"}}],"inLanguage":"cs"},{"@type":"Organization","@id":"https:\/\/solarity.eu\/cs\/#organization","name":"Solarity","url":"https:\/\/solarity.eu\/cs\/","logo":{"@type":"ImageObject","inLanguage":"cs","@id":"https:\/\/solarity.eu\/cs\/#\/schema\/logo\/image\/","url":"https:\/\/solarity.eu\/wp-content\/uploads\/2020\/08\/Solarity_Logo_new.jpg","contentUrl":"https:\/\/solarity.eu\/wp-content\/uploads\/2020\/08\/Solarity_Logo_new.jpg","width":364,"height":59,"caption":"Solarity"},"image":{"@id":"https:\/\/solarity.eu\/cs\/#\/schema\/logo\/image\/"},"sameAs":["https:\/\/www.facebook.com\/solaritycz\/"]}]}},"_links":{"self":[{"href":"https:\/\/solarity.eu\/cs\/wp-json\/wp\/v2\/pages\/37930","targetHints":{"allow":["GET"]}}],"collection":[{"href":"https:\/\/solarity.eu\/cs\/wp-json\/wp\/v2\/pages"}],"about":[{"href":"https:\/\/solarity.eu\/cs\/wp-json\/wp\/v2\/types\/page"}],"author":[{"embeddable":true,"href":"https:\/\/solarity.eu\/cs\/wp-json\/wp\/v2\/users\/30"}],"replies":[{"embeddable":true,"href":"https:\/\/solarity.eu\/cs\/wp-json\/wp\/v2\/comments?post=37930"}],"version-history":[{"count":0,"href":"https:\/\/solarity.eu\/cs\/wp-json\/wp\/v2\/pages\/37930\/revisions"}],"wp:attachment":[{"href":"https:\/\/solarity.eu\/cs\/wp-json\/wp\/v2\/media?parent=37930"}],"curies":[{"name":"wp","href":"https:\/\/api.w.org\/{rel}","templated":true}]}}