{"id":148373,"date":"2021-04-01T16:07:20","date_gmt":"2021-04-01T16:07:20","guid":{"rendered":"https:\/\/solarity.eu\/csr\/"},"modified":"2024-05-13T18:48:29","modified_gmt":"2024-05-13T18:48:29","slug":"unsere-initiativen-zur-sozialen-verantwortung-der-unternehmen","status":"publish","type":"page","link":"https:\/\/solarity.eu\/de\/unsere-initiativen-zur-sozialen-verantwortung-der-unternehmen\/","title":{"rendered":"Unsere Initiativen zur sozialen Verantwortung der Unternehmen"},"content":{"rendered":"\t\t<div data-elementor-type=\"wp-page\" data-elementor-id=\"148373\" class=\"elementor elementor-148373 elementor-22741\" data-elementor-post-type=\"page\">\n\t\t\t\t\t\t<section class=\"elementor-section elementor-top-section elementor-element elementor-element-155dbbe elementor-section-boxed elementor-section-height-default elementor-section-height-default parallax_section_no qode_elementor_container_no\" data-id=\"155dbbe\" data-element_type=\"section\">\n\t\t\t\t\t\t<div class=\"elementor-container elementor-column-gap-default\">\n\t\t\t\t\t<div class=\"elementor-column elementor-col-100 elementor-top-column elementor-element elementor-element-7f919da\" data-id=\"7f919da\" data-element_type=\"column\">\n\t\t\t<div class=\"elementor-widget-wrap elementor-element-populated\">\n\t\t\t\t\t\t\t<\/div>\n\t\t<\/div>\n\t\t\t\t\t<\/div>\n\t\t<\/section>\n\t\t\t\t<section class=\"elementor-section elementor-top-section elementor-element elementor-element-fec0f6b elementor-section-boxed elementor-section-height-default elementor-section-height-default parallax_section_no qode_elementor_container_no\" data-id=\"fec0f6b\" data-element_type=\"section\">\n\t\t\t\t\t\t<div class=\"elementor-container elementor-column-gap-default\">\n\t\t\t\t\t<div class=\"elementor-column elementor-col-50 elementor-top-column elementor-element elementor-element-71db128\" data-id=\"71db128\" data-element_type=\"column\">\n\t\t\t<div class=\"elementor-widget-wrap elementor-element-populated\">\n\t\t\t\t\t\t<div class=\"elementor-element elementor-element-c316829 elementor-widget elementor-widget-counter\" data-id=\"c316829\" data-element_type=\"widget\" data-widget_type=\"counter.default\">\n\t\t\t\t<div class=\"elementor-widget-container\">\n\t\t\t\t\t\t\t<div class=\"elementor-counter\">\n\t\t\t<div class=\"elementor-counter-title\">an unsere Partner geliefert<\/div>\t\t\t<div class=\"elementor-counter-number-wrapper\">\n\t\t\t\t<span class=\"elementor-counter-number-prefix\">&gt;<\/span>\n\t\t\t\t<span class=\"elementor-counter-number\" data-duration=\"4000\" data-to-value=\"2000\" data-from-value=\"0\" data-delimiter=\",\">0<\/span>\n\t\t\t\t<span class=\"elementor-counter-number-suffix\">MW<\/span>\n\t\t\t<\/div>\n\t\t<\/div>\n\t\t\t\t\t\t<\/div>\n\t\t\t\t<\/div>\n\t\t\t\t\t<\/div>\n\t\t<\/div>\n\t\t\t\t<div class=\"elementor-column elementor-col-50 elementor-top-column elementor-element elementor-element-827de86\" data-id=\"827de86\" data-element_type=\"column\">\n\t\t\t<div class=\"elementor-widget-wrap elementor-element-populated\">\n\t\t\t\t\t\t<div class=\"elementor-element elementor-element-7491ec6 elementor-widget elementor-widget-counter\" data-id=\"7491ec6\" data-element_type=\"widget\" data-widget_type=\"counter.default\">\n\t\t\t\t<div class=\"elementor-widget-container\">\n\t\t\t\t\t\t\t<div class=\"elementor-counter\">\n\t\t\t<div class=\"elementor-counter-title\">gepflanzte B\u00e4ume<\/div>\t\t\t<div class=\"elementor-counter-number-wrapper\">\n\t\t\t\t<span class=\"elementor-counter-number-prefix\">&gt;<\/span>\n\t\t\t\t<span class=\"elementor-counter-number\" data-duration=\"4000\" data-to-value=\"8000\" data-from-value=\"0\" data-delimiter=\",\">0<\/span>\n\t\t\t\t<span class=\"elementor-counter-number-suffix\"><\/span>\n\t\t\t<\/div>\n\t\t<\/div>\n\t\t\t\t\t\t<\/div>\n\t\t\t\t<\/div>\n\t\t\t\t\t<\/div>\n\t\t<\/div>\n\t\t\t\t\t<\/div>\n\t\t<\/section>\n\t\t\t\t<section class=\"elementor-section elementor-top-section elementor-element elementor-element-6048000 elementor-section-boxed elementor-section-height-default elementor-section-height-default parallax_section_no qode_elementor_container_no\" data-id=\"6048000\" data-element_type=\"section\">\n\t\t\t\t\t\t<div class=\"elementor-container elementor-column-gap-default\">\n\t\t\t\t\t<div class=\"elementor-column elementor-col-100 elementor-top-column elementor-element elementor-element-79a60be\" data-id=\"79a60be\" data-element_type=\"column\">\n\t\t\t<div class=\"elementor-widget-wrap elementor-element-populated\">\n\t\t\t\t\t\t<div class=\"elementor-element elementor-element-293dfa6 elementor-widget elementor-widget-text-editor\" data-id=\"293dfa6\" data-element_type=\"widget\" data-widget_type=\"text-editor.default\">\n\t\t\t\t<div class=\"elementor-widget-container\">\n\t\t\t\t\t\t\t\t\t<p>Angesichts der Auswirkungen des Klimawandels wird es f\u00fcr Handelsunternehmen immer wichtiger, sich im Bereich der sozialen Verantwortung der Unternehmen (CSR) zu engagieren. Was ist CSR? CSR bezeichnet die Verpflichtung zur sozialen Verantwortung von Unternehmen, sich gegen\u00fcber der Umwelt und der Gesellschaft verantwortungsvoll zu verhalten. Bei Solarity nehmen wir diese Verpflichtung sehr ernst.<\/p><p>\u00a0<\/p><p>Einer der grundlegenden Werte von Solarity ist die Nachhaltigkeit \u2013 wir sind verpflichtet, der Umwelt, der Gesellschaft und unseren Mitarbeitern etwas zur\u00fcckzugeben. Unser Unternehmen hat sich an verschiedenen Umweltprojekten beteiligt, die sich auf die Reduzierung von Kohlenstoffemissionen, die Verbesserung der Arbeitsumgebung unserer Mitarbeiter, die Unterst\u00fctzung unserer lokalen Gemeinden und sogar von L\u00e4ndern der Dritten Welt konzentriert haben.&#8220;<\/p><p>\u00a0<\/p><p>Wenn Sie mehr dar\u00fcber erfahren m\u00f6chten, lesen Sie unsere Blog-Beitr\u00e4ge, in denen wir jedes unserer Umweltprojekte im Detail erl\u00e4utern. Alle unsere Initiativen zielen darauf ab, eine nachhaltige Wirkung f\u00fcr eine bessere Zukunft zu hinterlassen.<\/p><p>\u00a0<\/p><p>Erneuerbar denken, nachhaltig leben!<\/p>\t\t\t\t\t\t\t\t<\/div>\n\t\t\t\t<\/div>\n\t\t\t\t\t<\/div>\n\t\t<\/div>\n\t\t\t\t\t<\/div>\n\t\t<\/section>\n\t\t\t\t<section class=\"elementor-section elementor-top-section elementor-element elementor-element-74d89c3 elementor-section-boxed elementor-section-height-default elementor-section-height-default parallax_section_no qode_elementor_container_no\" data-id=\"74d89c3\" data-element_type=\"section\">\n\t\t\t\t\t\t<div class=\"elementor-container elementor-column-gap-default\">\n\t\t\t\t\t<div class=\"elementor-column elementor-col-50 elementor-top-column elementor-element elementor-element-8a55916\" data-id=\"8a55916\" data-element_type=\"column\">\n\t\t\t<div class=\"elementor-widget-wrap elementor-element-populated\">\n\t\t\t\t\t\t<div class=\"elementor-element elementor-element-1b3179c elementor-widget elementor-widget-counter\" data-id=\"1b3179c\" data-element_type=\"widget\" data-widget_type=\"counter.default\">\n\t\t\t\t<div class=\"elementor-widget-container\">\n\t\t\t\t\t\t\t<div class=\"elementor-counter\">\n\t\t\t<div class=\"elementor-counter-title\">pro installiertem MW j\u00e4hrlich eingespart<\/div>\t\t\t<div class=\"elementor-counter-number-wrapper\">\n\t\t\t\t<span class=\"elementor-counter-number-prefix\"><\/span>\n\t\t\t\t<span class=\"elementor-counter-number\" data-duration=\"4000\" data-to-value=\"550\" data-from-value=\"0\" data-delimiter=\",\">0<\/span>\n\t\t\t\t<span class=\"elementor-counter-number-suffix\"> Tonnen von CO2<\/span>\n\t\t\t<\/div>\n\t\t<\/div>\n\t\t\t\t\t\t<\/div>\n\t\t\t\t<\/div>\n\t\t\t\t\t<\/div>\n\t\t<\/div>\n\t\t\t\t<div class=\"elementor-column elementor-col-50 elementor-top-column elementor-element elementor-element-008c992\" data-id=\"008c992\" data-element_type=\"column\">\n\t\t\t<div class=\"elementor-widget-wrap elementor-element-populated\">\n\t\t\t\t\t\t<div class=\"elementor-element elementor-element-bac3c14 elementor-widget elementor-widget-counter\" data-id=\"bac3c14\" data-element_type=\"widget\" data-widget_type=\"counter.default\">\n\t\t\t\t<div class=\"elementor-widget-container\">\n\t\t\t\t\t\t\t<div class=\"elementor-counter\">\n\t\t\t<div class=\"elementor-counter-title\">dank des Solarity-Waldes eingespart<\/div>\t\t\t<div class=\"elementor-counter-number-wrapper\">\n\t\t\t\t<span class=\"elementor-counter-number-prefix\"><\/span>\n\t\t\t\t<span class=\"elementor-counter-number\" data-duration=\"4000\" data-to-value=\"628\" data-from-value=\"0\" data-delimiter=\",\">0<\/span>\n\t\t\t\t<span class=\"elementor-counter-number-suffix\"> Tonnen von CO2<\/span>\n\t\t\t<\/div>\n\t\t<\/div>\n\t\t\t\t\t\t<\/div>\n\t\t\t\t<\/div>\n\t\t\t\t\t<\/div>\n\t\t<\/div>\n\t\t\t\t\t<\/div>\n\t\t<\/section>\n\t\t\t\t<section class=\"elementor-section elementor-top-section elementor-element elementor-element-7d90857 elementor-section-boxed elementor-section-height-default elementor-section-height-default parallax_section_no qode_elementor_container_no\" data-id=\"7d90857\" data-element_type=\"section\">\n\t\t\t\t\t\t<div class=\"elementor-container elementor-column-gap-default\">\n\t\t\t\t\t<div class=\"elementor-column elementor-col-100 elementor-top-column elementor-element elementor-element-f54aebf\" data-id=\"f54aebf\" data-element_type=\"column\">\n\t\t\t<div class=\"elementor-widget-wrap elementor-element-populated\">\n\t\t\t\t\t\t\t<\/div>\n\t\t<\/div>\n\t\t\t\t\t<\/div>\n\t\t<\/section>\n\t\t\t\t<\/div>\n\t\t","protected":false},"excerpt":{"rendered":"<p>an unsere Partner geliefert &gt; 0 MW gepflanzte B\u00e4ume &gt; 0 Angesichts der Auswirkungen des Klimawandels wird es f\u00fcr Handelsunternehmen immer wichtiger, sich im Bereich der sozialen Verantwortung der Unternehmen (CSR) zu engagieren. Was ist CSR? CSR bezeichnet die Verpflichtung zur sozialen Verantwortung von Unternehmen,&#8230;<\/p>\n","protected":false},"author":30,"featured_media":148377,"parent":0,"menu_order":0,"comment_status":"closed","ping_status":"closed","template":"","meta":{"footnotes":""},"class_list":["post-148373","page","type-page","status-publish","has-post-thumbnail","hentry"],"yoast_head":"<!-- This site is optimized with the Yoast SEO Premium plugin v25.6 (Yoast SEO v25.6) - https:\/\/yoast.com\/wordpress\/plugins\/seo\/ -->\n<title>Unsere CSR-Initiativen | Solarity \u2013 Vertriebspartner und Gro\u00dfh\u00e4ndler f\u00fcr Photovoltaikanlagen<\/title>\n<meta name=\"description\" content=\"Bei Solarity nehmen wir unsere CSR-Projekte ernst \u2013 unser Nachhaltigkeitsfokus liegt auf der Umwelt, der Gesellschaft und den Mitarbeitern, und wir wollen, dass unsere Initiativen einen Einfluss auf eine bessere Zukunft haben.\" \/>\n<meta name=\"robots\" content=\"index, follow, max-snippet:-1, max-image-preview:large, max-video-preview:-1\" \/>\n<link rel=\"canonical\" href=\"https:\/\/solarity.eu\/de\/unsere-initiativen-zur-sozialen-verantwortung-der-unternehmen\/\" \/>\n<meta property=\"og:locale\" content=\"de_DE\" \/>\n<meta property=\"og:type\" content=\"article\" \/>\n<meta property=\"og:title\" content=\"Unsere Initiativen zur sozialen Verantwortung der Unternehmen\" \/>\n<meta property=\"og:description\" content=\"Bei Solarity nehmen wir unsere CSR-Projekte ernst \u2013 unser Nachhaltigkeitsfokus liegt auf der Umwelt, der Gesellschaft und den Mitarbeitern, und wir wollen, dass unsere Initiativen einen Einfluss auf eine bessere Zukunft haben.\" \/>\n<meta property=\"og:url\" content=\"https:\/\/solarity.eu\/de\/unsere-initiativen-zur-sozialen-verantwortung-der-unternehmen\/\" \/>\n<meta property=\"og:site_name\" content=\"Solarity\" \/>\n<meta property=\"article:publisher\" content=\"https:\/\/www.facebook.com\/solaritycz\/\" \/>\n<meta property=\"article:modified_time\" content=\"2024-05-13T18:48:29+00:00\" \/>\n<meta property=\"og:image\" content=\"https:\/\/solarity.eu\/wp-content\/uploads\/2021\/04\/TREE2.gif\" \/>\n\t<meta property=\"og:image:width\" content=\"630\" \/>\n\t<meta property=\"og:image:height\" content=\"630\" \/>\n\t<meta property=\"og:image:type\" content=\"image\/gif\" \/>\n<meta name=\"twitter:card\" content=\"summary_large_image\" \/>\n<meta name=\"twitter:label1\" content=\"Gesch\u00e4tzte Lesezeit\" \/>\n\t<meta name=\"twitter:data1\" content=\"3\u00a0Minuten\" \/>\n<script type=\"application\/ld+json\" class=\"yoast-schema-graph\">{\"@context\":\"https:\/\/schema.org\",\"@graph\":[{\"@type\":\"WebPage\",\"@id\":\"https:\/\/solarity.eu\/de\/unsere-initiativen-zur-sozialen-verantwortung-der-unternehmen\/\",\"url\":\"https:\/\/solarity.eu\/de\/unsere-initiativen-zur-sozialen-verantwortung-der-unternehmen\/\",\"name\":\"Unsere CSR-Initiativen | Solarity \u2013 Vertriebspartner und Gro\u00dfh\u00e4ndler f\u00fcr Photovoltaikanlagen\",\"isPartOf\":{\"@id\":\"https:\/\/solarity.eu\/de\/#website\"},\"primaryImageOfPage\":{\"@id\":\"https:\/\/solarity.eu\/de\/unsere-initiativen-zur-sozialen-verantwortung-der-unternehmen\/#primaryimage\"},\"image\":{\"@id\":\"https:\/\/solarity.eu\/de\/unsere-initiativen-zur-sozialen-verantwortung-der-unternehmen\/#primaryimage\"},\"thumbnailUrl\":\"https:\/\/solarity.eu\/wp-content\/uploads\/2021\/04\/TREE2.gif\",\"datePublished\":\"2021-04-01T16:07:20+00:00\",\"dateModified\":\"2024-05-13T18:48:29+00:00\",\"description\":\"Bei Solarity nehmen wir unsere CSR-Projekte ernst \u2013 unser Nachhaltigkeitsfokus liegt auf der Umwelt, der Gesellschaft und den Mitarbeitern, und wir wollen, dass unsere Initiativen einen Einfluss auf eine bessere Zukunft haben.\",\"breadcrumb\":{\"@id\":\"https:\/\/solarity.eu\/de\/unsere-initiativen-zur-sozialen-verantwortung-der-unternehmen\/#breadcrumb\"},\"inLanguage\":\"de\",\"potentialAction\":[{\"@type\":\"ReadAction\",\"target\":[\"https:\/\/solarity.eu\/de\/unsere-initiativen-zur-sozialen-verantwortung-der-unternehmen\/\"]}]},{\"@type\":\"ImageObject\",\"inLanguage\":\"de\",\"@id\":\"https:\/\/solarity.eu\/de\/unsere-initiativen-zur-sozialen-verantwortung-der-unternehmen\/#primaryimage\",\"url\":\"https:\/\/solarity.eu\/wp-content\/uploads\/2021\/04\/TREE2.gif\",\"contentUrl\":\"https:\/\/solarity.eu\/wp-content\/uploads\/2021\/04\/TREE2.gif\",\"width\":630,\"height\":630},{\"@type\":\"BreadcrumbList\",\"@id\":\"https:\/\/solarity.eu\/de\/unsere-initiativen-zur-sozialen-verantwortung-der-unternehmen\/#breadcrumb\",\"itemListElement\":[{\"@type\":\"ListItem\",\"position\":1,\"name\":\"Home\",\"item\":\"https:\/\/solarity.eu\/de\/\"},{\"@type\":\"ListItem\",\"position\":2,\"name\":\"Unsere Initiativen zur sozialen Verantwortung der Unternehmen\"}]},{\"@type\":\"WebSite\",\"@id\":\"https:\/\/solarity.eu\/de\/#website\",\"url\":\"https:\/\/solarity.eu\/de\/\",\"name\":\"Solarity\",\"description\":\"Distributor and wholesaler of photovoltaic systems\",\"publisher\":{\"@id\":\"https:\/\/solarity.eu\/de\/#organization\"},\"potentialAction\":[{\"@type\":\"SearchAction\",\"target\":{\"@type\":\"EntryPoint\",\"urlTemplate\":\"https:\/\/solarity.eu\/de\/?s={search_term_string}\"},\"query-input\":{\"@type\":\"PropertyValueSpecification\",\"valueRequired\":true,\"valueName\":\"search_term_string\"}}],\"inLanguage\":\"de\"},{\"@type\":\"Organization\",\"@id\":\"https:\/\/solarity.eu\/de\/#organization\",\"name\":\"Solarity\",\"url\":\"https:\/\/solarity.eu\/de\/\",\"logo\":{\"@type\":\"ImageObject\",\"inLanguage\":\"de\",\"@id\":\"https:\/\/solarity.eu\/de\/#\/schema\/logo\/image\/\",\"url\":\"https:\/\/solarity.eu\/wp-content\/uploads\/2020\/08\/Solarity_Logo_new.jpg\",\"contentUrl\":\"https:\/\/solarity.eu\/wp-content\/uploads\/2020\/08\/Solarity_Logo_new.jpg\",\"width\":364,\"height\":59,\"caption\":\"Solarity\"},\"image\":{\"@id\":\"https:\/\/solarity.eu\/de\/#\/schema\/logo\/image\/\"},\"sameAs\":[\"https:\/\/www.facebook.com\/solaritycz\/\"]}]}<\/script>\n<!-- \/ Yoast SEO Premium plugin. -->","yoast_head_json":{"title":"Unsere CSR-Initiativen | Solarity \u2013 Vertriebspartner und Gro\u00dfh\u00e4ndler f\u00fcr Photovoltaikanlagen","description":"Bei Solarity nehmen wir unsere CSR-Projekte ernst \u2013 unser Nachhaltigkeitsfokus liegt auf der Umwelt, der Gesellschaft und den Mitarbeitern, und wir wollen, dass unsere Initiativen einen Einfluss auf eine bessere Zukunft haben.","robots":{"index":"index","follow":"follow","max-snippet":"max-snippet:-1","max-image-preview":"max-image-preview:large","max-video-preview":"max-video-preview:-1"},"canonical":"https:\/\/solarity.eu\/de\/unsere-initiativen-zur-sozialen-verantwortung-der-unternehmen\/","og_locale":"de_DE","og_type":"article","og_title":"Unsere Initiativen zur sozialen Verantwortung der Unternehmen","og_description":"Bei Solarity nehmen wir unsere CSR-Projekte ernst \u2013 unser Nachhaltigkeitsfokus liegt auf der Umwelt, der Gesellschaft und den Mitarbeitern, und wir wollen, dass unsere Initiativen einen Einfluss auf eine bessere Zukunft haben.","og_url":"https:\/\/solarity.eu\/de\/unsere-initiativen-zur-sozialen-verantwortung-der-unternehmen\/","og_site_name":"Solarity","article_publisher":"https:\/\/www.facebook.com\/solaritycz\/","article_modified_time":"2024-05-13T18:48:29+00:00","og_image":[{"width":630,"height":630,"url":"https:\/\/solarity.eu\/wp-content\/uploads\/2021\/04\/TREE2.gif","type":"image\/gif"}],"twitter_card":"summary_large_image","twitter_misc":{"Gesch\u00e4tzte Lesezeit":"3\u00a0Minuten"},"schema":{"@context":"https:\/\/schema.org","@graph":[{"@type":"WebPage","@id":"https:\/\/solarity.eu\/de\/unsere-initiativen-zur-sozialen-verantwortung-der-unternehmen\/","url":"https:\/\/solarity.eu\/de\/unsere-initiativen-zur-sozialen-verantwortung-der-unternehmen\/","name":"Unsere CSR-Initiativen | Solarity \u2013 Vertriebspartner und Gro\u00dfh\u00e4ndler f\u00fcr Photovoltaikanlagen","isPartOf":{"@id":"https:\/\/solarity.eu\/de\/#website"},"primaryImageOfPage":{"@id":"https:\/\/solarity.eu\/de\/unsere-initiativen-zur-sozialen-verantwortung-der-unternehmen\/#primaryimage"},"image":{"@id":"https:\/\/solarity.eu\/de\/unsere-initiativen-zur-sozialen-verantwortung-der-unternehmen\/#primaryimage"},"thumbnailUrl":"https:\/\/solarity.eu\/wp-content\/uploads\/2021\/04\/TREE2.gif","datePublished":"2021-04-01T16:07:20+00:00","dateModified":"2024-05-13T18:48:29+00:00","description":"Bei Solarity nehmen wir unsere CSR-Projekte ernst \u2013 unser Nachhaltigkeitsfokus liegt auf der Umwelt, der Gesellschaft und den Mitarbeitern, und wir wollen, dass unsere Initiativen einen Einfluss auf eine bessere Zukunft haben.","breadcrumb":{"@id":"https:\/\/solarity.eu\/de\/unsere-initiativen-zur-sozialen-verantwortung-der-unternehmen\/#breadcrumb"},"inLanguage":"de","potentialAction":[{"@type":"ReadAction","target":["https:\/\/solarity.eu\/de\/unsere-initiativen-zur-sozialen-verantwortung-der-unternehmen\/"]}]},{"@type":"ImageObject","inLanguage":"de","@id":"https:\/\/solarity.eu\/de\/unsere-initiativen-zur-sozialen-verantwortung-der-unternehmen\/#primaryimage","url":"https:\/\/solarity.eu\/wp-content\/uploads\/2021\/04\/TREE2.gif","contentUrl":"https:\/\/solarity.eu\/wp-content\/uploads\/2021\/04\/TREE2.gif","width":630,"height":630},{"@type":"BreadcrumbList","@id":"https:\/\/solarity.eu\/de\/unsere-initiativen-zur-sozialen-verantwortung-der-unternehmen\/#breadcrumb","itemListElement":[{"@type":"ListItem","position":1,"name":"Home","item":"https:\/\/solarity.eu\/de\/"},{"@type":"ListItem","position":2,"name":"Unsere Initiativen zur sozialen Verantwortung der Unternehmen"}]},{"@type":"WebSite","@id":"https:\/\/solarity.eu\/de\/#website","url":"https:\/\/solarity.eu\/de\/","name":"Solarity","description":"Distributor and wholesaler of photovoltaic systems","publisher":{"@id":"https:\/\/solarity.eu\/de\/#organization"},"potentialAction":[{"@type":"SearchAction","target":{"@type":"EntryPoint","urlTemplate":"https:\/\/solarity.eu\/de\/?s={search_term_string}"},"query-input":{"@type":"PropertyValueSpecification","valueRequired":true,"valueName":"search_term_string"}}],"inLanguage":"de"},{"@type":"Organization","@id":"https:\/\/solarity.eu\/de\/#organization","name":"Solarity","url":"https:\/\/solarity.eu\/de\/","logo":{"@type":"ImageObject","inLanguage":"de","@id":"https:\/\/solarity.eu\/de\/#\/schema\/logo\/image\/","url":"https:\/\/solarity.eu\/wp-content\/uploads\/2020\/08\/Solarity_Logo_new.jpg","contentUrl":"https:\/\/solarity.eu\/wp-content\/uploads\/2020\/08\/Solarity_Logo_new.jpg","width":364,"height":59,"caption":"Solarity"},"image":{"@id":"https:\/\/solarity.eu\/de\/#\/schema\/logo\/image\/"},"sameAs":["https:\/\/www.facebook.com\/solaritycz\/"]}]}},"_links":{"self":[{"href":"https:\/\/solarity.eu\/de\/wp-json\/wp\/v2\/pages\/148373","targetHints":{"allow":["GET"]}}],"collection":[{"href":"https:\/\/solarity.eu\/de\/wp-json\/wp\/v2\/pages"}],"about":[{"href":"https:\/\/solarity.eu\/de\/wp-json\/wp\/v2\/types\/page"}],"author":[{"embeddable":true,"href":"https:\/\/solarity.eu\/de\/wp-json\/wp\/v2\/users\/30"}],"replies":[{"embeddable":true,"href":"https:\/\/solarity.eu\/de\/wp-json\/wp\/v2\/comments?post=148373"}],"version-history":[{"count":3,"href":"https:\/\/solarity.eu\/de\/wp-json\/wp\/v2\/pages\/148373\/revisions"}],"predecessor-version":[{"id":157529,"href":"https:\/\/solarity.eu\/de\/wp-json\/wp\/v2\/pages\/148373\/revisions\/157529"}],"wp:featuredmedia":[{"embeddable":true,"href":"https:\/\/solarity.eu\/de\/wp-json\/wp\/v2\/media\/148377"}],"wp:attachment":[{"href":"https:\/\/solarity.eu\/de\/wp-json\/wp\/v2\/media?parent=148373"}],"curies":[{"name":"wp","href":"https:\/\/api.w.org\/{rel}","templated":true}]}}