{"id":148389,"date":"2022-04-14T14:10:03","date_gmt":"2022-04-14T14:10:03","guid":{"rendered":"https:\/\/solarity.eu\/newsletter-landing-page\/"},"modified":"2024-01-03T07:12:06","modified_gmt":"2024-01-03T07:12:06","slug":"newsletter-landing-page","status":"publish","type":"page","link":"https:\/\/solarity.eu\/de\/newsletter-landing-page\/","title":{"rendered":"Newsletter landing page"},"content":{"rendered":"\t\t<div data-elementor-type=\"wp-page\" data-elementor-id=\"148389\" class=\"elementor elementor-148389 elementor-37247\" data-elementor-post-type=\"page\">\n\t\t\t\t\t\t<section class=\"elementor-section elementor-top-section elementor-element elementor-element-fa59030 elementor-section-boxed elementor-section-height-default elementor-section-height-default parallax_section_no qode_elementor_container_no\" data-id=\"fa59030\" data-element_type=\"section\">\n\t\t\t\t\t\t<div class=\"elementor-container elementor-column-gap-default\">\n\t\t\t\t\t<div class=\"elementor-column elementor-col-100 elementor-top-column elementor-element elementor-element-6778ca4\" data-id=\"6778ca4\" data-element_type=\"column\">\n\t\t\t<div class=\"elementor-widget-wrap elementor-element-populated\">\n\t\t\t\t\t\t<div class=\"elementor-element elementor-element-a9a424c elementor-widget elementor-widget-template\" data-id=\"a9a424c\" data-element_type=\"widget\" data-widget_type=\"template.default\">\n\t\t\t\t<div class=\"elementor-widget-container\">\n\t\t\t\t\t\t\t<div class=\"elementor-template\">\n\t\t\t\t\t<div data-elementor-type=\"page\" data-elementor-id=\"148218\" class=\"elementor elementor-148218 elementor-37244\" data-elementor-post-type=\"elementor_library\">\n\t\t\t\t\t\t<section class=\"elementor-section elementor-inner-section elementor-element elementor-element-13c90fcb elementor-section-boxed elementor-section-height-default elementor-section-height-default parallax_section_no qode_elementor_container_no\" data-id=\"13c90fcb\" data-element_type=\"section\">\n\t\t\t\t\t\t<div class=\"elementor-container elementor-column-gap-default\">\n\t\t\t\t\t<div class=\"elementor-column elementor-col-100 elementor-inner-column elementor-element elementor-element-30950d23\" data-id=\"30950d23\" data-element_type=\"column\">\n\t\t\t<div class=\"elementor-widget-wrap elementor-element-populated\">\n\t\t\t\t\t\t<div class=\"elementor-element elementor-element-76a6afe3 elementor-widget elementor-widget-text-editor\" data-id=\"76a6afe3\" data-element_type=\"widget\" data-widget_type=\"text-editor.default\">\n\t\t\t\t<div class=\"elementor-widget-container\">\n\t\t\t\t\t\t\t\t\t<p style=\"color: #54595f;font-size: 2em;font-weight: 400\">Newsletter subscription<\/p><p>\u00a0<\/p><p style=\"color: #54595f;font-size: 1.2em;font-weight: 300\">Mit der \u00dcbermittlung Ihrer E-Mail stimmen Sie zu, Neuheiten von Solarity s.r.o. zu erhalten.<\/p><p>\u00a0<\/p><p style=\"color: #54595f;font-size: 1.2em;font-weight: 300\">Sie brauchen sich keine Sorgen zu machen, dass wir Sie unn\u00f6tig zuspammen.<\/p><p>\u00a0<\/p><p style=\"color: #54595f;font-size: 1.2em;font-weight: 300\">Der Inhalt unserer Mitteilungen wird immer News aus der Welt der Photovoltaik und unseres Unternehmens, Einladungen zu Konferenzen, Seminaren oder Messen enthalten.<\/p>\t\t\t\t\t\t\t\t<\/div>\n\t\t\t\t<\/div>\n\t\t\t\t<div class=\"elementor-element elementor-element-6ad2baca elementor-button-align-center elementor-widget elementor-widget-form\" data-id=\"6ad2baca\" data-element_type=\"widget\" data-settings=\"{&quot;button_width&quot;:&quot;30&quot;,&quot;step_next_label&quot;:&quot;Next&quot;,&quot;step_previous_label&quot;:&quot;Previous&quot;,&quot;step_type&quot;:&quot;number_text&quot;,&quot;step_icon_shape&quot;:&quot;circle&quot;}\" data-widget_type=\"form.default\">\n\t\t\t\t<div class=\"elementor-widget-container\">\n\t\t\t\t\t\t\t<form class=\"elementor-form\" method=\"post\" id=\"thank_you_de\" name=\"Newsletter DE\" aria-label=\"Newsletter DE\">\n\t\t\t<input type=\"hidden\" name=\"post_id\" value=\"148218\"\/>\n\t\t\t<input type=\"hidden\" name=\"form_id\" value=\"6ad2baca\"\/>\n\t\t\t<input type=\"hidden\" name=\"referer_title\" value=\"Solarity\" \/>\n\n\t\t\t\n\t\t\t<div class=\"elementor-form-fields-wrapper elementor-labels-\">\n\t\t\t\t\t\t\t\t<div class=\"elementor-field-type-email elementor-field-group elementor-column elementor-field-group-email elementor-col-70 elementor-field-required\">\n\t\t\t\t\t\t\t\t\t\t\t\t\t<input size=\"1\" type=\"email\" name=\"form_fields[email]\" id=\"form-field-email\" class=\"elementor-field elementor-size-md  elementor-field-textual\" placeholder=\"F\u00fcllen Sie Ihre E-Mail-Adresse aus\" required=\"required\">\n\t\t\t\t\t\t\t\t\t\t\t<\/div>\n\t\t\t\t\t\t\t\t<div class=\"elementor-field-group elementor-column elementor-field-type-submit elementor-col-30 e-form__buttons\">\n\t\t\t\t\t<button class=\"elementor-button elementor-size-sm\" type=\"submit\" id=\"de_button_sub\">\n\t\t\t\t\t\t<span class=\"elementor-button-content-wrapper\">\n\t\t\t\t\t\t\t\t\t\t\t\t\t\t\t\t\t\t\t\t\t\t<span class=\"elementor-button-text\">Absenden<\/span>\n\t\t\t\t\t\t\t\t\t\t\t\t\t<\/span>\n\t\t\t\t\t<\/button>\n\t\t\t\t<\/div>\n\t\t\t<\/div>\n\t\t<\/form>\n\t\t\t\t\t\t<\/div>\n\t\t\t\t<\/div>\n\t\t\t\t\t<\/div>\n\t\t<\/div>\n\t\t\t\t\t<\/div>\n\t\t<\/section>\n\t\t\t\t<\/div>\n\t\t\t\t<\/div>\n\t\t\t\t\t\t<\/div>\n\t\t\t\t<\/div>\n\t\t\t\t\t<\/div>\n\t\t<\/div>\n\t\t\t\t\t<\/div>\n\t\t<\/section>\n\t\t\t\t<\/div>\n\t\t","protected":false},"excerpt":{"rendered":"","protected":false},"author":30,"featured_media":0,"parent":0,"menu_order":0,"comment_status":"closed","ping_status":"closed","template":"","meta":{"footnotes":""},"class_list":["post-148389","page","type-page","status-publish","hentry"],"yoast_head":"<!-- This site is optimized with the Yoast SEO Premium plugin v25.6 (Yoast SEO v25.6) - https:\/\/yoast.com\/wordpress\/plugins\/seo\/ -->\n<title>Newsletter landing page | Solarity \u2013 distributor a velkoobchod fotovoltaick\u00fdch syst\u00e9m\u016f<\/title>\n<meta name=\"robots\" content=\"index, follow, max-snippet:-1, max-image-preview:large, max-video-preview:-1\" \/>\n<link rel=\"canonical\" href=\"https:\/\/solarity.eu\/de\/newsletter-landing-page\/\" \/>\n<meta property=\"og:locale\" content=\"de_DE\" \/>\n<meta property=\"og:type\" content=\"article\" \/>\n<meta property=\"og:title\" content=\"Newsletter landing page\" \/>\n<meta property=\"og:url\" content=\"https:\/\/solarity.eu\/de\/newsletter-landing-page\/\" \/>\n<meta property=\"og:site_name\" content=\"Solarity\" \/>\n<meta property=\"article:publisher\" content=\"https:\/\/www.facebook.com\/solaritycz\/\" \/>\n<meta property=\"article:modified_time\" content=\"2024-01-03T07:12:06+00:00\" \/>\n<meta name=\"twitter:card\" content=\"summary_large_image\" \/>\n<meta name=\"twitter:label1\" content=\"Gesch\u00e4tzte Lesezeit\" \/>\n\t<meta name=\"twitter:data1\" content=\"1\u00a0Minute\" \/>\n<script type=\"application\/ld+json\" class=\"yoast-schema-graph\">{\"@context\":\"https:\/\/schema.org\",\"@graph\":[{\"@type\":\"WebPage\",\"@id\":\"https:\/\/solarity.eu\/de\/newsletter-landing-page\/\",\"url\":\"https:\/\/solarity.eu\/de\/newsletter-landing-page\/\",\"name\":\"Newsletter landing page | Solarity \u2013 distributor a velkoobchod fotovoltaick\u00fdch syst\u00e9m\u016f\",\"isPartOf\":{\"@id\":\"https:\/\/solarity.eu\/de\/#website\"},\"datePublished\":\"2022-04-14T14:10:03+00:00\",\"dateModified\":\"2024-01-03T07:12:06+00:00\",\"breadcrumb\":{\"@id\":\"https:\/\/solarity.eu\/de\/newsletter-landing-page\/#breadcrumb\"},\"inLanguage\":\"de\",\"potentialAction\":[{\"@type\":\"ReadAction\",\"target\":[\"https:\/\/solarity.eu\/de\/newsletter-landing-page\/\"]}]},{\"@type\":\"BreadcrumbList\",\"@id\":\"https:\/\/solarity.eu\/de\/newsletter-landing-page\/#breadcrumb\",\"itemListElement\":[{\"@type\":\"ListItem\",\"position\":1,\"name\":\"Home\",\"item\":\"https:\/\/solarity.eu\/de\/\"},{\"@type\":\"ListItem\",\"position\":2,\"name\":\"Newsletter landing page\"}]},{\"@type\":\"WebSite\",\"@id\":\"https:\/\/solarity.eu\/de\/#website\",\"url\":\"https:\/\/solarity.eu\/de\/\",\"name\":\"Solarity\",\"description\":\"Distributor and wholesaler of photovoltaic systems\",\"publisher\":{\"@id\":\"https:\/\/solarity.eu\/de\/#organization\"},\"potentialAction\":[{\"@type\":\"SearchAction\",\"target\":{\"@type\":\"EntryPoint\",\"urlTemplate\":\"https:\/\/solarity.eu\/de\/?s={search_term_string}\"},\"query-input\":{\"@type\":\"PropertyValueSpecification\",\"valueRequired\":true,\"valueName\":\"search_term_string\"}}],\"inLanguage\":\"de\"},{\"@type\":\"Organization\",\"@id\":\"https:\/\/solarity.eu\/de\/#organization\",\"name\":\"Solarity\",\"url\":\"https:\/\/solarity.eu\/de\/\",\"logo\":{\"@type\":\"ImageObject\",\"inLanguage\":\"de\",\"@id\":\"https:\/\/solarity.eu\/de\/#\/schema\/logo\/image\/\",\"url\":\"https:\/\/solarity.eu\/wp-content\/uploads\/2020\/08\/Solarity_Logo_new.jpg\",\"contentUrl\":\"https:\/\/solarity.eu\/wp-content\/uploads\/2020\/08\/Solarity_Logo_new.jpg\",\"width\":364,\"height\":59,\"caption\":\"Solarity\"},\"image\":{\"@id\":\"https:\/\/solarity.eu\/de\/#\/schema\/logo\/image\/\"},\"sameAs\":[\"https:\/\/www.facebook.com\/solaritycz\/\"]}]}<\/script>\n<!-- \/ Yoast SEO Premium plugin. -->","yoast_head_json":{"title":"Newsletter landing page | Solarity \u2013 distributor a velkoobchod fotovoltaick\u00fdch syst\u00e9m\u016f","robots":{"index":"index","follow":"follow","max-snippet":"max-snippet:-1","max-image-preview":"max-image-preview:large","max-video-preview":"max-video-preview:-1"},"canonical":"https:\/\/solarity.eu\/de\/newsletter-landing-page\/","og_locale":"de_DE","og_type":"article","og_title":"Newsletter landing page","og_url":"https:\/\/solarity.eu\/de\/newsletter-landing-page\/","og_site_name":"Solarity","article_publisher":"https:\/\/www.facebook.com\/solaritycz\/","article_modified_time":"2024-01-03T07:12:06+00:00","twitter_card":"summary_large_image","twitter_misc":{"Gesch\u00e4tzte Lesezeit":"1\u00a0Minute"},"schema":{"@context":"https:\/\/schema.org","@graph":[{"@type":"WebPage","@id":"https:\/\/solarity.eu\/de\/newsletter-landing-page\/","url":"https:\/\/solarity.eu\/de\/newsletter-landing-page\/","name":"Newsletter landing page | Solarity \u2013 distributor a velkoobchod fotovoltaick\u00fdch syst\u00e9m\u016f","isPartOf":{"@id":"https:\/\/solarity.eu\/de\/#website"},"datePublished":"2022-04-14T14:10:03+00:00","dateModified":"2024-01-03T07:12:06+00:00","breadcrumb":{"@id":"https:\/\/solarity.eu\/de\/newsletter-landing-page\/#breadcrumb"},"inLanguage":"de","potentialAction":[{"@type":"ReadAction","target":["https:\/\/solarity.eu\/de\/newsletter-landing-page\/"]}]},{"@type":"BreadcrumbList","@id":"https:\/\/solarity.eu\/de\/newsletter-landing-page\/#breadcrumb","itemListElement":[{"@type":"ListItem","position":1,"name":"Home","item":"https:\/\/solarity.eu\/de\/"},{"@type":"ListItem","position":2,"name":"Newsletter landing page"}]},{"@type":"WebSite","@id":"https:\/\/solarity.eu\/de\/#website","url":"https:\/\/solarity.eu\/de\/","name":"Solarity","description":"Distributor and wholesaler of photovoltaic systems","publisher":{"@id":"https:\/\/solarity.eu\/de\/#organization"},"potentialAction":[{"@type":"SearchAction","target":{"@type":"EntryPoint","urlTemplate":"https:\/\/solarity.eu\/de\/?s={search_term_string}"},"query-input":{"@type":"PropertyValueSpecification","valueRequired":true,"valueName":"search_term_string"}}],"inLanguage":"de"},{"@type":"Organization","@id":"https:\/\/solarity.eu\/de\/#organization","name":"Solarity","url":"https:\/\/solarity.eu\/de\/","logo":{"@type":"ImageObject","inLanguage":"de","@id":"https:\/\/solarity.eu\/de\/#\/schema\/logo\/image\/","url":"https:\/\/solarity.eu\/wp-content\/uploads\/2020\/08\/Solarity_Logo_new.jpg","contentUrl":"https:\/\/solarity.eu\/wp-content\/uploads\/2020\/08\/Solarity_Logo_new.jpg","width":364,"height":59,"caption":"Solarity"},"image":{"@id":"https:\/\/solarity.eu\/de\/#\/schema\/logo\/image\/"},"sameAs":["https:\/\/www.facebook.com\/solaritycz\/"]}]}},"_links":{"self":[{"href":"https:\/\/solarity.eu\/de\/wp-json\/wp\/v2\/pages\/148389","targetHints":{"allow":["GET"]}}],"collection":[{"href":"https:\/\/solarity.eu\/de\/wp-json\/wp\/v2\/pages"}],"about":[{"href":"https:\/\/solarity.eu\/de\/wp-json\/wp\/v2\/types\/page"}],"author":[{"embeddable":true,"href":"https:\/\/solarity.eu\/de\/wp-json\/wp\/v2\/users\/30"}],"replies":[{"embeddable":true,"href":"https:\/\/solarity.eu\/de\/wp-json\/wp\/v2\/comments?post=148389"}],"version-history":[{"count":3,"href":"https:\/\/solarity.eu\/de\/wp-json\/wp\/v2\/pages\/148389\/revisions"}],"predecessor-version":[{"id":150347,"href":"https:\/\/solarity.eu\/de\/wp-json\/wp\/v2\/pages\/148389\/revisions\/150347"}],"wp:attachment":[{"href":"https:\/\/solarity.eu\/de\/wp-json\/wp\/v2\/media?parent=148389"}],"curies":[{"name":"wp","href":"https:\/\/api.w.org\/{rel}","templated":true}]}}