{"id":149035,"date":"2022-01-03T11:47:48","date_gmt":"2022-01-03T11:47:48","guid":{"rendered":"https:\/\/solarity.eu\/cookie-policy\/"},"modified":"2024-01-28T18:45:52","modified_gmt":"2024-01-28T18:45:52","slug":"grundsaetze-zur-verwendung-von-cookies","status":"publish","type":"page","link":"https:\/\/solarity.eu\/de\/grundsaetze-zur-verwendung-von-cookies\/","title":{"rendered":"Grunds\u00e4tze zur Verwendung von Cookies"},"content":{"rendered":"\t\t<div data-elementor-type=\"wp-page\" data-elementor-id=\"149035\" class=\"elementor elementor-149035 elementor-25263\" data-elementor-post-type=\"page\">\n\t\t\t\t\t\t<section class=\"elementor-section elementor-top-section elementor-element elementor-element-20ba7520 elementor-section-boxed elementor-section-height-default elementor-section-height-default parallax_section_no qode_elementor_container_no\" data-id=\"20ba7520\" data-element_type=\"section\">\n\t\t\t\t\t\t<div class=\"elementor-container elementor-column-gap-default\">\n\t\t\t\t\t<div class=\"elementor-column elementor-col-100 elementor-top-column elementor-element elementor-element-5053af0\" data-id=\"5053af0\" data-element_type=\"column\">\n\t\t\t<div class=\"elementor-widget-wrap elementor-element-populated\">\n\t\t\t\t\t\t\t<\/div>\n\t\t<\/div>\n\t\t\t\t\t<\/div>\n\t\t<\/section>\n\t\t\t\t<section class=\"elementor-section elementor-top-section elementor-element elementor-element-36a665e elementor-section-boxed elementor-section-height-default elementor-section-height-default parallax_section_no qode_elementor_container_no\" data-id=\"36a665e\" data-element_type=\"section\">\n\t\t\t\t\t\t<div class=\"elementor-container elementor-column-gap-default\">\n\t\t\t\t\t<div class=\"elementor-column elementor-col-100 elementor-top-column elementor-element elementor-element-5f92bc19\" data-id=\"5f92bc19\" data-element_type=\"column\">\n\t\t\t<div class=\"elementor-widget-wrap elementor-element-populated\">\n\t\t\t\t\t\t<div class=\"elementor-element elementor-element-78442b01 elementor-widget elementor-widget-text-editor\" data-id=\"78442b01\" data-element_type=\"widget\" data-widget_type=\"text-editor.default\">\n\t\t\t\t<div class=\"elementor-widget-container\">\n\t\t\t\t\t\t\t\t\t<p>Diese Grunds\u00e4tze zur Verwendung von Cookies erkl\u00e4ren, was Cookies sind und wie wir sie verwenden, welche Arten von Cookies wir verwenden, d. h. welche Informationen wir durch Cookies sammeln und wie wir diese Informationen verwenden und wie Sie Ihre Cookie-Einstellungen festlegen k\u00f6nnen. Weitere Informationen dar\u00fcber, wie wir Ihre pers\u00f6nlichen Daten verwenden, speichern und sicher aufbewahren, finden Sie in unserer Datenschutzrichtlinie.<\/p><p>\u00a0<\/p><p>Sie k\u00f6nnen Ihre Zustimmung zu der Cookie-Erkl\u00e4rung auf unserer Webseite jederzeit \u00e4ndern oder widerrufen.<br \/>Weitere Informationen dar\u00fcber, wer wir sind, wie Sie uns kontaktieren k\u00f6nnen und wie wir Ihre pers\u00f6nlichen Daten verarbeiten, finden Sie in unserer Datenschutzrichtlinie.<\/p><p>\u00a0<\/p><p>Ihr Einverst\u00e4ndnis gilt f\u00fcr die folgenden Domains: solarity.eu\/de<\/p><p>[user_consent_state]<\/p>\t\t\t\t\t\t\t\t<\/div>\n\t\t\t\t<\/div>\n\t\t\t\t\t<\/div>\n\t\t<\/div>\n\t\t\t\t\t<\/div>\n\t\t<\/section>\n\t\t\t\t<section class=\"elementor-section elementor-top-section elementor-element elementor-element-95e7048 elementor-section-boxed elementor-section-height-default elementor-section-height-default parallax_section_no qode_elementor_container_no\" data-id=\"95e7048\" data-element_type=\"section\">\n\t\t\t\t\t\t<div class=\"elementor-container elementor-column-gap-default\">\n\t\t\t\t\t<div class=\"elementor-column elementor-col-100 elementor-top-column elementor-element elementor-element-b749e31\" data-id=\"b749e31\" data-element_type=\"column\">\n\t\t\t<div class=\"elementor-widget-wrap elementor-element-populated\">\n\t\t\t\t\t\t<div class=\"elementor-element elementor-element-2e031353 elementor-widget elementor-widget-heading\" data-id=\"2e031353\" data-element_type=\"widget\" data-widget_type=\"heading.default\">\n\t\t\t\t<div class=\"elementor-widget-container\">\n\t\t\t\t\t<h2 class=\"elementor-heading-title elementor-size-default\">Was sind Cookies?<\/h2>\t\t\t\t<\/div>\n\t\t\t\t<\/div>\n\t\t\t\t<div class=\"elementor-element elementor-element-38017e56 elementor-widget elementor-widget-text-editor\" data-id=\"38017e56\" data-element_type=\"widget\" data-widget_type=\"text-editor.default\">\n\t\t\t\t<div class=\"elementor-widget-container\">\n\t\t\t\t\t\t\t\t\tCookies sind kleine Textdateien, die dazu dienen, kleine Informationen zu speichern. Sie werden auf Ihrem Ger\u00e4t gespeichert, wenn eine Webseite in Ihrem Browser geladen wird. Cookies helfen uns, die Webseite ordnungsgem\u00e4\u00df zu betreiben, sie sicherer zu machen und die Benutzerfreundlichkeit zu verbessern. Sie helfen uns auch zu verstehen, wie gut die Webseite funktioniert, und zu analysieren, was funktioniert und wo Verbesserungen notwendig sind.\t\t\t\t\t\t\t\t<\/div>\n\t\t\t\t<\/div>\n\t\t\t\t\t<\/div>\n\t\t<\/div>\n\t\t\t\t\t<\/div>\n\t\t<\/section>\n\t\t\t\t<section class=\"elementor-section elementor-top-section elementor-element elementor-element-744553aa elementor-section-boxed elementor-section-height-default elementor-section-height-default parallax_section_no qode_elementor_container_no\" data-id=\"744553aa\" data-element_type=\"section\">\n\t\t\t\t\t\t<div class=\"elementor-container elementor-column-gap-default\">\n\t\t\t\t\t<div class=\"elementor-column elementor-col-100 elementor-top-column elementor-element elementor-element-4b3d85e4\" data-id=\"4b3d85e4\" data-element_type=\"column\">\n\t\t\t<div class=\"elementor-widget-wrap elementor-element-populated\">\n\t\t\t\t\t\t<div class=\"elementor-element elementor-element-35fc739a elementor-widget elementor-widget-heading\" data-id=\"35fc739a\" data-element_type=\"widget\" data-widget_type=\"heading.default\">\n\t\t\t\t<div class=\"elementor-widget-container\">\n\t\t\t\t\t<h2 class=\"elementor-heading-title elementor-size-default\">Wie verwenden wir Cookies?<\/h2>\t\t\t\t<\/div>\n\t\t\t\t<\/div>\n\t\t\t\t<div class=\"elementor-element elementor-element-2673bc1a elementor-widget elementor-widget-text-editor\" data-id=\"2673bc1a\" data-element_type=\"widget\" data-widget_type=\"text-editor.default\">\n\t\t\t\t<div class=\"elementor-widget-container\">\n\t\t\t\t\t\t\t\t\t<p>Wie die meisten Online-Dienste verwendet auch unsere Webseite Cookies von Erstanbietern und Drittanbietern f\u00fcr verschiedene Zwecke. Cookies von Erstanbietern sind meist f\u00fcr das ordnungsgem\u00e4\u00dfe Funktionieren der Webseite erforderlich und erfassen keine pers\u00f6nlichen Daten.<\/p><p><br \/>Cookies von Drittanbietern, die auf unserer Webseite verwendet werden, dienen in erster Linie dazu zu verstehen, wie die Webseite funktioniert und wie Sie mit unserer Webseite interagieren. Sie werden auch verwendet, um die Sicherheit unserer Dienste zu gew\u00e4hrleisten, um Ihnen f\u00fcr Sie relevante Werbung zu liefern und um insgesamt eine bessere Benutzererfahrung zu bieten und Ihre zuk\u00fcnftige Interaktion mit unserer Webseite zu beschleunigen.<\/p>\t\t\t\t\t\t\t\t<\/div>\n\t\t\t\t<\/div>\n\t\t\t\t\t<\/div>\n\t\t<\/div>\n\t\t\t\t\t<\/div>\n\t\t<\/section>\n\t\t\t\t<section class=\"elementor-section elementor-top-section elementor-element elementor-element-b074ff5 elementor-section-boxed elementor-section-height-default elementor-section-height-default parallax_section_no qode_elementor_container_no\" data-id=\"b074ff5\" data-element_type=\"section\">\n\t\t\t\t\t\t<div class=\"elementor-container elementor-column-gap-default\">\n\t\t\t\t\t<div class=\"elementor-column elementor-col-100 elementor-top-column elementor-element elementor-element-67b4da3f\" data-id=\"67b4da3f\" data-element_type=\"column\">\n\t\t\t<div class=\"elementor-widget-wrap elementor-element-populated\">\n\t\t\t\t\t\t<div class=\"elementor-element elementor-element-6d64e00a elementor-widget elementor-widget-heading\" data-id=\"6d64e00a\" data-element_type=\"widget\" data-widget_type=\"heading.default\">\n\t\t\t\t<div class=\"elementor-widget-container\">\n\t\t\t\t\t<h2 class=\"elementor-heading-title elementor-size-default\">Welche Arten von Cookies verwenden wir?<\/h2>\t\t\t\t<\/div>\n\t\t\t\t<\/div>\n\t\t\t\t<div class=\"elementor-element elementor-element-274a0b60 elementor-widget elementor-widget-text-editor\" data-id=\"274a0b60\" data-element_type=\"widget\" data-widget_type=\"text-editor.default\">\n\t\t\t\t<div class=\"elementor-widget-container\">\n\t\t\t\t\t\t\t\t\t<p>[cookie_audit columns=&#8220;category,cookie, duration, description&#8220; heading=&#8220;<span data-sheets-value=\"{&quot;1&quot;:2,&quot;2&quot;:&quot;In der nachstehenden Liste sind die Cookies aufgef\u00fchrt, die auf unserer Webseite verwendet werden.&quot;}\" data-sheets-userformat=\"{&quot;2&quot;:14653,&quot;3&quot;:{&quot;1&quot;:0,&quot;3&quot;:1},&quot;5&quot;:{&quot;1&quot;:[{&quot;1&quot;:2,&quot;2&quot;:0,&quot;5&quot;:{&quot;1&quot;:2,&quot;2&quot;:0}},{&quot;1&quot;:0,&quot;2&quot;:0,&quot;3&quot;:3},{&quot;1&quot;:1,&quot;2&quot;:0,&quot;4&quot;:1}]},&quot;6&quot;:{&quot;1&quot;:[{&quot;1&quot;:2,&quot;2&quot;:0,&quot;5&quot;:{&quot;1&quot;:2,&quot;2&quot;:0}},{&quot;1&quot;:0,&quot;2&quot;:0,&quot;3&quot;:3},{&quot;1&quot;:1,&quot;2&quot;:0,&quot;4&quot;:1}]},&quot;7&quot;:{&quot;1&quot;:[{&quot;1&quot;:2,&quot;2&quot;:0,&quot;5&quot;:{&quot;1&quot;:2,&quot;2&quot;:0}},{&quot;1&quot;:0,&quot;2&quot;:0,&quot;3&quot;:3},{&quot;1&quot;:1,&quot;2&quot;:0,&quot;4&quot;:1}]},&quot;8&quot;:{&quot;1&quot;:[{&quot;1&quot;:2,&quot;2&quot;:0,&quot;5&quot;:{&quot;1&quot;:2,&quot;2&quot;:0}},{&quot;1&quot;:0,&quot;2&quot;:0,&quot;3&quot;:3},{&quot;1&quot;:1,&quot;2&quot;:0,&quot;4&quot;:1}]},&quot;11&quot;:4,&quot;14&quot;:{&quot;1&quot;:3,&quot;3&quot;:1},&quot;15&quot;:&quot;Arial&quot;,&quot;16&quot;:10}\" data-sheets-textstyleruns=\"{&quot;1&quot;:0,&quot;2&quot;:{&quot;2&quot;:{&quot;1&quot;:2,&quot;2&quot;:0},&quot;3&quot;:&quot;Arial&quot;,&quot;4&quot;:10}}\">In der nachstehenden Liste sind die Cookies aufgef\u00fchrt, die auf unserer Webseite verwendet werden<\/span>.&#8220;]<\/p>\t\t\t\t\t\t\t\t<\/div>\n\t\t\t\t<\/div>\n\t\t\t\t\t<\/div>\n\t\t<\/div>\n\t\t\t\t\t<\/div>\n\t\t<\/section>\n\t\t\t\t<section class=\"elementor-section elementor-top-section elementor-element elementor-element-7a5f38fd elementor-section-boxed elementor-section-height-default elementor-section-height-default parallax_section_no qode_elementor_container_no\" data-id=\"7a5f38fd\" data-element_type=\"section\">\n\t\t\t\t\t\t<div class=\"elementor-container elementor-column-gap-default\">\n\t\t\t\t\t<div class=\"elementor-column elementor-col-100 elementor-top-column elementor-element elementor-element-59dec0ad\" data-id=\"59dec0ad\" data-element_type=\"column\">\n\t\t\t<div class=\"elementor-widget-wrap elementor-element-populated\">\n\t\t\t\t\t\t<div class=\"elementor-element elementor-element-6fbbca7a elementor-widget elementor-widget-heading\" data-id=\"6fbbca7a\" data-element_type=\"widget\" data-widget_type=\"heading.default\">\n\t\t\t\t<div class=\"elementor-widget-container\">\n\t\t\t\t\t<h2 class=\"elementor-heading-title elementor-size-default\">Wie kann ich meine Cookie-Einstellungen kontrollieren?<\/h2>\t\t\t\t<\/div>\n\t\t\t\t<\/div>\n\t\t\t\t<div class=\"elementor-element elementor-element-68387e8e elementor-widget elementor-widget-text-editor\" data-id=\"68387e8e\" data-element_type=\"widget\" data-widget_type=\"text-editor.default\">\n\t\t\t\t<div class=\"elementor-widget-container\">\n\t\t\t\t\t\t\t\t\t<p>Wenn Sie Ihre Einstellungen sp\u00e4ter w\u00e4hrend Ihrer Sitzung \u00e4ndern m\u00f6chten, k\u00f6nnen Sie auf die Registerkarte \u201eDatenschutz- und Cookie-Richtlinie\u201c auf Ihrem Bildschirm klicken. Dadurch wird der Hinweis auf die Einwilligung erneut angezeigt, so dass Sie Ihre Einstellungen \u00e4ndern oder Ihre Einwilligung vollst\u00e4ndig widerrufen k\u00f6nnen.<\/p><p>\u00a0<\/p><p>Dar\u00fcber hinaus bieten verschiedene Browser unterschiedliche M\u00f6glichkeiten zum Blockieren und L\u00f6schen von Cookies, die von der Webseite verwendet werden. Sie k\u00f6nnen die Einstellungen Ihres Browsers \u00e4ndern, um Cookies zu blockieren oder zu l\u00f6schen. Weitere Informationen \u00fcber die Verwaltung und L\u00f6schung von Cookies finden Sie unter wikipedia.org oder www.allaboutcookies.org.<\/p>\t\t\t\t\t\t\t\t<\/div>\n\t\t\t\t<\/div>\n\t\t\t\t\t<\/div>\n\t\t<\/div>\n\t\t\t\t\t<\/div>\n\t\t<\/section>\n\t\t\t\t<\/div>\n\t\t","protected":false},"excerpt":{"rendered":"<p>Diese Grunds\u00e4tze zur Verwendung von Cookies erkl\u00e4ren, was Cookies sind und wie wir sie verwenden, welche Arten von Cookies wir verwenden, d. h. welche Informationen wir durch Cookies sammeln und wie wir diese Informationen verwenden und wie Sie Ihre Cookie-Einstellungen festlegen k\u00f6nnen. Weitere Informationen dar\u00fcber,&#8230;<\/p>\n","protected":false},"author":30,"featured_media":0,"parent":0,"menu_order":0,"comment_status":"closed","ping_status":"closed","template":"","meta":{"footnotes":""},"class_list":["post-149035","page","type-page","status-publish","hentry"],"yoast_head":"<!-- This site is optimized with the Yoast SEO Premium plugin v25.6 (Yoast SEO v25.6) - https:\/\/yoast.com\/wordpress\/plugins\/seo\/ -->\n<title>Grunds\u00e4tze zur Verwendung von Cookies | Solarity \u2013 Vertriebspartner und Gro\u00dfh\u00e4ndler f\u00fcr Photovoltaikanlagen<\/title>\n<meta name=\"description\" content=\"Erfahren Sie, was Cookies sind, wie wir sie bei Solarity nutzen und wie Sie Ihre Cookie-Pr\u00e4ferenzen steuern k\u00f6nnen.\" \/>\n<meta name=\"robots\" content=\"index, follow, max-snippet:-1, max-image-preview:large, max-video-preview:-1\" \/>\n<link rel=\"canonical\" href=\"https:\/\/solarity.eu\/de\/grundsaetze-zur-verwendung-von-cookies\/\" \/>\n<meta property=\"og:locale\" content=\"de_DE\" \/>\n<meta property=\"og:type\" content=\"article\" \/>\n<meta property=\"og:title\" content=\"Grunds\u00e4tze zur Verwendung von Cookies\" \/>\n<meta property=\"og:description\" content=\"Erfahren Sie, was Cookies sind, wie wir sie bei Solarity nutzen und wie Sie Ihre Cookie-Pr\u00e4ferenzen steuern k\u00f6nnen.\" \/>\n<meta property=\"og:url\" content=\"https:\/\/solarity.eu\/de\/grundsaetze-zur-verwendung-von-cookies\/\" \/>\n<meta property=\"og:site_name\" content=\"Solarity\" \/>\n<meta property=\"article:publisher\" content=\"https:\/\/www.facebook.com\/solaritycz\/\" \/>\n<meta property=\"article:modified_time\" content=\"2024-01-28T18:45:52+00:00\" \/>\n<meta name=\"twitter:card\" content=\"summary_large_image\" \/>\n<meta name=\"twitter:label1\" content=\"Gesch\u00e4tzte Lesezeit\" \/>\n\t<meta name=\"twitter:data1\" content=\"2\u00a0Minuten\" \/>\n<script type=\"application\/ld+json\" class=\"yoast-schema-graph\">{\"@context\":\"https:\/\/schema.org\",\"@graph\":[{\"@type\":\"WebPage\",\"@id\":\"https:\/\/solarity.eu\/de\/grundsaetze-zur-verwendung-von-cookies\/\",\"url\":\"https:\/\/solarity.eu\/de\/grundsaetze-zur-verwendung-von-cookies\/\",\"name\":\"Grunds\u00e4tze zur Verwendung von Cookies | Solarity \u2013 Vertriebspartner und Gro\u00dfh\u00e4ndler f\u00fcr Photovoltaikanlagen\",\"isPartOf\":{\"@id\":\"https:\/\/solarity.eu\/de\/#website\"},\"datePublished\":\"2022-01-03T11:47:48+00:00\",\"dateModified\":\"2024-01-28T18:45:52+00:00\",\"description\":\"Erfahren Sie, was Cookies sind, wie wir sie bei Solarity nutzen und wie Sie Ihre Cookie-Pr\u00e4ferenzen steuern k\u00f6nnen.\",\"breadcrumb\":{\"@id\":\"https:\/\/solarity.eu\/de\/grundsaetze-zur-verwendung-von-cookies\/#breadcrumb\"},\"inLanguage\":\"de\",\"potentialAction\":[{\"@type\":\"ReadAction\",\"target\":[\"https:\/\/solarity.eu\/de\/grundsaetze-zur-verwendung-von-cookies\/\"]}]},{\"@type\":\"BreadcrumbList\",\"@id\":\"https:\/\/solarity.eu\/de\/grundsaetze-zur-verwendung-von-cookies\/#breadcrumb\",\"itemListElement\":[{\"@type\":\"ListItem\",\"position\":1,\"name\":\"Home\",\"item\":\"https:\/\/solarity.eu\/de\/\"},{\"@type\":\"ListItem\",\"position\":2,\"name\":\"Grunds\u00e4tze zur Verwendung von Cookies\"}]},{\"@type\":\"WebSite\",\"@id\":\"https:\/\/solarity.eu\/de\/#website\",\"url\":\"https:\/\/solarity.eu\/de\/\",\"name\":\"Solarity\",\"description\":\"Distributor and wholesaler of photovoltaic systems\",\"publisher\":{\"@id\":\"https:\/\/solarity.eu\/de\/#organization\"},\"potentialAction\":[{\"@type\":\"SearchAction\",\"target\":{\"@type\":\"EntryPoint\",\"urlTemplate\":\"https:\/\/solarity.eu\/de\/?s={search_term_string}\"},\"query-input\":{\"@type\":\"PropertyValueSpecification\",\"valueRequired\":true,\"valueName\":\"search_term_string\"}}],\"inLanguage\":\"de\"},{\"@type\":\"Organization\",\"@id\":\"https:\/\/solarity.eu\/de\/#organization\",\"name\":\"Solarity\",\"url\":\"https:\/\/solarity.eu\/de\/\",\"logo\":{\"@type\":\"ImageObject\",\"inLanguage\":\"de\",\"@id\":\"https:\/\/solarity.eu\/de\/#\/schema\/logo\/image\/\",\"url\":\"https:\/\/solarity.eu\/wp-content\/uploads\/2020\/08\/Solarity_Logo_new.jpg\",\"contentUrl\":\"https:\/\/solarity.eu\/wp-content\/uploads\/2020\/08\/Solarity_Logo_new.jpg\",\"width\":364,\"height\":59,\"caption\":\"Solarity\"},\"image\":{\"@id\":\"https:\/\/solarity.eu\/de\/#\/schema\/logo\/image\/\"},\"sameAs\":[\"https:\/\/www.facebook.com\/solaritycz\/\"]}]}<\/script>\n<!-- \/ Yoast SEO Premium plugin. -->","yoast_head_json":{"title":"Grunds\u00e4tze zur Verwendung von Cookies | Solarity \u2013 Vertriebspartner und Gro\u00dfh\u00e4ndler f\u00fcr Photovoltaikanlagen","description":"Erfahren Sie, was Cookies sind, wie wir sie bei Solarity nutzen und wie Sie Ihre Cookie-Pr\u00e4ferenzen steuern k\u00f6nnen.","robots":{"index":"index","follow":"follow","max-snippet":"max-snippet:-1","max-image-preview":"max-image-preview:large","max-video-preview":"max-video-preview:-1"},"canonical":"https:\/\/solarity.eu\/de\/grundsaetze-zur-verwendung-von-cookies\/","og_locale":"de_DE","og_type":"article","og_title":"Grunds\u00e4tze zur Verwendung von Cookies","og_description":"Erfahren Sie, was Cookies sind, wie wir sie bei Solarity nutzen und wie Sie Ihre Cookie-Pr\u00e4ferenzen steuern k\u00f6nnen.","og_url":"https:\/\/solarity.eu\/de\/grundsaetze-zur-verwendung-von-cookies\/","og_site_name":"Solarity","article_publisher":"https:\/\/www.facebook.com\/solaritycz\/","article_modified_time":"2024-01-28T18:45:52+00:00","twitter_card":"summary_large_image","twitter_misc":{"Gesch\u00e4tzte Lesezeit":"2\u00a0Minuten"},"schema":{"@context":"https:\/\/schema.org","@graph":[{"@type":"WebPage","@id":"https:\/\/solarity.eu\/de\/grundsaetze-zur-verwendung-von-cookies\/","url":"https:\/\/solarity.eu\/de\/grundsaetze-zur-verwendung-von-cookies\/","name":"Grunds\u00e4tze zur Verwendung von Cookies | Solarity \u2013 Vertriebspartner und Gro\u00dfh\u00e4ndler f\u00fcr Photovoltaikanlagen","isPartOf":{"@id":"https:\/\/solarity.eu\/de\/#website"},"datePublished":"2022-01-03T11:47:48+00:00","dateModified":"2024-01-28T18:45:52+00:00","description":"Erfahren Sie, was Cookies sind, wie wir sie bei Solarity nutzen und wie Sie Ihre Cookie-Pr\u00e4ferenzen steuern k\u00f6nnen.","breadcrumb":{"@id":"https:\/\/solarity.eu\/de\/grundsaetze-zur-verwendung-von-cookies\/#breadcrumb"},"inLanguage":"de","potentialAction":[{"@type":"ReadAction","target":["https:\/\/solarity.eu\/de\/grundsaetze-zur-verwendung-von-cookies\/"]}]},{"@type":"BreadcrumbList","@id":"https:\/\/solarity.eu\/de\/grundsaetze-zur-verwendung-von-cookies\/#breadcrumb","itemListElement":[{"@type":"ListItem","position":1,"name":"Home","item":"https:\/\/solarity.eu\/de\/"},{"@type":"ListItem","position":2,"name":"Grunds\u00e4tze zur Verwendung von Cookies"}]},{"@type":"WebSite","@id":"https:\/\/solarity.eu\/de\/#website","url":"https:\/\/solarity.eu\/de\/","name":"Solarity","description":"Distributor and wholesaler of photovoltaic systems","publisher":{"@id":"https:\/\/solarity.eu\/de\/#organization"},"potentialAction":[{"@type":"SearchAction","target":{"@type":"EntryPoint","urlTemplate":"https:\/\/solarity.eu\/de\/?s={search_term_string}"},"query-input":{"@type":"PropertyValueSpecification","valueRequired":true,"valueName":"search_term_string"}}],"inLanguage":"de"},{"@type":"Organization","@id":"https:\/\/solarity.eu\/de\/#organization","name":"Solarity","url":"https:\/\/solarity.eu\/de\/","logo":{"@type":"ImageObject","inLanguage":"de","@id":"https:\/\/solarity.eu\/de\/#\/schema\/logo\/image\/","url":"https:\/\/solarity.eu\/wp-content\/uploads\/2020\/08\/Solarity_Logo_new.jpg","contentUrl":"https:\/\/solarity.eu\/wp-content\/uploads\/2020\/08\/Solarity_Logo_new.jpg","width":364,"height":59,"caption":"Solarity"},"image":{"@id":"https:\/\/solarity.eu\/de\/#\/schema\/logo\/image\/"},"sameAs":["https:\/\/www.facebook.com\/solaritycz\/"]}]}},"_links":{"self":[{"href":"https:\/\/solarity.eu\/de\/wp-json\/wp\/v2\/pages\/149035","targetHints":{"allow":["GET"]}}],"collection":[{"href":"https:\/\/solarity.eu\/de\/wp-json\/wp\/v2\/pages"}],"about":[{"href":"https:\/\/solarity.eu\/de\/wp-json\/wp\/v2\/types\/page"}],"author":[{"embeddable":true,"href":"https:\/\/solarity.eu\/de\/wp-json\/wp\/v2\/users\/30"}],"replies":[{"embeddable":true,"href":"https:\/\/solarity.eu\/de\/wp-json\/wp\/v2\/comments?post=149035"}],"version-history":[{"count":3,"href":"https:\/\/solarity.eu\/de\/wp-json\/wp\/v2\/pages\/149035\/revisions"}],"predecessor-version":[{"id":153288,"href":"https:\/\/solarity.eu\/de\/wp-json\/wp\/v2\/pages\/149035\/revisions\/153288"}],"wp:attachment":[{"href":"https:\/\/solarity.eu\/de\/wp-json\/wp\/v2\/media?parent=149035"}],"curies":[{"name":"wp","href":"https:\/\/api.w.org\/{rel}","templated":true}]}}