{"id":94479,"date":"2021-04-01T16:07:20","date_gmt":"2021-04-01T16:07:20","guid":{"rendered":"https:\/\/solarity.eu\/csr\/"},"modified":"2024-05-13T18:49:19","modified_gmt":"2024-05-13T18:49:19","slug":"nuestras-iniciativas-en-el-marco-de-la-responsabilidad-social-corporativa","status":"publish","type":"page","link":"https:\/\/solarity.eu\/es\/nuestras-iniciativas-en-el-marco-de-la-responsabilidad-social-corporativa\/","title":{"rendered":"Nuestras iniciativas en el marco de la Responsabilidad Social Corporativa"},"content":{"rendered":"\t\t<div data-elementor-type=\"wp-page\" data-elementor-id=\"94479\" class=\"elementor elementor-94479 elementor-22741\" data-elementor-post-type=\"page\">\n\t\t\t\t\t\t<section class=\"elementor-section elementor-top-section elementor-element elementor-element-155dbbe elementor-section-boxed elementor-section-height-default elementor-section-height-default parallax_section_no qode_elementor_container_no\" data-id=\"155dbbe\" data-element_type=\"section\">\n\t\t\t\t\t\t<div class=\"elementor-container elementor-column-gap-default\">\n\t\t\t\t\t<div class=\"elementor-column elementor-col-100 elementor-top-column elementor-element elementor-element-7f919da\" data-id=\"7f919da\" data-element_type=\"column\">\n\t\t\t<div class=\"elementor-widget-wrap elementor-element-populated\">\n\t\t\t\t\t\t\t<\/div>\n\t\t<\/div>\n\t\t\t\t\t<\/div>\n\t\t<\/section>\n\t\t\t\t<section class=\"elementor-section elementor-top-section elementor-element elementor-element-fec0f6b elementor-section-boxed elementor-section-height-default elementor-section-height-default parallax_section_no qode_elementor_container_no\" data-id=\"fec0f6b\" data-element_type=\"section\">\n\t\t\t\t\t\t<div class=\"elementor-container elementor-column-gap-default\">\n\t\t\t\t\t<div class=\"elementor-column elementor-col-50 elementor-top-column elementor-element elementor-element-71db128\" data-id=\"71db128\" data-element_type=\"column\">\n\t\t\t<div class=\"elementor-widget-wrap elementor-element-populated\">\n\t\t\t\t\t\t<div class=\"elementor-element elementor-element-c316829 elementor-widget elementor-widget-counter\" data-id=\"c316829\" data-element_type=\"widget\" data-widget_type=\"counter.default\">\n\t\t\t\t<div class=\"elementor-widget-container\">\n\t\t\t\t\t\t\t<div class=\"elementor-counter\">\n\t\t\t<div class=\"elementor-counter-title\">suministrados a nuestros socios<\/div>\t\t\t<div class=\"elementor-counter-number-wrapper\">\n\t\t\t\t<span class=\"elementor-counter-number-prefix\">&gt;<\/span>\n\t\t\t\t<span class=\"elementor-counter-number\" data-duration=\"4000\" data-to-value=\"2000\" data-from-value=\"0\" data-delimiter=\",\">0<\/span>\n\t\t\t\t<span class=\"elementor-counter-number-suffix\">MW<\/span>\n\t\t\t<\/div>\n\t\t<\/div>\n\t\t\t\t\t\t<\/div>\n\t\t\t\t<\/div>\n\t\t\t\t\t<\/div>\n\t\t<\/div>\n\t\t\t\t<div class=\"elementor-column elementor-col-50 elementor-top-column elementor-element elementor-element-827de86\" data-id=\"827de86\" data-element_type=\"column\">\n\t\t\t<div class=\"elementor-widget-wrap elementor-element-populated\">\n\t\t\t\t\t\t<div class=\"elementor-element elementor-element-7491ec6 elementor-widget elementor-widget-counter\" data-id=\"7491ec6\" data-element_type=\"widget\" data-widget_type=\"counter.default\">\n\t\t\t\t<div class=\"elementor-widget-container\">\n\t\t\t\t\t\t\t<div class=\"elementor-counter\">\n\t\t\t<div class=\"elementor-counter-title\">\u00e1rboles plantados<\/div>\t\t\t<div class=\"elementor-counter-number-wrapper\">\n\t\t\t\t<span class=\"elementor-counter-number-prefix\">&gt;<\/span>\n\t\t\t\t<span class=\"elementor-counter-number\" data-duration=\"4000\" data-to-value=\"8000\" data-from-value=\"0\" data-delimiter=\",\">0<\/span>\n\t\t\t\t<span class=\"elementor-counter-number-suffix\"><\/span>\n\t\t\t<\/div>\n\t\t<\/div>\n\t\t\t\t\t\t<\/div>\n\t\t\t\t<\/div>\n\t\t\t\t\t<\/div>\n\t\t<\/div>\n\t\t\t\t\t<\/div>\n\t\t<\/section>\n\t\t\t\t<section class=\"elementor-section elementor-top-section elementor-element elementor-element-6048000 elementor-section-boxed elementor-section-height-default elementor-section-height-default parallax_section_no qode_elementor_container_no\" data-id=\"6048000\" data-element_type=\"section\">\n\t\t\t\t\t\t<div class=\"elementor-container elementor-column-gap-default\">\n\t\t\t\t\t<div class=\"elementor-column elementor-col-100 elementor-top-column elementor-element elementor-element-79a60be\" data-id=\"79a60be\" data-element_type=\"column\">\n\t\t\t<div class=\"elementor-widget-wrap elementor-element-populated\">\n\t\t\t\t\t\t<div class=\"elementor-element elementor-element-293dfa6 elementor-widget elementor-widget-text-editor\" data-id=\"293dfa6\" data-element_type=\"widget\" data-widget_type=\"text-editor.default\">\n\t\t\t\t<div class=\"elementor-widget-container\">\n\t\t\t\t\t\t\t\t\t<p>Con el impacto del cambio clim\u00e1tico a la vista, para las empresas comerciales es cada vez m\u00e1s importante emprender iniciativas de <strong>Responsabilidad Social Corporativa<\/strong> (RSC). \u00bfQu\u00e9 es la RSC? La Responsabilidad Social Corporativa se refiere al compromiso voluntario de las empresas a actuar de forma responsable respecto al medio ambiente y la sociedad. En Solarity nos tomamos este compromiso muy en serio.<\/p><p>\u00a0<\/p><p>Uno de los\u00a0<strong> valores fundamentales de Solarity\u00a0es la sostenibilidad<\/strong> \u2013 estamos comprometidos con el medio ambiente, la sociedad y nuestros empleados. Nuestra empresa ha participado en diversos proyectos medioambientales centrados en reducir las emisiones de carbono, mejorar el entorno laboral de nuestros empleados, apoyar a nuestras comunidades locales e incluso a las de los pa\u00edses del tercer mundo.<\/p><p>\u00a0Todas nuestras iniciativas pretenden dejar un impacto duradero para un futuro mejor.<\/p><p>\u00a0<\/p><p>\u00a1Piense de forma <strong>renovable<\/strong>, viva de forma <strong>sostenible<\/strong>!<\/p>\t\t\t\t\t\t\t\t<\/div>\n\t\t\t\t<\/div>\n\t\t\t\t\t<\/div>\n\t\t<\/div>\n\t\t\t\t\t<\/div>\n\t\t<\/section>\n\t\t\t\t<section class=\"elementor-section elementor-top-section elementor-element elementor-element-74d89c3 elementor-section-boxed elementor-section-height-default elementor-section-height-default parallax_section_no qode_elementor_container_no\" data-id=\"74d89c3\" data-element_type=\"section\">\n\t\t\t\t\t\t<div class=\"elementor-container elementor-column-gap-default\">\n\t\t\t\t\t<div class=\"elementor-column elementor-col-50 elementor-top-column elementor-element elementor-element-8a55916\" data-id=\"8a55916\" data-element_type=\"column\">\n\t\t\t<div class=\"elementor-widget-wrap elementor-element-populated\">\n\t\t\t\t\t\t<div class=\"elementor-element elementor-element-1b3179c elementor-widget elementor-widget-counter\" data-id=\"1b3179c\" data-element_type=\"widget\" data-widget_type=\"counter.default\">\n\t\t\t\t<div class=\"elementor-widget-container\">\n\t\t\t\t\t\t\t<div class=\"elementor-counter\">\n\t\t\t<div class=\"elementor-counter-title\">ahorradas cada a\u00f1o por cada MW instalado<\/div>\t\t\t<div class=\"elementor-counter-number-wrapper\">\n\t\t\t\t<span class=\"elementor-counter-number-prefix\"><\/span>\n\t\t\t\t<span class=\"elementor-counter-number\" data-duration=\"4000\" data-to-value=\"550\" data-from-value=\"0\" data-delimiter=\",\">0<\/span>\n\t\t\t\t<span class=\"elementor-counter-number-suffix\"> toneladas de CO2<\/span>\n\t\t\t<\/div>\n\t\t<\/div>\n\t\t\t\t\t\t<\/div>\n\t\t\t\t<\/div>\n\t\t\t\t\t<\/div>\n\t\t<\/div>\n\t\t\t\t<div class=\"elementor-column elementor-col-50 elementor-top-column elementor-element elementor-element-008c992\" data-id=\"008c992\" data-element_type=\"column\">\n\t\t\t<div class=\"elementor-widget-wrap elementor-element-populated\">\n\t\t\t\t\t\t<div class=\"elementor-element elementor-element-bac3c14 elementor-widget elementor-widget-counter\" data-id=\"bac3c14\" data-element_type=\"widget\" data-widget_type=\"counter.default\">\n\t\t\t\t<div class=\"elementor-widget-container\">\n\t\t\t\t\t\t\t<div class=\"elementor-counter\">\n\t\t\t<div class=\"elementor-counter-title\">ahorradas gracias al bosque de Solarity<\/div>\t\t\t<div class=\"elementor-counter-number-wrapper\">\n\t\t\t\t<span class=\"elementor-counter-number-prefix\"><\/span>\n\t\t\t\t<span class=\"elementor-counter-number\" data-duration=\"4000\" data-to-value=\"628\" data-from-value=\"0\" data-delimiter=\",\">0<\/span>\n\t\t\t\t<span class=\"elementor-counter-number-suffix\"> toneladas de CO2<\/span>\n\t\t\t<\/div>\n\t\t<\/div>\n\t\t\t\t\t\t<\/div>\n\t\t\t\t<\/div>\n\t\t\t\t\t<\/div>\n\t\t<\/div>\n\t\t\t\t\t<\/div>\n\t\t<\/section>\n\t\t\t\t<section class=\"elementor-section elementor-top-section elementor-element elementor-element-7d90857 elementor-section-boxed elementor-section-height-default elementor-section-height-default parallax_section_no qode_elementor_container_no\" data-id=\"7d90857\" data-element_type=\"section\">\n\t\t\t\t\t\t<div class=\"elementor-container elementor-column-gap-default\">\n\t\t\t\t\t<div class=\"elementor-column elementor-col-100 elementor-top-column elementor-element elementor-element-f54aebf\" data-id=\"f54aebf\" data-element_type=\"column\">\n\t\t\t<div class=\"elementor-widget-wrap elementor-element-populated\">\n\t\t\t\t\t\t<div class=\"elementor-element elementor-element-67af20e elementor-grid-3 elementor-grid-tablet-2 elementor-grid-mobile-1 elementor-posts--thumbnail-top elementor-card-shadow-yes elementor-posts__hover-gradient elementor-widget elementor-widget-posts\" data-id=\"67af20e\" data-element_type=\"widget\" data-settings=\"{&quot;pagination_type&quot;:&quot;numbers&quot;,&quot;cards_columns&quot;:&quot;3&quot;,&quot;cards_columns_tablet&quot;:&quot;2&quot;,&quot;cards_columns_mobile&quot;:&quot;1&quot;,&quot;cards_row_gap&quot;:{&quot;unit&quot;:&quot;px&quot;,&quot;size&quot;:35,&quot;sizes&quot;:[]},&quot;cards_row_gap_tablet&quot;:{&quot;unit&quot;:&quot;px&quot;,&quot;size&quot;:&quot;&quot;,&quot;sizes&quot;:[]},&quot;cards_row_gap_mobile&quot;:{&quot;unit&quot;:&quot;px&quot;,&quot;size&quot;:&quot;&quot;,&quot;sizes&quot;:[]}}\" data-widget_type=\"posts.cards\">\n\t\t\t\t<div class=\"elementor-widget-container\">\n\t\t\t\t\t\t\t<div class=\"elementor-posts-container elementor-posts elementor-posts--skin-cards elementor-grid\" role=\"list\">\n\t\t\t\t<article class=\"elementor-post elementor-grid-item post-94188 post type-post status-publish format-standard has-post-thumbnail hentry category-blog-es category-responsabilidad-social category-sin-categorizar\" role=\"listitem\">\n\t\t\t<div class=\"elementor-post__card\">\n\t\t\t\t<a class=\"elementor-post__thumbnail__link\" href=\"https:\/\/solarity.eu\/es\/blog\/por-cada-pedido-plantamos-un-arbol\/\" tabindex=\"-1\" ><div class=\"elementor-post__thumbnail\"><img fetchpriority=\"high\" decoding=\"async\" width=\"1024\" height=\"536\" src=\"https:\/\/solarity.eu\/wp-content\/uploads\/2020\/07\/EN_Plant-a-tree-1024x536.jpg\" class=\"attachment-large size-large wp-image-94190\" alt=\"\" srcset=\"https:\/\/solarity.eu\/wp-content\/uploads\/2020\/07\/EN_Plant-a-tree-1024x536.jpg 1024w, https:\/\/solarity.eu\/wp-content\/uploads\/2020\/07\/EN_Plant-a-tree-300x157.jpg 300w, https:\/\/solarity.eu\/wp-content\/uploads\/2020\/07\/EN_Plant-a-tree-768x402.jpg 768w, https:\/\/solarity.eu\/wp-content\/uploads\/2020\/07\/EN_Plant-a-tree-700x366.jpg 700w, https:\/\/solarity.eu\/wp-content\/uploads\/2020\/07\/EN_Plant-a-tree.jpg 1200w\" sizes=\"(max-width: 1024px) 100vw, 1024px\" \/><\/div><\/a>\n\t\t\t\t<div class=\"elementor-post__text\">\n\t\t\t\t<h3 class=\"elementor-post__title\">\n\t\t\t<a href=\"https:\/\/solarity.eu\/es\/blog\/por-cada-pedido-plantamos-un-arbol\/\" >\n\t\t\t\tPor cada pedido plantamos un \u00e1rbol\t\t\t<\/a>\n\t\t<\/h3>\n\t\t\t\t<div class=\"elementor-post__excerpt\">\n\t\t\t<p>Establecido en 2005, Ginlong (Solis) es uno de los fabricantes de inversores on-grid solares m\u00e1s grandes y experimentados del mercado, enfoc\u00e1ndose primordialmente en la fabricaci\u00f3n de inversores on-grid para diversas aplicaciones y mercados internacionales. En el centro de todas nuestras actividades est\u00e1 la idea de<\/p>\n\t\t<\/div>\n\t\t\n\t\t<a class=\"elementor-post__read-more\" href=\"https:\/\/solarity.eu\/es\/blog\/por-cada-pedido-plantamos-un-arbol\/\" aria-label=\"M\u00e1s informaci\u00f3n sobre Por cada pedido plantamos un \u00e1rbol\" tabindex=\"-1\" >\n\t\t\tPOKRA\u010cOVAT VE \u010cTEN\u00cd \u00bb\t\t<\/a>\n\n\t\t\t\t<\/div>\n\t\t\t\t\t<\/div>\n\t\t<\/article>\n\t\t\t\t<\/div>\n\t\t\n\t\t\t\t\t\t<\/div>\n\t\t\t\t<\/div>\n\t\t\t\t\t<\/div>\n\t\t<\/div>\n\t\t\t\t\t<\/div>\n\t\t<\/section>\n\t\t\t\t<\/div>\n\t\t","protected":false},"excerpt":{"rendered":"<p>suministrados a nuestros socios &gt; 0 MW \u00e1rboles plantados &gt; 0 Con el impacto del cambio clim\u00e1tico a la vista, para las empresas comerciales es cada vez m\u00e1s importante emprender iniciativas de Responsabilidad Social Corporativa (RSC). \u00bfQu\u00e9 es la RSC? La Responsabilidad Social Corporativa se&#8230;<\/p>\n","protected":false},"author":30,"featured_media":94482,"parent":0,"menu_order":0,"comment_status":"closed","ping_status":"closed","template":"","meta":{"footnotes":""},"class_list":["post-94479","page","type-page","status-publish","has-post-thumbnail","hentry"],"yoast_head":"<!-- This site is optimized with the Yoast SEO Premium plugin v25.6 (Yoast SEO v25.6) - https:\/\/yoast.com\/wordpress\/plugins\/seo\/ -->\n<title>Nuestras iniciativas en el \u00e1rea de la RSC | Solarity \u2013 distribuidor y mayorista de Sistemas Fotovoltaicos<\/title>\n<meta name=\"description\" content=\"Solarity toma los proyectos RSC muy seriamente. En cuanto a sostenibilidad concierne, Solarity est\u00e1 enfocado en el medio ambiente, la comunidad y nuestros empleados, con la m\u00e1s ferviente esperanza de que contribuimos para un mejor futuro.\" \/>\n<meta name=\"robots\" content=\"index, follow, max-snippet:-1, max-image-preview:large, max-video-preview:-1\" \/>\n<link rel=\"canonical\" href=\"https:\/\/solarity.eu\/es\/nuestras-iniciativas-en-el-marco-de-la-responsabilidad-social-corporativa\/\" \/>\n<meta property=\"og:locale\" content=\"es_ES\" \/>\n<meta property=\"og:type\" content=\"article\" \/>\n<meta property=\"og:title\" content=\"Nuestras iniciativas en el marco de la Responsabilidad Social Corporativa\" \/>\n<meta property=\"og:description\" content=\"Solarity toma los proyectos RSC muy seriamente. En cuanto a sostenibilidad concierne, Solarity est\u00e1 enfocado en el medio ambiente, la comunidad y nuestros empleados, con la m\u00e1s ferviente esperanza de que contribuimos para un mejor futuro.\" \/>\n<meta property=\"og:url\" content=\"https:\/\/solarity.eu\/es\/nuestras-iniciativas-en-el-marco-de-la-responsabilidad-social-corporativa\/\" \/>\n<meta property=\"og:site_name\" content=\"Solarity\" \/>\n<meta property=\"article:publisher\" content=\"https:\/\/www.facebook.com\/solaritycz\/\" \/>\n<meta property=\"article:modified_time\" content=\"2024-05-13T18:49:19+00:00\" \/>\n<meta property=\"og:image\" content=\"https:\/\/solarity.eu\/wp-content\/uploads\/2021\/04\/TREE2.gif\" \/>\n\t<meta property=\"og:image:width\" content=\"630\" \/>\n\t<meta property=\"og:image:height\" content=\"630\" \/>\n\t<meta property=\"og:image:type\" content=\"image\/gif\" \/>\n<meta name=\"twitter:card\" content=\"summary_large_image\" \/>\n<meta name=\"twitter:label1\" content=\"Tiempo de lectura\" \/>\n\t<meta name=\"twitter:data1\" content=\"2 minutos\" \/>\n<script type=\"application\/ld+json\" class=\"yoast-schema-graph\">{\"@context\":\"https:\/\/schema.org\",\"@graph\":[{\"@type\":\"WebPage\",\"@id\":\"https:\/\/solarity.eu\/es\/nuestras-iniciativas-en-el-marco-de-la-responsabilidad-social-corporativa\/\",\"url\":\"https:\/\/solarity.eu\/es\/nuestras-iniciativas-en-el-marco-de-la-responsabilidad-social-corporativa\/\",\"name\":\"Nuestras iniciativas en el \u00e1rea de la RSC | Solarity \u2013 distribuidor y mayorista de Sistemas Fotovoltaicos\",\"isPartOf\":{\"@id\":\"https:\/\/solarity.eu\/es\/#website\"},\"primaryImageOfPage\":{\"@id\":\"https:\/\/solarity.eu\/es\/nuestras-iniciativas-en-el-marco-de-la-responsabilidad-social-corporativa\/#primaryimage\"},\"image\":{\"@id\":\"https:\/\/solarity.eu\/es\/nuestras-iniciativas-en-el-marco-de-la-responsabilidad-social-corporativa\/#primaryimage\"},\"thumbnailUrl\":\"https:\/\/solarity.eu\/wp-content\/uploads\/2021\/04\/TREE2.gif\",\"datePublished\":\"2021-04-01T16:07:20+00:00\",\"dateModified\":\"2024-05-13T18:49:19+00:00\",\"description\":\"Solarity toma los proyectos RSC muy seriamente. En cuanto a sostenibilidad concierne, Solarity est\u00e1 enfocado en el medio ambiente, la comunidad y nuestros empleados, con la m\u00e1s ferviente esperanza de que contribuimos para un mejor futuro.\",\"breadcrumb\":{\"@id\":\"https:\/\/solarity.eu\/es\/nuestras-iniciativas-en-el-marco-de-la-responsabilidad-social-corporativa\/#breadcrumb\"},\"inLanguage\":\"es\",\"potentialAction\":[{\"@type\":\"ReadAction\",\"target\":[\"https:\/\/solarity.eu\/es\/nuestras-iniciativas-en-el-marco-de-la-responsabilidad-social-corporativa\/\"]}]},{\"@type\":\"ImageObject\",\"inLanguage\":\"es\",\"@id\":\"https:\/\/solarity.eu\/es\/nuestras-iniciativas-en-el-marco-de-la-responsabilidad-social-corporativa\/#primaryimage\",\"url\":\"https:\/\/solarity.eu\/wp-content\/uploads\/2021\/04\/TREE2.gif\",\"contentUrl\":\"https:\/\/solarity.eu\/wp-content\/uploads\/2021\/04\/TREE2.gif\",\"width\":630,\"height\":630},{\"@type\":\"BreadcrumbList\",\"@id\":\"https:\/\/solarity.eu\/es\/nuestras-iniciativas-en-el-marco-de-la-responsabilidad-social-corporativa\/#breadcrumb\",\"itemListElement\":[{\"@type\":\"ListItem\",\"position\":1,\"name\":\"Home\",\"item\":\"https:\/\/solarity.eu\/es\/homepage\/\"},{\"@type\":\"ListItem\",\"position\":2,\"name\":\"Nuestras iniciativas en el marco de la Responsabilidad Social Corporativa\"}]},{\"@type\":\"WebSite\",\"@id\":\"https:\/\/solarity.eu\/es\/#website\",\"url\":\"https:\/\/solarity.eu\/es\/\",\"name\":\"Solarity\",\"description\":\"Distributor and wholesaler of photovoltaic systems\",\"publisher\":{\"@id\":\"https:\/\/solarity.eu\/es\/#organization\"},\"potentialAction\":[{\"@type\":\"SearchAction\",\"target\":{\"@type\":\"EntryPoint\",\"urlTemplate\":\"https:\/\/solarity.eu\/es\/?s={search_term_string}\"},\"query-input\":{\"@type\":\"PropertyValueSpecification\",\"valueRequired\":true,\"valueName\":\"search_term_string\"}}],\"inLanguage\":\"es\"},{\"@type\":\"Organization\",\"@id\":\"https:\/\/solarity.eu\/es\/#organization\",\"name\":\"Solarity\",\"url\":\"https:\/\/solarity.eu\/es\/\",\"logo\":{\"@type\":\"ImageObject\",\"inLanguage\":\"es\",\"@id\":\"https:\/\/solarity.eu\/es\/#\/schema\/logo\/image\/\",\"url\":\"https:\/\/solarity.eu\/wp-content\/uploads\/2020\/08\/Solarity_Logo_new.jpg\",\"contentUrl\":\"https:\/\/solarity.eu\/wp-content\/uploads\/2020\/08\/Solarity_Logo_new.jpg\",\"width\":364,\"height\":59,\"caption\":\"Solarity\"},\"image\":{\"@id\":\"https:\/\/solarity.eu\/es\/#\/schema\/logo\/image\/\"},\"sameAs\":[\"https:\/\/www.facebook.com\/solaritycz\/\"]}]}<\/script>\n<!-- \/ Yoast SEO Premium plugin. -->","yoast_head_json":{"title":"Nuestras iniciativas en el \u00e1rea de la RSC | Solarity \u2013 distribuidor y mayorista de Sistemas Fotovoltaicos","description":"Solarity toma los proyectos RSC muy seriamente. En cuanto a sostenibilidad concierne, Solarity est\u00e1 enfocado en el medio ambiente, la comunidad y nuestros empleados, con la m\u00e1s ferviente esperanza de que contribuimos para un mejor futuro.","robots":{"index":"index","follow":"follow","max-snippet":"max-snippet:-1","max-image-preview":"max-image-preview:large","max-video-preview":"max-video-preview:-1"},"canonical":"https:\/\/solarity.eu\/es\/nuestras-iniciativas-en-el-marco-de-la-responsabilidad-social-corporativa\/","og_locale":"es_ES","og_type":"article","og_title":"Nuestras iniciativas en el marco de la Responsabilidad Social Corporativa","og_description":"Solarity toma los proyectos RSC muy seriamente. En cuanto a sostenibilidad concierne, Solarity est\u00e1 enfocado en el medio ambiente, la comunidad y nuestros empleados, con la m\u00e1s ferviente esperanza de que contribuimos para un mejor futuro.","og_url":"https:\/\/solarity.eu\/es\/nuestras-iniciativas-en-el-marco-de-la-responsabilidad-social-corporativa\/","og_site_name":"Solarity","article_publisher":"https:\/\/www.facebook.com\/solaritycz\/","article_modified_time":"2024-05-13T18:49:19+00:00","og_image":[{"width":630,"height":630,"url":"https:\/\/solarity.eu\/wp-content\/uploads\/2021\/04\/TREE2.gif","type":"image\/gif"}],"twitter_card":"summary_large_image","twitter_misc":{"Tiempo de lectura":"2 minutos"},"schema":{"@context":"https:\/\/schema.org","@graph":[{"@type":"WebPage","@id":"https:\/\/solarity.eu\/es\/nuestras-iniciativas-en-el-marco-de-la-responsabilidad-social-corporativa\/","url":"https:\/\/solarity.eu\/es\/nuestras-iniciativas-en-el-marco-de-la-responsabilidad-social-corporativa\/","name":"Nuestras iniciativas en el \u00e1rea de la RSC | Solarity \u2013 distribuidor y mayorista de Sistemas Fotovoltaicos","isPartOf":{"@id":"https:\/\/solarity.eu\/es\/#website"},"primaryImageOfPage":{"@id":"https:\/\/solarity.eu\/es\/nuestras-iniciativas-en-el-marco-de-la-responsabilidad-social-corporativa\/#primaryimage"},"image":{"@id":"https:\/\/solarity.eu\/es\/nuestras-iniciativas-en-el-marco-de-la-responsabilidad-social-corporativa\/#primaryimage"},"thumbnailUrl":"https:\/\/solarity.eu\/wp-content\/uploads\/2021\/04\/TREE2.gif","datePublished":"2021-04-01T16:07:20+00:00","dateModified":"2024-05-13T18:49:19+00:00","description":"Solarity toma los proyectos RSC muy seriamente. En cuanto a sostenibilidad concierne, Solarity est\u00e1 enfocado en el medio ambiente, la comunidad y nuestros empleados, con la m\u00e1s ferviente esperanza de que contribuimos para un mejor futuro.","breadcrumb":{"@id":"https:\/\/solarity.eu\/es\/nuestras-iniciativas-en-el-marco-de-la-responsabilidad-social-corporativa\/#breadcrumb"},"inLanguage":"es","potentialAction":[{"@type":"ReadAction","target":["https:\/\/solarity.eu\/es\/nuestras-iniciativas-en-el-marco-de-la-responsabilidad-social-corporativa\/"]}]},{"@type":"ImageObject","inLanguage":"es","@id":"https:\/\/solarity.eu\/es\/nuestras-iniciativas-en-el-marco-de-la-responsabilidad-social-corporativa\/#primaryimage","url":"https:\/\/solarity.eu\/wp-content\/uploads\/2021\/04\/TREE2.gif","contentUrl":"https:\/\/solarity.eu\/wp-content\/uploads\/2021\/04\/TREE2.gif","width":630,"height":630},{"@type":"BreadcrumbList","@id":"https:\/\/solarity.eu\/es\/nuestras-iniciativas-en-el-marco-de-la-responsabilidad-social-corporativa\/#breadcrumb","itemListElement":[{"@type":"ListItem","position":1,"name":"Home","item":"https:\/\/solarity.eu\/es\/homepage\/"},{"@type":"ListItem","position":2,"name":"Nuestras iniciativas en el marco de la Responsabilidad Social Corporativa"}]},{"@type":"WebSite","@id":"https:\/\/solarity.eu\/es\/#website","url":"https:\/\/solarity.eu\/es\/","name":"Solarity","description":"Distributor and wholesaler of photovoltaic systems","publisher":{"@id":"https:\/\/solarity.eu\/es\/#organization"},"potentialAction":[{"@type":"SearchAction","target":{"@type":"EntryPoint","urlTemplate":"https:\/\/solarity.eu\/es\/?s={search_term_string}"},"query-input":{"@type":"PropertyValueSpecification","valueRequired":true,"valueName":"search_term_string"}}],"inLanguage":"es"},{"@type":"Organization","@id":"https:\/\/solarity.eu\/es\/#organization","name":"Solarity","url":"https:\/\/solarity.eu\/es\/","logo":{"@type":"ImageObject","inLanguage":"es","@id":"https:\/\/solarity.eu\/es\/#\/schema\/logo\/image\/","url":"https:\/\/solarity.eu\/wp-content\/uploads\/2020\/08\/Solarity_Logo_new.jpg","contentUrl":"https:\/\/solarity.eu\/wp-content\/uploads\/2020\/08\/Solarity_Logo_new.jpg","width":364,"height":59,"caption":"Solarity"},"image":{"@id":"https:\/\/solarity.eu\/es\/#\/schema\/logo\/image\/"},"sameAs":["https:\/\/www.facebook.com\/solaritycz\/"]}]}},"_links":{"self":[{"href":"https:\/\/solarity.eu\/es\/wp-json\/wp\/v2\/pages\/94479","targetHints":{"allow":["GET"]}}],"collection":[{"href":"https:\/\/solarity.eu\/es\/wp-json\/wp\/v2\/pages"}],"about":[{"href":"https:\/\/solarity.eu\/es\/wp-json\/wp\/v2\/types\/page"}],"author":[{"embeddable":true,"href":"https:\/\/solarity.eu\/es\/wp-json\/wp\/v2\/users\/30"}],"replies":[{"embeddable":true,"href":"https:\/\/solarity.eu\/es\/wp-json\/wp\/v2\/comments?post=94479"}],"version-history":[{"count":3,"href":"https:\/\/solarity.eu\/es\/wp-json\/wp\/v2\/pages\/94479\/revisions"}],"predecessor-version":[{"id":157547,"href":"https:\/\/solarity.eu\/es\/wp-json\/wp\/v2\/pages\/94479\/revisions\/157547"}],"wp:featuredmedia":[{"embeddable":true,"href":"https:\/\/solarity.eu\/es\/wp-json\/wp\/v2\/media\/94482"}],"wp:attachment":[{"href":"https:\/\/solarity.eu\/es\/wp-json\/wp\/v2\/media?parent=94479"}],"curies":[{"name":"wp","href":"https:\/\/api.w.org\/{rel}","templated":true}]}}