{"id":94738,"date":"2022-01-03T11:47:48","date_gmt":"2022-01-03T11:47:48","guid":{"rendered":"https:\/\/solarity.eu\/?page_id=94738"},"modified":"2023-12-19T12:50:29","modified_gmt":"2023-12-19T12:50:29","slug":"politica-de-cookies","status":"publish","type":"page","link":"https:\/\/solarity.eu\/es\/politica-de-cookies\/","title":{"rendered":"Pol\u00edtica de cookies"},"content":{"rendered":"\t\t<div data-elementor-type=\"wp-page\" data-elementor-id=\"94738\" class=\"elementor elementor-94738 elementor-25263\" data-elementor-post-type=\"page\">\n\t\t\t\t\t\t<section class=\"elementor-section elementor-top-section elementor-element elementor-element-b42bbf7 elementor-section-boxed elementor-section-height-default elementor-section-height-default parallax_section_no qode_elementor_container_no\" data-id=\"b42bbf7\" data-element_type=\"section\">\n\t\t\t\t\t\t<div class=\"elementor-container elementor-column-gap-default\">\n\t\t\t\t\t<div class=\"elementor-column elementor-col-100 elementor-top-column elementor-element elementor-element-03c809f\" data-id=\"03c809f\" data-element_type=\"column\">\n\t\t\t<div class=\"elementor-widget-wrap elementor-element-populated\">\n\t\t\t\t\t\t\t<\/div>\n\t\t<\/div>\n\t\t\t\t\t<\/div>\n\t\t<\/section>\n\t\t\t\t<section class=\"elementor-section elementor-top-section elementor-element elementor-element-7cae705 elementor-section-boxed elementor-section-height-default elementor-section-height-default parallax_section_no qode_elementor_container_no\" data-id=\"7cae705\" data-element_type=\"section\">\n\t\t\t\t\t\t<div class=\"elementor-container elementor-column-gap-default\">\n\t\t\t\t\t<div class=\"elementor-column elementor-col-100 elementor-top-column elementor-element elementor-element-715ec7b\" data-id=\"715ec7b\" data-element_type=\"column\">\n\t\t\t<div class=\"elementor-widget-wrap elementor-element-populated\">\n\t\t\t\t\t\t<div class=\"elementor-element elementor-element-bf9437e elementor-widget elementor-widget-text-editor\" data-id=\"bf9437e\" data-element_type=\"widget\" data-widget_type=\"text-editor.default\">\n\t\t\t\t<div class=\"elementor-widget-container\">\n\t\t\t\t\t\t\t\t\t<p>Esta Pol\u00edtica de Cookies explica qu\u00e9 son las cookies y c\u00f3mo las utilizamos, qu\u00e9 tipos de cookies utilizamos, es decir, qu\u00e9 informaci\u00f3n recopilamos a trav\u00e9s de las cookies y c\u00f3mo utilizamos esa informaci\u00f3n, y tambi\u00e9n c\u00f3mo configurar sus preferencias de cookies. Para m\u00e1s informaci\u00f3n sobre c\u00f3mo utilizamos, almacenamos y guardamos sus datos personales de forma segura, lea nuestra Pol\u00edtica de privacidad.<\/p><p>\u00a0<\/p><p>Podr\u00e1 cambiar o retirar su consentimiento a la declaraci\u00f3n de cookies en nuestro sitio web en cualquier momento. Para m\u00e1s informaci\u00f3n sobre qui\u00e9nes somos, c\u00f3mo puede ponerse en contacto con nosotros y c\u00f3mo procesamos sus datos personales, consulte nuestra Pol\u00edtica de privacidad.<\/p><div><p>[user_consent_state]<\/p><\/div>\t\t\t\t\t\t\t\t<\/div>\n\t\t\t\t<\/div>\n\t\t\t\t\t<\/div>\n\t\t<\/div>\n\t\t\t\t\t<\/div>\n\t\t<\/section>\n\t\t\t\t<section class=\"elementor-section elementor-top-section elementor-element elementor-element-6325955 elementor-section-boxed elementor-section-height-default elementor-section-height-default parallax_section_no qode_elementor_container_no\" data-id=\"6325955\" data-element_type=\"section\">\n\t\t\t\t\t\t<div class=\"elementor-container elementor-column-gap-default\">\n\t\t\t\t\t<div class=\"elementor-column elementor-col-100 elementor-top-column elementor-element elementor-element-c9043ee\" data-id=\"c9043ee\" data-element_type=\"column\">\n\t\t\t<div class=\"elementor-widget-wrap elementor-element-populated\">\n\t\t\t\t\t\t<div class=\"elementor-element elementor-element-183f456 elementor-widget elementor-widget-heading\" data-id=\"183f456\" data-element_type=\"widget\" data-widget_type=\"heading.default\">\n\t\t\t\t<div class=\"elementor-widget-container\">\n\t\t\t\t\t<h2 class=\"elementor-heading-title elementor-size-default\">\u00bfQu\u00e9 son las cookies?<\/h2>\t\t\t\t<\/div>\n\t\t\t\t<\/div>\n\t\t\t\t<div class=\"elementor-element elementor-element-d670f80 elementor-widget elementor-widget-text-editor\" data-id=\"d670f80\" data-element_type=\"widget\" data-widget_type=\"text-editor.default\">\n\t\t\t\t<div class=\"elementor-widget-container\">\n\t\t\t\t\t\t\t\t\tLas cookies son peque\u00f1os archivos de texto que se utilizan para almacenar peque\u00f1as cantidades de informaci\u00f3n. Se almacenan en su dispositivo al cargar una p\u00e1gina web en su navegador. Las cookies nos ayudan a que el sitio web funcione correctamente y con mayor seguridad, y tambi\u00e9n para ofrecer una mejor experiencia al usuario. Asimismo nos ayudan a comprender el rendimiento de un sitio web y a analizar aquello que funciona, as\u00ed como a identificar las posibilidades de mejora.\t\t\t\t\t\t\t\t<\/div>\n\t\t\t\t<\/div>\n\t\t\t\t\t<\/div>\n\t\t<\/div>\n\t\t\t\t\t<\/div>\n\t\t<\/section>\n\t\t\t\t<section class=\"elementor-section elementor-top-section elementor-element elementor-element-1a28dc1 elementor-section-boxed elementor-section-height-default elementor-section-height-default parallax_section_no qode_elementor_container_no\" data-id=\"1a28dc1\" data-element_type=\"section\">\n\t\t\t\t\t\t<div class=\"elementor-container elementor-column-gap-default\">\n\t\t\t\t\t<div class=\"elementor-column elementor-col-100 elementor-top-column elementor-element elementor-element-3758ee0\" data-id=\"3758ee0\" data-element_type=\"column\">\n\t\t\t<div class=\"elementor-widget-wrap elementor-element-populated\">\n\t\t\t\t\t\t<div class=\"elementor-element elementor-element-8bc7e94 elementor-widget elementor-widget-heading\" data-id=\"8bc7e94\" data-element_type=\"widget\" data-widget_type=\"heading.default\">\n\t\t\t\t<div class=\"elementor-widget-container\">\n\t\t\t\t\t<h2 class=\"elementor-heading-title elementor-size-default\">\u00bfC\u00f3mo utilizamos las cookies?<\/h2>\t\t\t\t<\/div>\n\t\t\t\t<\/div>\n\t\t\t\t<div class=\"elementor-element elementor-element-167c5f5 elementor-widget elementor-widget-text-editor\" data-id=\"167c5f5\" data-element_type=\"widget\" data-widget_type=\"text-editor.default\">\n\t\t\t\t<div class=\"elementor-widget-container\">\n\t\t\t\t\t\t\t\t\t<p>Al igual que la mayor\u00eda de los servicios en l\u00ednea, nuestro sitio web utiliza cookies propias y de terceros con diversos fines. Las cookies propias son necesarias, en su mayor\u00eda, para el correcto funcionamiento del sitio web y no recogen ning\u00fan dato personal.<\/p><p>\u00a0<\/p><p>Las cookies de terceros utilizadas en nuestro sitio web sirven principalmente para comprender el rendimiento del sitio web y observar c\u00f3mo interact\u00faa usted con \u00e9l. A parte de eso, se utilizan para garantizar la seguridad de nuestros servicios, para ofrecer anuncios que sean relevantes para usted y, en general, para proporcionar una mejor experiencia de usuario y acelerar sus futuras interacciones con nuestro sitio web.<\/p>\t\t\t\t\t\t\t\t<\/div>\n\t\t\t\t<\/div>\n\t\t\t\t\t<\/div>\n\t\t<\/div>\n\t\t\t\t\t<\/div>\n\t\t<\/section>\n\t\t\t\t<section class=\"elementor-section elementor-top-section elementor-element elementor-element-7f11e16 elementor-section-boxed elementor-section-height-default elementor-section-height-default parallax_section_no qode_elementor_container_no\" data-id=\"7f11e16\" data-element_type=\"section\">\n\t\t\t\t\t\t<div class=\"elementor-container elementor-column-gap-default\">\n\t\t\t\t\t<div class=\"elementor-column elementor-col-100 elementor-top-column elementor-element elementor-element-667c3e0\" data-id=\"667c3e0\" data-element_type=\"column\">\n\t\t\t<div class=\"elementor-widget-wrap elementor-element-populated\">\n\t\t\t\t\t\t<div class=\"elementor-element elementor-element-a4d1757 elementor-widget elementor-widget-heading\" data-id=\"a4d1757\" data-element_type=\"widget\" data-widget_type=\"heading.default\">\n\t\t\t\t<div class=\"elementor-widget-container\">\n\t\t\t\t\t<h2 class=\"elementor-heading-title elementor-size-default\">\u00bfQu\u00e9 tipos de cookies utilizamos?<\/h2>\t\t\t\t<\/div>\n\t\t\t\t<\/div>\n\t\t\t\t<div class=\"elementor-element elementor-element-a1bc04c elementor-widget elementor-widget-text-editor\" data-id=\"a1bc04c\" data-element_type=\"widget\" data-widget_type=\"text-editor.default\">\n\t\t\t\t<div class=\"elementor-widget-container\">\n\t\t\t\t\t\t\t\t\t<p>[cookie_audit columns=\u00bbcategory,cookie, duration, description\u00bb heading=\u00bbLa siguiente lista detalla las cookies utilizadas en nuestro sitio web.\u00bb]<\/p>\t\t\t\t\t\t\t\t<\/div>\n\t\t\t\t<\/div>\n\t\t\t\t\t<\/div>\n\t\t<\/div>\n\t\t\t\t\t<\/div>\n\t\t<\/section>\n\t\t\t\t<section class=\"elementor-section elementor-top-section elementor-element elementor-element-a335472 elementor-section-boxed elementor-section-height-default elementor-section-height-default parallax_section_no qode_elementor_container_no\" data-id=\"a335472\" data-element_type=\"section\">\n\t\t\t\t\t\t<div class=\"elementor-container elementor-column-gap-default\">\n\t\t\t\t\t<div class=\"elementor-column elementor-col-100 elementor-top-column elementor-element elementor-element-94a2874\" data-id=\"94a2874\" data-element_type=\"column\">\n\t\t\t<div class=\"elementor-widget-wrap elementor-element-populated\">\n\t\t\t\t\t\t<div class=\"elementor-element elementor-element-788f289 elementor-widget elementor-widget-heading\" data-id=\"788f289\" data-element_type=\"widget\" data-widget_type=\"heading.default\">\n\t\t\t\t<div class=\"elementor-widget-container\">\n\t\t\t\t\t<h2 class=\"elementor-heading-title elementor-size-default\">\u00bfC\u00f3mo puedo controlar mis preferencias de cookies?<\/h2>\t\t\t\t<\/div>\n\t\t\t\t<\/div>\n\t\t\t\t<div class=\"elementor-element elementor-element-472ed35 elementor-widget elementor-widget-text-editor\" data-id=\"472ed35\" data-element_type=\"widget\" data-widget_type=\"text-editor.default\">\n\t\t\t\t<div class=\"elementor-widget-container\">\n\t\t\t\t\t\t\t\t\t<p>Si m\u00e1s adelante, durante su sesi\u00f3n de navegaci\u00f3n, decide cambiar sus preferencias, puede pinchar en la pesta\u00f1a \u00abPol\u00edtica de privacidad y cookies\u00bb de su pantalla. As\u00ed volver\u00e1 a aparecer el aviso de consentimiento, que le permitir\u00e1 cambiar sus preferencias o retirar completamente su consentimiento.<\/p><p>\u00a0<\/p><p>Adem\u00e1s, los distintos navegadores ofrecen diferentes formas de bloquear y eliminar las cookies utilizadas por los sitios web. Puede cambiar la configuraci\u00f3n de su navegador para que bloquee o elimine las cookies. Para m\u00e1s informaci\u00f3n sobre c\u00f3mo gestionar y eliminar las cookies, visite wikipedia.org o www.allaboutcookies.org<\/p>\t\t\t\t\t\t\t\t<\/div>\n\t\t\t\t<\/div>\n\t\t\t\t\t<\/div>\n\t\t<\/div>\n\t\t\t\t\t<\/div>\n\t\t<\/section>\n\t\t\t\t<\/div>\n\t\t","protected":false},"excerpt":{"rendered":"<p>Esta Pol\u00edtica de Cookies explica qu\u00e9 son las cookies y c\u00f3mo las utilizamos, qu\u00e9 tipos de cookies utilizamos, es decir, qu\u00e9 informaci\u00f3n recopilamos a trav\u00e9s de las cookies y c\u00f3mo utilizamos esa informaci\u00f3n, y tambi\u00e9n c\u00f3mo configurar sus preferencias de cookies. Para m\u00e1s informaci\u00f3n sobre&#8230;<\/p>\n","protected":false},"author":30,"featured_media":0,"parent":0,"menu_order":0,"comment_status":"closed","ping_status":"closed","template":"","meta":{"footnotes":""},"class_list":["post-94738","page","type-page","status-publish","hentry"],"yoast_head":"<!-- This site is optimized with the Yoast SEO Premium plugin v25.6 (Yoast SEO v25.6) - https:\/\/yoast.com\/wordpress\/plugins\/seo\/ -->\n<title>Pol\u00edtica de Cookies | Solarity \u2013 distribuidor y mayorista de Sistemas Fotovoltaicos<\/title>\n<meta name=\"description\" content=\"Aprende qu\u00e9 son las cookies, c\u00f3mo Solarity las usa y c\u00f3mo puedes ajustar su configuraci\u00f3n.\" \/>\n<meta name=\"robots\" content=\"index, follow, max-snippet:-1, max-image-preview:large, max-video-preview:-1\" \/>\n<link rel=\"canonical\" href=\"https:\/\/solarity.eu\/es\/politica-de-cookies\/\" \/>\n<meta property=\"og:locale\" content=\"es_ES\" \/>\n<meta property=\"og:type\" content=\"article\" \/>\n<meta property=\"og:title\" content=\"Pol\u00edtica de cookies\" \/>\n<meta property=\"og:description\" content=\"Aprende qu\u00e9 son las cookies, c\u00f3mo Solarity las usa y c\u00f3mo puedes ajustar su configuraci\u00f3n.\" \/>\n<meta property=\"og:url\" content=\"https:\/\/solarity.eu\/es\/politica-de-cookies\/\" \/>\n<meta property=\"og:site_name\" content=\"Solarity\" \/>\n<meta property=\"article:publisher\" content=\"https:\/\/www.facebook.com\/solaritycz\/\" \/>\n<meta property=\"article:modified_time\" content=\"2023-12-19T12:50:29+00:00\" \/>\n<meta name=\"twitter:card\" content=\"summary_large_image\" \/>\n<meta name=\"twitter:label1\" content=\"Tiempo de lectura\" \/>\n\t<meta name=\"twitter:data1\" content=\"2 minutos\" \/>\n<script type=\"application\/ld+json\" class=\"yoast-schema-graph\">{\"@context\":\"https:\/\/schema.org\",\"@graph\":[{\"@type\":\"WebPage\",\"@id\":\"https:\/\/solarity.eu\/es\/politica-de-cookies\/\",\"url\":\"https:\/\/solarity.eu\/es\/politica-de-cookies\/\",\"name\":\"Pol\u00edtica de Cookies | Solarity \u2013 distribuidor y mayorista de Sistemas Fotovoltaicos\",\"isPartOf\":{\"@id\":\"https:\/\/solarity.eu\/es\/#website\"},\"datePublished\":\"2022-01-03T11:47:48+00:00\",\"dateModified\":\"2023-12-19T12:50:29+00:00\",\"description\":\"Aprende qu\u00e9 son las cookies, c\u00f3mo Solarity las usa y c\u00f3mo puedes ajustar su configuraci\u00f3n.\",\"breadcrumb\":{\"@id\":\"https:\/\/solarity.eu\/es\/politica-de-cookies\/#breadcrumb\"},\"inLanguage\":\"es\",\"potentialAction\":[{\"@type\":\"ReadAction\",\"target\":[\"https:\/\/solarity.eu\/es\/politica-de-cookies\/\"]}]},{\"@type\":\"BreadcrumbList\",\"@id\":\"https:\/\/solarity.eu\/es\/politica-de-cookies\/#breadcrumb\",\"itemListElement\":[{\"@type\":\"ListItem\",\"position\":1,\"name\":\"Home\",\"item\":\"https:\/\/solarity.eu\/es\/homepage\/\"},{\"@type\":\"ListItem\",\"position\":2,\"name\":\"Pol\u00edtica de cookies\"}]},{\"@type\":\"WebSite\",\"@id\":\"https:\/\/solarity.eu\/es\/#website\",\"url\":\"https:\/\/solarity.eu\/es\/\",\"name\":\"Solarity\",\"description\":\"Distributor and wholesaler of photovoltaic systems\",\"publisher\":{\"@id\":\"https:\/\/solarity.eu\/es\/#organization\"},\"potentialAction\":[{\"@type\":\"SearchAction\",\"target\":{\"@type\":\"EntryPoint\",\"urlTemplate\":\"https:\/\/solarity.eu\/es\/?s={search_term_string}\"},\"query-input\":{\"@type\":\"PropertyValueSpecification\",\"valueRequired\":true,\"valueName\":\"search_term_string\"}}],\"inLanguage\":\"es\"},{\"@type\":\"Organization\",\"@id\":\"https:\/\/solarity.eu\/es\/#organization\",\"name\":\"Solarity\",\"url\":\"https:\/\/solarity.eu\/es\/\",\"logo\":{\"@type\":\"ImageObject\",\"inLanguage\":\"es\",\"@id\":\"https:\/\/solarity.eu\/es\/#\/schema\/logo\/image\/\",\"url\":\"https:\/\/solarity.eu\/wp-content\/uploads\/2020\/08\/Solarity_Logo_new.jpg\",\"contentUrl\":\"https:\/\/solarity.eu\/wp-content\/uploads\/2020\/08\/Solarity_Logo_new.jpg\",\"width\":364,\"height\":59,\"caption\":\"Solarity\"},\"image\":{\"@id\":\"https:\/\/solarity.eu\/es\/#\/schema\/logo\/image\/\"},\"sameAs\":[\"https:\/\/www.facebook.com\/solaritycz\/\"]}]}<\/script>\n<!-- \/ Yoast SEO Premium plugin. -->","yoast_head_json":{"title":"Pol\u00edtica de Cookies | Solarity \u2013 distribuidor y mayorista de Sistemas Fotovoltaicos","description":"Aprende qu\u00e9 son las cookies, c\u00f3mo Solarity las usa y c\u00f3mo puedes ajustar su configuraci\u00f3n.","robots":{"index":"index","follow":"follow","max-snippet":"max-snippet:-1","max-image-preview":"max-image-preview:large","max-video-preview":"max-video-preview:-1"},"canonical":"https:\/\/solarity.eu\/es\/politica-de-cookies\/","og_locale":"es_ES","og_type":"article","og_title":"Pol\u00edtica de cookies","og_description":"Aprende qu\u00e9 son las cookies, c\u00f3mo Solarity las usa y c\u00f3mo puedes ajustar su configuraci\u00f3n.","og_url":"https:\/\/solarity.eu\/es\/politica-de-cookies\/","og_site_name":"Solarity","article_publisher":"https:\/\/www.facebook.com\/solaritycz\/","article_modified_time":"2023-12-19T12:50:29+00:00","twitter_card":"summary_large_image","twitter_misc":{"Tiempo de lectura":"2 minutos"},"schema":{"@context":"https:\/\/schema.org","@graph":[{"@type":"WebPage","@id":"https:\/\/solarity.eu\/es\/politica-de-cookies\/","url":"https:\/\/solarity.eu\/es\/politica-de-cookies\/","name":"Pol\u00edtica de Cookies | Solarity \u2013 distribuidor y mayorista de Sistemas Fotovoltaicos","isPartOf":{"@id":"https:\/\/solarity.eu\/es\/#website"},"datePublished":"2022-01-03T11:47:48+00:00","dateModified":"2023-12-19T12:50:29+00:00","description":"Aprende qu\u00e9 son las cookies, c\u00f3mo Solarity las usa y c\u00f3mo puedes ajustar su configuraci\u00f3n.","breadcrumb":{"@id":"https:\/\/solarity.eu\/es\/politica-de-cookies\/#breadcrumb"},"inLanguage":"es","potentialAction":[{"@type":"ReadAction","target":["https:\/\/solarity.eu\/es\/politica-de-cookies\/"]}]},{"@type":"BreadcrumbList","@id":"https:\/\/solarity.eu\/es\/politica-de-cookies\/#breadcrumb","itemListElement":[{"@type":"ListItem","position":1,"name":"Home","item":"https:\/\/solarity.eu\/es\/homepage\/"},{"@type":"ListItem","position":2,"name":"Pol\u00edtica de cookies"}]},{"@type":"WebSite","@id":"https:\/\/solarity.eu\/es\/#website","url":"https:\/\/solarity.eu\/es\/","name":"Solarity","description":"Distributor and wholesaler of photovoltaic systems","publisher":{"@id":"https:\/\/solarity.eu\/es\/#organization"},"potentialAction":[{"@type":"SearchAction","target":{"@type":"EntryPoint","urlTemplate":"https:\/\/solarity.eu\/es\/?s={search_term_string}"},"query-input":{"@type":"PropertyValueSpecification","valueRequired":true,"valueName":"search_term_string"}}],"inLanguage":"es"},{"@type":"Organization","@id":"https:\/\/solarity.eu\/es\/#organization","name":"Solarity","url":"https:\/\/solarity.eu\/es\/","logo":{"@type":"ImageObject","inLanguage":"es","@id":"https:\/\/solarity.eu\/es\/#\/schema\/logo\/image\/","url":"https:\/\/solarity.eu\/wp-content\/uploads\/2020\/08\/Solarity_Logo_new.jpg","contentUrl":"https:\/\/solarity.eu\/wp-content\/uploads\/2020\/08\/Solarity_Logo_new.jpg","width":364,"height":59,"caption":"Solarity"},"image":{"@id":"https:\/\/solarity.eu\/es\/#\/schema\/logo\/image\/"},"sameAs":["https:\/\/www.facebook.com\/solaritycz\/"]}]}},"_links":{"self":[{"href":"https:\/\/solarity.eu\/es\/wp-json\/wp\/v2\/pages\/94738","targetHints":{"allow":["GET"]}}],"collection":[{"href":"https:\/\/solarity.eu\/es\/wp-json\/wp\/v2\/pages"}],"about":[{"href":"https:\/\/solarity.eu\/es\/wp-json\/wp\/v2\/types\/page"}],"author":[{"embeddable":true,"href":"https:\/\/solarity.eu\/es\/wp-json\/wp\/v2\/users\/30"}],"replies":[{"embeddable":true,"href":"https:\/\/solarity.eu\/es\/wp-json\/wp\/v2\/comments?post=94738"}],"version-history":[{"count":3,"href":"https:\/\/solarity.eu\/es\/wp-json\/wp\/v2\/pages\/94738\/revisions"}],"predecessor-version":[{"id":150248,"href":"https:\/\/solarity.eu\/es\/wp-json\/wp\/v2\/pages\/94738\/revisions\/150248"}],"wp:attachment":[{"href":"https:\/\/solarity.eu\/es\/wp-json\/wp\/v2\/media?parent=94738"}],"curies":[{"name":"wp","href":"https:\/\/api.w.org\/{rel}","templated":true}]}}