{"id":37993,"date":"2015-08-19T11:51:33","date_gmt":"2015-08-19T11:51:33","guid":{"rendered":"http:\/\/new.solarity.cz\/hu\/?page_id=15759"},"modified":"2024-01-28T18:53:09","modified_gmt":"2024-01-28T18:53:09","slug":"halozatra-taplalo-rendszerek","status":"publish","type":"page","link":"https:\/\/solarity.eu\/hu\/termekeink\/halozatra-taplalo-rendszerek\/","title":{"rendered":"H\u00e1l\u00f3zatra t\u00e1pl\u00e1l\u00f3 rendszerek"},"content":{"rendered":"<p><a href=\"\/products\/on-grid\/photovoltaic-modules\/\">H\u00e1l\u00f3zatra t\u00e1pl\u00e1l\u00f3 napelemek<\/a><\/p>\n<p><a href=\"\/products\/on-grid\/inverters\/\">H\u00e1l\u00f3zatra t\u00e1pl\u00e1l\u00f3 inverterek<\/a><\/p>\n<p><a href=\"http:\/\/pvtrade.eu\/en\/65-energy-storage-systems\/\">T\u00e1rol\u00f3rendszerek<\/a><\/p>\n","protected":false},"excerpt":{"rendered":"<p>H\u00e1l\u00f3zatra t\u00e1pl\u00e1l\u00f3 napelemek H\u00e1l\u00f3zatra t\u00e1pl\u00e1l\u00f3 inverterek T\u00e1rol\u00f3rendszerek<\/p>\n","protected":false},"author":30,"featured_media":0,"parent":37991,"menu_order":0,"comment_status":"open","ping_status":"open","template":"full_width.php","meta":{"footnotes":""},"class_list":["post-37993","page","type-page","status-publish","hentry"],"yoast_head":"<!-- This site is optimized with the Yoast SEO Premium plugin v25.6 (Yoast SEO v25.6) - https:\/\/yoast.com\/wordpress\/plugins\/seo\/ -->\n<title>H\u00e1l\u00f3zatra t\u00e1pl\u00e1l\u00f3 rendszerek | Solarity - napelemes rendszerek forgalmaz\u00f3ja \u00e9s nagykeresked\u0151je<\/title>\n<meta name=\"robots\" content=\"index, follow, max-snippet:-1, max-image-preview:large, max-video-preview:-1\" \/>\n<link rel=\"canonical\" href=\"https:\/\/solarity.eu\/hu\/termekeink\/halozatra-taplalo-rendszerek\/\" \/>\n<meta property=\"og:locale\" content=\"hu_HU\" \/>\n<meta property=\"og:type\" content=\"article\" \/>\n<meta property=\"og:title\" content=\"H\u00e1l\u00f3zatra t\u00e1pl\u00e1l\u00f3 rendszerek\" \/>\n<meta property=\"og:description\" content=\"H\u00e1l\u00f3zatra t\u00e1pl\u00e1l\u00f3 napelemek H\u00e1l\u00f3zatra t\u00e1pl\u00e1l\u00f3 inverterek T\u00e1rol\u00f3rendszerek\" \/>\n<meta property=\"og:url\" content=\"https:\/\/solarity.eu\/hu\/termekeink\/halozatra-taplalo-rendszerek\/\" \/>\n<meta property=\"og:site_name\" content=\"Solarity\" \/>\n<meta property=\"article:publisher\" content=\"https:\/\/www.facebook.com\/solaritycz\/\" \/>\n<meta property=\"article:modified_time\" content=\"2024-01-28T18:53:09+00:00\" \/>\n<meta name=\"twitter:card\" content=\"summary_large_image\" \/>\n<meta name=\"twitter:label1\" content=\"Becs\u00fclt olvas\u00e1si id\u0151\" \/>\n\t<meta name=\"twitter:data1\" content=\"1 perc\" \/>\n<script type=\"application\/ld+json\" class=\"yoast-schema-graph\">{\"@context\":\"https:\/\/schema.org\",\"@graph\":[{\"@type\":\"WebPage\",\"@id\":\"https:\/\/solarity.eu\/hu\/termekeink\/halozatra-taplalo-rendszerek\/\",\"url\":\"https:\/\/solarity.eu\/hu\/termekeink\/halozatra-taplalo-rendszerek\/\",\"name\":\"H\u00e1l\u00f3zatra t\u00e1pl\u00e1l\u00f3 rendszerek | Solarity - napelemes rendszerek forgalmaz\u00f3ja \u00e9s nagykeresked\u0151je\",\"isPartOf\":{\"@id\":\"https:\/\/solarity.eu\/hu\/#website\"},\"datePublished\":\"2015-08-19T11:51:33+00:00\",\"dateModified\":\"2024-01-28T18:53:09+00:00\",\"breadcrumb\":{\"@id\":\"https:\/\/solarity.eu\/hu\/termekeink\/halozatra-taplalo-rendszerek\/#breadcrumb\"},\"inLanguage\":\"hu\",\"potentialAction\":[{\"@type\":\"ReadAction\",\"target\":[\"https:\/\/solarity.eu\/hu\/termekeink\/halozatra-taplalo-rendszerek\/\"]}]},{\"@type\":\"BreadcrumbList\",\"@id\":\"https:\/\/solarity.eu\/hu\/termekeink\/halozatra-taplalo-rendszerek\/#breadcrumb\",\"itemListElement\":[{\"@type\":\"ListItem\",\"position\":1,\"name\":\"Home\",\"item\":\"https:\/\/solarity.eu\/hu\/homepage\/\"},{\"@type\":\"ListItem\",\"position\":2,\"name\":\"Term\u00e9keink\",\"item\":\"https:\/\/solarity.eu\/hu\/termekeink\/\"},{\"@type\":\"ListItem\",\"position\":3,\"name\":\"H\u00e1l\u00f3zatra t\u00e1pl\u00e1l\u00f3 rendszerek\"}]},{\"@type\":\"WebSite\",\"@id\":\"https:\/\/solarity.eu\/hu\/#website\",\"url\":\"https:\/\/solarity.eu\/hu\/\",\"name\":\"Solarity\",\"description\":\"Distributor and wholesaler of photovoltaic systems\",\"publisher\":{\"@id\":\"https:\/\/solarity.eu\/hu\/#organization\"},\"potentialAction\":[{\"@type\":\"SearchAction\",\"target\":{\"@type\":\"EntryPoint\",\"urlTemplate\":\"https:\/\/solarity.eu\/hu\/?s={search_term_string}\"},\"query-input\":{\"@type\":\"PropertyValueSpecification\",\"valueRequired\":true,\"valueName\":\"search_term_string\"}}],\"inLanguage\":\"hu\"},{\"@type\":\"Organization\",\"@id\":\"https:\/\/solarity.eu\/hu\/#organization\",\"name\":\"Solarity\",\"url\":\"https:\/\/solarity.eu\/hu\/\",\"logo\":{\"@type\":\"ImageObject\",\"inLanguage\":\"hu\",\"@id\":\"https:\/\/solarity.eu\/hu\/#\/schema\/logo\/image\/\",\"url\":\"https:\/\/solarity.eu\/wp-content\/uploads\/2020\/08\/Solarity_Logo_new.jpg\",\"contentUrl\":\"https:\/\/solarity.eu\/wp-content\/uploads\/2020\/08\/Solarity_Logo_new.jpg\",\"width\":364,\"height\":59,\"caption\":\"Solarity\"},\"image\":{\"@id\":\"https:\/\/solarity.eu\/hu\/#\/schema\/logo\/image\/\"},\"sameAs\":[\"https:\/\/www.facebook.com\/solaritycz\/\"]}]}<\/script>\n<!-- \/ Yoast SEO Premium plugin. -->","yoast_head_json":{"title":"H\u00e1l\u00f3zatra t\u00e1pl\u00e1l\u00f3 rendszerek | Solarity - napelemes rendszerek forgalmaz\u00f3ja \u00e9s nagykeresked\u0151je","robots":{"index":"index","follow":"follow","max-snippet":"max-snippet:-1","max-image-preview":"max-image-preview:large","max-video-preview":"max-video-preview:-1"},"canonical":"https:\/\/solarity.eu\/hu\/termekeink\/halozatra-taplalo-rendszerek\/","og_locale":"hu_HU","og_type":"article","og_title":"H\u00e1l\u00f3zatra t\u00e1pl\u00e1l\u00f3 rendszerek","og_description":"H\u00e1l\u00f3zatra t\u00e1pl\u00e1l\u00f3 napelemek H\u00e1l\u00f3zatra t\u00e1pl\u00e1l\u00f3 inverterek T\u00e1rol\u00f3rendszerek","og_url":"https:\/\/solarity.eu\/hu\/termekeink\/halozatra-taplalo-rendszerek\/","og_site_name":"Solarity","article_publisher":"https:\/\/www.facebook.com\/solaritycz\/","article_modified_time":"2024-01-28T18:53:09+00:00","twitter_card":"summary_large_image","twitter_misc":{"Becs\u00fclt olvas\u00e1si id\u0151":"1 perc"},"schema":{"@context":"https:\/\/schema.org","@graph":[{"@type":"WebPage","@id":"https:\/\/solarity.eu\/hu\/termekeink\/halozatra-taplalo-rendszerek\/","url":"https:\/\/solarity.eu\/hu\/termekeink\/halozatra-taplalo-rendszerek\/","name":"H\u00e1l\u00f3zatra t\u00e1pl\u00e1l\u00f3 rendszerek | Solarity - napelemes rendszerek forgalmaz\u00f3ja \u00e9s nagykeresked\u0151je","isPartOf":{"@id":"https:\/\/solarity.eu\/hu\/#website"},"datePublished":"2015-08-19T11:51:33+00:00","dateModified":"2024-01-28T18:53:09+00:00","breadcrumb":{"@id":"https:\/\/solarity.eu\/hu\/termekeink\/halozatra-taplalo-rendszerek\/#breadcrumb"},"inLanguage":"hu","potentialAction":[{"@type":"ReadAction","target":["https:\/\/solarity.eu\/hu\/termekeink\/halozatra-taplalo-rendszerek\/"]}]},{"@type":"BreadcrumbList","@id":"https:\/\/solarity.eu\/hu\/termekeink\/halozatra-taplalo-rendszerek\/#breadcrumb","itemListElement":[{"@type":"ListItem","position":1,"name":"Home","item":"https:\/\/solarity.eu\/hu\/homepage\/"},{"@type":"ListItem","position":2,"name":"Term\u00e9keink","item":"https:\/\/solarity.eu\/hu\/termekeink\/"},{"@type":"ListItem","position":3,"name":"H\u00e1l\u00f3zatra t\u00e1pl\u00e1l\u00f3 rendszerek"}]},{"@type":"WebSite","@id":"https:\/\/solarity.eu\/hu\/#website","url":"https:\/\/solarity.eu\/hu\/","name":"Solarity","description":"Distributor and wholesaler of photovoltaic systems","publisher":{"@id":"https:\/\/solarity.eu\/hu\/#organization"},"potentialAction":[{"@type":"SearchAction","target":{"@type":"EntryPoint","urlTemplate":"https:\/\/solarity.eu\/hu\/?s={search_term_string}"},"query-input":{"@type":"PropertyValueSpecification","valueRequired":true,"valueName":"search_term_string"}}],"inLanguage":"hu"},{"@type":"Organization","@id":"https:\/\/solarity.eu\/hu\/#organization","name":"Solarity","url":"https:\/\/solarity.eu\/hu\/","logo":{"@type":"ImageObject","inLanguage":"hu","@id":"https:\/\/solarity.eu\/hu\/#\/schema\/logo\/image\/","url":"https:\/\/solarity.eu\/wp-content\/uploads\/2020\/08\/Solarity_Logo_new.jpg","contentUrl":"https:\/\/solarity.eu\/wp-content\/uploads\/2020\/08\/Solarity_Logo_new.jpg","width":364,"height":59,"caption":"Solarity"},"image":{"@id":"https:\/\/solarity.eu\/hu\/#\/schema\/logo\/image\/"},"sameAs":["https:\/\/www.facebook.com\/solaritycz\/"]}]}},"_links":{"self":[{"href":"https:\/\/solarity.eu\/hu\/wp-json\/wp\/v2\/pages\/37993","targetHints":{"allow":["GET"]}}],"collection":[{"href":"https:\/\/solarity.eu\/hu\/wp-json\/wp\/v2\/pages"}],"about":[{"href":"https:\/\/solarity.eu\/hu\/wp-json\/wp\/v2\/types\/page"}],"author":[{"embeddable":true,"href":"https:\/\/solarity.eu\/hu\/wp-json\/wp\/v2\/users\/30"}],"replies":[{"embeddable":true,"href":"https:\/\/solarity.eu\/hu\/wp-json\/wp\/v2\/comments?post=37993"}],"version-history":[{"count":2,"href":"https:\/\/solarity.eu\/hu\/wp-json\/wp\/v2\/pages\/37993\/revisions"}],"predecessor-version":[{"id":153303,"href":"https:\/\/solarity.eu\/hu\/wp-json\/wp\/v2\/pages\/37993\/revisions\/153303"}],"up":[{"embeddable":true,"href":"https:\/\/solarity.eu\/hu\/wp-json\/wp\/v2\/pages\/37991"}],"wp:attachment":[{"href":"https:\/\/solarity.eu\/hu\/wp-json\/wp\/v2\/media?parent=37993"}],"curies":[{"name":"wp","href":"https:\/\/api.w.org\/{rel}","templated":true}]}}