{"id":37997,"date":"2015-09-12T19:08:06","date_gmt":"2015-09-12T19:08:06","guid":{"rendered":"http:\/\/new.solarity.cz\/hu\/?page_id=15876"},"modified":"2022-06-10T08:33:30","modified_gmt":"2022-06-10T08:33:30","slug":"off-grid-products","status":"publish","type":"page","link":"https:\/\/solarity.eu\/hu\/termekeink\/off-grid\/off-grid-products\/","title":{"rendered":"Sziget\u00fczem\u0171 rendszerek"},"content":{"rendered":"<p>A sziget\u00fczem\u0171 napelemeket &#8211; a v\u00edzszivatty\u00fa m\u0171k\u00f6dtet\u00e9s\u00e9t\u0151l az off-grid vil\u00e1g\u00edt\u00e1sig &#8211; olyan t\u00e1voli rendszerekn\u00e9l haszn\u00e1lj\u00e1k, ahol korl\u00e1tozott az elektromos h\u00e1l\u00f3zathoz val\u00f3 hozz\u00e1f\u00e9r\u00e9s.<\/p>\n<p>\u00a0<\/p>\n<p>A sziget\u00fczem\u0171 inverterek sz\u00e1mos megold\u00e1st biztos\u00edtanak \u00f6nell\u00e1t\u00f3 energetikai rendszerek telep\u00edt\u00e9s\u00e9hez. Az akkumul\u00e1torokkal egy\u00fcttm\u0171k\u00f6dve a berendez\u00e9s olyan \u00f6n\u00e1ll\u00f3 egyen\u00e1ram\u00fa h\u00e1l\u00f3zatot alkot, amely megfelel a legmagasabb min\u0151s\u00e9gi szabv\u00e1nyoknak.<\/p>\n<p>\u00a0<\/p>\n<p>A t\u00f6lt\u00e9svez\u00e9rl\u0151 a sziget\u00fczem\u0171 napelemes rendszer azon k\u00f6zponti eleme, amely a teljes energia \u00e1raml\u00e1st vez\u00e9rli, mik\u00f6zben biztos\u00edtja az akkumul\u00e1torok optim\u00e1lis \u00fczem\u00e9t. Ezek a berendez\u00e9sek a kiemelked\u0151en hossz\u00fa \u00e9lettartamuknak k\u00f6sz\u00f6nhet\u0151en nagyon alacsony k\u00f6lts\u00e9get garant\u00e1lnak.<\/p>\n<p>\u00a0<\/p>\n<p>Az akkumul\u00e1torok adnak v\u00e1laszt a legbonyolultabb k\u00e9rd\u00e9sekre. A biztons\u00e1gi szabv\u00e1nyoknak megfelelve a gy\u00e1rt\u00f3k helyhez k\u00f6t\u00f6tt energetikai rendszereket \u00e9s sziget\u00fczem\u0171 t\u00e1rol\u00f3 megold\u00e1sokat fejlesztenek \u00f3lom-sav, nikkel-kadmium, nikkel-f\u00e9m-hidrid vagy l\u00edtium-ion technol\u00f3gi\u00e1t haszn\u00e1lva. Legyen sz\u00f3 egy kis napenergi\u00e1s tartal\u00e9k rendszerr\u0151l vagy egy nagy sziget\u00fczem\u0171 rendszerr\u0151l, amely nap, sz\u00e9l \u00e9s egy\u00e9b energiaforr\u00e1sokat is haszn\u00e1l, az akkumul\u00e1torok pontosan illeszthet\u0151k minden m\u0171szaki \u00e9s gazdas\u00e1gi k\u00f6vetelm\u00e9nyhez.<\/p>\n","protected":false},"excerpt":{"rendered":"<p>A sziget\u00fczem\u0171 napelemeket &#8211; a v\u00edzszivatty\u00fa m\u0171k\u00f6dtet\u00e9s\u00e9t\u0151l az off-grid vil\u00e1g\u00edt\u00e1sig &#8211; olyan t\u00e1voli rendszerekn\u00e9l haszn\u00e1lj\u00e1k, ahol korl\u00e1tozott az elektromos h\u00e1l\u00f3zathoz val\u00f3 hozz\u00e1f\u00e9r\u00e9s. \u00a0 A sziget\u00fczem\u0171 inverterek sz\u00e1mos megold\u00e1st biztos\u00edtanak \u00f6nell\u00e1t\u00f3 energetikai rendszerek telep\u00edt\u00e9s\u00e9hez. Az akkumul\u00e1torokkal egy\u00fcttm\u0171k\u00f6dve a berendez\u00e9s olyan \u00f6n\u00e1ll\u00f3 egyen\u00e1ram\u00fa h\u00e1l\u00f3zatot alkot, amely megfelel&#8230;<\/p>\n","protected":false},"author":30,"featured_media":0,"parent":37994,"menu_order":0,"comment_status":"open","ping_status":"open","template":"full_width.php","meta":{"footnotes":""},"class_list":["post-37997","page","type-page","status-publish","hentry"],"yoast_head":"<!-- This site is optimized with the Yoast SEO Premium plugin v25.6 (Yoast SEO v25.6) - https:\/\/yoast.com\/wordpress\/plugins\/seo\/ -->\n<title>Sziget\u00fczem\u0171 rendszerek - Solarity<\/title>\n<meta name=\"robots\" content=\"index, follow, max-snippet:-1, max-image-preview:large, max-video-preview:-1\" \/>\n<link rel=\"canonical\" href=\"https:\/\/solarity.eu\/hu\/termekeink\/off-grid\/off-grid-products\/\" \/>\n<meta property=\"og:locale\" content=\"hu_HU\" \/>\n<meta property=\"og:type\" content=\"article\" \/>\n<meta property=\"og:title\" content=\"Sziget\u00fczem\u0171 rendszerek\" \/>\n<meta property=\"og:description\" content=\"A sziget\u00fczem\u0171 napelemeket &#8211; a v\u00edzszivatty\u00fa m\u0171k\u00f6dtet\u00e9s\u00e9t\u0151l az off-grid vil\u00e1g\u00edt\u00e1sig &#8211; olyan t\u00e1voli rendszerekn\u00e9l haszn\u00e1lj\u00e1k, ahol korl\u00e1tozott az elektromos h\u00e1l\u00f3zathoz val\u00f3 hozz\u00e1f\u00e9r\u00e9s. \u00a0 A sziget\u00fczem\u0171 inverterek sz\u00e1mos megold\u00e1st biztos\u00edtanak \u00f6nell\u00e1t\u00f3 energetikai rendszerek telep\u00edt\u00e9s\u00e9hez. Az akkumul\u00e1torokkal egy\u00fcttm\u0171k\u00f6dve a berendez\u00e9s olyan \u00f6n\u00e1ll\u00f3 egyen\u00e1ram\u00fa h\u00e1l\u00f3zatot alkot, amely megfelel...\" \/>\n<meta property=\"og:url\" content=\"https:\/\/solarity.eu\/hu\/termekeink\/off-grid\/off-grid-products\/\" \/>\n<meta property=\"og:site_name\" content=\"Solarity\" \/>\n<meta property=\"article:publisher\" content=\"https:\/\/www.facebook.com\/solaritycz\/\" \/>\n<meta property=\"article:modified_time\" content=\"2022-06-10T08:33:30+00:00\" \/>\n<meta name=\"twitter:card\" content=\"summary_large_image\" \/>\n<meta name=\"twitter:label1\" content=\"Becs\u00fclt olvas\u00e1si id\u0151\" \/>\n\t<meta name=\"twitter:data1\" content=\"1 perc\" \/>\n<script type=\"application\/ld+json\" class=\"yoast-schema-graph\">{\"@context\":\"https:\/\/schema.org\",\"@graph\":[{\"@type\":\"WebPage\",\"@id\":\"https:\/\/solarity.eu\/hu\/termekeink\/off-grid\/off-grid-products\/\",\"url\":\"https:\/\/solarity.eu\/hu\/termekeink\/off-grid\/off-grid-products\/\",\"name\":\"Sziget\u00fczem\u0171 rendszerek - Solarity\",\"isPartOf\":{\"@id\":\"https:\/\/solarity.eu\/hu\/#website\"},\"datePublished\":\"2015-09-12T19:08:06+00:00\",\"dateModified\":\"2022-06-10T08:33:30+00:00\",\"breadcrumb\":{\"@id\":\"https:\/\/solarity.eu\/hu\/termekeink\/off-grid\/off-grid-products\/#breadcrumb\"},\"inLanguage\":\"hu\",\"potentialAction\":[{\"@type\":\"ReadAction\",\"target\":[\"https:\/\/solarity.eu\/hu\/termekeink\/off-grid\/off-grid-products\/\"]}]},{\"@type\":\"BreadcrumbList\",\"@id\":\"https:\/\/solarity.eu\/hu\/termekeink\/off-grid\/off-grid-products\/#breadcrumb\",\"itemListElement\":[{\"@type\":\"ListItem\",\"position\":1,\"name\":\"Home\",\"item\":\"https:\/\/solarity.eu\/hu\/homepage\/\"},{\"@type\":\"ListItem\",\"position\":2,\"name\":\"Term\u00e9keink\",\"item\":\"https:\/\/solarity.eu\/hu\/termekeink\/\"},{\"@type\":\"ListItem\",\"position\":3,\"name\":\"Sziget\u00fczem\u0171 rendszerek\",\"item\":\"https:\/\/solarity.eu\/hu\/termekeink\/off-grid\/\"},{\"@type\":\"ListItem\",\"position\":4,\"name\":\"Sziget\u00fczem\u0171 rendszerek\"}]},{\"@type\":\"WebSite\",\"@id\":\"https:\/\/solarity.eu\/hu\/#website\",\"url\":\"https:\/\/solarity.eu\/hu\/\",\"name\":\"Solarity\",\"description\":\"Distributor and wholesaler of photovoltaic systems\",\"publisher\":{\"@id\":\"https:\/\/solarity.eu\/hu\/#organization\"},\"potentialAction\":[{\"@type\":\"SearchAction\",\"target\":{\"@type\":\"EntryPoint\",\"urlTemplate\":\"https:\/\/solarity.eu\/hu\/?s={search_term_string}\"},\"query-input\":{\"@type\":\"PropertyValueSpecification\",\"valueRequired\":true,\"valueName\":\"search_term_string\"}}],\"inLanguage\":\"hu\"},{\"@type\":\"Organization\",\"@id\":\"https:\/\/solarity.eu\/hu\/#organization\",\"name\":\"Solarity\",\"url\":\"https:\/\/solarity.eu\/hu\/\",\"logo\":{\"@type\":\"ImageObject\",\"inLanguage\":\"hu\",\"@id\":\"https:\/\/solarity.eu\/hu\/#\/schema\/logo\/image\/\",\"url\":\"https:\/\/solarity.eu\/wp-content\/uploads\/2020\/08\/Solarity_Logo_new.jpg\",\"contentUrl\":\"https:\/\/solarity.eu\/wp-content\/uploads\/2020\/08\/Solarity_Logo_new.jpg\",\"width\":364,\"height\":59,\"caption\":\"Solarity\"},\"image\":{\"@id\":\"https:\/\/solarity.eu\/hu\/#\/schema\/logo\/image\/\"},\"sameAs\":[\"https:\/\/www.facebook.com\/solaritycz\/\"]}]}<\/script>\n<!-- \/ Yoast SEO Premium plugin. -->","yoast_head_json":{"title":"Sziget\u00fczem\u0171 rendszerek - Solarity","robots":{"index":"index","follow":"follow","max-snippet":"max-snippet:-1","max-image-preview":"max-image-preview:large","max-video-preview":"max-video-preview:-1"},"canonical":"https:\/\/solarity.eu\/hu\/termekeink\/off-grid\/off-grid-products\/","og_locale":"hu_HU","og_type":"article","og_title":"Sziget\u00fczem\u0171 rendszerek","og_description":"A sziget\u00fczem\u0171 napelemeket &#8211; a v\u00edzszivatty\u00fa m\u0171k\u00f6dtet\u00e9s\u00e9t\u0151l az off-grid vil\u00e1g\u00edt\u00e1sig &#8211; olyan t\u00e1voli rendszerekn\u00e9l haszn\u00e1lj\u00e1k, ahol korl\u00e1tozott az elektromos h\u00e1l\u00f3zathoz val\u00f3 hozz\u00e1f\u00e9r\u00e9s. \u00a0 A sziget\u00fczem\u0171 inverterek sz\u00e1mos megold\u00e1st biztos\u00edtanak \u00f6nell\u00e1t\u00f3 energetikai rendszerek telep\u00edt\u00e9s\u00e9hez. Az akkumul\u00e1torokkal egy\u00fcttm\u0171k\u00f6dve a berendez\u00e9s olyan \u00f6n\u00e1ll\u00f3 egyen\u00e1ram\u00fa h\u00e1l\u00f3zatot alkot, amely megfelel...","og_url":"https:\/\/solarity.eu\/hu\/termekeink\/off-grid\/off-grid-products\/","og_site_name":"Solarity","article_publisher":"https:\/\/www.facebook.com\/solaritycz\/","article_modified_time":"2022-06-10T08:33:30+00:00","twitter_card":"summary_large_image","twitter_misc":{"Becs\u00fclt olvas\u00e1si id\u0151":"1 perc"},"schema":{"@context":"https:\/\/schema.org","@graph":[{"@type":"WebPage","@id":"https:\/\/solarity.eu\/hu\/termekeink\/off-grid\/off-grid-products\/","url":"https:\/\/solarity.eu\/hu\/termekeink\/off-grid\/off-grid-products\/","name":"Sziget\u00fczem\u0171 rendszerek - Solarity","isPartOf":{"@id":"https:\/\/solarity.eu\/hu\/#website"},"datePublished":"2015-09-12T19:08:06+00:00","dateModified":"2022-06-10T08:33:30+00:00","breadcrumb":{"@id":"https:\/\/solarity.eu\/hu\/termekeink\/off-grid\/off-grid-products\/#breadcrumb"},"inLanguage":"hu","potentialAction":[{"@type":"ReadAction","target":["https:\/\/solarity.eu\/hu\/termekeink\/off-grid\/off-grid-products\/"]}]},{"@type":"BreadcrumbList","@id":"https:\/\/solarity.eu\/hu\/termekeink\/off-grid\/off-grid-products\/#breadcrumb","itemListElement":[{"@type":"ListItem","position":1,"name":"Home","item":"https:\/\/solarity.eu\/hu\/homepage\/"},{"@type":"ListItem","position":2,"name":"Term\u00e9keink","item":"https:\/\/solarity.eu\/hu\/termekeink\/"},{"@type":"ListItem","position":3,"name":"Sziget\u00fczem\u0171 rendszerek","item":"https:\/\/solarity.eu\/hu\/termekeink\/off-grid\/"},{"@type":"ListItem","position":4,"name":"Sziget\u00fczem\u0171 rendszerek"}]},{"@type":"WebSite","@id":"https:\/\/solarity.eu\/hu\/#website","url":"https:\/\/solarity.eu\/hu\/","name":"Solarity","description":"Distributor and wholesaler of photovoltaic systems","publisher":{"@id":"https:\/\/solarity.eu\/hu\/#organization"},"potentialAction":[{"@type":"SearchAction","target":{"@type":"EntryPoint","urlTemplate":"https:\/\/solarity.eu\/hu\/?s={search_term_string}"},"query-input":{"@type":"PropertyValueSpecification","valueRequired":true,"valueName":"search_term_string"}}],"inLanguage":"hu"},{"@type":"Organization","@id":"https:\/\/solarity.eu\/hu\/#organization","name":"Solarity","url":"https:\/\/solarity.eu\/hu\/","logo":{"@type":"ImageObject","inLanguage":"hu","@id":"https:\/\/solarity.eu\/hu\/#\/schema\/logo\/image\/","url":"https:\/\/solarity.eu\/wp-content\/uploads\/2020\/08\/Solarity_Logo_new.jpg","contentUrl":"https:\/\/solarity.eu\/wp-content\/uploads\/2020\/08\/Solarity_Logo_new.jpg","width":364,"height":59,"caption":"Solarity"},"image":{"@id":"https:\/\/solarity.eu\/hu\/#\/schema\/logo\/image\/"},"sameAs":["https:\/\/www.facebook.com\/solaritycz\/"]}]}},"_links":{"self":[{"href":"https:\/\/solarity.eu\/hu\/wp-json\/wp\/v2\/pages\/37997","targetHints":{"allow":["GET"]}}],"collection":[{"href":"https:\/\/solarity.eu\/hu\/wp-json\/wp\/v2\/pages"}],"about":[{"href":"https:\/\/solarity.eu\/hu\/wp-json\/wp\/v2\/types\/page"}],"author":[{"embeddable":true,"href":"https:\/\/solarity.eu\/hu\/wp-json\/wp\/v2\/users\/30"}],"replies":[{"embeddable":true,"href":"https:\/\/solarity.eu\/hu\/wp-json\/wp\/v2\/comments?post=37997"}],"version-history":[{"count":0,"href":"https:\/\/solarity.eu\/hu\/wp-json\/wp\/v2\/pages\/37997\/revisions"}],"up":[{"embeddable":true,"href":"https:\/\/solarity.eu\/hu\/wp-json\/wp\/v2\/pages\/37994"}],"wp:attachment":[{"href":"https:\/\/solarity.eu\/hu\/wp-json\/wp\/v2\/media?parent=37997"}],"curies":[{"name":"wp","href":"https:\/\/api.w.org\/{rel}","templated":true}]}}