{"id":38009,"date":"2022-01-03T11:47:48","date_gmt":"2022-01-03T11:47:48","guid":{"rendered":"https:\/\/solarity.hu\/?page_id=20333"},"modified":"2024-01-28T18:50:54","modified_gmt":"2024-01-28T18:50:54","slug":"cookie-szabalyzat","status":"publish","type":"page","link":"https:\/\/solarity.eu\/hu\/cookie-szabalyzat\/","title":{"rendered":"Cookie Szab\u00e1lyzat"},"content":{"rendered":"\t\t<div data-elementor-type=\"wp-page\" data-elementor-id=\"38009\" class=\"elementor elementor-38009 elementor-25263\" data-elementor-post-type=\"page\">\n\t\t\t\t\t\t<section class=\"elementor-section elementor-top-section elementor-element elementor-element-630ed006 elementor-section-boxed elementor-section-height-default elementor-section-height-default parallax_section_no qode_elementor_container_no\" data-id=\"630ed006\" data-element_type=\"section\">\n\t\t\t\t\t\t<div class=\"elementor-container elementor-column-gap-default\">\n\t\t\t\t\t<div class=\"elementor-column elementor-col-100 elementor-top-column elementor-element elementor-element-24ba7ab6\" data-id=\"24ba7ab6\" data-element_type=\"column\">\n\t\t\t<div class=\"elementor-widget-wrap elementor-element-populated\">\n\t\t\t\t\t\t\t<\/div>\n\t\t<\/div>\n\t\t\t\t\t<\/div>\n\t\t<\/section>\n\t\t\t\t<section class=\"elementor-section elementor-top-section elementor-element elementor-element-44e2f0f3 elementor-section-boxed elementor-section-height-default elementor-section-height-default parallax_section_no qode_elementor_container_no\" data-id=\"44e2f0f3\" data-element_type=\"section\">\n\t\t\t\t\t\t<div class=\"elementor-container elementor-column-gap-default\">\n\t\t\t\t\t<div class=\"elementor-column elementor-col-100 elementor-top-column elementor-element elementor-element-7d97b815\" data-id=\"7d97b815\" data-element_type=\"column\">\n\t\t\t<div class=\"elementor-widget-wrap elementor-element-populated\">\n\t\t\t\t\t\t<div class=\"elementor-element elementor-element-2dbfe946 elementor-widget elementor-widget-heading\" data-id=\"2dbfe946\" data-element_type=\"widget\" data-widget_type=\"heading.default\">\n\t\t\t\t<div class=\"elementor-widget-container\">\n\t\t\t\t\t<h2 class=\"elementor-heading-title elementor-size-default\">A Cookie Szab\u00e1lyzatr\u00f3l<\/h2>\t\t\t\t<\/div>\n\t\t\t\t<\/div>\n\t\t\t\t<div class=\"elementor-element elementor-element-5c4725e4 elementor-widget elementor-widget-text-editor\" data-id=\"5c4725e4\" data-element_type=\"widget\" data-widget_type=\"text-editor.default\">\n\t\t\t\t<div class=\"elementor-widget-container\">\n\t\t\t\t\t\t\t\t\t<p>Jelen Cookie Szab\u00e1lyzat elmagyar\u00e1zza, hogy mik a cookie-k \u00e9s hogyan haszn\u00e1ljuk \u0151ket, milyen t\u00edpus\u00fa cookie-kat haszn\u00e1lunk, azaz milyen inform\u00e1ci\u00f3kat gy\u0171jt\u00fcnk a cookie-k seg\u00edts\u00e9g\u00e9vel, \u00e9s hogyan haszn\u00e1ljuk ezeket az inform\u00e1ci\u00f3kat, valamint hogy hogyan lehet szab\u00e1lyozni a cookie-be\u00e1ll\u00edt\u00e1sokat. Az \u00d6n szem\u00e9lyes adatainak felhaszn\u00e1l\u00e1s\u00e1val, t\u00e1rol\u00e1s\u00e1val \u00e9s biztons\u00e1g\u00e1val kapcsolatos tov\u00e1bbi inform\u00e1ci\u00f3k\u00e9rt tekintse meg Adatv\u00e9delmi Szab\u00e1lyzatunkat.<\/p><p>\u00a0<\/p><p>Weboldalunkon b\u00e1rmikor m\u00f3dos\u00edthatja vagy visszavonhatja hozz\u00e1j\u00e1rul\u00e1s\u00e1t a Cookie Szab\u00e1lyzathoz<br \/>Adatv\u00e9delmi Szab\u00e1lyzatunkb\u00f3l t\u00f6bbet is megtudhat r\u00f3lunk, hogy hogyan veheti fel vel\u00fcnk a kapcsolatot, \u00e9s mik\u00e9nt kezelj\u00fck szem\u00e9lyes adatait.<\/p><p>\u00a0<\/p><p>Az \u00d6n hozz\u00e1j\u00e1rul\u00e1sa az al\u00e1bbi domainekre vonatkozik: solarity.hu<\/p><p>\u00a0<\/p><p>[user_consent_state]<\/p>\t\t\t\t\t\t\t\t<\/div>\n\t\t\t\t<\/div>\n\t\t\t\t\t<\/div>\n\t\t<\/div>\n\t\t\t\t\t<\/div>\n\t\t<\/section>\n\t\t\t\t<section class=\"elementor-section elementor-top-section elementor-element elementor-element-1d9a802b elementor-section-boxed elementor-section-height-default elementor-section-height-default parallax_section_no qode_elementor_container_no\" data-id=\"1d9a802b\" data-element_type=\"section\">\n\t\t\t\t\t\t<div class=\"elementor-container elementor-column-gap-default\">\n\t\t\t\t\t<div class=\"elementor-column elementor-col-100 elementor-top-column elementor-element elementor-element-4325584d\" data-id=\"4325584d\" data-element_type=\"column\">\n\t\t\t<div class=\"elementor-widget-wrap elementor-element-populated\">\n\t\t\t\t\t\t<div class=\"elementor-element elementor-element-2d4800d elementor-widget elementor-widget-heading\" data-id=\"2d4800d\" data-element_type=\"widget\" data-widget_type=\"heading.default\">\n\t\t\t\t<div class=\"elementor-widget-container\">\n\t\t\t\t\t<h2 class=\"elementor-heading-title elementor-size-default\">Mik azok a cookie-k?<\/h2>\t\t\t\t<\/div>\n\t\t\t\t<\/div>\n\t\t\t\t<div class=\"elementor-element elementor-element-5009edff elementor-widget elementor-widget-text-editor\" data-id=\"5009edff\" data-element_type=\"widget\" data-widget_type=\"text-editor.default\">\n\t\t\t\t<div class=\"elementor-widget-container\">\n\t\t\t\t\t\t\t\t\t<p>Mint a legt\u00f6bb online szolg\u00e1ltat\u00e1s, weboldalunk is t\u00f6bbf\u00e9le c\u00e9lb\u00f3l haszn\u00e1l els\u0151dleges \u00e9s harmadik f\u00e9lt\u0151l sz\u00e1rmaz\u00f3 cookie-kat. Az els\u0151dleges cookie-k t\u00f6bbnyire a weboldal megfelel\u0151 m\u0171k\u00f6d\u00e9s\u00e9hez sz\u00fcks\u00e9gesek, \u00e9s nem gy\u0171jtenek semmilyen szem\u00e9lyazonos\u00edt\u00e1sra alkalmas adatot.<br \/>A weboldalunkon haszn\u00e1lt harmadik f\u00e9lt\u0151l sz\u00e1rmaz\u00f3 s\u00fctik f\u0151k\u00e9nt a weboldal teljes\u00edtm\u00e9ny\u00e9nek meg\u00e9rt\u00e9s\u00e9re szolg\u00e1lnak. Arra, hogy a l\u00e1togat\u00f3 hogyan l\u00e9p kapcsolatba a weboldalunkkal, szolg\u00e1ltat\u00e1saink biztons\u00e1gban tart\u00e1s\u00e1ra, a l\u00e1togat\u00f3 sz\u00e1m\u00e1ra relev\u00e1ns hirdet\u00e9sek biztos\u00edt\u00e1s\u00e1ra, \u00e9s \u00f6sszess\u00e9g\u00e9ben jobb \u00e9s tov\u00e1bbfejlesztett felhaszn\u00e1l\u00f3i \u00e9lm\u00e9ny ny\u00fajt\u00e1s\u00e1ra, \u00e9s seg\u00edtenek felgyors\u00edtani a weboldalunkkal val\u00f3 j\u00f6v\u0151beni interakci\u00f3it.<\/p>\t\t\t\t\t\t\t\t<\/div>\n\t\t\t\t<\/div>\n\t\t\t\t\t<\/div>\n\t\t<\/div>\n\t\t\t\t\t<\/div>\n\t\t<\/section>\n\t\t\t\t<section class=\"elementor-section elementor-top-section elementor-element elementor-element-5b7055c2 elementor-section-boxed elementor-section-height-default elementor-section-height-default parallax_section_no qode_elementor_container_no\" data-id=\"5b7055c2\" data-element_type=\"section\">\n\t\t\t\t\t\t<div class=\"elementor-container elementor-column-gap-default\">\n\t\t\t\t\t<div class=\"elementor-column elementor-col-100 elementor-top-column elementor-element elementor-element-6b0f0397\" data-id=\"6b0f0397\" data-element_type=\"column\">\n\t\t\t<div class=\"elementor-widget-wrap elementor-element-populated\">\n\t\t\t\t\t\t<div class=\"elementor-element elementor-element-61157db4 elementor-widget elementor-widget-heading\" data-id=\"61157db4\" data-element_type=\"widget\" data-widget_type=\"heading.default\">\n\t\t\t\t<div class=\"elementor-widget-container\">\n\t\t\t\t\t<h2 class=\"elementor-heading-title elementor-size-default\">Hogyan haszn\u00e1ljuk a cookie-kat?<\/h2>\t\t\t\t<\/div>\n\t\t\t\t<\/div>\n\t\t\t\t<div class=\"elementor-element elementor-element-cd1b961 elementor-widget elementor-widget-text-editor\" data-id=\"cd1b961\" data-element_type=\"widget\" data-widget_type=\"text-editor.default\">\n\t\t\t\t<div class=\"elementor-widget-container\">\n\t\t\t\t\t\t\t\t\t<p>As most of the online services, our website uses first-party and third-party cookies for several purposes. First-party cookies are mostly necessary for the website to function the right way, and they do not collect any of your personally identifiable data.<\/p><p>The third-party cookies used on our website are mainly for understanding how the website performs, how you interact with our website, keeping our services secure, providing advertisements that are relevant to you, and all in all providing you with a better and improved user experience and help speed up your future interactions with our website.<\/p>\t\t\t\t\t\t\t\t<\/div>\n\t\t\t\t<\/div>\n\t\t\t\t\t<\/div>\n\t\t<\/div>\n\t\t\t\t\t<\/div>\n\t\t<\/section>\n\t\t\t\t<section class=\"elementor-section elementor-top-section elementor-element elementor-element-5453d840 elementor-section-boxed elementor-section-height-default elementor-section-height-default parallax_section_no qode_elementor_container_no\" data-id=\"5453d840\" data-element_type=\"section\">\n\t\t\t\t\t\t<div class=\"elementor-container elementor-column-gap-default\">\n\t\t\t\t\t<div class=\"elementor-column elementor-col-100 elementor-top-column elementor-element elementor-element-52bef543\" data-id=\"52bef543\" data-element_type=\"column\">\n\t\t\t<div class=\"elementor-widget-wrap elementor-element-populated\">\n\t\t\t\t\t\t<div class=\"elementor-element elementor-element-e899ad5 elementor-widget elementor-widget-heading\" data-id=\"e899ad5\" data-element_type=\"widget\" data-widget_type=\"heading.default\">\n\t\t\t\t<div class=\"elementor-widget-container\">\n\t\t\t\t\t<h2 class=\"elementor-heading-title elementor-size-default\">Milyen t\u00edpus\u00fa cookie-kat haszn\u00e1lunk?<\/h2>\t\t\t\t<\/div>\n\t\t\t\t<\/div>\n\t\t\t\t<div class=\"elementor-element elementor-element-38b227de elementor-widget elementor-widget-text-editor\" data-id=\"38b227de\" data-element_type=\"widget\" data-widget_type=\"text-editor.default\">\n\t\t\t\t<div class=\"elementor-widget-container\">\n\t\t\t\t\t\t\t\t\t<p>[cookie_audit columns=&#8221;category,cookie, duration, description&#8221; heading=&#8221;Az al\u00e1bbi lista r\u00e9szletezi a weboldalunkon haszn\u00e1lt cookie-kat.&#8221;]<\/p>\t\t\t\t\t\t\t\t<\/div>\n\t\t\t\t<\/div>\n\t\t\t\t\t<\/div>\n\t\t<\/div>\n\t\t\t\t\t<\/div>\n\t\t<\/section>\n\t\t\t\t<section class=\"elementor-section elementor-top-section elementor-element elementor-element-30bbe77a elementor-section-boxed elementor-section-height-default elementor-section-height-default parallax_section_no qode_elementor_container_no\" data-id=\"30bbe77a\" data-element_type=\"section\">\n\t\t\t\t\t\t<div class=\"elementor-container elementor-column-gap-default\">\n\t\t\t\t\t<div class=\"elementor-column elementor-col-100 elementor-top-column elementor-element elementor-element-1ab458ca\" data-id=\"1ab458ca\" data-element_type=\"column\">\n\t\t\t<div class=\"elementor-widget-wrap elementor-element-populated\">\n\t\t\t\t\t\t<div class=\"elementor-element elementor-element-644b083a elementor-widget elementor-widget-heading\" data-id=\"644b083a\" data-element_type=\"widget\" data-widget_type=\"heading.default\">\n\t\t\t\t<div class=\"elementor-widget-container\">\n\t\t\t\t\t<h2 class=\"elementor-heading-title elementor-size-default\">Hogyan szab\u00e1lyozhatom a cookie-be\u00e1ll\u00edt\u00e1sokat?<\/h2>\t\t\t\t<\/div>\n\t\t\t\t<\/div>\n\t\t\t\t<div class=\"elementor-element elementor-element-7799bafd elementor-widget elementor-widget-text-editor\" data-id=\"7799bafd\" data-element_type=\"widget\" data-widget_type=\"text-editor.default\">\n\t\t\t\t<div class=\"elementor-widget-container\">\n\t\t\t\t\t\t\t\t\t<p>Ha k\u00e9s\u0151bb \u00fagy d\u00f6nt, hogy m\u00f3dos\u00edtja a be\u00e1ll\u00edt\u00e1sokat a b\u00f6ng\u00e9sz\u00e9si munkamenet sor\u00e1n, kattintson a k\u00e9perny\u0151n az \u201eAdatv\u00e9delem \u00e9s Cookie Szab\u00e1lyzat\u201d f\u00fclre. Ekkor ism\u00e9t megjelenik a beleegyez\u00e9sr\u0151l sz\u00f3l\u00f3 \u00e9rtes\u00edt\u00e9s, amely lehet\u0151v\u00e9 teszi a be\u00e1ll\u00edt\u00e1sok megv\u00e1ltoztat\u00e1s\u00e1t vagy a hozz\u00e1j\u00e1rul\u00e1s teljes visszavon\u00e1s\u00e1t.<\/p><p>\u00a0<\/p><p>Ezen fel\u00fcl a k\u00fcl\u00f6nb\u00f6z\u0151 b\u00f6ng\u00e9sz\u0151k k\u00fcl\u00f6nb\u00f6z\u0151 m\u00f3dszereket k\u00edn\u00e1lnak a weboldalak \u00e1ltal haszn\u00e1lt s\u00fctik blokkol\u00e1s\u00e1ra \u00e9s t\u00f6rl\u00e9s\u00e9re. M\u00f3dos\u00edthatja b\u00f6ng\u00e9sz\u0151j\u00e9nek be\u00e1ll\u00edt\u00e1sait a s\u00fctik blokkol\u00e1s\u00e1ra\/t\u00f6rl\u00e9s\u00e9re. Ha t\u00f6bbet szeretne megtudni a s\u00fctik kezel\u00e9s\u00e9r\u0151l \u00e9s t\u00f6rl\u00e9s\u00e9r\u0151l, l\u00e1togasson el a wikipedia.org vagy a www.allaboutcookies.org weboldalra.<\/p>\t\t\t\t\t\t\t\t<\/div>\n\t\t\t\t<\/div>\n\t\t\t\t\t<\/div>\n\t\t<\/div>\n\t\t\t\t\t<\/div>\n\t\t<\/section>\n\t\t\t\t<\/div>\n\t\t","protected":false},"excerpt":{"rendered":"<p>A Cookie Szab\u00e1lyzatr\u00f3l Jelen Cookie Szab\u00e1lyzat elmagyar\u00e1zza, hogy mik a cookie-k \u00e9s hogyan haszn\u00e1ljuk \u0151ket, milyen t\u00edpus\u00fa cookie-kat haszn\u00e1lunk, azaz milyen inform\u00e1ci\u00f3kat gy\u0171jt\u00fcnk a cookie-k seg\u00edts\u00e9g\u00e9vel, \u00e9s hogyan haszn\u00e1ljuk ezeket az inform\u00e1ci\u00f3kat, valamint hogy hogyan lehet szab\u00e1lyozni a cookie-be\u00e1ll\u00edt\u00e1sokat. Az \u00d6n szem\u00e9lyes adatainak felhaszn\u00e1l\u00e1s\u00e1val, t\u00e1rol\u00e1s\u00e1val&#8230;<\/p>\n","protected":false},"author":30,"featured_media":0,"parent":0,"menu_order":0,"comment_status":"closed","ping_status":"closed","template":"","meta":{"footnotes":""},"class_list":["post-38009","page","type-page","status-publish","hentry"],"yoast_head":"<!-- This site is optimized with the Yoast SEO Premium plugin v25.6 (Yoast SEO v25.6) - https:\/\/yoast.com\/wordpress\/plugins\/seo\/ -->\n<title>A s\u00fctik haszn\u00e1lat\u00e1nak alapelvei | Solarity - napelemes rendszerek forgalmaz\u00f3ja \u00e9s nagykeresked\u0151je<\/title>\n<meta name=\"description\" content=\"Ismerje meg a s\u00fctiket, hogyan haszn\u00e1ljuk \u0151ket a Solarity-n\u00e9l, \u00e9s tudja meg, hogyan szab\u00e1lyozhatja a s\u00fcti-be\u00e1ll\u00edt\u00e1sokat.\" \/>\n<meta name=\"robots\" content=\"index, follow, max-snippet:-1, max-image-preview:large, max-video-preview:-1\" \/>\n<link rel=\"canonical\" href=\"https:\/\/solarity.eu\/hu\/cookie-szabalyzat\/\" \/>\n<meta property=\"og:locale\" content=\"hu_HU\" \/>\n<meta property=\"og:type\" content=\"article\" \/>\n<meta property=\"og:title\" content=\"Cookie Szab\u00e1lyzat\" \/>\n<meta property=\"og:description\" content=\"Ismerje meg a s\u00fctiket, hogyan haszn\u00e1ljuk \u0151ket a Solarity-n\u00e9l, \u00e9s tudja meg, hogyan szab\u00e1lyozhatja a s\u00fcti-be\u00e1ll\u00edt\u00e1sokat.\" \/>\n<meta property=\"og:url\" content=\"https:\/\/solarity.eu\/hu\/cookie-szabalyzat\/\" \/>\n<meta property=\"og:site_name\" content=\"Solarity\" \/>\n<meta property=\"article:publisher\" content=\"https:\/\/www.facebook.com\/solaritycz\/\" \/>\n<meta property=\"article:modified_time\" content=\"2024-01-28T18:50:54+00:00\" \/>\n<meta name=\"twitter:card\" content=\"summary_large_image\" \/>\n<meta name=\"twitter:label1\" content=\"Becs\u00fclt olvas\u00e1si id\u0151\" \/>\n\t<meta name=\"twitter:data1\" content=\"2 perc\" \/>\n<script type=\"application\/ld+json\" class=\"yoast-schema-graph\">{\"@context\":\"https:\/\/schema.org\",\"@graph\":[{\"@type\":\"WebPage\",\"@id\":\"https:\/\/solarity.eu\/hu\/cookie-szabalyzat\/\",\"url\":\"https:\/\/solarity.eu\/hu\/cookie-szabalyzat\/\",\"name\":\"A s\u00fctik haszn\u00e1lat\u00e1nak alapelvei | Solarity - napelemes rendszerek forgalmaz\u00f3ja \u00e9s nagykeresked\u0151je\",\"isPartOf\":{\"@id\":\"https:\/\/solarity.eu\/hu\/#website\"},\"datePublished\":\"2022-01-03T11:47:48+00:00\",\"dateModified\":\"2024-01-28T18:50:54+00:00\",\"description\":\"Ismerje meg a s\u00fctiket, hogyan haszn\u00e1ljuk \u0151ket a Solarity-n\u00e9l, \u00e9s tudja meg, hogyan szab\u00e1lyozhatja a s\u00fcti-be\u00e1ll\u00edt\u00e1sokat.\",\"breadcrumb\":{\"@id\":\"https:\/\/solarity.eu\/hu\/cookie-szabalyzat\/#breadcrumb\"},\"inLanguage\":\"hu\",\"potentialAction\":[{\"@type\":\"ReadAction\",\"target\":[\"https:\/\/solarity.eu\/hu\/cookie-szabalyzat\/\"]}]},{\"@type\":\"BreadcrumbList\",\"@id\":\"https:\/\/solarity.eu\/hu\/cookie-szabalyzat\/#breadcrumb\",\"itemListElement\":[{\"@type\":\"ListItem\",\"position\":1,\"name\":\"Home\",\"item\":\"https:\/\/solarity.eu\/hu\/homepage\/\"},{\"@type\":\"ListItem\",\"position\":2,\"name\":\"Cookie Szab\u00e1lyzat\"}]},{\"@type\":\"WebSite\",\"@id\":\"https:\/\/solarity.eu\/hu\/#website\",\"url\":\"https:\/\/solarity.eu\/hu\/\",\"name\":\"Solarity\",\"description\":\"Distributor and wholesaler of photovoltaic systems\",\"publisher\":{\"@id\":\"https:\/\/solarity.eu\/hu\/#organization\"},\"potentialAction\":[{\"@type\":\"SearchAction\",\"target\":{\"@type\":\"EntryPoint\",\"urlTemplate\":\"https:\/\/solarity.eu\/hu\/?s={search_term_string}\"},\"query-input\":{\"@type\":\"PropertyValueSpecification\",\"valueRequired\":true,\"valueName\":\"search_term_string\"}}],\"inLanguage\":\"hu\"},{\"@type\":\"Organization\",\"@id\":\"https:\/\/solarity.eu\/hu\/#organization\",\"name\":\"Solarity\",\"url\":\"https:\/\/solarity.eu\/hu\/\",\"logo\":{\"@type\":\"ImageObject\",\"inLanguage\":\"hu\",\"@id\":\"https:\/\/solarity.eu\/hu\/#\/schema\/logo\/image\/\",\"url\":\"https:\/\/solarity.eu\/wp-content\/uploads\/2020\/08\/Solarity_Logo_new.jpg\",\"contentUrl\":\"https:\/\/solarity.eu\/wp-content\/uploads\/2020\/08\/Solarity_Logo_new.jpg\",\"width\":364,\"height\":59,\"caption\":\"Solarity\"},\"image\":{\"@id\":\"https:\/\/solarity.eu\/hu\/#\/schema\/logo\/image\/\"},\"sameAs\":[\"https:\/\/www.facebook.com\/solaritycz\/\"]}]}<\/script>\n<!-- \/ Yoast SEO Premium plugin. -->","yoast_head_json":{"title":"A s\u00fctik haszn\u00e1lat\u00e1nak alapelvei | Solarity - napelemes rendszerek forgalmaz\u00f3ja \u00e9s nagykeresked\u0151je","description":"Ismerje meg a s\u00fctiket, hogyan haszn\u00e1ljuk \u0151ket a Solarity-n\u00e9l, \u00e9s tudja meg, hogyan szab\u00e1lyozhatja a s\u00fcti-be\u00e1ll\u00edt\u00e1sokat.","robots":{"index":"index","follow":"follow","max-snippet":"max-snippet:-1","max-image-preview":"max-image-preview:large","max-video-preview":"max-video-preview:-1"},"canonical":"https:\/\/solarity.eu\/hu\/cookie-szabalyzat\/","og_locale":"hu_HU","og_type":"article","og_title":"Cookie Szab\u00e1lyzat","og_description":"Ismerje meg a s\u00fctiket, hogyan haszn\u00e1ljuk \u0151ket a Solarity-n\u00e9l, \u00e9s tudja meg, hogyan szab\u00e1lyozhatja a s\u00fcti-be\u00e1ll\u00edt\u00e1sokat.","og_url":"https:\/\/solarity.eu\/hu\/cookie-szabalyzat\/","og_site_name":"Solarity","article_publisher":"https:\/\/www.facebook.com\/solaritycz\/","article_modified_time":"2024-01-28T18:50:54+00:00","twitter_card":"summary_large_image","twitter_misc":{"Becs\u00fclt olvas\u00e1si id\u0151":"2 perc"},"schema":{"@context":"https:\/\/schema.org","@graph":[{"@type":"WebPage","@id":"https:\/\/solarity.eu\/hu\/cookie-szabalyzat\/","url":"https:\/\/solarity.eu\/hu\/cookie-szabalyzat\/","name":"A s\u00fctik haszn\u00e1lat\u00e1nak alapelvei | Solarity - napelemes rendszerek forgalmaz\u00f3ja \u00e9s nagykeresked\u0151je","isPartOf":{"@id":"https:\/\/solarity.eu\/hu\/#website"},"datePublished":"2022-01-03T11:47:48+00:00","dateModified":"2024-01-28T18:50:54+00:00","description":"Ismerje meg a s\u00fctiket, hogyan haszn\u00e1ljuk \u0151ket a Solarity-n\u00e9l, \u00e9s tudja meg, hogyan szab\u00e1lyozhatja a s\u00fcti-be\u00e1ll\u00edt\u00e1sokat.","breadcrumb":{"@id":"https:\/\/solarity.eu\/hu\/cookie-szabalyzat\/#breadcrumb"},"inLanguage":"hu","potentialAction":[{"@type":"ReadAction","target":["https:\/\/solarity.eu\/hu\/cookie-szabalyzat\/"]}]},{"@type":"BreadcrumbList","@id":"https:\/\/solarity.eu\/hu\/cookie-szabalyzat\/#breadcrumb","itemListElement":[{"@type":"ListItem","position":1,"name":"Home","item":"https:\/\/solarity.eu\/hu\/homepage\/"},{"@type":"ListItem","position":2,"name":"Cookie Szab\u00e1lyzat"}]},{"@type":"WebSite","@id":"https:\/\/solarity.eu\/hu\/#website","url":"https:\/\/solarity.eu\/hu\/","name":"Solarity","description":"Distributor and wholesaler of photovoltaic systems","publisher":{"@id":"https:\/\/solarity.eu\/hu\/#organization"},"potentialAction":[{"@type":"SearchAction","target":{"@type":"EntryPoint","urlTemplate":"https:\/\/solarity.eu\/hu\/?s={search_term_string}"},"query-input":{"@type":"PropertyValueSpecification","valueRequired":true,"valueName":"search_term_string"}}],"inLanguage":"hu"},{"@type":"Organization","@id":"https:\/\/solarity.eu\/hu\/#organization","name":"Solarity","url":"https:\/\/solarity.eu\/hu\/","logo":{"@type":"ImageObject","inLanguage":"hu","@id":"https:\/\/solarity.eu\/hu\/#\/schema\/logo\/image\/","url":"https:\/\/solarity.eu\/wp-content\/uploads\/2020\/08\/Solarity_Logo_new.jpg","contentUrl":"https:\/\/solarity.eu\/wp-content\/uploads\/2020\/08\/Solarity_Logo_new.jpg","width":364,"height":59,"caption":"Solarity"},"image":{"@id":"https:\/\/solarity.eu\/hu\/#\/schema\/logo\/image\/"},"sameAs":["https:\/\/www.facebook.com\/solaritycz\/"]}]}},"_links":{"self":[{"href":"https:\/\/solarity.eu\/hu\/wp-json\/wp\/v2\/pages\/38009","targetHints":{"allow":["GET"]}}],"collection":[{"href":"https:\/\/solarity.eu\/hu\/wp-json\/wp\/v2\/pages"}],"about":[{"href":"https:\/\/solarity.eu\/hu\/wp-json\/wp\/v2\/types\/page"}],"author":[{"embeddable":true,"href":"https:\/\/solarity.eu\/hu\/wp-json\/wp\/v2\/users\/30"}],"replies":[{"embeddable":true,"href":"https:\/\/solarity.eu\/hu\/wp-json\/wp\/v2\/comments?post=38009"}],"version-history":[{"count":2,"href":"https:\/\/solarity.eu\/hu\/wp-json\/wp\/v2\/pages\/38009\/revisions"}],"predecessor-version":[{"id":145954,"href":"https:\/\/solarity.eu\/hu\/wp-json\/wp\/v2\/pages\/38009\/revisions\/145954"}],"wp:attachment":[{"href":"https:\/\/solarity.eu\/hu\/wp-json\/wp\/v2\/media?parent=38009"}],"curies":[{"name":"wp","href":"https:\/\/api.w.org\/{rel}","templated":true}]}}