{"id":38010,"date":"2022-04-14T14:10:03","date_gmt":"2022-04-14T14:10:03","guid":{"rendered":"https:\/\/solarity.hu\/?page_id=23304"},"modified":"2023-09-07T13:26:05","modified_gmt":"2023-09-07T13:26:05","slug":"newsletter-landing-page","status":"publish","type":"page","link":"https:\/\/solarity.eu\/hu\/newsletter-landing-page\/","title":{"rendered":"Newsletter landing page"},"content":{"rendered":"\t\t<div data-elementor-type=\"wp-page\" data-elementor-id=\"38010\" class=\"elementor elementor-38010 elementor-37247\" data-elementor-post-type=\"page\">\n\t\t\t\t\t\t<section class=\"elementor-section elementor-top-section elementor-element elementor-element-4cf8a7be elementor-section-boxed elementor-section-height-default elementor-section-height-default parallax_section_no qode_elementor_container_no\" data-id=\"4cf8a7be\" data-element_type=\"section\">\n\t\t\t\t\t\t<div class=\"elementor-container elementor-column-gap-default\">\n\t\t\t\t\t<div class=\"elementor-column elementor-col-100 elementor-top-column elementor-element elementor-element-51fb4c7d\" data-id=\"51fb4c7d\" data-element_type=\"column\">\n\t\t\t<div class=\"elementor-widget-wrap elementor-element-populated\">\n\t\t\t\t\t\t<div class=\"elementor-element elementor-element-798c11ce elementor-widget elementor-widget-template\" data-id=\"798c11ce\" data-element_type=\"widget\" data-widget_type=\"template.default\">\n\t\t\t\t<div class=\"elementor-widget-container\">\n\t\t\t\t\t\t\t<div class=\"elementor-template\">\n\t\t\t\t\t<div data-elementor-type=\"page\" data-elementor-id=\"64537\" class=\"elementor elementor-64537\" data-elementor-post-type=\"elementor_library\">\n\t\t\t\t\t\t<section class=\"elementor-section elementor-inner-section elementor-element elementor-element-3737520 elementor-section-boxed elementor-section-height-default elementor-section-height-default parallax_section_no qode_elementor_container_no\" data-id=\"3737520\" data-element_type=\"section\">\n\t\t\t\t\t\t<div class=\"elementor-container elementor-column-gap-default\">\n\t\t\t\t\t<div class=\"elementor-column elementor-col-100 elementor-inner-column elementor-element elementor-element-6f7f1648\" data-id=\"6f7f1648\" data-element_type=\"column\">\n\t\t\t<div class=\"elementor-widget-wrap elementor-element-populated\">\n\t\t\t\t\t\t<div class=\"elementor-element elementor-element-760fe505 elementor-widget elementor-widget-text-editor\" data-id=\"760fe505\" data-element_type=\"widget\" data-widget_type=\"text-editor.default\">\n\t\t\t\t<div class=\"elementor-widget-container\">\n\t\t\t\t\t\t\t\t\t<p style=\"color: #54595f;font-size: 2em;font-weight: 400\">H\u00edrlev\u00e9l feliratkoz\u00e1s<\/p>\n&nbsp;\n<p style=\"color: #54595f;font-size: 1.2em;font-weight: 300\">Az e-mail elk\u00fcld\u00e9s\u00e9vel beleegyezik, hogy h\u00edreket kapjon a Solarityt\u0151l.<\/p>\n&nbsp;\n<p style=\"color: #54595f;font-size: 1.2em;font-weight: 300\">Nem kell att\u00f3l tartania, hogy felesleges h\u00edrlevelet k\u00fcld\u00fcnk.<\/p>\n&nbsp;\n<p style=\"color: #54595f;font-size: 1.2em;font-weight: 300\">\u00dczeneteink tartalma mindig a fotovoltaikus vil\u00e1g \u00e9s c\u00e9g\u00fcnk h\u00edrei, konferenci\u00e1k, szemin\u00e1riumok vagy v\u00e1s\u00e1rok megh\u00edv\u00e1sai lesznek.<\/p>\t\t\t\t\t\t\t\t<\/div>\n\t\t\t\t<\/div>\n\t\t\t\t<div class=\"elementor-element elementor-element-614c5139 elementor-button-align-center elementor-widget elementor-widget-form\" data-id=\"614c5139\" data-element_type=\"widget\" data-settings=\"{&quot;button_width&quot;:&quot;30&quot;,&quot;step_next_label&quot;:&quot;Next&quot;,&quot;step_previous_label&quot;:&quot;Previous&quot;,&quot;step_type&quot;:&quot;number_text&quot;,&quot;step_icon_shape&quot;:&quot;circle&quot;}\" data-widget_type=\"form.default\">\n\t\t\t\t<div class=\"elementor-widget-container\">\n\t\t\t\t\t\t\t<form class=\"elementor-form\" method=\"post\" id=\"thank_you_hu\" name=\"Newsletter HU\" aria-label=\"Newsletter HU\">\n\t\t\t<input type=\"hidden\" name=\"post_id\" value=\"64537\"\/>\n\t\t\t<input type=\"hidden\" name=\"form_id\" value=\"614c5139\"\/>\n\t\t\t<input type=\"hidden\" name=\"referer_title\" value=\"Newsletter landing page | Solarity - napelemes rendszerek forgalmaz\u00f3ja \u00e9s nagykeresked\u0151je\" \/>\n\n\t\t\t\t\t\t\t<input type=\"hidden\" name=\"queried_id\" value=\"38010\"\/>\n\t\t\t\n\t\t\t<div class=\"elementor-form-fields-wrapper elementor-labels-\">\n\t\t\t\t\t\t\t\t<div class=\"elementor-field-type-email elementor-field-group elementor-column elementor-field-group-email elementor-col-70 elementor-field-required\">\n\t\t\t\t\t\t\t\t\t\t\t\t\t<input size=\"1\" type=\"email\" name=\"form_fields[email]\" id=\"form-field-email\" class=\"elementor-field elementor-size-md  elementor-field-textual\" placeholder=\"K\u00e9rj\u00fck, \u00edrja be az e-mail c\u00edm\u00e9t\" required=\"required\">\n\t\t\t\t\t\t\t\t\t\t\t<\/div>\n\t\t\t\t\t\t\t\t<div class=\"elementor-field-group elementor-column elementor-field-type-submit elementor-col-30 e-form__buttons\">\n\t\t\t\t\t<button class=\"elementor-button elementor-size-sm\" type=\"submit\" id=\"hu_button_sub\">\n\t\t\t\t\t\t<span class=\"elementor-button-content-wrapper\">\n\t\t\t\t\t\t\t\t\t\t\t\t\t\t\t\t\t\t\t\t\t\t<span class=\"elementor-button-text\">K\u00dcLD\u00c9S<\/span>\n\t\t\t\t\t\t\t\t\t\t\t\t\t<\/span>\n\t\t\t\t\t<\/button>\n\t\t\t\t<\/div>\n\t\t\t<\/div>\n\t\t<\/form>\n\t\t\t\t\t\t<\/div>\n\t\t\t\t<\/div>\n\t\t\t\t\t<\/div>\n\t\t<\/div>\n\t\t\t\t\t<\/div>\n\t\t<\/section>\n\t\t\t\t<\/div>\n\t\t\t\t<\/div>\n\t\t\t\t\t\t<\/div>\n\t\t\t\t<\/div>\n\t\t\t\t\t<\/div>\n\t\t<\/div>\n\t\t\t\t\t<\/div>\n\t\t<\/section>\n\t\t\t\t<\/div>\n\t\t","protected":false},"excerpt":{"rendered":"","protected":false},"author":30,"featured_media":0,"parent":0,"menu_order":0,"comment_status":"closed","ping_status":"closed","template":"","meta":{"footnotes":""},"class_list":["post-38010","page","type-page","status-publish","hentry"],"yoast_head":"<!-- This site is optimized with the Yoast SEO Premium plugin v25.6 (Yoast SEO v25.6) - https:\/\/yoast.com\/wordpress\/plugins\/seo\/ -->\n<title>Newsletter landing page | Solarity - napelemes rendszerek forgalmaz\u00f3ja \u00e9s nagykeresked\u0151je<\/title>\n<meta name=\"robots\" content=\"index, follow, max-snippet:-1, max-image-preview:large, max-video-preview:-1\" \/>\n<link rel=\"canonical\" href=\"https:\/\/solarity.eu\/hu\/newsletter-landing-page\/\" \/>\n<meta property=\"og:locale\" content=\"hu_HU\" \/>\n<meta property=\"og:type\" content=\"article\" \/>\n<meta property=\"og:title\" content=\"Newsletter landing page\" \/>\n<meta property=\"og:url\" content=\"https:\/\/solarity.eu\/hu\/newsletter-landing-page\/\" \/>\n<meta property=\"og:site_name\" content=\"Solarity\" \/>\n<meta property=\"article:publisher\" content=\"https:\/\/www.facebook.com\/solaritycz\/\" \/>\n<meta property=\"article:modified_time\" content=\"2023-09-07T13:26:05+00:00\" \/>\n<meta name=\"twitter:card\" content=\"summary_large_image\" \/>\n<script type=\"application\/ld+json\" class=\"yoast-schema-graph\">{\"@context\":\"https:\/\/schema.org\",\"@graph\":[{\"@type\":\"WebPage\",\"@id\":\"https:\/\/solarity.eu\/hu\/newsletter-landing-page\/\",\"url\":\"https:\/\/solarity.eu\/hu\/newsletter-landing-page\/\",\"name\":\"Newsletter landing page | Solarity - napelemes rendszerek forgalmaz\u00f3ja \u00e9s nagykeresked\u0151je\",\"isPartOf\":{\"@id\":\"https:\/\/solarity.eu\/hu\/#website\"},\"datePublished\":\"2022-04-14T14:10:03+00:00\",\"dateModified\":\"2023-09-07T13:26:05+00:00\",\"breadcrumb\":{\"@id\":\"https:\/\/solarity.eu\/hu\/newsletter-landing-page\/#breadcrumb\"},\"inLanguage\":\"hu\",\"potentialAction\":[{\"@type\":\"ReadAction\",\"target\":[\"https:\/\/solarity.eu\/hu\/newsletter-landing-page\/\"]}]},{\"@type\":\"BreadcrumbList\",\"@id\":\"https:\/\/solarity.eu\/hu\/newsletter-landing-page\/#breadcrumb\",\"itemListElement\":[{\"@type\":\"ListItem\",\"position\":1,\"name\":\"Home\",\"item\":\"https:\/\/solarity.eu\/hu\/homepage\/\"},{\"@type\":\"ListItem\",\"position\":2,\"name\":\"Newsletter landing page\"}]},{\"@type\":\"WebSite\",\"@id\":\"https:\/\/solarity.eu\/hu\/#website\",\"url\":\"https:\/\/solarity.eu\/hu\/\",\"name\":\"Solarity\",\"description\":\"Distributor and wholesaler of photovoltaic systems\",\"publisher\":{\"@id\":\"https:\/\/solarity.eu\/hu\/#organization\"},\"potentialAction\":[{\"@type\":\"SearchAction\",\"target\":{\"@type\":\"EntryPoint\",\"urlTemplate\":\"https:\/\/solarity.eu\/hu\/?s={search_term_string}\"},\"query-input\":{\"@type\":\"PropertyValueSpecification\",\"valueRequired\":true,\"valueName\":\"search_term_string\"}}],\"inLanguage\":\"hu\"},{\"@type\":\"Organization\",\"@id\":\"https:\/\/solarity.eu\/hu\/#organization\",\"name\":\"Solarity\",\"url\":\"https:\/\/solarity.eu\/hu\/\",\"logo\":{\"@type\":\"ImageObject\",\"inLanguage\":\"hu\",\"@id\":\"https:\/\/solarity.eu\/hu\/#\/schema\/logo\/image\/\",\"url\":\"https:\/\/solarity.eu\/wp-content\/uploads\/2020\/08\/Solarity_Logo_new.jpg\",\"contentUrl\":\"https:\/\/solarity.eu\/wp-content\/uploads\/2020\/08\/Solarity_Logo_new.jpg\",\"width\":364,\"height\":59,\"caption\":\"Solarity\"},\"image\":{\"@id\":\"https:\/\/solarity.eu\/hu\/#\/schema\/logo\/image\/\"},\"sameAs\":[\"https:\/\/www.facebook.com\/solaritycz\/\"]}]}<\/script>\n<!-- \/ Yoast SEO Premium plugin. -->","yoast_head_json":{"title":"Newsletter landing page | Solarity - napelemes rendszerek forgalmaz\u00f3ja \u00e9s nagykeresked\u0151je","robots":{"index":"index","follow":"follow","max-snippet":"max-snippet:-1","max-image-preview":"max-image-preview:large","max-video-preview":"max-video-preview:-1"},"canonical":"https:\/\/solarity.eu\/hu\/newsletter-landing-page\/","og_locale":"hu_HU","og_type":"article","og_title":"Newsletter landing page","og_url":"https:\/\/solarity.eu\/hu\/newsletter-landing-page\/","og_site_name":"Solarity","article_publisher":"https:\/\/www.facebook.com\/solaritycz\/","article_modified_time":"2023-09-07T13:26:05+00:00","twitter_card":"summary_large_image","schema":{"@context":"https:\/\/schema.org","@graph":[{"@type":"WebPage","@id":"https:\/\/solarity.eu\/hu\/newsletter-landing-page\/","url":"https:\/\/solarity.eu\/hu\/newsletter-landing-page\/","name":"Newsletter landing page | Solarity - napelemes rendszerek forgalmaz\u00f3ja \u00e9s nagykeresked\u0151je","isPartOf":{"@id":"https:\/\/solarity.eu\/hu\/#website"},"datePublished":"2022-04-14T14:10:03+00:00","dateModified":"2023-09-07T13:26:05+00:00","breadcrumb":{"@id":"https:\/\/solarity.eu\/hu\/newsletter-landing-page\/#breadcrumb"},"inLanguage":"hu","potentialAction":[{"@type":"ReadAction","target":["https:\/\/solarity.eu\/hu\/newsletter-landing-page\/"]}]},{"@type":"BreadcrumbList","@id":"https:\/\/solarity.eu\/hu\/newsletter-landing-page\/#breadcrumb","itemListElement":[{"@type":"ListItem","position":1,"name":"Home","item":"https:\/\/solarity.eu\/hu\/homepage\/"},{"@type":"ListItem","position":2,"name":"Newsletter landing page"}]},{"@type":"WebSite","@id":"https:\/\/solarity.eu\/hu\/#website","url":"https:\/\/solarity.eu\/hu\/","name":"Solarity","description":"Distributor and wholesaler of photovoltaic systems","publisher":{"@id":"https:\/\/solarity.eu\/hu\/#organization"},"potentialAction":[{"@type":"SearchAction","target":{"@type":"EntryPoint","urlTemplate":"https:\/\/solarity.eu\/hu\/?s={search_term_string}"},"query-input":{"@type":"PropertyValueSpecification","valueRequired":true,"valueName":"search_term_string"}}],"inLanguage":"hu"},{"@type":"Organization","@id":"https:\/\/solarity.eu\/hu\/#organization","name":"Solarity","url":"https:\/\/solarity.eu\/hu\/","logo":{"@type":"ImageObject","inLanguage":"hu","@id":"https:\/\/solarity.eu\/hu\/#\/schema\/logo\/image\/","url":"https:\/\/solarity.eu\/wp-content\/uploads\/2020\/08\/Solarity_Logo_new.jpg","contentUrl":"https:\/\/solarity.eu\/wp-content\/uploads\/2020\/08\/Solarity_Logo_new.jpg","width":364,"height":59,"caption":"Solarity"},"image":{"@id":"https:\/\/solarity.eu\/hu\/#\/schema\/logo\/image\/"},"sameAs":["https:\/\/www.facebook.com\/solaritycz\/"]}]}},"_links":{"self":[{"href":"https:\/\/solarity.eu\/hu\/wp-json\/wp\/v2\/pages\/38010","targetHints":{"allow":["GET"]}}],"collection":[{"href":"https:\/\/solarity.eu\/hu\/wp-json\/wp\/v2\/pages"}],"about":[{"href":"https:\/\/solarity.eu\/hu\/wp-json\/wp\/v2\/types\/page"}],"author":[{"embeddable":true,"href":"https:\/\/solarity.eu\/hu\/wp-json\/wp\/v2\/users\/30"}],"replies":[{"embeddable":true,"href":"https:\/\/solarity.eu\/hu\/wp-json\/wp\/v2\/comments?post=38010"}],"version-history":[{"count":0,"href":"https:\/\/solarity.eu\/hu\/wp-json\/wp\/v2\/pages\/38010\/revisions"}],"wp:attachment":[{"href":"https:\/\/solarity.eu\/hu\/wp-json\/wp\/v2\/media?parent=38010"}],"curies":[{"name":"wp","href":"https:\/\/api.w.org\/{rel}","templated":true}]}}