{"id":38718,"date":"2021-04-01T16:07:20","date_gmt":"2021-04-01T16:07:20","guid":{"rendered":"https:\/\/solarity.cz\/ma\/?page_id=22741"},"modified":"2024-05-13T18:48:49","modified_gmt":"2024-05-13T18:48:49","slug":"nos-initiatives-en-matiere-de-responsabilite-sociale-des-entreprises","status":"publish","type":"page","link":"https:\/\/solarity.eu\/ma\/nos-initiatives-en-matiere-de-responsabilite-sociale-des-entreprises\/","title":{"rendered":"Nos initiatives en mati\u00e8re de responsabilit\u00e9 sociale des entreprises"},"content":{"rendered":"\t\t<div data-elementor-type=\"wp-page\" data-elementor-id=\"38718\" class=\"elementor elementor-38718 elementor-22741\" data-elementor-post-type=\"page\">\n\t\t\t\t\t\t<section class=\"elementor-section elementor-top-section elementor-element elementor-element-c6a3923 elementor-section-boxed elementor-section-height-default elementor-section-height-default parallax_section_no qode_elementor_container_no\" data-id=\"c6a3923\" data-element_type=\"section\">\n\t\t\t\t\t\t<div class=\"elementor-container elementor-column-gap-default\">\n\t\t\t\t\t<div class=\"elementor-column elementor-col-100 elementor-top-column elementor-element elementor-element-5fbfb82\" data-id=\"5fbfb82\" data-element_type=\"column\">\n\t\t\t<div class=\"elementor-widget-wrap elementor-element-populated\">\n\t\t\t\t\t\t\t<\/div>\n\t\t<\/div>\n\t\t\t\t\t<\/div>\n\t\t<\/section>\n\t\t\t\t<section class=\"elementor-section elementor-top-section elementor-element elementor-element-02fad38 elementor-section-boxed elementor-section-height-default elementor-section-height-default parallax_section_no qode_elementor_container_no\" data-id=\"02fad38\" data-element_type=\"section\">\n\t\t\t\t\t\t<div class=\"elementor-container elementor-column-gap-default\">\n\t\t\t\t\t<div class=\"elementor-column elementor-col-100 elementor-top-column elementor-element elementor-element-d87712d\" data-id=\"d87712d\" data-element_type=\"column\">\n\t\t\t<div class=\"elementor-widget-wrap elementor-element-populated\">\n\t\t\t\t\t\t<div class=\"elementor-element elementor-element-d314424 elementor-widget elementor-widget-text-editor\" data-id=\"d314424\" data-element_type=\"widget\" data-widget_type=\"text-editor.default\">\n\t\t\t\t<div class=\"elementor-widget-container\">\n\t\t\t\t\t\t\t\t\t<p>Avec l&#8217;impact des changements climatiques qui se profilent \u00e0 l&#8217;horizon, il devient de plus en plus important pour les entreprises de s&#8217;impliquer dans <strong>des initiatives de responsabilit\u00e9 sociale<\/strong> (RSE). Tout d&#8217;abord, qu&#8217;est-ce que la RSE ? La RSE fait r\u00e9f\u00e9rence \u00e0 l&#8217;engagement volontaire des entreprises \u00e0 se comporter de mani\u00e8re responsable vis-\u00e0-vis de l&#8217;environnement et de la soci\u00e9t\u00e9. Chez Solarity, nous prenons cet engagement au s\u00e9rieux.<\/p>\t\t\t\t\t\t\t\t<\/div>\n\t\t\t\t<\/div>\n\t\t\t\t\t<\/div>\n\t\t<\/div>\n\t\t\t\t\t<\/div>\n\t\t<\/section>\n\t\t\t\t<section class=\"elementor-section elementor-top-section elementor-element elementor-element-9e4132b elementor-section-boxed elementor-section-height-default elementor-section-height-default parallax_section_no qode_elementor_container_no\" data-id=\"9e4132b\" data-element_type=\"section\">\n\t\t\t\t\t\t<div class=\"elementor-container elementor-column-gap-default\">\n\t\t\t\t\t<div class=\"elementor-column elementor-col-50 elementor-top-column elementor-element elementor-element-5d3aac8\" data-id=\"5d3aac8\" data-element_type=\"column\">\n\t\t\t<div class=\"elementor-widget-wrap elementor-element-populated\">\n\t\t\t\t\t\t<div class=\"elementor-element elementor-element-0826330 elementor-widget elementor-widget-counter\" data-id=\"0826330\" data-element_type=\"widget\" data-widget_type=\"counter.default\">\n\t\t\t\t<div class=\"elementor-widget-container\">\n\t\t\t\t\t\t\t<div class=\"elementor-counter\">\n\t\t\t<div class=\"elementor-counter-title\">livr\u00e9s \u00e0 nos partenaires<\/div>\t\t\t<div class=\"elementor-counter-number-wrapper\">\n\t\t\t\t<span class=\"elementor-counter-number-prefix\">&gt;<\/span>\n\t\t\t\t<span class=\"elementor-counter-number\" data-duration=\"4000\" data-to-value=\"2000\" data-from-value=\"0\" data-delimiter=\" \">0<\/span>\n\t\t\t\t<span class=\"elementor-counter-number-suffix\"> MW<\/span>\n\t\t\t<\/div>\n\t\t<\/div>\n\t\t\t\t\t\t<\/div>\n\t\t\t\t<\/div>\n\t\t\t\t\t<\/div>\n\t\t<\/div>\n\t\t\t\t<div class=\"elementor-column elementor-col-50 elementor-top-column elementor-element elementor-element-4e2c791\" data-id=\"4e2c791\" data-element_type=\"column\">\n\t\t\t<div class=\"elementor-widget-wrap elementor-element-populated\">\n\t\t\t\t\t\t<div class=\"elementor-element elementor-element-f44534d elementor-widget elementor-widget-counter\" data-id=\"f44534d\" data-element_type=\"widget\" data-widget_type=\"counter.default\">\n\t\t\t\t<div class=\"elementor-widget-container\">\n\t\t\t\t\t\t\t<div class=\"elementor-counter\">\n\t\t\t<div class=\"elementor-counter-title\">arbres plant\u00e9s<\/div>\t\t\t<div class=\"elementor-counter-number-wrapper\">\n\t\t\t\t<span class=\"elementor-counter-number-prefix\">&gt; <\/span>\n\t\t\t\t<span class=\"elementor-counter-number\" data-duration=\"4000\" data-to-value=\"8000\" data-from-value=\"0\" data-delimiter=\" \">0<\/span>\n\t\t\t\t<span class=\"elementor-counter-number-suffix\"><\/span>\n\t\t\t<\/div>\n\t\t<\/div>\n\t\t\t\t\t\t<\/div>\n\t\t\t\t<\/div>\n\t\t\t\t\t<\/div>\n\t\t<\/div>\n\t\t\t\t\t<\/div>\n\t\t<\/section>\n\t\t\t\t<section class=\"elementor-section elementor-top-section elementor-element elementor-element-81a7049 elementor-section-boxed elementor-section-height-default elementor-section-height-default parallax_section_no qode_elementor_container_no\" data-id=\"81a7049\" data-element_type=\"section\">\n\t\t\t\t\t\t<div class=\"elementor-container elementor-column-gap-default\">\n\t\t\t\t\t<div class=\"elementor-column elementor-col-100 elementor-top-column elementor-element elementor-element-e636e98\" data-id=\"e636e98\" data-element_type=\"column\">\n\t\t\t<div class=\"elementor-widget-wrap elementor-element-populated\">\n\t\t\t\t\t\t<div class=\"elementor-element elementor-element-b0f6bb4 elementor-widget elementor-widget-text-editor\" data-id=\"b0f6bb4\" data-element_type=\"widget\" data-widget_type=\"text-editor.default\">\n\t\t\t\t<div class=\"elementor-widget-container\">\n\t\t\t\t\t\t\t\t\t<p><strong>La durabilit\u00e9<\/strong> est l&#8217;une des valeurs fondamentales de Solarity &#8211; nous sommes d\u00e9termin\u00e9s \u00e0 rendre \u00e0 l&#8217;environnement, \u00e0 la communaut\u00e9 et \u00e0 nos employ\u00e9s ce qu&#8217;ils nous ont donn\u00e9. Notre entreprise a particip\u00e9 \u00e0 de nombreux projets \u00e9cologiques visant \u00e0 <strong>r\u00e9duire les \u00e9missions de carbone<\/strong>, \u00e0 am\u00e9liorer l&#8217;environnement de travail de nos employ\u00e9s, \u00e0 soutenir nos communaut\u00e9s locales et m\u00eame les pays du tiers-monde.<br \/><br \/>Pour plus d&#8217;informations, consultez <a href=\"https:\/\/solarity.eu\/ma\/blog\/\">nos articles ci-dessous<\/a> qui expliquent et pr\u00e9sentent plus en d\u00e9tail chacun de nos diff\u00e9rents projets \u00e9cologiques. Toutes nos initiatives visent \u00e0 laisser un impact durable pour un avenir meilleur.<\/p>\t\t\t\t\t\t\t\t<\/div>\n\t\t\t\t<\/div>\n\t\t\t\t\t<\/div>\n\t\t<\/div>\n\t\t\t\t\t<\/div>\n\t\t<\/section>\n\t\t\t\t<section class=\"elementor-section elementor-top-section elementor-element elementor-element-81affca elementor-section-boxed elementor-section-height-default elementor-section-height-default parallax_section_no qode_elementor_container_no\" data-id=\"81affca\" data-element_type=\"section\">\n\t\t\t\t\t\t<div class=\"elementor-container elementor-column-gap-default\">\n\t\t\t\t\t<div class=\"elementor-column elementor-col-50 elementor-top-column elementor-element elementor-element-534f0e5\" data-id=\"534f0e5\" data-element_type=\"column\">\n\t\t\t<div class=\"elementor-widget-wrap elementor-element-populated\">\n\t\t\t\t\t\t<div class=\"elementor-element elementor-element-474992d elementor-widget elementor-widget-counter\" data-id=\"474992d\" data-element_type=\"widget\" data-widget_type=\"counter.default\">\n\t\t\t\t<div class=\"elementor-widget-container\">\n\t\t\t\t\t\t\t<div class=\"elementor-counter\">\n\t\t\t<div class=\"elementor-counter-title\">\u00e9conomis\u00e9s chaque ann\u00e9e par MW install\u00e9<\/div>\t\t\t<div class=\"elementor-counter-number-wrapper\">\n\t\t\t\t<span class=\"elementor-counter-number-prefix\"><\/span>\n\t\t\t\t<span class=\"elementor-counter-number\" data-duration=\"4000\" data-to-value=\"300\" data-from-value=\"0\" data-delimiter=\",\">0<\/span>\n\t\t\t\t<span class=\"elementor-counter-number-suffix\"> tonnes de CO2<\/span>\n\t\t\t<\/div>\n\t\t<\/div>\n\t\t\t\t\t\t<\/div>\n\t\t\t\t<\/div>\n\t\t\t\t\t<\/div>\n\t\t<\/div>\n\t\t\t\t<div class=\"elementor-column elementor-col-50 elementor-top-column elementor-element elementor-element-fcebf25\" data-id=\"fcebf25\" data-element_type=\"column\">\n\t\t\t<div class=\"elementor-widget-wrap elementor-element-populated\">\n\t\t\t\t\t\t<div class=\"elementor-element elementor-element-ab914fd elementor-widget elementor-widget-counter\" data-id=\"ab914fd\" data-element_type=\"widget\" data-widget_type=\"counter.default\">\n\t\t\t\t<div class=\"elementor-widget-container\">\n\t\t\t\t\t\t\t<div class=\"elementor-counter\">\n\t\t\t<div class=\"elementor-counter-title\">\u00e9conomis\u00e9 par la for\u00eat de Solarity<\/div>\t\t\t<div class=\"elementor-counter-number-wrapper\">\n\t\t\t\t<span class=\"elementor-counter-number-prefix\"><\/span>\n\t\t\t\t<span class=\"elementor-counter-number\" data-duration=\"4000\" data-to-value=\"628\" data-from-value=\"0\" data-delimiter=\",\">0<\/span>\n\t\t\t\t<span class=\"elementor-counter-number-suffix\"> tonnes de CO2<\/span>\n\t\t\t<\/div>\n\t\t<\/div>\n\t\t\t\t\t\t<\/div>\n\t\t\t\t<\/div>\n\t\t\t\t\t<\/div>\n\t\t<\/div>\n\t\t\t\t\t<\/div>\n\t\t<\/section>\n\t\t\t\t<section class=\"elementor-section elementor-top-section elementor-element elementor-element-4c65bce elementor-section-boxed elementor-section-height-default elementor-section-height-default parallax_section_no qode_elementor_container_no\" data-id=\"4c65bce\" data-element_type=\"section\">\n\t\t\t\t\t\t<div class=\"elementor-container elementor-column-gap-default\">\n\t\t\t\t\t<div class=\"elementor-column elementor-col-100 elementor-top-column elementor-element elementor-element-9f29c71\" data-id=\"9f29c71\" data-element_type=\"column\">\n\t\t\t<div class=\"elementor-widget-wrap elementor-element-populated\">\n\t\t\t\t\t\t<div class=\"elementor-element elementor-element-a7d0e2e elementor-grid-3 elementor-grid-tablet-2 elementor-grid-mobile-1 elementor-posts--thumbnail-top elementor-card-shadow-yes elementor-posts__hover-gradient elementor-widget elementor-widget-posts\" data-id=\"a7d0e2e\" data-element_type=\"widget\" data-settings=\"{&quot;pagination_type&quot;:&quot;numbers&quot;,&quot;cards_columns&quot;:&quot;3&quot;,&quot;cards_columns_tablet&quot;:&quot;2&quot;,&quot;cards_columns_mobile&quot;:&quot;1&quot;,&quot;cards_row_gap&quot;:{&quot;unit&quot;:&quot;px&quot;,&quot;size&quot;:35,&quot;sizes&quot;:[]},&quot;cards_row_gap_tablet&quot;:{&quot;unit&quot;:&quot;px&quot;,&quot;size&quot;:&quot;&quot;,&quot;sizes&quot;:[]},&quot;cards_row_gap_mobile&quot;:{&quot;unit&quot;:&quot;px&quot;,&quot;size&quot;:&quot;&quot;,&quot;sizes&quot;:[]}}\" data-widget_type=\"posts.cards\">\n\t\t\t\t<div class=\"elementor-widget-container\">\n\t\t\t\t\t\t\t<div class=\"elementor-posts-container elementor-posts elementor-posts--skin-cards elementor-grid\" role=\"list\">\n\t\t\t\t<article class=\"elementor-post elementor-grid-item post-38163 post type-post status-publish format-standard has-post-thumbnail hentry category-blog category-csr category-solarity category-uncategorized-ma\" role=\"listitem\">\n\t\t\t<div class=\"elementor-post__card\">\n\t\t\t\t<a class=\"elementor-post__thumbnail__link\" href=\"https:\/\/solarity.eu\/ma\/blog\/rse-projets-apercu\/\" tabindex=\"-1\" ><div class=\"elementor-post__thumbnail\"><img fetchpriority=\"high\" decoding=\"async\" width=\"1024\" height=\"536\" src=\"https:\/\/solarity.eu\/wp-content\/uploads\/2021\/04\/141_Illustration-with-the-tree-opengraph-1024x536.jpg\" class=\"attachment-large size-large wp-image-22791\" alt=\"Solarity is green\" srcset=\"https:\/\/solarity.eu\/wp-content\/uploads\/2021\/04\/141_Illustration-with-the-tree-opengraph-1024x536.jpg 1024w, https:\/\/solarity.eu\/wp-content\/uploads\/2021\/04\/141_Illustration-with-the-tree-opengraph-300x157.jpg 300w, https:\/\/solarity.eu\/wp-content\/uploads\/2021\/04\/141_Illustration-with-the-tree-opengraph-768x402.jpg 768w, https:\/\/solarity.eu\/wp-content\/uploads\/2021\/04\/141_Illustration-with-the-tree-opengraph-700x366.jpg 700w, https:\/\/solarity.eu\/wp-content\/uploads\/2021\/04\/141_Illustration-with-the-tree-opengraph.jpg 1200w\" sizes=\"(max-width: 1024px) 100vw, 1024px\" \/><\/div><\/a>\n\t\t\t\t<div class=\"elementor-post__text\">\n\t\t\t\t<h3 class=\"elementor-post__title\">\n\t\t\t<a href=\"https:\/\/solarity.eu\/ma\/blog\/rse-projets-apercu\/\" >\n\t\t\t\tLes syst\u00e8mes PV sont verts, Solarity encore plus vert !\t\t\t<\/a>\n\t\t<\/h3>\n\t\t\t\t<div class=\"elementor-post__excerpt\">\n\t\t\t<p>En plus de vendre des syst\u00e8mes solaires renouvelables, nous avons particip\u00e9 au cours de l\u2019ann\u00e9e pass\u00e9e \u00e0 diff\u00e9rents projets ax\u00e9s sur le d\u00e9veloppement durable. Voici un aper\u00e7u de quelques-unes de nos activit\u00e9s ayant eu un impact concret et positif sur la plan\u00e8te. Des arbres plant\u00e9s<\/p>\n\t\t<\/div>\n\t\t\n\t\t<a class=\"elementor-post__read-more\" href=\"https:\/\/solarity.eu\/ma\/blog\/rse-projets-apercu\/\" aria-label=\"Read more about Les syst\u00e8mes PV sont verts, Solarity encore plus vert !\" tabindex=\"-1\" >\n\t\t\tRead More \u00bb\t\t<\/a>\n\n\t\t\t\t<\/div>\n\t\t\t\t\t<\/div>\n\t\t<\/article>\n\t\t\t\t<\/div>\n\t\t\n\t\t\t\t\t\t<\/div>\n\t\t\t\t<\/div>\n\t\t\t\t\t<\/div>\n\t\t<\/div>\n\t\t\t\t\t<\/div>\n\t\t<\/section>\n\t\t\t\t<\/div>\n\t\t","protected":false},"excerpt":{"rendered":"<p>Avec l&#8217;impact des changements climatiques qui se profilent \u00e0 l&#8217;horizon, il devient de plus en plus important pour les entreprises de s&#8217;impliquer dans des initiatives de responsabilit\u00e9 sociale (RSE). Tout d&#8217;abord, qu&#8217;est-ce que la RSE ? La RSE fait r\u00e9f\u00e9rence \u00e0 l&#8217;engagement volontaire des entreprises&#8230;<\/p>\n","protected":false},"author":30,"featured_media":145744,"parent":0,"menu_order":0,"comment_status":"closed","ping_status":"closed","template":"","meta":{"footnotes":""},"class_list":["post-38718","page","type-page","status-publish","has-post-thumbnail","hentry"],"yoast_head":"<!-- This site is optimized with the Yoast SEO Premium plugin v25.6 (Yoast SEO v25.6) - https:\/\/yoast.com\/wordpress\/plugins\/seo\/ -->\n<title>Nos initiatives dans le CRS des entreprises| Solarity - distributeur et fournisseur de syst\u00e8mes photovolta\u00efques<\/title>\n<meta name=\"description\" content=\"Chez Solarity, nous prenons au s\u00e9rieux nos projets de responsabilit\u00e9 sociale - dans le cadre du d\u00e9veloppement durable, nous nous focalisons sur l\u2019environnement, la Soci\u00e9t\u00e9 et les employ\u00e9s et nous souhaitons que nos initiatives permettent un futur meilleur.\" \/>\n<meta name=\"robots\" content=\"index, follow, max-snippet:-1, max-image-preview:large, max-video-preview:-1\" \/>\n<link rel=\"canonical\" href=\"https:\/\/solarity.eu\/ma\/nos-initiatives-en-matiere-de-responsabilite-sociale-des-entreprises\/\" \/>\n<meta property=\"og:locale\" content=\"en_US\" \/>\n<meta property=\"og:type\" content=\"article\" \/>\n<meta property=\"og:title\" content=\"Nos initiatives en mati\u00e8re de responsabilit\u00e9 sociale des entreprises\" \/>\n<meta property=\"og:description\" content=\"Chez Solarity, nous prenons au s\u00e9rieux nos projets de responsabilit\u00e9 sociale - dans le cadre du d\u00e9veloppement durable, nous nous focalisons sur l\u2019environnement, la Soci\u00e9t\u00e9 et les employ\u00e9s et nous souhaitons que nos initiatives permettent un futur meilleur.\" \/>\n<meta property=\"og:url\" content=\"https:\/\/solarity.eu\/ma\/nos-initiatives-en-matiere-de-responsabilite-sociale-des-entreprises\/\" \/>\n<meta property=\"og:site_name\" content=\"Solarity\" \/>\n<meta property=\"article:publisher\" content=\"https:\/\/www.facebook.com\/solaritycz\/\" \/>\n<meta property=\"article:modified_time\" content=\"2024-05-13T18:48:49+00:00\" \/>\n<meta property=\"og:image\" content=\"https:\/\/solarity.eu\/wp-content\/uploads\/2021\/04\/TREE2.gif\" \/>\n\t<meta property=\"og:image:width\" content=\"630\" \/>\n\t<meta property=\"og:image:height\" content=\"630\" \/>\n\t<meta property=\"og:image:type\" content=\"image\/gif\" \/>\n<meta name=\"twitter:card\" content=\"summary_large_image\" \/>\n<meta name=\"twitter:label1\" content=\"Est. reading time\" \/>\n\t<meta name=\"twitter:data1\" content=\"3 minutes\" \/>\n<script type=\"application\/ld+json\" class=\"yoast-schema-graph\">{\"@context\":\"https:\/\/schema.org\",\"@graph\":[{\"@type\":\"WebPage\",\"@id\":\"https:\/\/solarity.eu\/ma\/nos-initiatives-en-matiere-de-responsabilite-sociale-des-entreprises\/\",\"url\":\"https:\/\/solarity.eu\/ma\/nos-initiatives-en-matiere-de-responsabilite-sociale-des-entreprises\/\",\"name\":\"Nos initiatives dans le CRS des entreprises| Solarity - distributeur et fournisseur de syst\u00e8mes photovolta\u00efques\",\"isPartOf\":{\"@id\":\"https:\/\/solarity.eu\/ma\/#website\"},\"primaryImageOfPage\":{\"@id\":\"https:\/\/solarity.eu\/ma\/nos-initiatives-en-matiere-de-responsabilite-sociale-des-entreprises\/#primaryimage\"},\"image\":{\"@id\":\"https:\/\/solarity.eu\/ma\/nos-initiatives-en-matiere-de-responsabilite-sociale-des-entreprises\/#primaryimage\"},\"thumbnailUrl\":\"https:\/\/solarity.eu\/wp-content\/uploads\/2021\/04\/TREE2.gif\",\"datePublished\":\"2021-04-01T16:07:20+00:00\",\"dateModified\":\"2024-05-13T18:48:49+00:00\",\"description\":\"Chez Solarity, nous prenons au s\u00e9rieux nos projets de responsabilit\u00e9 sociale - dans le cadre du d\u00e9veloppement durable, nous nous focalisons sur l\u2019environnement, la Soci\u00e9t\u00e9 et les employ\u00e9s et nous souhaitons que nos initiatives permettent un futur meilleur.\",\"breadcrumb\":{\"@id\":\"https:\/\/solarity.eu\/ma\/nos-initiatives-en-matiere-de-responsabilite-sociale-des-entreprises\/#breadcrumb\"},\"inLanguage\":\"ma\",\"potentialAction\":[{\"@type\":\"ReadAction\",\"target\":[\"https:\/\/solarity.eu\/ma\/nos-initiatives-en-matiere-de-responsabilite-sociale-des-entreprises\/\"]}]},{\"@type\":\"ImageObject\",\"inLanguage\":\"ma\",\"@id\":\"https:\/\/solarity.eu\/ma\/nos-initiatives-en-matiere-de-responsabilite-sociale-des-entreprises\/#primaryimage\",\"url\":\"https:\/\/solarity.eu\/wp-content\/uploads\/2021\/04\/TREE2.gif\",\"contentUrl\":\"https:\/\/solarity.eu\/wp-content\/uploads\/2021\/04\/TREE2.gif\",\"width\":630,\"height\":630},{\"@type\":\"BreadcrumbList\",\"@id\":\"https:\/\/solarity.eu\/ma\/nos-initiatives-en-matiere-de-responsabilite-sociale-des-entreprises\/#breadcrumb\",\"itemListElement\":[{\"@type\":\"ListItem\",\"position\":1,\"name\":\"Home\",\"item\":\"https:\/\/solarity.eu\/ma\/accueil\/\"},{\"@type\":\"ListItem\",\"position\":2,\"name\":\"Nos initiatives en mati\u00e8re de responsabilit\u00e9 sociale des entreprises\"}]},{\"@type\":\"WebSite\",\"@id\":\"https:\/\/solarity.eu\/ma\/#website\",\"url\":\"https:\/\/solarity.eu\/ma\/\",\"name\":\"Solarity\",\"description\":\"Distributor and wholesaler of photovoltaic systems\",\"publisher\":{\"@id\":\"https:\/\/solarity.eu\/ma\/#organization\"},\"potentialAction\":[{\"@type\":\"SearchAction\",\"target\":{\"@type\":\"EntryPoint\",\"urlTemplate\":\"https:\/\/solarity.eu\/ma\/?s={search_term_string}\"},\"query-input\":{\"@type\":\"PropertyValueSpecification\",\"valueRequired\":true,\"valueName\":\"search_term_string\"}}],\"inLanguage\":\"ma\"},{\"@type\":\"Organization\",\"@id\":\"https:\/\/solarity.eu\/ma\/#organization\",\"name\":\"Solarity\",\"url\":\"https:\/\/solarity.eu\/ma\/\",\"logo\":{\"@type\":\"ImageObject\",\"inLanguage\":\"ma\",\"@id\":\"https:\/\/solarity.eu\/ma\/#\/schema\/logo\/image\/\",\"url\":\"https:\/\/solarity.eu\/wp-content\/uploads\/2020\/08\/Solarity_Logo_new.jpg\",\"contentUrl\":\"https:\/\/solarity.eu\/wp-content\/uploads\/2020\/08\/Solarity_Logo_new.jpg\",\"width\":364,\"height\":59,\"caption\":\"Solarity\"},\"image\":{\"@id\":\"https:\/\/solarity.eu\/ma\/#\/schema\/logo\/image\/\"},\"sameAs\":[\"https:\/\/www.facebook.com\/solaritycz\/\"]}]}<\/script>\n<!-- \/ Yoast SEO Premium plugin. -->","yoast_head_json":{"title":"Nos initiatives dans le CRS des entreprises| Solarity - distributeur et fournisseur de syst\u00e8mes photovolta\u00efques","description":"Chez Solarity, nous prenons au s\u00e9rieux nos projets de responsabilit\u00e9 sociale - dans le cadre du d\u00e9veloppement durable, nous nous focalisons sur l\u2019environnement, la Soci\u00e9t\u00e9 et les employ\u00e9s et nous souhaitons que nos initiatives permettent un futur meilleur.","robots":{"index":"index","follow":"follow","max-snippet":"max-snippet:-1","max-image-preview":"max-image-preview:large","max-video-preview":"max-video-preview:-1"},"canonical":"https:\/\/solarity.eu\/ma\/nos-initiatives-en-matiere-de-responsabilite-sociale-des-entreprises\/","og_locale":"en_US","og_type":"article","og_title":"Nos initiatives en mati\u00e8re de responsabilit\u00e9 sociale des entreprises","og_description":"Chez Solarity, nous prenons au s\u00e9rieux nos projets de responsabilit\u00e9 sociale - dans le cadre du d\u00e9veloppement durable, nous nous focalisons sur l\u2019environnement, la Soci\u00e9t\u00e9 et les employ\u00e9s et nous souhaitons que nos initiatives permettent un futur meilleur.","og_url":"https:\/\/solarity.eu\/ma\/nos-initiatives-en-matiere-de-responsabilite-sociale-des-entreprises\/","og_site_name":"Solarity","article_publisher":"https:\/\/www.facebook.com\/solaritycz\/","article_modified_time":"2024-05-13T18:48:49+00:00","og_image":[{"width":630,"height":630,"url":"https:\/\/solarity.eu\/wp-content\/uploads\/2021\/04\/TREE2.gif","type":"image\/gif"}],"twitter_card":"summary_large_image","twitter_misc":{"Est. reading time":"3 minutes"},"schema":{"@context":"https:\/\/schema.org","@graph":[{"@type":"WebPage","@id":"https:\/\/solarity.eu\/ma\/nos-initiatives-en-matiere-de-responsabilite-sociale-des-entreprises\/","url":"https:\/\/solarity.eu\/ma\/nos-initiatives-en-matiere-de-responsabilite-sociale-des-entreprises\/","name":"Nos initiatives dans le CRS des entreprises| Solarity - distributeur et fournisseur de syst\u00e8mes photovolta\u00efques","isPartOf":{"@id":"https:\/\/solarity.eu\/ma\/#website"},"primaryImageOfPage":{"@id":"https:\/\/solarity.eu\/ma\/nos-initiatives-en-matiere-de-responsabilite-sociale-des-entreprises\/#primaryimage"},"image":{"@id":"https:\/\/solarity.eu\/ma\/nos-initiatives-en-matiere-de-responsabilite-sociale-des-entreprises\/#primaryimage"},"thumbnailUrl":"https:\/\/solarity.eu\/wp-content\/uploads\/2021\/04\/TREE2.gif","datePublished":"2021-04-01T16:07:20+00:00","dateModified":"2024-05-13T18:48:49+00:00","description":"Chez Solarity, nous prenons au s\u00e9rieux nos projets de responsabilit\u00e9 sociale - dans le cadre du d\u00e9veloppement durable, nous nous focalisons sur l\u2019environnement, la Soci\u00e9t\u00e9 et les employ\u00e9s et nous souhaitons que nos initiatives permettent un futur meilleur.","breadcrumb":{"@id":"https:\/\/solarity.eu\/ma\/nos-initiatives-en-matiere-de-responsabilite-sociale-des-entreprises\/#breadcrumb"},"inLanguage":"ma","potentialAction":[{"@type":"ReadAction","target":["https:\/\/solarity.eu\/ma\/nos-initiatives-en-matiere-de-responsabilite-sociale-des-entreprises\/"]}]},{"@type":"ImageObject","inLanguage":"ma","@id":"https:\/\/solarity.eu\/ma\/nos-initiatives-en-matiere-de-responsabilite-sociale-des-entreprises\/#primaryimage","url":"https:\/\/solarity.eu\/wp-content\/uploads\/2021\/04\/TREE2.gif","contentUrl":"https:\/\/solarity.eu\/wp-content\/uploads\/2021\/04\/TREE2.gif","width":630,"height":630},{"@type":"BreadcrumbList","@id":"https:\/\/solarity.eu\/ma\/nos-initiatives-en-matiere-de-responsabilite-sociale-des-entreprises\/#breadcrumb","itemListElement":[{"@type":"ListItem","position":1,"name":"Home","item":"https:\/\/solarity.eu\/ma\/accueil\/"},{"@type":"ListItem","position":2,"name":"Nos initiatives en mati\u00e8re de responsabilit\u00e9 sociale des entreprises"}]},{"@type":"WebSite","@id":"https:\/\/solarity.eu\/ma\/#website","url":"https:\/\/solarity.eu\/ma\/","name":"Solarity","description":"Distributor and wholesaler of photovoltaic systems","publisher":{"@id":"https:\/\/solarity.eu\/ma\/#organization"},"potentialAction":[{"@type":"SearchAction","target":{"@type":"EntryPoint","urlTemplate":"https:\/\/solarity.eu\/ma\/?s={search_term_string}"},"query-input":{"@type":"PropertyValueSpecification","valueRequired":true,"valueName":"search_term_string"}}],"inLanguage":"ma"},{"@type":"Organization","@id":"https:\/\/solarity.eu\/ma\/#organization","name":"Solarity","url":"https:\/\/solarity.eu\/ma\/","logo":{"@type":"ImageObject","inLanguage":"ma","@id":"https:\/\/solarity.eu\/ma\/#\/schema\/logo\/image\/","url":"https:\/\/solarity.eu\/wp-content\/uploads\/2020\/08\/Solarity_Logo_new.jpg","contentUrl":"https:\/\/solarity.eu\/wp-content\/uploads\/2020\/08\/Solarity_Logo_new.jpg","width":364,"height":59,"caption":"Solarity"},"image":{"@id":"https:\/\/solarity.eu\/ma\/#\/schema\/logo\/image\/"},"sameAs":["https:\/\/www.facebook.com\/solaritycz\/"]}]}},"_links":{"self":[{"href":"https:\/\/solarity.eu\/ma\/wp-json\/wp\/v2\/pages\/38718","targetHints":{"allow":["GET"]}}],"collection":[{"href":"https:\/\/solarity.eu\/ma\/wp-json\/wp\/v2\/pages"}],"about":[{"href":"https:\/\/solarity.eu\/ma\/wp-json\/wp\/v2\/types\/page"}],"author":[{"embeddable":true,"href":"https:\/\/solarity.eu\/ma\/wp-json\/wp\/v2\/users\/30"}],"replies":[{"embeddable":true,"href":"https:\/\/solarity.eu\/ma\/wp-json\/wp\/v2\/comments?post=38718"}],"version-history":[{"count":3,"href":"https:\/\/solarity.eu\/ma\/wp-json\/wp\/v2\/pages\/38718\/revisions"}],"predecessor-version":[{"id":157538,"href":"https:\/\/solarity.eu\/ma\/wp-json\/wp\/v2\/pages\/38718\/revisions\/157538"}],"wp:featuredmedia":[{"embeddable":true,"href":"https:\/\/solarity.eu\/ma\/wp-json\/wp\/v2\/media\/145744"}],"wp:attachment":[{"href":"https:\/\/solarity.eu\/ma\/wp-json\/wp\/v2\/media?parent=38718"}],"curies":[{"name":"wp","href":"https:\/\/api.w.org\/{rel}","templated":true}]}}