{"id":38721,"date":"2022-01-03T11:47:48","date_gmt":"2022-01-03T11:47:48","guid":{"rendered":"https:\/\/solarity.ma\/?page_id=25805"},"modified":"2024-01-28T18:57:59","modified_gmt":"2024-01-28T18:57:59","slug":"politique-en-matiere-de-cookies","status":"publish","type":"page","link":"https:\/\/solarity.eu\/ma\/politique-en-matiere-de-cookies\/","title":{"rendered":"Politique en mati\u00e8re de cookies"},"content":{"rendered":"\t\t<div data-elementor-type=\"wp-page\" data-elementor-id=\"38721\" class=\"elementor elementor-38721 elementor-25263\" data-elementor-post-type=\"page\">\n\t\t\t\t\t\t<section class=\"elementor-section elementor-top-section elementor-element elementor-element-b42bbf7 elementor-section-boxed elementor-section-height-default elementor-section-height-default parallax_section_no qode_elementor_container_no\" data-id=\"b42bbf7\" data-element_type=\"section\">\n\t\t\t\t\t\t<div class=\"elementor-container elementor-column-gap-default\">\n\t\t\t\t\t<div class=\"elementor-column elementor-col-100 elementor-top-column elementor-element elementor-element-03c809f\" data-id=\"03c809f\" data-element_type=\"column\">\n\t\t\t<div class=\"elementor-widget-wrap elementor-element-populated\">\n\t\t\t\t\t\t\t<\/div>\n\t\t<\/div>\n\t\t\t\t\t<\/div>\n\t\t<\/section>\n\t\t\t\t<section class=\"elementor-section elementor-top-section elementor-element elementor-element-7cae705 elementor-section-boxed elementor-section-height-default elementor-section-height-default parallax_section_no qode_elementor_container_no\" data-id=\"7cae705\" data-element_type=\"section\">\n\t\t\t\t\t\t<div class=\"elementor-container elementor-column-gap-default\">\n\t\t\t\t\t<div class=\"elementor-column elementor-col-100 elementor-top-column elementor-element elementor-element-715ec7b\" data-id=\"715ec7b\" data-element_type=\"column\">\n\t\t\t<div class=\"elementor-widget-wrap elementor-element-populated\">\n\t\t\t\t\t\t<div class=\"elementor-element elementor-element-3a08646 elementor-widget elementor-widget-heading\" data-id=\"3a08646\" data-element_type=\"widget\" data-widget_type=\"heading.default\">\n\t\t\t\t<div class=\"elementor-widget-container\">\n\t\t\t\t\t<h2 class=\"elementor-heading-title elementor-size-default\">About this cookie policy<\/h2>\t\t\t\t<\/div>\n\t\t\t\t<\/div>\n\t\t\t\t<div class=\"elementor-element elementor-element-bf9437e elementor-widget elementor-widget-text-editor\" data-id=\"bf9437e\" data-element_type=\"widget\" data-widget_type=\"text-editor.default\">\n\t\t\t\t<div class=\"elementor-widget-container\">\n\t\t\t\t\t\t\t\t\t<p>This Cookie Policy explains what cookies are and how we use them, the types of cookies we use i.e, the information we collect using cookies and how that information is used, and how to control the cookie preferences. For further information on how we use, store, and keep your personal data secure, see our Privacy Policy.<\/p>\n<p>\u00a0<\/p>\n<div>\n<p>You can at any time change or withdraw your consent from the Cookie Declaration on our website<br \/>Learn more about who we are, how you can contact us, and how we process personal data in our Privacy Policy.<\/p>\n<p>Your consent applies to the following domains: solarity.cz<\/p>\n<p>[user_consent_state]<\/p>\n<\/div>\n\t\t\t\t\t\t\t\t<\/div>\n\t\t\t\t<\/div>\n\t\t\t\t\t<\/div>\n\t\t<\/div>\n\t\t\t\t\t<\/div>\n\t\t<\/section>\n\t\t\t\t<section class=\"elementor-section elementor-top-section elementor-element elementor-element-397338e elementor-section-boxed elementor-section-height-default elementor-section-height-default parallax_section_no qode_elementor_container_no\" data-id=\"397338e\" data-element_type=\"section\">\n\t\t\t\t\t\t<div class=\"elementor-container elementor-column-gap-default\">\n\t\t\t\t\t<div class=\"elementor-column elementor-col-100 elementor-top-column elementor-element elementor-element-5f1e25e\" data-id=\"5f1e25e\" data-element_type=\"column\">\n\t\t\t<div class=\"elementor-widget-wrap elementor-element-populated\">\n\t\t\t\t\t\t<div class=\"elementor-element elementor-element-9777a9e elementor-widget elementor-widget-heading\" data-id=\"9777a9e\" data-element_type=\"widget\" data-widget_type=\"heading.default\">\n\t\t\t\t<div class=\"elementor-widget-container\">\n\t\t\t\t\t<h2 class=\"elementor-heading-title elementor-size-default\">What are cookies ?<\/h2>\t\t\t\t<\/div>\n\t\t\t\t<\/div>\n\t\t\t\t<div class=\"elementor-element elementor-element-3b5e05e elementor-widget elementor-widget-text-editor\" data-id=\"3b5e05e\" data-element_type=\"widget\" data-widget_type=\"text-editor.default\">\n\t\t\t\t<div class=\"elementor-widget-container\">\n\t\t\t\t\t\t\t\t\t<p>Cookies are small text files that are used to store small pieces of information. They are stored on your device when the website is loaded on your browser. These cookies help us make the website function properly, make it more secure, provide better user experience, and understand how the website performs and to analyze what works and where it needs improvement.<\/p>\n\t\t\t\t\t\t\t\t<\/div>\n\t\t\t\t<\/div>\n\t\t\t\t\t<\/div>\n\t\t<\/div>\n\t\t\t\t\t<\/div>\n\t\t<\/section>\n\t\t\t\t<section class=\"elementor-section elementor-top-section elementor-element elementor-element-6325955 elementor-section-boxed elementor-section-height-default elementor-section-height-default parallax_section_no qode_elementor_container_no\" data-id=\"6325955\" data-element_type=\"section\">\n\t\t\t\t\t\t<div class=\"elementor-container elementor-column-gap-default\">\n\t\t\t\t\t<div class=\"elementor-column elementor-col-100 elementor-top-column elementor-element elementor-element-c9043ee\" data-id=\"c9043ee\" data-element_type=\"column\">\n\t\t\t<div class=\"elementor-widget-wrap elementor-element-populated\">\n\t\t\t\t\t\t<div class=\"elementor-element elementor-element-183f456 elementor-widget elementor-widget-heading\" data-id=\"183f456\" data-element_type=\"widget\" data-widget_type=\"heading.default\">\n\t\t\t\t<div class=\"elementor-widget-container\">\n\t\t\t\t\t<h2 class=\"elementor-heading-title elementor-size-default\">What are cookies ?<\/h2>\t\t\t\t<\/div>\n\t\t\t\t<\/div>\n\t\t\t\t<div class=\"elementor-element elementor-element-d670f80 elementor-widget elementor-widget-text-editor\" data-id=\"d670f80\" data-element_type=\"widget\" data-widget_type=\"text-editor.default\">\n\t\t\t\t<div class=\"elementor-widget-container\">\n\t\t\t\t\t\t\t\t\t<p>Cookies are small text files that are used to store small pieces of information. They are stored on your device when the website is loaded on your browser. These cookies help us make the website function properly, make it more secure, provide better user experience, and understand how the website performs and to analyze what works and where it needs improvement.<\/p>\n\t\t\t\t\t\t\t\t<\/div>\n\t\t\t\t<\/div>\n\t\t\t\t\t<\/div>\n\t\t<\/div>\n\t\t\t\t\t<\/div>\n\t\t<\/section>\n\t\t\t\t<section class=\"elementor-section elementor-top-section elementor-element elementor-element-1a28dc1 elementor-section-boxed elementor-section-height-default elementor-section-height-default parallax_section_no qode_elementor_container_no\" data-id=\"1a28dc1\" data-element_type=\"section\">\n\t\t\t\t\t\t<div class=\"elementor-container elementor-column-gap-default\">\n\t\t\t\t\t<div class=\"elementor-column elementor-col-100 elementor-top-column elementor-element elementor-element-3758ee0\" data-id=\"3758ee0\" data-element_type=\"column\">\n\t\t\t<div class=\"elementor-widget-wrap elementor-element-populated\">\n\t\t\t\t\t\t<div class=\"elementor-element elementor-element-8bc7e94 elementor-widget elementor-widget-heading\" data-id=\"8bc7e94\" data-element_type=\"widget\" data-widget_type=\"heading.default\">\n\t\t\t\t<div class=\"elementor-widget-container\">\n\t\t\t\t\t<h2 class=\"elementor-heading-title elementor-size-default\">How do we use cookies ?<\/h2>\t\t\t\t<\/div>\n\t\t\t\t<\/div>\n\t\t\t\t<div class=\"elementor-element elementor-element-167c5f5 elementor-widget elementor-widget-text-editor\" data-id=\"167c5f5\" data-element_type=\"widget\" data-widget_type=\"text-editor.default\">\n\t\t\t\t<div class=\"elementor-widget-container\">\n\t\t\t\t\t\t\t\t\t<p>As most of the online services, our website uses first-party and third-party cookies for several purposes. First-party cookies are mostly necessary for the website to function the right way, and they do not collect any of your personally identifiable data.<\/p>\n<p>The third-party cookies used on our website are mainly for understanding how the website performs, how you interact with our website, keeping our services secure, providing advertisements that are relevant to you, and all in all providing you with a better and improved user experience and help speed up your future interactions with our website.<\/p>\n\t\t\t\t\t\t\t\t<\/div>\n\t\t\t\t<\/div>\n\t\t\t\t\t<\/div>\n\t\t<\/div>\n\t\t\t\t\t<\/div>\n\t\t<\/section>\n\t\t\t\t<section class=\"elementor-section elementor-top-section elementor-element elementor-element-7f11e16 elementor-section-boxed elementor-section-height-default elementor-section-height-default parallax_section_no qode_elementor_container_no\" data-id=\"7f11e16\" data-element_type=\"section\">\n\t\t\t\t\t\t<div class=\"elementor-container elementor-column-gap-default\">\n\t\t\t\t\t<div class=\"elementor-column elementor-col-100 elementor-top-column elementor-element elementor-element-667c3e0\" data-id=\"667c3e0\" data-element_type=\"column\">\n\t\t\t<div class=\"elementor-widget-wrap elementor-element-populated\">\n\t\t\t\t\t\t<div class=\"elementor-element elementor-element-a4d1757 elementor-widget elementor-widget-heading\" data-id=\"a4d1757\" data-element_type=\"widget\" data-widget_type=\"heading.default\">\n\t\t\t\t<div class=\"elementor-widget-container\">\n\t\t\t\t\t<h2 class=\"elementor-heading-title elementor-size-default\">What types of cookies do we use ?<\/h2>\t\t\t\t<\/div>\n\t\t\t\t<\/div>\n\t\t\t\t<div class=\"elementor-element elementor-element-a1bc04c elementor-widget elementor-widget-text-editor\" data-id=\"a1bc04c\" data-element_type=\"widget\" data-widget_type=\"text-editor.default\">\n\t\t\t\t<div class=\"elementor-widget-container\">\n\t\t\t\t\t\t\t\t\t<p>[cookie_audit columns=&#8221;category,cookie, duration, description&#8221; heading=&#8221;The below list details the cookies used in our website.&#8221;]<\/p>\n\t\t\t\t\t\t\t\t<\/div>\n\t\t\t\t<\/div>\n\t\t\t\t\t<\/div>\n\t\t<\/div>\n\t\t\t\t\t<\/div>\n\t\t<\/section>\n\t\t\t\t<section class=\"elementor-section elementor-top-section elementor-element elementor-element-a335472 elementor-section-boxed elementor-section-height-default elementor-section-height-default parallax_section_no qode_elementor_container_no\" data-id=\"a335472\" data-element_type=\"section\">\n\t\t\t\t\t\t<div class=\"elementor-container elementor-column-gap-default\">\n\t\t\t\t\t<div class=\"elementor-column elementor-col-100 elementor-top-column elementor-element elementor-element-94a2874\" data-id=\"94a2874\" data-element_type=\"column\">\n\t\t\t<div class=\"elementor-widget-wrap elementor-element-populated\">\n\t\t\t\t\t\t<div class=\"elementor-element elementor-element-788f289 elementor-widget elementor-widget-heading\" data-id=\"788f289\" data-element_type=\"widget\" data-widget_type=\"heading.default\">\n\t\t\t\t<div class=\"elementor-widget-container\">\n\t\t\t\t\t<h2 class=\"elementor-heading-title elementor-size-default\">How can I control the cookie preferences ?<\/h2>\t\t\t\t<\/div>\n\t\t\t\t<\/div>\n\t\t\t\t<div class=\"elementor-element elementor-element-472ed35 elementor-widget elementor-widget-text-editor\" data-id=\"472ed35\" data-element_type=\"widget\" data-widget_type=\"text-editor.default\">\n\t\t\t\t<div class=\"elementor-widget-container\">\n\t\t\t\t\t\t\t\t\t<p>Should you decide to change your preferences later through your browsing session, you can click on the &#8220;Privacy &amp; Cookie Policy&#8221; tab on your screen. This will display the consent notice again enabling you to change your preferences or withdraw your consent entirely.<\/p>\n<p>In addition to this, different browsers provide different methods to block and delete cookies used by websites. You can change the settings of your browser to block\/delete the cookies. To find out more about how to manage and delete cookies, visit wikipedia.org, www.allaboutcookies.org.<\/p>\n\t\t\t\t\t\t\t\t<\/div>\n\t\t\t\t<\/div>\n\t\t\t\t\t<\/div>\n\t\t<\/div>\n\t\t\t\t\t<\/div>\n\t\t<\/section>\n\t\t\t\t<\/div>\n\t\t","protected":false},"excerpt":{"rendered":"<p>\/*! elementor &#8211; v3.14.0 &#8211; 26-06-2023 *\/ .elementor-heading-title{padding:0;margin:0;line-height:1}.elementor-widget-heading .elementor-heading-title[class*=elementor-size-]&gt;a{color:inherit;font-size:inherit;line-height:inherit}.elementor-widget-heading .elementor-heading-title.elementor-size-small{font-size:15px}.elementor-widget-heading .elementor-heading-title.elementor-size-medium{font-size:19px}.elementor-widget-heading .elementor-heading-title.elementor-size-large{font-size:29px}.elementor-widget-heading .elementor-heading-title.elementor-size-xl{font-size:39px}.elementor-widget-heading .elementor-heading-title.elementor-size-xxl{font-size:59px} About this cookie policy This Cookie Policy explains what cookies are and how we use them, the types of cookies we use i.e, the information we collect using cookies and how&#8230;<\/p>\n","protected":false},"author":30,"featured_media":0,"parent":0,"menu_order":0,"comment_status":"closed","ping_status":"closed","template":"","meta":{"footnotes":""},"class_list":["post-38721","page","type-page","status-publish","hentry"],"yoast_head":"<!-- This site is optimized with the Yoast SEO Premium plugin v25.6 (Yoast SEO v25.6) - https:\/\/yoast.com\/wordpress\/plugins\/seo\/ -->\n<title>R\u00e8gles d\u2019utilisation des cookies | Solarity - distributeur et fournisseur de syst\u00e8mes photovolta\u00efques<\/title>\n<meta name=\"description\" content=\"Familiarisez-vous avec les fichiers cookies, leur utilisation par Solarity et sur les diff\u00e9rentes options de leur utilisation.\" \/>\n<meta name=\"robots\" content=\"index, follow, max-snippet:-1, max-image-preview:large, max-video-preview:-1\" \/>\n<link rel=\"canonical\" href=\"https:\/\/solarity.eu\/ma\/politique-en-matiere-de-cookies\/\" \/>\n<meta property=\"og:locale\" content=\"en_US\" \/>\n<meta property=\"og:type\" content=\"article\" \/>\n<meta property=\"og:title\" content=\"Politique en mati\u00e8re de cookies\" \/>\n<meta property=\"og:description\" content=\"Familiarisez-vous avec les fichiers cookies, leur utilisation par Solarity et sur les diff\u00e9rentes options de leur utilisation.\" \/>\n<meta property=\"og:url\" content=\"https:\/\/solarity.eu\/ma\/politique-en-matiere-de-cookies\/\" \/>\n<meta property=\"og:site_name\" content=\"Solarity\" \/>\n<meta property=\"article:publisher\" content=\"https:\/\/www.facebook.com\/solaritycz\/\" \/>\n<meta property=\"article:modified_time\" content=\"2024-01-28T18:57:59+00:00\" \/>\n<meta name=\"twitter:card\" content=\"summary_large_image\" \/>\n<meta name=\"twitter:label1\" content=\"Est. reading time\" \/>\n\t<meta name=\"twitter:data1\" content=\"3 minutes\" \/>\n<script type=\"application\/ld+json\" class=\"yoast-schema-graph\">{\"@context\":\"https:\/\/schema.org\",\"@graph\":[{\"@type\":\"WebPage\",\"@id\":\"https:\/\/solarity.eu\/ma\/politique-en-matiere-de-cookies\/\",\"url\":\"https:\/\/solarity.eu\/ma\/politique-en-matiere-de-cookies\/\",\"name\":\"R\u00e8gles d\u2019utilisation des cookies | Solarity - distributeur et fournisseur de syst\u00e8mes photovolta\u00efques\",\"isPartOf\":{\"@id\":\"https:\/\/solarity.eu\/ma\/#website\"},\"datePublished\":\"2022-01-03T11:47:48+00:00\",\"dateModified\":\"2024-01-28T18:57:59+00:00\",\"description\":\"Familiarisez-vous avec les fichiers cookies, leur utilisation par Solarity et sur les diff\u00e9rentes options de leur utilisation.\",\"breadcrumb\":{\"@id\":\"https:\/\/solarity.eu\/ma\/politique-en-matiere-de-cookies\/#breadcrumb\"},\"inLanguage\":\"ma\",\"potentialAction\":[{\"@type\":\"ReadAction\",\"target\":[\"https:\/\/solarity.eu\/ma\/politique-en-matiere-de-cookies\/\"]}]},{\"@type\":\"BreadcrumbList\",\"@id\":\"https:\/\/solarity.eu\/ma\/politique-en-matiere-de-cookies\/#breadcrumb\",\"itemListElement\":[{\"@type\":\"ListItem\",\"position\":1,\"name\":\"Home\",\"item\":\"https:\/\/solarity.eu\/ma\/accueil\/\"},{\"@type\":\"ListItem\",\"position\":2,\"name\":\"Politique en mati\u00e8re de cookies\"}]},{\"@type\":\"WebSite\",\"@id\":\"https:\/\/solarity.eu\/ma\/#website\",\"url\":\"https:\/\/solarity.eu\/ma\/\",\"name\":\"Solarity\",\"description\":\"Distributor and wholesaler of photovoltaic systems\",\"publisher\":{\"@id\":\"https:\/\/solarity.eu\/ma\/#organization\"},\"potentialAction\":[{\"@type\":\"SearchAction\",\"target\":{\"@type\":\"EntryPoint\",\"urlTemplate\":\"https:\/\/solarity.eu\/ma\/?s={search_term_string}\"},\"query-input\":{\"@type\":\"PropertyValueSpecification\",\"valueRequired\":true,\"valueName\":\"search_term_string\"}}],\"inLanguage\":\"ma\"},{\"@type\":\"Organization\",\"@id\":\"https:\/\/solarity.eu\/ma\/#organization\",\"name\":\"Solarity\",\"url\":\"https:\/\/solarity.eu\/ma\/\",\"logo\":{\"@type\":\"ImageObject\",\"inLanguage\":\"ma\",\"@id\":\"https:\/\/solarity.eu\/ma\/#\/schema\/logo\/image\/\",\"url\":\"https:\/\/solarity.eu\/wp-content\/uploads\/2020\/08\/Solarity_Logo_new.jpg\",\"contentUrl\":\"https:\/\/solarity.eu\/wp-content\/uploads\/2020\/08\/Solarity_Logo_new.jpg\",\"width\":364,\"height\":59,\"caption\":\"Solarity\"},\"image\":{\"@id\":\"https:\/\/solarity.eu\/ma\/#\/schema\/logo\/image\/\"},\"sameAs\":[\"https:\/\/www.facebook.com\/solaritycz\/\"]}]}<\/script>\n<!-- \/ Yoast SEO Premium plugin. -->","yoast_head_json":{"title":"R\u00e8gles d\u2019utilisation des cookies | Solarity - distributeur et fournisseur de syst\u00e8mes photovolta\u00efques","description":"Familiarisez-vous avec les fichiers cookies, leur utilisation par Solarity et sur les diff\u00e9rentes options de leur utilisation.","robots":{"index":"index","follow":"follow","max-snippet":"max-snippet:-1","max-image-preview":"max-image-preview:large","max-video-preview":"max-video-preview:-1"},"canonical":"https:\/\/solarity.eu\/ma\/politique-en-matiere-de-cookies\/","og_locale":"en_US","og_type":"article","og_title":"Politique en mati\u00e8re de cookies","og_description":"Familiarisez-vous avec les fichiers cookies, leur utilisation par Solarity et sur les diff\u00e9rentes options de leur utilisation.","og_url":"https:\/\/solarity.eu\/ma\/politique-en-matiere-de-cookies\/","og_site_name":"Solarity","article_publisher":"https:\/\/www.facebook.com\/solaritycz\/","article_modified_time":"2024-01-28T18:57:59+00:00","twitter_card":"summary_large_image","twitter_misc":{"Est. reading time":"3 minutes"},"schema":{"@context":"https:\/\/schema.org","@graph":[{"@type":"WebPage","@id":"https:\/\/solarity.eu\/ma\/politique-en-matiere-de-cookies\/","url":"https:\/\/solarity.eu\/ma\/politique-en-matiere-de-cookies\/","name":"R\u00e8gles d\u2019utilisation des cookies | Solarity - distributeur et fournisseur de syst\u00e8mes photovolta\u00efques","isPartOf":{"@id":"https:\/\/solarity.eu\/ma\/#website"},"datePublished":"2022-01-03T11:47:48+00:00","dateModified":"2024-01-28T18:57:59+00:00","description":"Familiarisez-vous avec les fichiers cookies, leur utilisation par Solarity et sur les diff\u00e9rentes options de leur utilisation.","breadcrumb":{"@id":"https:\/\/solarity.eu\/ma\/politique-en-matiere-de-cookies\/#breadcrumb"},"inLanguage":"ma","potentialAction":[{"@type":"ReadAction","target":["https:\/\/solarity.eu\/ma\/politique-en-matiere-de-cookies\/"]}]},{"@type":"BreadcrumbList","@id":"https:\/\/solarity.eu\/ma\/politique-en-matiere-de-cookies\/#breadcrumb","itemListElement":[{"@type":"ListItem","position":1,"name":"Home","item":"https:\/\/solarity.eu\/ma\/accueil\/"},{"@type":"ListItem","position":2,"name":"Politique en mati\u00e8re de cookies"}]},{"@type":"WebSite","@id":"https:\/\/solarity.eu\/ma\/#website","url":"https:\/\/solarity.eu\/ma\/","name":"Solarity","description":"Distributor and wholesaler of photovoltaic systems","publisher":{"@id":"https:\/\/solarity.eu\/ma\/#organization"},"potentialAction":[{"@type":"SearchAction","target":{"@type":"EntryPoint","urlTemplate":"https:\/\/solarity.eu\/ma\/?s={search_term_string}"},"query-input":{"@type":"PropertyValueSpecification","valueRequired":true,"valueName":"search_term_string"}}],"inLanguage":"ma"},{"@type":"Organization","@id":"https:\/\/solarity.eu\/ma\/#organization","name":"Solarity","url":"https:\/\/solarity.eu\/ma\/","logo":{"@type":"ImageObject","inLanguage":"ma","@id":"https:\/\/solarity.eu\/ma\/#\/schema\/logo\/image\/","url":"https:\/\/solarity.eu\/wp-content\/uploads\/2020\/08\/Solarity_Logo_new.jpg","contentUrl":"https:\/\/solarity.eu\/wp-content\/uploads\/2020\/08\/Solarity_Logo_new.jpg","width":364,"height":59,"caption":"Solarity"},"image":{"@id":"https:\/\/solarity.eu\/ma\/#\/schema\/logo\/image\/"},"sameAs":["https:\/\/www.facebook.com\/solaritycz\/"]}]}},"_links":{"self":[{"href":"https:\/\/solarity.eu\/ma\/wp-json\/wp\/v2\/pages\/38721","targetHints":{"allow":["GET"]}}],"collection":[{"href":"https:\/\/solarity.eu\/ma\/wp-json\/wp\/v2\/pages"}],"about":[{"href":"https:\/\/solarity.eu\/ma\/wp-json\/wp\/v2\/types\/page"}],"author":[{"embeddable":true,"href":"https:\/\/solarity.eu\/ma\/wp-json\/wp\/v2\/users\/30"}],"replies":[{"embeddable":true,"href":"https:\/\/solarity.eu\/ma\/wp-json\/wp\/v2\/comments?post=38721"}],"version-history":[{"count":1,"href":"https:\/\/solarity.eu\/ma\/wp-json\/wp\/v2\/pages\/38721\/revisions"}],"predecessor-version":[{"id":145988,"href":"https:\/\/solarity.eu\/ma\/wp-json\/wp\/v2\/pages\/38721\/revisions\/145988"}],"wp:attachment":[{"href":"https:\/\/solarity.eu\/ma\/wp-json\/wp\/v2\/media?parent=38721"}],"curies":[{"name":"wp","href":"https:\/\/api.w.org\/{rel}","templated":true}]}}