{"id":20121,"date":"2022-01-03T11:47:48","date_gmt":"2022-01-03T11:47:48","guid":{"rendered":"https:\/\/solarity.pl\/?page_id=20121"},"modified":"2024-01-28T19:07:06","modified_gmt":"2024-01-28T19:07:06","slug":"polityka-plikow-cookie","status":"publish","type":"page","link":"https:\/\/solarity.eu\/pl\/polityka-plikow-cookie\/","title":{"rendered":"Polityka plik\u00f3w cookie"},"content":{"rendered":"\t\t<div data-elementor-type=\"wp-page\" data-elementor-id=\"20121\" class=\"elementor elementor-20121 elementor-25263\" data-elementor-post-type=\"page\">\n\t\t\t\t\t\t<section class=\"elementor-section elementor-top-section elementor-element elementor-element-beb3417 elementor-section-boxed elementor-section-height-default elementor-section-height-default parallax_section_no qode_elementor_container_no\" data-id=\"beb3417\" data-element_type=\"section\">\n\t\t\t\t\t\t<div class=\"elementor-container elementor-column-gap-default\">\n\t\t\t\t\t<div class=\"elementor-column elementor-col-100 elementor-top-column elementor-element elementor-element-8127e75\" data-id=\"8127e75\" data-element_type=\"column\">\n\t\t\t<div class=\"elementor-widget-wrap elementor-element-populated\">\n\t\t\t\t\t\t<div class=\"elementor-element elementor-element-77000c9 elementor-widget elementor-widget-theme-post-title elementor-page-title elementor-widget-heading\" data-id=\"77000c9\" data-element_type=\"widget\" data-widget_type=\"theme-post-title.default\">\n\t\t\t\t<div class=\"elementor-widget-container\">\n\t\t\t\t\t<h1 class=\"elementor-heading-title elementor-size-default\">Polityka plik\u00f3w cookie<\/h1>\t\t\t\t<\/div>\n\t\t\t\t<\/div>\n\t\t\t\t\t<\/div>\n\t\t<\/div>\n\t\t\t\t\t<\/div>\n\t\t<\/section>\n\t\t\t\t<section class=\"elementor-section elementor-top-section elementor-element elementor-element-5def3491 elementor-section-boxed elementor-section-height-default elementor-section-height-default parallax_section_no qode_elementor_container_no\" data-id=\"5def3491\" data-element_type=\"section\">\n\t\t\t\t\t\t<div class=\"elementor-container elementor-column-gap-default\">\n\t\t\t\t\t<div class=\"elementor-column elementor-col-100 elementor-top-column elementor-element elementor-element-18dd6200\" data-id=\"18dd6200\" data-element_type=\"column\">\n\t\t\t<div class=\"elementor-widget-wrap elementor-element-populated\">\n\t\t\t\t\t\t<div class=\"elementor-element elementor-element-2d430653 elementor-widget elementor-widget-heading\" data-id=\"2d430653\" data-element_type=\"widget\" data-widget_type=\"heading.default\">\n\t\t\t\t<div class=\"elementor-widget-container\">\n\t\t\t\t\t<h2 class=\"elementor-heading-title elementor-size-default\">Informacje na temat niniejszej polityki plik\u00f3w cookie<\/h2>\t\t\t\t<\/div>\n\t\t\t\t<\/div>\n\t\t\t\t<div class=\"elementor-element elementor-element-46a6650d elementor-widget elementor-widget-text-editor\" data-id=\"46a6650d\" data-element_type=\"widget\" data-widget_type=\"text-editor.default\">\n\t\t\t\t<div class=\"elementor-widget-container\">\n\t\t\t\t\t\t\t\t\t<p>Niniejsza Polityka plik\u00f3w cookie wyja\u015bnia, czym s\u0105 pliki cookie oraz spos\u00f3b, w jaki je wykorzystujemy, rodzaje plik\u00f3w cookie, kt\u00f3rych u\u017cywamy, tj. informacje, kt\u00f3re zbieramy za pomoc\u0105 plik\u00f3w cookie, a tak\u017ce spos\u00f3b, w jaki te informacje s\u0105 wykorzystywane oraz to, jak mo\u017cna kontrolowa\u0107 preferencje dotycz\u0105ce plik\u00f3w cookie. Wi\u0119cej informacji na temat tego, w jaki spos\u00f3b wykorzystujemy, przechowujemy i zabezpieczamy dane osobowe u\u017cytkownik\u00f3w, znajdziesz w naszej Polityce prywatno\u015bci.<\/p><p>W ka\u017cdej chwili mo\u017cesz zmieni\u0107 lub wycofa\u0107 swoj\u0105 zgod\u0119 uj\u0119t\u0105 w Deklaracji dotycz\u0105cej plik\u00f3w cookie na naszej stronie internetowej.<\/p><p>Dowiedz si\u0119 wi\u0119cej o tym, kim jeste\u015bmy, jak mo\u017cesz si\u0119 z nami skontaktowa\u0107 oraz jak przetwarzamy dane osobowe w ramach naszej Polityki prywatno\u015bci.<\/p><p>Udzielona zgoda dotyczy nast\u0119puj\u0105cych domen: solarity.cz\/pl<\/p><div><p>[user_consent_state]<\/p><\/div>\t\t\t\t\t\t\t\t<\/div>\n\t\t\t\t<\/div>\n\t\t\t\t\t<\/div>\n\t\t<\/div>\n\t\t\t\t\t<\/div>\n\t\t<\/section>\n\t\t\t\t<section class=\"elementor-section elementor-top-section elementor-element elementor-element-6a1a1e9a elementor-section-boxed elementor-section-height-default elementor-section-height-default parallax_section_no qode_elementor_container_no\" data-id=\"6a1a1e9a\" data-element_type=\"section\">\n\t\t\t\t\t\t<div class=\"elementor-container elementor-column-gap-default\">\n\t\t\t\t\t<div class=\"elementor-column elementor-col-100 elementor-top-column elementor-element elementor-element-1fbfe4c8\" data-id=\"1fbfe4c8\" data-element_type=\"column\">\n\t\t\t<div class=\"elementor-widget-wrap elementor-element-populated\">\n\t\t\t\t\t\t<div class=\"elementor-element elementor-element-287216ae elementor-widget elementor-widget-heading\" data-id=\"287216ae\" data-element_type=\"widget\" data-widget_type=\"heading.default\">\n\t\t\t\t<div class=\"elementor-widget-container\">\n\t\t\t\t\t<h2 class=\"elementor-heading-title elementor-size-default\">Czym s\u0105 pliki cookie?<\/h2>\t\t\t\t<\/div>\n\t\t\t\t<\/div>\n\t\t\t\t<div class=\"elementor-element elementor-element-551aeb0a elementor-widget elementor-widget-text-editor\" data-id=\"551aeb0a\" data-element_type=\"widget\" data-widget_type=\"text-editor.default\">\n\t\t\t\t<div class=\"elementor-widget-container\">\n\t\t\t\t\t\t\t\t\t<p>Pliki cookie to ma\u0142e pliki tekstowe, kt\u00f3re s\u0142u\u017c\u0105 do przechowywania niewielkich porcji informacji. S\u0105 one przechowywane na urz\u0105dzeniu u\u017cytkownika, gdy strona jest wczytywana w przegl\u0105darce u\u017cytkownika. Pliki cookie pomagaj\u0105 nam w prawid\u0142owym funkcjonowaniu strony internetowej, zwi\u0119kszeniu jej bezpiecze\u0144stwa, zagwarantowaniu lepszych do\u015bwiadcze\u0144 u\u017cytkownikom oraz zrozumieniu, w jaki spos\u00f3b nasza strona internetowa funkcjonuje, a tak\u017ce przeanalizowaniu tego, co dzia\u0142a, a co wymaga usprawnie\u0144.<\/p>\t\t\t\t\t\t\t\t<\/div>\n\t\t\t\t<\/div>\n\t\t\t\t\t<\/div>\n\t\t<\/div>\n\t\t\t\t\t<\/div>\n\t\t<\/section>\n\t\t\t\t<section class=\"elementor-section elementor-top-section elementor-element elementor-element-3497b5ca elementor-section-boxed elementor-section-height-default elementor-section-height-default parallax_section_no qode_elementor_container_no\" data-id=\"3497b5ca\" data-element_type=\"section\">\n\t\t\t\t\t\t<div class=\"elementor-container elementor-column-gap-default\">\n\t\t\t\t\t<div class=\"elementor-column elementor-col-100 elementor-top-column elementor-element elementor-element-50b80b46\" data-id=\"50b80b46\" data-element_type=\"column\">\n\t\t\t<div class=\"elementor-widget-wrap elementor-element-populated\">\n\t\t\t\t\t\t<div class=\"elementor-element elementor-element-61cab9a8 elementor-widget elementor-widget-heading\" data-id=\"61cab9a8\" data-element_type=\"widget\" data-widget_type=\"heading.default\">\n\t\t\t\t<div class=\"elementor-widget-container\">\n\t\t\t\t\t<h2 class=\"elementor-heading-title elementor-size-default\">W jaki spos\u00f3b u\u017cywamy plik\u00f3w cookie?<\/h2>\t\t\t\t<\/div>\n\t\t\t\t<\/div>\n\t\t\t\t<div class=\"elementor-element elementor-element-ed7e538 elementor-widget elementor-widget-text-editor\" data-id=\"ed7e538\" data-element_type=\"widget\" data-widget_type=\"text-editor.default\">\n\t\t\t\t<div class=\"elementor-widget-container\">\n\t\t\t\t\t\t\t\t\t<p>Podobnie jak wi\u0119kszo\u015b\u0107 us\u0142ug online, nasza strona internetowa wykorzystuje nasze pliki cookie oraz pliki cookie innych firm w kilku celach. Nasze pliki cookie s\u0105 w wi\u0119kszo\u015bci niezb\u0119dne w celu prawid\u0142owego funkcjonowania naszej strony internetowej i nie gromadz\u0105 \u017cadnych danych osobowych u\u017cytkownika.<\/p><p>\u00a0<\/p><p>Pliki cookie innych firm u\u017cywane na naszej stronie internetowej s\u0142u\u017c\u0105 g\u0142\u00f3wnie zrozumieniu, w jaki spos\u00f3b funkcjonuje nasza strona internetowa, w jaki spos\u00f3b u\u017cytkownicy wchodz\u0105 z ni\u0105 w interakcj\u0119, gwarantuj\u0105 bezpiecze\u0144stwo naszych us\u0142ug, a tak\u017ce dostarczaj\u0105 reklamy, kt\u00f3re s\u0105 dopasowane dla poszczeg\u00f3lnych u\u017cytkownik\u00f3w. Tak wi\u0119c zapewniaj\u0105 lepsze i ulepszone do\u015bwiadczenia u\u017cytkownikom oraz pomagaj\u0105 przyspieszy\u0107 przysz\u0142e interakcje z nasz\u0105 stron\u0105 internetow\u0105.<\/p>\t\t\t\t\t\t\t\t<\/div>\n\t\t\t\t<\/div>\n\t\t\t\t\t<\/div>\n\t\t<\/div>\n\t\t\t\t\t<\/div>\n\t\t<\/section>\n\t\t\t\t<section class=\"elementor-section elementor-top-section elementor-element elementor-element-4f819e50 elementor-section-boxed elementor-section-height-default elementor-section-height-default parallax_section_no qode_elementor_container_no\" data-id=\"4f819e50\" data-element_type=\"section\">\n\t\t\t\t\t\t<div class=\"elementor-container elementor-column-gap-default\">\n\t\t\t\t\t<div class=\"elementor-column elementor-col-100 elementor-top-column elementor-element elementor-element-4b2c4bd0\" data-id=\"4b2c4bd0\" data-element_type=\"column\">\n\t\t\t<div class=\"elementor-widget-wrap elementor-element-populated\">\n\t\t\t\t\t\t<div class=\"elementor-element elementor-element-44f3abb4 elementor-widget elementor-widget-heading\" data-id=\"44f3abb4\" data-element_type=\"widget\" data-widget_type=\"heading.default\">\n\t\t\t\t<div class=\"elementor-widget-container\">\n\t\t\t\t\t<h2 class=\"elementor-heading-title elementor-size-default\">Jakich rodzaj\u00f3w plik\u00f3w cookie u\u017cywamy?<\/h2>\t\t\t\t<\/div>\n\t\t\t\t<\/div>\n\t\t\t\t<div class=\"elementor-element elementor-element-137cfa64 elementor-widget elementor-widget-text-editor\" data-id=\"137cfa64\" data-element_type=\"widget\" data-widget_type=\"text-editor.default\">\n\t\t\t\t<div class=\"elementor-widget-container\">\n\t\t\t\t\t\t\t\t\t<p>[cookie_audit columns=&#8221;category,cookie, duration, description&#8221; heading=&#8221;Poni\u017csza lista zawiera szczeg\u00f3\u0142owe informacje na temat plik\u00f3w cookie u\u017cywanych na naszej stronie internetowej.&#8221;]<\/p>\t\t\t\t\t\t\t\t<\/div>\n\t\t\t\t<\/div>\n\t\t\t\t\t<\/div>\n\t\t<\/div>\n\t\t\t\t\t<\/div>\n\t\t<\/section>\n\t\t\t\t<section class=\"elementor-section elementor-top-section elementor-element elementor-element-47599ef7 elementor-section-boxed elementor-section-height-default elementor-section-height-default parallax_section_no qode_elementor_container_no\" data-id=\"47599ef7\" data-element_type=\"section\">\n\t\t\t\t\t\t<div class=\"elementor-container elementor-column-gap-default\">\n\t\t\t\t\t<div class=\"elementor-column elementor-col-100 elementor-top-column elementor-element elementor-element-17648918\" data-id=\"17648918\" data-element_type=\"column\">\n\t\t\t<div class=\"elementor-widget-wrap elementor-element-populated\">\n\t\t\t\t\t\t<div class=\"elementor-element elementor-element-15d398b9 elementor-widget elementor-widget-heading\" data-id=\"15d398b9\" data-element_type=\"widget\" data-widget_type=\"heading.default\">\n\t\t\t\t<div class=\"elementor-widget-container\">\n\t\t\t\t\t<h2 class=\"elementor-heading-title elementor-size-default\">Jak mog\u0119 kontrolowa\u0107 preferencje dotycz\u0105ce plik\u00f3w cookie?<\/h2>\t\t\t\t<\/div>\n\t\t\t\t<\/div>\n\t\t\t\t<div class=\"elementor-element elementor-element-521aba32 elementor-widget elementor-widget-text-editor\" data-id=\"521aba32\" data-element_type=\"widget\" data-widget_type=\"text-editor.default\">\n\t\t\t\t<div class=\"elementor-widget-container\">\n\t\t\t\t\t\t\t\t\t<p>Je\u015bli zdecydujesz si\u0119 zmieni\u0107 swoje preferencje podczas trwania sesji, mo\u017cesz klikn\u0105\u0107 kart\u0119 \u201ePolityka prywatno\u015bci i plik\u00f3w cookie\u201d na swoim ekranie. Spowoduje to ponowne wy\u015bwietlenie informacji na temat zgody, umo\u017cliwiaj\u0105c zmian\u0119 preferencji lub ca\u0142kowite wycofanie udzielonej zgody.<\/p><p>Ponadto r\u00f3\u017cne przegl\u0105darki zapewniaj\u0105 wielorakie metody blokowania i usuwania plik\u00f3w cookie u\u017cywanych przez strony internetowe. Mo\u017cesz zmieni\u0107 ustawienia swojej przegl\u0105darki, aby zablokowa\u0107\/usun\u0105\u0107 pliki cookie. Aby dowiedzie\u0107 si\u0119 wi\u0119cej o tym, jak zarz\u0105dza\u0107 i usuwa\u0107 pliki cookie, odwied\u017a stron\u0119 wikipedia.org oraz <a href=\"http:\/\/www.allaboutcookies.org\/\">www.allaboutcookies.org<\/a>.<\/p>\t\t\t\t\t\t\t\t<\/div>\n\t\t\t\t<\/div>\n\t\t\t\t\t<\/div>\n\t\t<\/div>\n\t\t\t\t\t<\/div>\n\t\t<\/section>\n\t\t\t\t<\/div>\n\t\t","protected":false},"excerpt":{"rendered":"<p>Informacje na temat niniejszej polityki plik\u00f3w cookie Niniejsza Polityka plik\u00f3w cookie wyja\u015bnia, czym s\u0105 pliki cookie oraz spos\u00f3b, w jaki je wykorzystujemy, rodzaje plik\u00f3w cookie, kt\u00f3rych u\u017cywamy, tj. informacje, kt\u00f3re zbieramy za pomoc\u0105 plik\u00f3w cookie, a tak\u017ce spos\u00f3b, w jaki te informacje s\u0105 wykorzystywane oraz&#8230;<\/p>\n","protected":false},"author":30,"featured_media":0,"parent":0,"menu_order":0,"comment_status":"closed","ping_status":"closed","template":"","meta":{"footnotes":""},"class_list":["post-20121","page","type-page","status-publish","hentry"],"yoast_head":"<!-- This site is optimized with the Yoast SEO Premium plugin v25.6 (Yoast SEO v25.6) - https:\/\/yoast.com\/wordpress\/plugins\/seo\/ -->\n<title>Zasady stosowania plik\u00f3w cookie | Solarity - dystrybutor i hurtownia system\u00f3w fotowoltaicznych<\/title>\n<meta name=\"description\" content=\"Dowiedz si\u0119, czym s\u0105 pliki cookie, w jaki spos\u00f3b u\u017cywamy ich w Solarity i w jaki spos\u00f3b mo\u017cesz zmienia\u0107 preferencje plik\u00f3w cookie.\" \/>\n<meta name=\"robots\" content=\"index, follow, max-snippet:-1, max-image-preview:large, max-video-preview:-1\" \/>\n<link rel=\"canonical\" href=\"https:\/\/solarity.eu\/pl\/polityka-plikow-cookie\/\" \/>\n<meta property=\"og:locale\" content=\"pl_PL\" \/>\n<meta property=\"og:type\" content=\"article\" \/>\n<meta property=\"og:title\" content=\"Polityka plik\u00f3w cookie\" \/>\n<meta property=\"og:description\" content=\"Dowiedz si\u0119, czym s\u0105 pliki cookie, w jaki spos\u00f3b u\u017cywamy ich w Solarity i w jaki spos\u00f3b mo\u017cesz zmienia\u0107 preferencje plik\u00f3w cookie.\" \/>\n<meta property=\"og:url\" content=\"https:\/\/solarity.eu\/pl\/polityka-plikow-cookie\/\" \/>\n<meta property=\"og:site_name\" content=\"Solarity\" \/>\n<meta property=\"article:publisher\" content=\"https:\/\/www.facebook.com\/solaritycz\/\" \/>\n<meta property=\"article:modified_time\" content=\"2024-01-28T19:07:06+00:00\" \/>\n<meta name=\"twitter:card\" content=\"summary_large_image\" \/>\n<meta name=\"twitter:label1\" content=\"Szacowany czas czytania\" \/>\n\t<meta name=\"twitter:data1\" content=\"2 minuty\" \/>\n<script type=\"application\/ld+json\" class=\"yoast-schema-graph\">{\"@context\":\"https:\/\/schema.org\",\"@graph\":[{\"@type\":\"WebPage\",\"@id\":\"https:\/\/solarity.eu\/pl\/polityka-plikow-cookie\/\",\"url\":\"https:\/\/solarity.eu\/pl\/polityka-plikow-cookie\/\",\"name\":\"Zasady stosowania plik\u00f3w cookie | Solarity - dystrybutor i hurtownia system\u00f3w fotowoltaicznych\",\"isPartOf\":{\"@id\":\"https:\/\/solarity.eu\/pl\/#website\"},\"datePublished\":\"2022-01-03T11:47:48+00:00\",\"dateModified\":\"2024-01-28T19:07:06+00:00\",\"description\":\"Dowiedz si\u0119, czym s\u0105 pliki cookie, w jaki spos\u00f3b u\u017cywamy ich w Solarity i w jaki spos\u00f3b mo\u017cesz zmienia\u0107 preferencje plik\u00f3w cookie.\",\"breadcrumb\":{\"@id\":\"https:\/\/solarity.eu\/pl\/polityka-plikow-cookie\/#breadcrumb\"},\"inLanguage\":\"pl-PL\",\"potentialAction\":[{\"@type\":\"ReadAction\",\"target\":[\"https:\/\/solarity.eu\/pl\/polityka-plikow-cookie\/\"]}]},{\"@type\":\"BreadcrumbList\",\"@id\":\"https:\/\/solarity.eu\/pl\/polityka-plikow-cookie\/#breadcrumb\",\"itemListElement\":[{\"@type\":\"ListItem\",\"position\":1,\"name\":\"Home\",\"item\":\"https:\/\/solarity.eu\/pl\/homepage\/\"},{\"@type\":\"ListItem\",\"position\":2,\"name\":\"Polityka plik\u00f3w cookie\"}]},{\"@type\":\"WebSite\",\"@id\":\"https:\/\/solarity.eu\/pl\/#website\",\"url\":\"https:\/\/solarity.eu\/pl\/\",\"name\":\"Solarity\",\"description\":\"Distributor and wholesaler of photovoltaic systems\",\"publisher\":{\"@id\":\"https:\/\/solarity.eu\/pl\/#organization\"},\"potentialAction\":[{\"@type\":\"SearchAction\",\"target\":{\"@type\":\"EntryPoint\",\"urlTemplate\":\"https:\/\/solarity.eu\/pl\/?s={search_term_string}\"},\"query-input\":{\"@type\":\"PropertyValueSpecification\",\"valueRequired\":true,\"valueName\":\"search_term_string\"}}],\"inLanguage\":\"pl-PL\"},{\"@type\":\"Organization\",\"@id\":\"https:\/\/solarity.eu\/pl\/#organization\",\"name\":\"Solarity\",\"url\":\"https:\/\/solarity.eu\/pl\/\",\"logo\":{\"@type\":\"ImageObject\",\"inLanguage\":\"pl-PL\",\"@id\":\"https:\/\/solarity.eu\/pl\/#\/schema\/logo\/image\/\",\"url\":\"https:\/\/solarity.eu\/wp-content\/uploads\/2020\/08\/Solarity_Logo_new.jpg\",\"contentUrl\":\"https:\/\/solarity.eu\/wp-content\/uploads\/2020\/08\/Solarity_Logo_new.jpg\",\"width\":364,\"height\":59,\"caption\":\"Solarity\"},\"image\":{\"@id\":\"https:\/\/solarity.eu\/pl\/#\/schema\/logo\/image\/\"},\"sameAs\":[\"https:\/\/www.facebook.com\/solaritycz\/\"]}]}<\/script>\n<!-- \/ Yoast SEO Premium plugin. -->","yoast_head_json":{"title":"Zasady stosowania plik\u00f3w cookie | Solarity - dystrybutor i hurtownia system\u00f3w fotowoltaicznych","description":"Dowiedz si\u0119, czym s\u0105 pliki cookie, w jaki spos\u00f3b u\u017cywamy ich w Solarity i w jaki spos\u00f3b mo\u017cesz zmienia\u0107 preferencje plik\u00f3w cookie.","robots":{"index":"index","follow":"follow","max-snippet":"max-snippet:-1","max-image-preview":"max-image-preview:large","max-video-preview":"max-video-preview:-1"},"canonical":"https:\/\/solarity.eu\/pl\/polityka-plikow-cookie\/","og_locale":"pl_PL","og_type":"article","og_title":"Polityka plik\u00f3w cookie","og_description":"Dowiedz si\u0119, czym s\u0105 pliki cookie, w jaki spos\u00f3b u\u017cywamy ich w Solarity i w jaki spos\u00f3b mo\u017cesz zmienia\u0107 preferencje plik\u00f3w cookie.","og_url":"https:\/\/solarity.eu\/pl\/polityka-plikow-cookie\/","og_site_name":"Solarity","article_publisher":"https:\/\/www.facebook.com\/solaritycz\/","article_modified_time":"2024-01-28T19:07:06+00:00","twitter_card":"summary_large_image","twitter_misc":{"Szacowany czas czytania":"2 minuty"},"schema":{"@context":"https:\/\/schema.org","@graph":[{"@type":"WebPage","@id":"https:\/\/solarity.eu\/pl\/polityka-plikow-cookie\/","url":"https:\/\/solarity.eu\/pl\/polityka-plikow-cookie\/","name":"Zasady stosowania plik\u00f3w cookie | Solarity - dystrybutor i hurtownia system\u00f3w fotowoltaicznych","isPartOf":{"@id":"https:\/\/solarity.eu\/pl\/#website"},"datePublished":"2022-01-03T11:47:48+00:00","dateModified":"2024-01-28T19:07:06+00:00","description":"Dowiedz si\u0119, czym s\u0105 pliki cookie, w jaki spos\u00f3b u\u017cywamy ich w Solarity i w jaki spos\u00f3b mo\u017cesz zmienia\u0107 preferencje plik\u00f3w cookie.","breadcrumb":{"@id":"https:\/\/solarity.eu\/pl\/polityka-plikow-cookie\/#breadcrumb"},"inLanguage":"pl-PL","potentialAction":[{"@type":"ReadAction","target":["https:\/\/solarity.eu\/pl\/polityka-plikow-cookie\/"]}]},{"@type":"BreadcrumbList","@id":"https:\/\/solarity.eu\/pl\/polityka-plikow-cookie\/#breadcrumb","itemListElement":[{"@type":"ListItem","position":1,"name":"Home","item":"https:\/\/solarity.eu\/pl\/homepage\/"},{"@type":"ListItem","position":2,"name":"Polityka plik\u00f3w cookie"}]},{"@type":"WebSite","@id":"https:\/\/solarity.eu\/pl\/#website","url":"https:\/\/solarity.eu\/pl\/","name":"Solarity","description":"Distributor and wholesaler of photovoltaic systems","publisher":{"@id":"https:\/\/solarity.eu\/pl\/#organization"},"potentialAction":[{"@type":"SearchAction","target":{"@type":"EntryPoint","urlTemplate":"https:\/\/solarity.eu\/pl\/?s={search_term_string}"},"query-input":{"@type":"PropertyValueSpecification","valueRequired":true,"valueName":"search_term_string"}}],"inLanguage":"pl-PL"},{"@type":"Organization","@id":"https:\/\/solarity.eu\/pl\/#organization","name":"Solarity","url":"https:\/\/solarity.eu\/pl\/","logo":{"@type":"ImageObject","inLanguage":"pl-PL","@id":"https:\/\/solarity.eu\/pl\/#\/schema\/logo\/image\/","url":"https:\/\/solarity.eu\/wp-content\/uploads\/2020\/08\/Solarity_Logo_new.jpg","contentUrl":"https:\/\/solarity.eu\/wp-content\/uploads\/2020\/08\/Solarity_Logo_new.jpg","width":364,"height":59,"caption":"Solarity"},"image":{"@id":"https:\/\/solarity.eu\/pl\/#\/schema\/logo\/image\/"},"sameAs":["https:\/\/www.facebook.com\/solaritycz\/"]}]}},"_links":{"self":[{"href":"https:\/\/solarity.eu\/pl\/wp-json\/wp\/v2\/pages\/20121","targetHints":{"allow":["GET"]}}],"collection":[{"href":"https:\/\/solarity.eu\/pl\/wp-json\/wp\/v2\/pages"}],"about":[{"href":"https:\/\/solarity.eu\/pl\/wp-json\/wp\/v2\/types\/page"}],"author":[{"embeddable":true,"href":"https:\/\/solarity.eu\/pl\/wp-json\/wp\/v2\/users\/30"}],"replies":[{"embeddable":true,"href":"https:\/\/solarity.eu\/pl\/wp-json\/wp\/v2\/comments?post=20121"}],"version-history":[{"count":1,"href":"https:\/\/solarity.eu\/pl\/wp-json\/wp\/v2\/pages\/20121\/revisions"}],"predecessor-version":[{"id":146017,"href":"https:\/\/solarity.eu\/pl\/wp-json\/wp\/v2\/pages\/20121\/revisions\/146017"}],"wp:attachment":[{"href":"https:\/\/solarity.eu\/pl\/wp-json\/wp\/v2\/media?parent=20121"}],"curies":[{"name":"wp","href":"https:\/\/api.w.org\/{rel}","templated":true}]}}