{"id":131010,"date":"2021-04-01T16:07:20","date_gmt":"2021-04-01T16:07:20","guid":{"rendered":"https:\/\/solarity.eu\/csr\/"},"modified":"2024-05-13T18:49:08","modified_gmt":"2024-05-13T18:49:08","slug":"initiativele-noastre-de-responsabilitate-sociala-corporativa","status":"publish","type":"page","link":"https:\/\/solarity.eu\/ro\/initiativele-noastre-de-responsabilitate-sociala-corporativa\/","title":{"rendered":"Ini\u021biativele noastre de responsabilitate social\u0103 corporativ\u0103"},"content":{"rendered":"\t\t<div data-elementor-type=\"wp-page\" data-elementor-id=\"131010\" class=\"elementor elementor-131010 elementor-22741\" data-elementor-post-type=\"page\">\n\t\t\t\t\t\t<section class=\"elementor-section elementor-top-section elementor-element elementor-element-c6a3923 elementor-section-boxed elementor-section-height-default elementor-section-height-default parallax_section_no qode_elementor_container_no\" data-id=\"c6a3923\" data-element_type=\"section\">\n\t\t\t\t\t\t<div class=\"elementor-container elementor-column-gap-default\">\n\t\t\t\t\t<div class=\"elementor-column elementor-col-100 elementor-top-column elementor-element elementor-element-5fbfb82\" data-id=\"5fbfb82\" data-element_type=\"column\">\n\t\t\t<div class=\"elementor-widget-wrap elementor-element-populated\">\n\t\t\t\t\t\t\t<\/div>\n\t\t<\/div>\n\t\t\t\t\t<\/div>\n\t\t<\/section>\n\t\t\t\t<section class=\"elementor-section elementor-top-section elementor-element elementor-element-02fad38 elementor-section-boxed elementor-section-height-default elementor-section-height-default parallax_section_no qode_elementor_container_no\" data-id=\"02fad38\" data-element_type=\"section\">\n\t\t\t\t\t\t<div class=\"elementor-container elementor-column-gap-default\">\n\t\t\t\t\t<div class=\"elementor-column elementor-col-100 elementor-top-column elementor-element elementor-element-d87712d\" data-id=\"d87712d\" data-element_type=\"column\">\n\t\t\t<div class=\"elementor-widget-wrap elementor-element-populated\">\n\t\t\t\t\t\t<div class=\"elementor-element elementor-element-d314424 elementor-widget elementor-widget-text-editor\" data-id=\"d314424\" data-element_type=\"widget\" data-widget_type=\"text-editor.default\">\n\t\t\t\t<div class=\"elementor-widget-container\">\n\t\t\t\t\t\t\t\t\t<p>\u00cen contextul impactului schimb\u0103rilor climatice care se profileaz\u0103 la orizont, devine din ce \u00een ce mai important pentru companii s\u0103 se implice \u00een ini\u021biative de <strong>responsabilitate social\u0103 corporativ\u0103<\/strong> (CSR). \u00cen primul r\u00e2nd, ce este CSR? CSR se refer\u0103 la angajamentul voluntar al companiilor de a se comporta \u00een mod responsabil fa\u021b\u0103 de mediu \u0219i societate. La Solarity, trat\u0103m cu toat\u0103 seriozitatea acest angajament.<\/p>\t\t\t\t\t\t\t\t<\/div>\n\t\t\t\t<\/div>\n\t\t\t\t\t<\/div>\n\t\t<\/div>\n\t\t\t\t\t<\/div>\n\t\t<\/section>\n\t\t\t\t<section class=\"elementor-section elementor-top-section elementor-element elementor-element-9e4132b elementor-section-boxed elementor-section-height-default elementor-section-height-default parallax_section_no qode_elementor_container_no\" data-id=\"9e4132b\" data-element_type=\"section\">\n\t\t\t\t\t\t<div class=\"elementor-container elementor-column-gap-default\">\n\t\t\t\t\t<div class=\"elementor-column elementor-col-50 elementor-top-column elementor-element elementor-element-5d3aac8\" data-id=\"5d3aac8\" data-element_type=\"column\">\n\t\t\t<div class=\"elementor-widget-wrap elementor-element-populated\">\n\t\t\t\t\t\t<div class=\"elementor-element elementor-element-0826330 elementor-widget elementor-widget-counter\" data-id=\"0826330\" data-element_type=\"widget\" data-widget_type=\"counter.default\">\n\t\t\t\t<div class=\"elementor-widget-container\">\n\t\t\t\t\t\t\t<div class=\"elementor-counter\">\n\t\t\t<div class=\"elementor-counter-title\">livra\u021bi partenerilor no\u0219tri<\/div>\t\t\t<div class=\"elementor-counter-number-wrapper\">\n\t\t\t\t<span class=\"elementor-counter-number-prefix\">&gt;<\/span>\n\t\t\t\t<span class=\"elementor-counter-number\" data-duration=\"4000\" data-to-value=\"2000\" data-from-value=\"0\" data-delimiter=\" \">0<\/span>\n\t\t\t\t<span class=\"elementor-counter-number-suffix\"> MW<\/span>\n\t\t\t<\/div>\n\t\t<\/div>\n\t\t\t\t\t\t<\/div>\n\t\t\t\t<\/div>\n\t\t\t\t\t<\/div>\n\t\t<\/div>\n\t\t\t\t<div class=\"elementor-column elementor-col-50 elementor-top-column elementor-element elementor-element-4e2c791\" data-id=\"4e2c791\" data-element_type=\"column\">\n\t\t\t<div class=\"elementor-widget-wrap elementor-element-populated\">\n\t\t\t\t\t\t<div class=\"elementor-element elementor-element-f44534d elementor-widget elementor-widget-counter\" data-id=\"f44534d\" data-element_type=\"widget\" data-widget_type=\"counter.default\">\n\t\t\t\t<div class=\"elementor-widget-container\">\n\t\t\t\t\t\t\t<div class=\"elementor-counter\">\n\t\t\t<div class=\"elementor-counter-title\">de copaci planta\u021bi<\/div>\t\t\t<div class=\"elementor-counter-number-wrapper\">\n\t\t\t\t<span class=\"elementor-counter-number-prefix\">&gt; <\/span>\n\t\t\t\t<span class=\"elementor-counter-number\" data-duration=\"4000\" data-to-value=\"8000\" data-from-value=\"0\" data-delimiter=\" \">0<\/span>\n\t\t\t\t<span class=\"elementor-counter-number-suffix\"><\/span>\n\t\t\t<\/div>\n\t\t<\/div>\n\t\t\t\t\t\t<\/div>\n\t\t\t\t<\/div>\n\t\t\t\t\t<\/div>\n\t\t<\/div>\n\t\t\t\t\t<\/div>\n\t\t<\/section>\n\t\t\t\t<section class=\"elementor-section elementor-top-section elementor-element elementor-element-81a7049 elementor-section-boxed elementor-section-height-default elementor-section-height-default parallax_section_no qode_elementor_container_no\" data-id=\"81a7049\" data-element_type=\"section\">\n\t\t\t\t\t\t<div class=\"elementor-container elementor-column-gap-default\">\n\t\t\t\t\t<div class=\"elementor-column elementor-col-100 elementor-top-column elementor-element elementor-element-e636e98\" data-id=\"e636e98\" data-element_type=\"column\">\n\t\t\t<div class=\"elementor-widget-wrap elementor-element-populated\">\n\t\t\t\t\t\t<div class=\"elementor-element elementor-element-b0f6bb4 elementor-widget elementor-widget-text-editor\" data-id=\"b0f6bb4\" data-element_type=\"widget\" data-widget_type=\"text-editor.default\">\n\t\t\t\t<div class=\"elementor-widget-container\">\n\t\t\t\t\t\t\t\t\t<p><strong>Sustenabilitatea<\/strong> este una dintre <strong>valorile fundamentale ale companiei Solarity<\/strong> \u2013 suntem hot\u0103r\u00e2\u021bi s\u0103 d\u0103m \u00eenapoi mediului, comunit\u0103\u021bii \u0219i angaja\u021bilor no\u0219tri ceea ce ne-au oferit. Compania noastr\u0103 s-a implicat \u00een numeroase proiecte ecologice diverse, care au ca scop reducerea emisiilor de carbon, \u00eembun\u0103t\u0103\u021birea mediului de lucru al angaja\u021bilor no\u0219tri, sprijinirea comunit\u0103\u021bilor locale \u0219i chiar a \u021b\u0103rilor din lumea a treia.<\/p><p>Pentru mai multe informa\u021bii, consulta\u021bi post\u0103rile de mai jos de pe <a href=\"https:\/\/solarity.eu\/ro\/blog\/\">blogul nostru<\/a>, care explic\u0103 \u0219i prezint\u0103 \u00een detaliu fiecare dintre proiectele noastre ecologice. Toate ini\u021biativele noastre au ca scop un impact durabil pentru un viitor mai bun.<\/p><p>G\u00e2ndi\u021bi regenerabil, tr\u0103i\u021bi durabil!<\/p>\t\t\t\t\t\t\t\t<\/div>\n\t\t\t\t<\/div>\n\t\t\t\t\t<\/div>\n\t\t<\/div>\n\t\t\t\t\t<\/div>\n\t\t<\/section>\n\t\t\t\t<section class=\"elementor-section elementor-top-section elementor-element elementor-element-81affca elementor-section-boxed elementor-section-height-default elementor-section-height-default parallax_section_no qode_elementor_container_no\" data-id=\"81affca\" data-element_type=\"section\">\n\t\t\t\t\t\t<div class=\"elementor-container elementor-column-gap-default\">\n\t\t\t\t\t<div class=\"elementor-column elementor-col-50 elementor-top-column elementor-element elementor-element-534f0e5\" data-id=\"534f0e5\" data-element_type=\"column\">\n\t\t\t<div class=\"elementor-widget-wrap elementor-element-populated\">\n\t\t\t\t\t\t<div class=\"elementor-element elementor-element-474992d elementor-widget elementor-widget-counter\" data-id=\"474992d\" data-element_type=\"widget\" data-widget_type=\"counter.default\">\n\t\t\t\t<div class=\"elementor-widget-container\">\n\t\t\t\t\t\t\t<div class=\"elementor-counter\">\n\t\t\t<div class=\"elementor-counter-title\">economisite \u00een fiecare an per MW instalat<\/div>\t\t\t<div class=\"elementor-counter-number-wrapper\">\n\t\t\t\t<span class=\"elementor-counter-number-prefix\"><\/span>\n\t\t\t\t<span class=\"elementor-counter-number\" data-duration=\"4000\" data-to-value=\"300\" data-from-value=\"0\" data-delimiter=\",\">0<\/span>\n\t\t\t\t<span class=\"elementor-counter-number-suffix\"> de tone de CO2<\/span>\n\t\t\t<\/div>\n\t\t<\/div>\n\t\t\t\t\t\t<\/div>\n\t\t\t\t<\/div>\n\t\t\t\t\t<\/div>\n\t\t<\/div>\n\t\t\t\t<div class=\"elementor-column elementor-col-50 elementor-top-column elementor-element elementor-element-fcebf25\" data-id=\"fcebf25\" data-element_type=\"column\">\n\t\t\t<div class=\"elementor-widget-wrap elementor-element-populated\">\n\t\t\t\t\t\t<div class=\"elementor-element elementor-element-ab914fd elementor-widget elementor-widget-counter\" data-id=\"ab914fd\" data-element_type=\"widget\" data-widget_type=\"counter.default\">\n\t\t\t\t<div class=\"elementor-widget-container\">\n\t\t\t\t\t\t\t<div class=\"elementor-counter\">\n\t\t\t<div class=\"elementor-counter-title\">economisit de padurea Solarity<\/div>\t\t\t<div class=\"elementor-counter-number-wrapper\">\n\t\t\t\t<span class=\"elementor-counter-number-prefix\"><\/span>\n\t\t\t\t<span class=\"elementor-counter-number\" data-duration=\"4000\" data-to-value=\"628\" data-from-value=\"0\" data-delimiter=\",\">0<\/span>\n\t\t\t\t<span class=\"elementor-counter-number-suffix\"> de tone de CO2<\/span>\n\t\t\t<\/div>\n\t\t<\/div>\n\t\t\t\t\t\t<\/div>\n\t\t\t\t<\/div>\n\t\t\t\t\t<\/div>\n\t\t<\/div>\n\t\t\t\t\t<\/div>\n\t\t<\/section>\n\t\t\t\t<section class=\"elementor-section elementor-top-section elementor-element elementor-element-4c65bce elementor-section-boxed elementor-section-height-default elementor-section-height-default parallax_section_no qode_elementor_container_no\" data-id=\"4c65bce\" data-element_type=\"section\">\n\t\t\t\t\t\t<div class=\"elementor-container elementor-column-gap-default\">\n\t\t\t\t\t<div class=\"elementor-column elementor-col-100 elementor-top-column elementor-element elementor-element-9f29c71\" data-id=\"9f29c71\" data-element_type=\"column\">\n\t\t\t<div class=\"elementor-widget-wrap elementor-element-populated\">\n\t\t\t\t\t\t\t<\/div>\n\t\t<\/div>\n\t\t\t\t\t<\/div>\n\t\t<\/section>\n\t\t\t\t<\/div>\n\t\t","protected":false},"excerpt":{"rendered":"<p>\u00cen contextul impactului schimb\u0103rilor climatice care se profileaz\u0103 la orizont, devine din ce \u00een ce mai important pentru companii s\u0103 se implice \u00een ini\u021biative de responsabilitate social\u0103 corporativ\u0103 (CSR). \u00cen primul r\u00e2nd, ce este CSR? CSR se refer\u0103 la angajamentul voluntar al companiilor de a&#8230;<\/p>\n","protected":false},"author":30,"featured_media":131011,"parent":0,"menu_order":0,"comment_status":"closed","ping_status":"closed","template":"","meta":{"footnotes":""},"class_list":["post-131010","page","type-page","status-publish","has-post-thumbnail","hentry"],"yoast_head":"<!-- This site is optimized with the Yoast SEO Premium plugin v25.6 (Yoast SEO v25.6) - https:\/\/yoast.com\/wordpress\/plugins\/seo\/ -->\n<title>Ini\u021biativele noastre \u00een domeniul CSR | Solarity \u2013\u2060 distribuitor \u0219i angrosist de produse fotovoltaice<\/title>\n<meta name=\"description\" content=\"Solarity ia foarte \u00een serios proiectele sale de CSR. \u00cen ceea ce prive\u0219te sustenabilitatea, Solarity se axeaz\u0103 pe mediu, comunitate \u0219i pe angaja\u021bii no\u0219tri, \u00een speran\u021ba c\u0103 vom contribui la un viitor mai bun.\" \/>\n<meta name=\"robots\" content=\"index, follow, max-snippet:-1, max-image-preview:large, max-video-preview:-1\" \/>\n<link rel=\"canonical\" href=\"https:\/\/solarity.eu\/ro\/initiativele-noastre-de-responsabilitate-sociala-corporativa\/\" \/>\n<meta property=\"og:locale\" content=\"ro_RO\" \/>\n<meta property=\"og:type\" content=\"article\" \/>\n<meta property=\"og:title\" content=\"Ini\u021biativele noastre de responsabilitate social\u0103 corporativ\u0103\" \/>\n<meta property=\"og:description\" content=\"Solarity ia foarte \u00een serios proiectele sale de CSR. \u00cen ceea ce prive\u0219te sustenabilitatea, Solarity se axeaz\u0103 pe mediu, comunitate \u0219i pe angaja\u021bii no\u0219tri, \u00een speran\u021ba c\u0103 vom contribui la un viitor mai bun.\" \/>\n<meta property=\"og:url\" content=\"https:\/\/solarity.eu\/ro\/initiativele-noastre-de-responsabilitate-sociala-corporativa\/\" \/>\n<meta property=\"og:site_name\" content=\"Solarity\" \/>\n<meta property=\"article:publisher\" content=\"https:\/\/www.facebook.com\/solaritycz\/\" \/>\n<meta property=\"article:modified_time\" content=\"2024-05-13T18:49:08+00:00\" \/>\n<meta property=\"og:image\" content=\"https:\/\/solarity.eu\/wp-content\/uploads\/2021\/04\/TREE2.gif\" \/>\n\t<meta property=\"og:image:width\" content=\"630\" \/>\n\t<meta property=\"og:image:height\" content=\"630\" \/>\n\t<meta property=\"og:image:type\" content=\"image\/gif\" \/>\n<meta name=\"twitter:card\" content=\"summary_large_image\" \/>\n<meta name=\"twitter:label1\" content=\"Timp estimat pentru citire\" \/>\n\t<meta name=\"twitter:data1\" content=\"3 minute\" \/>\n<script type=\"application\/ld+json\" class=\"yoast-schema-graph\">{\"@context\":\"https:\/\/schema.org\",\"@graph\":[{\"@type\":\"WebPage\",\"@id\":\"https:\/\/solarity.eu\/ro\/initiativele-noastre-de-responsabilitate-sociala-corporativa\/\",\"url\":\"https:\/\/solarity.eu\/ro\/initiativele-noastre-de-responsabilitate-sociala-corporativa\/\",\"name\":\"Ini\u021biativele noastre \u00een domeniul CSR | Solarity \u2013\u2060 distribuitor \u0219i angrosist de produse fotovoltaice\",\"isPartOf\":{\"@id\":\"https:\/\/solarity.eu\/ro\/#website\"},\"primaryImageOfPage\":{\"@id\":\"https:\/\/solarity.eu\/ro\/initiativele-noastre-de-responsabilitate-sociala-corporativa\/#primaryimage\"},\"image\":{\"@id\":\"https:\/\/solarity.eu\/ro\/initiativele-noastre-de-responsabilitate-sociala-corporativa\/#primaryimage\"},\"thumbnailUrl\":\"https:\/\/solarity.eu\/wp-content\/uploads\/2021\/04\/TREE2.gif\",\"datePublished\":\"2021-04-01T16:07:20+00:00\",\"dateModified\":\"2024-05-13T18:49:08+00:00\",\"description\":\"Solarity ia foarte \u00een serios proiectele sale de CSR. \u00cen ceea ce prive\u0219te sustenabilitatea, Solarity se axeaz\u0103 pe mediu, comunitate \u0219i pe angaja\u021bii no\u0219tri, \u00een speran\u021ba c\u0103 vom contribui la un viitor mai bun.\",\"breadcrumb\":{\"@id\":\"https:\/\/solarity.eu\/ro\/initiativele-noastre-de-responsabilitate-sociala-corporativa\/#breadcrumb\"},\"inLanguage\":\"ro-RO\",\"potentialAction\":[{\"@type\":\"ReadAction\",\"target\":[\"https:\/\/solarity.eu\/ro\/initiativele-noastre-de-responsabilitate-sociala-corporativa\/\"]}]},{\"@type\":\"ImageObject\",\"inLanguage\":\"ro-RO\",\"@id\":\"https:\/\/solarity.eu\/ro\/initiativele-noastre-de-responsabilitate-sociala-corporativa\/#primaryimage\",\"url\":\"https:\/\/solarity.eu\/wp-content\/uploads\/2021\/04\/TREE2.gif\",\"contentUrl\":\"https:\/\/solarity.eu\/wp-content\/uploads\/2021\/04\/TREE2.gif\",\"width\":630,\"height\":630},{\"@type\":\"BreadcrumbList\",\"@id\":\"https:\/\/solarity.eu\/ro\/initiativele-noastre-de-responsabilitate-sociala-corporativa\/#breadcrumb\",\"itemListElement\":[{\"@type\":\"ListItem\",\"position\":1,\"name\":\"Home\",\"item\":\"https:\/\/solarity.eu\/ro\/\"},{\"@type\":\"ListItem\",\"position\":2,\"name\":\"Ini\u021biativele noastre de responsabilitate social\u0103 corporativ\u0103\"}]},{\"@type\":\"WebSite\",\"@id\":\"https:\/\/solarity.eu\/ro\/#website\",\"url\":\"https:\/\/solarity.eu\/ro\/\",\"name\":\"Solarity\",\"description\":\"Distributor and wholesaler of photovoltaic systems\",\"publisher\":{\"@id\":\"https:\/\/solarity.eu\/ro\/#organization\"},\"potentialAction\":[{\"@type\":\"SearchAction\",\"target\":{\"@type\":\"EntryPoint\",\"urlTemplate\":\"https:\/\/solarity.eu\/ro\/?s={search_term_string}\"},\"query-input\":{\"@type\":\"PropertyValueSpecification\",\"valueRequired\":true,\"valueName\":\"search_term_string\"}}],\"inLanguage\":\"ro-RO\"},{\"@type\":\"Organization\",\"@id\":\"https:\/\/solarity.eu\/ro\/#organization\",\"name\":\"Solarity\",\"url\":\"https:\/\/solarity.eu\/ro\/\",\"logo\":{\"@type\":\"ImageObject\",\"inLanguage\":\"ro-RO\",\"@id\":\"https:\/\/solarity.eu\/ro\/#\/schema\/logo\/image\/\",\"url\":\"https:\/\/solarity.eu\/wp-content\/uploads\/2020\/08\/Solarity_Logo_new.jpg\",\"contentUrl\":\"https:\/\/solarity.eu\/wp-content\/uploads\/2020\/08\/Solarity_Logo_new.jpg\",\"width\":364,\"height\":59,\"caption\":\"Solarity\"},\"image\":{\"@id\":\"https:\/\/solarity.eu\/ro\/#\/schema\/logo\/image\/\"},\"sameAs\":[\"https:\/\/www.facebook.com\/solaritycz\/\"]}]}<\/script>\n<!-- \/ Yoast SEO Premium plugin. -->","yoast_head_json":{"title":"Ini\u021biativele noastre \u00een domeniul CSR | Solarity \u2013\u2060 distribuitor \u0219i angrosist de produse fotovoltaice","description":"Solarity ia foarte \u00een serios proiectele sale de CSR. \u00cen ceea ce prive\u0219te sustenabilitatea, Solarity se axeaz\u0103 pe mediu, comunitate \u0219i pe angaja\u021bii no\u0219tri, \u00een speran\u021ba c\u0103 vom contribui la un viitor mai bun.","robots":{"index":"index","follow":"follow","max-snippet":"max-snippet:-1","max-image-preview":"max-image-preview:large","max-video-preview":"max-video-preview:-1"},"canonical":"https:\/\/solarity.eu\/ro\/initiativele-noastre-de-responsabilitate-sociala-corporativa\/","og_locale":"ro_RO","og_type":"article","og_title":"Ini\u021biativele noastre de responsabilitate social\u0103 corporativ\u0103","og_description":"Solarity ia foarte \u00een serios proiectele sale de CSR. \u00cen ceea ce prive\u0219te sustenabilitatea, Solarity se axeaz\u0103 pe mediu, comunitate \u0219i pe angaja\u021bii no\u0219tri, \u00een speran\u021ba c\u0103 vom contribui la un viitor mai bun.","og_url":"https:\/\/solarity.eu\/ro\/initiativele-noastre-de-responsabilitate-sociala-corporativa\/","og_site_name":"Solarity","article_publisher":"https:\/\/www.facebook.com\/solaritycz\/","article_modified_time":"2024-05-13T18:49:08+00:00","og_image":[{"width":630,"height":630,"url":"https:\/\/solarity.eu\/wp-content\/uploads\/2021\/04\/TREE2.gif","type":"image\/gif"}],"twitter_card":"summary_large_image","twitter_misc":{"Timp estimat pentru citire":"3 minute"},"schema":{"@context":"https:\/\/schema.org","@graph":[{"@type":"WebPage","@id":"https:\/\/solarity.eu\/ro\/initiativele-noastre-de-responsabilitate-sociala-corporativa\/","url":"https:\/\/solarity.eu\/ro\/initiativele-noastre-de-responsabilitate-sociala-corporativa\/","name":"Ini\u021biativele noastre \u00een domeniul CSR | Solarity \u2013\u2060 distribuitor \u0219i angrosist de produse fotovoltaice","isPartOf":{"@id":"https:\/\/solarity.eu\/ro\/#website"},"primaryImageOfPage":{"@id":"https:\/\/solarity.eu\/ro\/initiativele-noastre-de-responsabilitate-sociala-corporativa\/#primaryimage"},"image":{"@id":"https:\/\/solarity.eu\/ro\/initiativele-noastre-de-responsabilitate-sociala-corporativa\/#primaryimage"},"thumbnailUrl":"https:\/\/solarity.eu\/wp-content\/uploads\/2021\/04\/TREE2.gif","datePublished":"2021-04-01T16:07:20+00:00","dateModified":"2024-05-13T18:49:08+00:00","description":"Solarity ia foarte \u00een serios proiectele sale de CSR. \u00cen ceea ce prive\u0219te sustenabilitatea, Solarity se axeaz\u0103 pe mediu, comunitate \u0219i pe angaja\u021bii no\u0219tri, \u00een speran\u021ba c\u0103 vom contribui la un viitor mai bun.","breadcrumb":{"@id":"https:\/\/solarity.eu\/ro\/initiativele-noastre-de-responsabilitate-sociala-corporativa\/#breadcrumb"},"inLanguage":"ro-RO","potentialAction":[{"@type":"ReadAction","target":["https:\/\/solarity.eu\/ro\/initiativele-noastre-de-responsabilitate-sociala-corporativa\/"]}]},{"@type":"ImageObject","inLanguage":"ro-RO","@id":"https:\/\/solarity.eu\/ro\/initiativele-noastre-de-responsabilitate-sociala-corporativa\/#primaryimage","url":"https:\/\/solarity.eu\/wp-content\/uploads\/2021\/04\/TREE2.gif","contentUrl":"https:\/\/solarity.eu\/wp-content\/uploads\/2021\/04\/TREE2.gif","width":630,"height":630},{"@type":"BreadcrumbList","@id":"https:\/\/solarity.eu\/ro\/initiativele-noastre-de-responsabilitate-sociala-corporativa\/#breadcrumb","itemListElement":[{"@type":"ListItem","position":1,"name":"Home","item":"https:\/\/solarity.eu\/ro\/"},{"@type":"ListItem","position":2,"name":"Ini\u021biativele noastre de responsabilitate social\u0103 corporativ\u0103"}]},{"@type":"WebSite","@id":"https:\/\/solarity.eu\/ro\/#website","url":"https:\/\/solarity.eu\/ro\/","name":"Solarity","description":"Distributor and wholesaler of photovoltaic systems","publisher":{"@id":"https:\/\/solarity.eu\/ro\/#organization"},"potentialAction":[{"@type":"SearchAction","target":{"@type":"EntryPoint","urlTemplate":"https:\/\/solarity.eu\/ro\/?s={search_term_string}"},"query-input":{"@type":"PropertyValueSpecification","valueRequired":true,"valueName":"search_term_string"}}],"inLanguage":"ro-RO"},{"@type":"Organization","@id":"https:\/\/solarity.eu\/ro\/#organization","name":"Solarity","url":"https:\/\/solarity.eu\/ro\/","logo":{"@type":"ImageObject","inLanguage":"ro-RO","@id":"https:\/\/solarity.eu\/ro\/#\/schema\/logo\/image\/","url":"https:\/\/solarity.eu\/wp-content\/uploads\/2020\/08\/Solarity_Logo_new.jpg","contentUrl":"https:\/\/solarity.eu\/wp-content\/uploads\/2020\/08\/Solarity_Logo_new.jpg","width":364,"height":59,"caption":"Solarity"},"image":{"@id":"https:\/\/solarity.eu\/ro\/#\/schema\/logo\/image\/"},"sameAs":["https:\/\/www.facebook.com\/solaritycz\/"]}]}},"_links":{"self":[{"href":"https:\/\/solarity.eu\/ro\/wp-json\/wp\/v2\/pages\/131010","targetHints":{"allow":["GET"]}}],"collection":[{"href":"https:\/\/solarity.eu\/ro\/wp-json\/wp\/v2\/pages"}],"about":[{"href":"https:\/\/solarity.eu\/ro\/wp-json\/wp\/v2\/types\/page"}],"author":[{"embeddable":true,"href":"https:\/\/solarity.eu\/ro\/wp-json\/wp\/v2\/users\/30"}],"replies":[{"embeddable":true,"href":"https:\/\/solarity.eu\/ro\/wp-json\/wp\/v2\/comments?post=131010"}],"version-history":[{"count":3,"href":"https:\/\/solarity.eu\/ro\/wp-json\/wp\/v2\/pages\/131010\/revisions"}],"predecessor-version":[{"id":157544,"href":"https:\/\/solarity.eu\/ro\/wp-json\/wp\/v2\/pages\/131010\/revisions\/157544"}],"wp:featuredmedia":[{"embeddable":true,"href":"https:\/\/solarity.eu\/ro\/wp-json\/wp\/v2\/media\/131011"}],"wp:attachment":[{"href":"https:\/\/solarity.eu\/ro\/wp-json\/wp\/v2\/media?parent=131010"}],"curies":[{"name":"wp","href":"https:\/\/api.w.org\/{rel}","templated":true}]}}