{"id":131021,"date":"2022-01-03T11:47:48","date_gmt":"2022-01-03T11:47:48","guid":{"rendered":"https:\/\/solarity.eu\/cookie-policy\/"},"modified":"2024-01-28T19:23:04","modified_gmt":"2024-01-28T19:23:04","slug":"politica-privind-modulele-cookie","status":"publish","type":"page","link":"https:\/\/solarity.eu\/ro\/politica-privind-modulele-cookie\/","title":{"rendered":"Politica privind modulele cookie"},"content":{"rendered":"\t\t<div data-elementor-type=\"wp-page\" data-elementor-id=\"131021\" class=\"elementor elementor-131021 elementor-25263\" data-elementor-post-type=\"page\">\n\t\t\t\t\t\t<section class=\"elementor-section elementor-top-section elementor-element elementor-element-b42bbf7 elementor-section-boxed elementor-section-height-default elementor-section-height-default parallax_section_no qode_elementor_container_no\" data-id=\"b42bbf7\" data-element_type=\"section\">\n\t\t\t\t\t\t<div class=\"elementor-container elementor-column-gap-default\">\n\t\t\t\t\t<div class=\"elementor-column elementor-col-100 elementor-top-column elementor-element elementor-element-03c809f\" data-id=\"03c809f\" data-element_type=\"column\">\n\t\t\t<div class=\"elementor-widget-wrap elementor-element-populated\">\n\t\t\t\t\t\t\t<\/div>\n\t\t<\/div>\n\t\t\t\t\t<\/div>\n\t\t<\/section>\n\t\t\t\t<section class=\"elementor-section elementor-top-section elementor-element elementor-element-7cae705 elementor-section-boxed elementor-section-height-default elementor-section-height-default parallax_section_no qode_elementor_container_no\" data-id=\"7cae705\" data-element_type=\"section\">\n\t\t\t\t\t\t<div class=\"elementor-container elementor-column-gap-default\">\n\t\t\t\t\t<div class=\"elementor-column elementor-col-100 elementor-top-column elementor-element elementor-element-715ec7b\" data-id=\"715ec7b\" data-element_type=\"column\">\n\t\t\t<div class=\"elementor-widget-wrap elementor-element-populated\">\n\t\t\t\t\t\t<div class=\"elementor-element elementor-element-3a08646 elementor-widget elementor-widget-heading\" data-id=\"3a08646\" data-element_type=\"widget\" data-widget_type=\"heading.default\">\n\t\t\t\t<div class=\"elementor-widget-container\">\n\t\t\t\t\t<h2 class=\"elementor-heading-title elementor-size-default\">Despre aceast\u0103 politic\u0103 privind modulele cookie<\/h2>\t\t\t\t<\/div>\n\t\t\t\t<\/div>\n\t\t\t\t<div class=\"elementor-element elementor-element-bf9437e elementor-widget elementor-widget-text-editor\" data-id=\"bf9437e\" data-element_type=\"widget\" data-widget_type=\"text-editor.default\">\n\t\t\t\t<div class=\"elementor-widget-container\">\n\t\t\t\t\t\t\t\t\t<p>Aceast\u0103 Politic\u0103 privind modulele cookie explic\u0103 ce sunt modulele cookie \u0219i cum le folosim, tipurile de module cookie pe care le folosim, mai exact, informa\u021biile pe care le colect\u0103m cu ajutorul modulelor cookie \u0219i cum sunt folosite aceste informa\u021bii, precum \u0219i modul \u00een care pute\u021bi controla preferin\u021bele privind modulele cookie. Pentru mai multe informa\u021bii despre modul \u00een care utiliz\u0103m, stoc\u0103m \u0219i p\u0103str\u0103m \u00een siguran\u021b\u0103 datele dumneavoastr\u0103 cu caracter personal, consulta\u021bi Politica noastr\u0103 de confiden\u021bialitate.<\/p><p>\u00a0<\/p><p>Pute\u021bi s\u0103 v\u0103 schimba\u021bi sau s\u0103 v\u0103 retrage\u021bi consim\u021b\u0103m\u00e2ntul \u00een orice moment din Declara\u021bia privind modulele cookie de pe site-ul nostru web<\/p><p>Afla\u021bi mai multe despre cine suntem, cum ne pute\u021bi contacta \u0219i cum prelucr\u0103m datele cu caracter personal \u00een Politica noastr\u0103 de confiden\u021bialitate.<\/p><p>\u00a0<\/p><p>Consim\u021b\u0103m\u00e2ntul dumneavoastr\u0103 se aplic\u0103 urm\u0103toarelor domenii: solarity.eu<\/p><p>[user_consent_state]<\/p>\t\t\t\t\t\t\t\t<\/div>\n\t\t\t\t<\/div>\n\t\t\t\t\t<\/div>\n\t\t<\/div>\n\t\t\t\t\t<\/div>\n\t\t<\/section>\n\t\t\t\t<section class=\"elementor-section elementor-top-section elementor-element elementor-element-6325955 elementor-section-boxed elementor-section-height-default elementor-section-height-default parallax_section_no qode_elementor_container_no\" data-id=\"6325955\" data-element_type=\"section\">\n\t\t\t\t\t\t<div class=\"elementor-container elementor-column-gap-default\">\n\t\t\t\t\t<div class=\"elementor-column elementor-col-100 elementor-top-column elementor-element elementor-element-c9043ee\" data-id=\"c9043ee\" data-element_type=\"column\">\n\t\t\t<div class=\"elementor-widget-wrap elementor-element-populated\">\n\t\t\t\t\t\t<div class=\"elementor-element elementor-element-183f456 elementor-widget elementor-widget-heading\" data-id=\"183f456\" data-element_type=\"widget\" data-widget_type=\"heading.default\">\n\t\t\t\t<div class=\"elementor-widget-container\">\n\t\t\t\t\t<h2 class=\"elementor-heading-title elementor-size-default\">Ce sunt modulele cookie?<\/h2>\t\t\t\t<\/div>\n\t\t\t\t<\/div>\n\t\t\t\t<div class=\"elementor-element elementor-element-d670f80 elementor-widget elementor-widget-text-editor\" data-id=\"d670f80\" data-element_type=\"widget\" data-widget_type=\"text-editor.default\">\n\t\t\t\t<div class=\"elementor-widget-container\">\n\t\t\t\t\t\t\t\t\tModulele cookie sunt fi\u0219iere text de mici dimensiuni care sunt utilizate pentru a stoca mici p\u0103r\u021bi de informa\u021bii. Acestea sunt stocate pe dispozitivul dumneavoastr\u0103 atunci c\u00e2nd site-ul web este \u00eenc\u0103rcat \u00een browserul dumneavoastr\u0103. Aceste module cookie ne ajut\u0103 s\u0103 facem site-ul web s\u0103 func\u021bioneze corespunz\u0103tor, s\u0103 \u00eel facem mai sigur, s\u0103 oferim o experien\u021b\u0103 mai bun\u0103 pentru utilizator \u0219i s\u0103 \u00een\u021belegem cum func\u021bioneaz\u0103 site-ul web \u0219i s\u0103 analiz\u0103m ce func\u021bioneaz\u0103 \u0219i unde sunt necesare \u00eembun\u0103t\u0103\u021biri.\t\t\t\t\t\t\t\t<\/div>\n\t\t\t\t<\/div>\n\t\t\t\t\t<\/div>\n\t\t<\/div>\n\t\t\t\t\t<\/div>\n\t\t<\/section>\n\t\t\t\t<section class=\"elementor-section elementor-top-section elementor-element elementor-element-1a28dc1 elementor-section-boxed elementor-section-height-default elementor-section-height-default parallax_section_no qode_elementor_container_no\" data-id=\"1a28dc1\" data-element_type=\"section\">\n\t\t\t\t\t\t<div class=\"elementor-container elementor-column-gap-default\">\n\t\t\t\t\t<div class=\"elementor-column elementor-col-100 elementor-top-column elementor-element elementor-element-3758ee0\" data-id=\"3758ee0\" data-element_type=\"column\">\n\t\t\t<div class=\"elementor-widget-wrap elementor-element-populated\">\n\t\t\t\t\t\t<div class=\"elementor-element elementor-element-8bc7e94 elementor-widget elementor-widget-heading\" data-id=\"8bc7e94\" data-element_type=\"widget\" data-widget_type=\"heading.default\">\n\t\t\t\t<div class=\"elementor-widget-container\">\n\t\t\t\t\t<h2 class=\"elementor-heading-title elementor-size-default\">Cum utiliz\u0103m modulele cookie?<\/h2>\t\t\t\t<\/div>\n\t\t\t\t<\/div>\n\t\t\t\t<div class=\"elementor-element elementor-element-167c5f5 elementor-widget elementor-widget-text-editor\" data-id=\"167c5f5\" data-element_type=\"widget\" data-widget_type=\"text-editor.default\">\n\t\t\t\t<div class=\"elementor-widget-container\">\n\t\t\t\t\t\t\t\t\t<p>La fel ca majoritatea serviciilor online, site-ul nostru utilizeaz\u0103 module cookie de la p\u0103r\u021bile principale \u0219i de la p\u0103r\u021bi ter\u021be, \u00een mai multe scopuri. Modulele cookie de la p\u0103r\u021bile principale sunt \u00een mare parte necesare pentru ca site-ul web s\u0103 func\u021bioneze corespunz\u0103tor \u0219i nu colecteaz\u0103 niciun fel de date care s\u0103 v\u0103 identifice personal.<\/p><p>\u00a0<\/p><p>Modulele cookie ale p\u0103r\u021bilor ter\u021be utilizate pe site-ul nostru web sunt folosite \u00een principal pentru a \u00een\u021belege modul \u00een care func\u021bioneaz\u0103 site-ul web, cum interac\u021biona\u021bi dumneavoastr\u0103 cu site-ul nostru web, pentru a garanta securitatea serviciilor noastre, pentru a furniza reclame relevante pentru dumneavoastr\u0103 \u0219i, per ansamblu, pentru a v\u0103 oferi o experien\u021b\u0103 de utilizare mai bun\u0103 \u0219i optimizat\u0103 pentru a v\u0103 ajuta s\u0103 accelera\u021bi interac\u021biunile viitoare cu site-ul nostru web.<\/p>\t\t\t\t\t\t\t\t<\/div>\n\t\t\t\t<\/div>\n\t\t\t\t\t<\/div>\n\t\t<\/div>\n\t\t\t\t\t<\/div>\n\t\t<\/section>\n\t\t\t\t<section class=\"elementor-section elementor-top-section elementor-element elementor-element-7f11e16 elementor-section-boxed elementor-section-height-default elementor-section-height-default parallax_section_no qode_elementor_container_no\" data-id=\"7f11e16\" data-element_type=\"section\">\n\t\t\t\t\t\t<div class=\"elementor-container elementor-column-gap-default\">\n\t\t\t\t\t<div class=\"elementor-column elementor-col-100 elementor-top-column elementor-element elementor-element-667c3e0\" data-id=\"667c3e0\" data-element_type=\"column\">\n\t\t\t<div class=\"elementor-widget-wrap elementor-element-populated\">\n\t\t\t\t\t\t<div class=\"elementor-element elementor-element-a4d1757 elementor-widget elementor-widget-heading\" data-id=\"a4d1757\" data-element_type=\"widget\" data-widget_type=\"heading.default\">\n\t\t\t\t<div class=\"elementor-widget-container\">\n\t\t\t\t\t<h2 class=\"elementor-heading-title elementor-size-default\">Ce tipuri de module cookie folosim?<\/h2>\t\t\t\t<\/div>\n\t\t\t\t<\/div>\n\t\t\t\t<div class=\"elementor-element elementor-element-a1bc04c elementor-widget elementor-widget-text-editor\" data-id=\"a1bc04c\" data-element_type=\"widget\" data-widget_type=\"text-editor.default\">\n\t\t\t\t<div class=\"elementor-widget-container\">\n\t\t\t\t\t\t\t\t\t<p>[cookie_audit columns=&#8221;category,cookie, duration, description&#8221; heading=&#8221;Lista de mai jos prezint\u0103 \u00een detaliu modulele cookie utilizate pe site-ul nostru web.&#8221;]<\/p>\t\t\t\t\t\t\t\t<\/div>\n\t\t\t\t<\/div>\n\t\t\t\t\t<\/div>\n\t\t<\/div>\n\t\t\t\t\t<\/div>\n\t\t<\/section>\n\t\t\t\t<section class=\"elementor-section elementor-top-section elementor-element elementor-element-a335472 elementor-section-boxed elementor-section-height-default elementor-section-height-default parallax_section_no qode_elementor_container_no\" data-id=\"a335472\" data-element_type=\"section\">\n\t\t\t\t\t\t<div class=\"elementor-container elementor-column-gap-default\">\n\t\t\t\t\t<div class=\"elementor-column elementor-col-100 elementor-top-column elementor-element elementor-element-94a2874\" data-id=\"94a2874\" data-element_type=\"column\">\n\t\t\t<div class=\"elementor-widget-wrap elementor-element-populated\">\n\t\t\t\t\t\t<div class=\"elementor-element elementor-element-788f289 elementor-widget elementor-widget-heading\" data-id=\"788f289\" data-element_type=\"widget\" data-widget_type=\"heading.default\">\n\t\t\t\t<div class=\"elementor-widget-container\">\n\t\t\t\t\t<h2 class=\"elementor-heading-title elementor-size-default\">Cum pot controla preferin\u021bele \u00een ceea ce prive\u0219te modulele cookie?<\/h2>\t\t\t\t<\/div>\n\t\t\t\t<\/div>\n\t\t\t\t<div class=\"elementor-element elementor-element-472ed35 elementor-widget elementor-widget-text-editor\" data-id=\"472ed35\" data-element_type=\"widget\" data-widget_type=\"text-editor.default\">\n\t\t\t\t<div class=\"elementor-widget-container\">\n\t\t\t\t\t\t\t\t\t<p>\u00cen cazul \u00een care decide\u021bi s\u0103 v\u0103 modifica\u021bi preferin\u021bele ulterior, \u00een timpul sesiunii de navigare, pute\u021bi face clic pe fila \u201ePolitica de confiden\u021bialitate \u0219i privind modulele cookie\u201d de pe ecran. Aceast\u0103 ac\u021biune va afi\u0219a din nou notificarea privind consim\u021b\u0103m\u00e2ntul, permi\u021b\u00e2ndu-v\u0103 s\u0103 v\u0103 modifica\u021bi preferin\u021bele sau s\u0103 v\u0103 retrage\u021bi \u00een totalitate consim\u021b\u0103m\u00e2ntul.<\/p><p>\u00a0<\/p><p>\u00cen plus, diferitele browsere ofer\u0103 diferite metode de blocare \u0219i \u0219tergere a modulelor cookie utilizate de site-urile web. Pute\u021bi modifica set\u0103rile browserului dumneavoastr\u0103 pentru a bloca\/elimina modulele cookie. Pentru a afla mai multe despre cum s\u0103 gestiona\u021bi \u0219i s\u0103 \u0219terge\u021bi modulele cookie, accesa\u021bi wikipedia.org, www.allaboutcookies.org.<\/p>\t\t\t\t\t\t\t\t<\/div>\n\t\t\t\t<\/div>\n\t\t\t\t\t<\/div>\n\t\t<\/div>\n\t\t\t\t\t<\/div>\n\t\t<\/section>\n\t\t\t\t<\/div>\n\t\t","protected":false},"excerpt":{"rendered":"<p>Despre aceast\u0103 politic\u0103 privind modulele cookie Aceast\u0103 Politic\u0103 privind modulele cookie explic\u0103 ce sunt modulele cookie \u0219i cum le folosim, tipurile de module cookie pe care le folosim, mai exact, informa\u021biile pe care le colect\u0103m cu ajutorul modulelor cookie \u0219i cum sunt folosite aceste informa\u021bii,&#8230;<\/p>\n","protected":false},"author":30,"featured_media":0,"parent":0,"menu_order":0,"comment_status":"closed","ping_status":"closed","template":"","meta":{"footnotes":""},"class_list":["post-131021","page","type-page","status-publish","hentry"],"yoast_head":"<!-- This site is optimized with the Yoast SEO Premium plugin v25.6 (Yoast SEO v25.6) - https:\/\/yoast.com\/wordpress\/plugins\/seo\/ -->\n<title>Politica privind modulele cookie | Solarity \u2013\u2060 distribuitor \u0219i angrosist de produse fotovoltaice<\/title>\n<meta name=\"description\" content=\"Afla\u021bi ce sunt fi\u0219ierele cookie, cum le folose\u0219te Solarity \u0219i cum le pute\u021bi controla configura\u021bia.\" \/>\n<meta name=\"robots\" content=\"index, follow, max-snippet:-1, max-image-preview:large, max-video-preview:-1\" \/>\n<link rel=\"canonical\" href=\"https:\/\/solarity.eu\/ro\/politica-privind-modulele-cookie\/\" \/>\n<meta property=\"og:locale\" content=\"ro_RO\" \/>\n<meta property=\"og:type\" content=\"article\" \/>\n<meta property=\"og:title\" content=\"Politica privind modulele cookie\" \/>\n<meta property=\"og:description\" content=\"Afla\u021bi ce sunt fi\u0219ierele cookie, cum le folose\u0219te Solarity \u0219i cum le pute\u021bi controla configura\u021bia.\" \/>\n<meta property=\"og:url\" content=\"https:\/\/solarity.eu\/ro\/politica-privind-modulele-cookie\/\" \/>\n<meta property=\"og:site_name\" content=\"Solarity\" \/>\n<meta property=\"article:publisher\" content=\"https:\/\/www.facebook.com\/solaritycz\/\" \/>\n<meta property=\"article:modified_time\" content=\"2024-01-28T19:23:04+00:00\" \/>\n<meta name=\"twitter:card\" content=\"summary_large_image\" \/>\n<meta name=\"twitter:label1\" content=\"Timp estimat pentru citire\" \/>\n\t<meta name=\"twitter:data1\" content=\"3 minute\" \/>\n<script type=\"application\/ld+json\" class=\"yoast-schema-graph\">{\"@context\":\"https:\/\/schema.org\",\"@graph\":[{\"@type\":\"WebPage\",\"@id\":\"https:\/\/solarity.eu\/ro\/politica-privind-modulele-cookie\/\",\"url\":\"https:\/\/solarity.eu\/ro\/politica-privind-modulele-cookie\/\",\"name\":\"Politica privind modulele cookie | Solarity \u2013\u2060 distribuitor \u0219i angrosist de produse fotovoltaice\",\"isPartOf\":{\"@id\":\"https:\/\/solarity.eu\/ro\/#website\"},\"datePublished\":\"2022-01-03T11:47:48+00:00\",\"dateModified\":\"2024-01-28T19:23:04+00:00\",\"description\":\"Afla\u021bi ce sunt fi\u0219ierele cookie, cum le folose\u0219te Solarity \u0219i cum le pute\u021bi controla configura\u021bia.\",\"breadcrumb\":{\"@id\":\"https:\/\/solarity.eu\/ro\/politica-privind-modulele-cookie\/#breadcrumb\"},\"inLanguage\":\"ro-RO\",\"potentialAction\":[{\"@type\":\"ReadAction\",\"target\":[\"https:\/\/solarity.eu\/ro\/politica-privind-modulele-cookie\/\"]}]},{\"@type\":\"BreadcrumbList\",\"@id\":\"https:\/\/solarity.eu\/ro\/politica-privind-modulele-cookie\/#breadcrumb\",\"itemListElement\":[{\"@type\":\"ListItem\",\"position\":1,\"name\":\"Home\",\"item\":\"https:\/\/solarity.eu\/ro\/\"},{\"@type\":\"ListItem\",\"position\":2,\"name\":\"Politica privind modulele cookie\"}]},{\"@type\":\"WebSite\",\"@id\":\"https:\/\/solarity.eu\/ro\/#website\",\"url\":\"https:\/\/solarity.eu\/ro\/\",\"name\":\"Solarity\",\"description\":\"Distributor and wholesaler of photovoltaic systems\",\"publisher\":{\"@id\":\"https:\/\/solarity.eu\/ro\/#organization\"},\"potentialAction\":[{\"@type\":\"SearchAction\",\"target\":{\"@type\":\"EntryPoint\",\"urlTemplate\":\"https:\/\/solarity.eu\/ro\/?s={search_term_string}\"},\"query-input\":{\"@type\":\"PropertyValueSpecification\",\"valueRequired\":true,\"valueName\":\"search_term_string\"}}],\"inLanguage\":\"ro-RO\"},{\"@type\":\"Organization\",\"@id\":\"https:\/\/solarity.eu\/ro\/#organization\",\"name\":\"Solarity\",\"url\":\"https:\/\/solarity.eu\/ro\/\",\"logo\":{\"@type\":\"ImageObject\",\"inLanguage\":\"ro-RO\",\"@id\":\"https:\/\/solarity.eu\/ro\/#\/schema\/logo\/image\/\",\"url\":\"https:\/\/solarity.eu\/wp-content\/uploads\/2020\/08\/Solarity_Logo_new.jpg\",\"contentUrl\":\"https:\/\/solarity.eu\/wp-content\/uploads\/2020\/08\/Solarity_Logo_new.jpg\",\"width\":364,\"height\":59,\"caption\":\"Solarity\"},\"image\":{\"@id\":\"https:\/\/solarity.eu\/ro\/#\/schema\/logo\/image\/\"},\"sameAs\":[\"https:\/\/www.facebook.com\/solaritycz\/\"]}]}<\/script>\n<!-- \/ Yoast SEO Premium plugin. -->","yoast_head_json":{"title":"Politica privind modulele cookie | Solarity \u2013\u2060 distribuitor \u0219i angrosist de produse fotovoltaice","description":"Afla\u021bi ce sunt fi\u0219ierele cookie, cum le folose\u0219te Solarity \u0219i cum le pute\u021bi controla configura\u021bia.","robots":{"index":"index","follow":"follow","max-snippet":"max-snippet:-1","max-image-preview":"max-image-preview:large","max-video-preview":"max-video-preview:-1"},"canonical":"https:\/\/solarity.eu\/ro\/politica-privind-modulele-cookie\/","og_locale":"ro_RO","og_type":"article","og_title":"Politica privind modulele cookie","og_description":"Afla\u021bi ce sunt fi\u0219ierele cookie, cum le folose\u0219te Solarity \u0219i cum le pute\u021bi controla configura\u021bia.","og_url":"https:\/\/solarity.eu\/ro\/politica-privind-modulele-cookie\/","og_site_name":"Solarity","article_publisher":"https:\/\/www.facebook.com\/solaritycz\/","article_modified_time":"2024-01-28T19:23:04+00:00","twitter_card":"summary_large_image","twitter_misc":{"Timp estimat pentru citire":"3 minute"},"schema":{"@context":"https:\/\/schema.org","@graph":[{"@type":"WebPage","@id":"https:\/\/solarity.eu\/ro\/politica-privind-modulele-cookie\/","url":"https:\/\/solarity.eu\/ro\/politica-privind-modulele-cookie\/","name":"Politica privind modulele cookie | Solarity \u2013\u2060 distribuitor \u0219i angrosist de produse fotovoltaice","isPartOf":{"@id":"https:\/\/solarity.eu\/ro\/#website"},"datePublished":"2022-01-03T11:47:48+00:00","dateModified":"2024-01-28T19:23:04+00:00","description":"Afla\u021bi ce sunt fi\u0219ierele cookie, cum le folose\u0219te Solarity \u0219i cum le pute\u021bi controla configura\u021bia.","breadcrumb":{"@id":"https:\/\/solarity.eu\/ro\/politica-privind-modulele-cookie\/#breadcrumb"},"inLanguage":"ro-RO","potentialAction":[{"@type":"ReadAction","target":["https:\/\/solarity.eu\/ro\/politica-privind-modulele-cookie\/"]}]},{"@type":"BreadcrumbList","@id":"https:\/\/solarity.eu\/ro\/politica-privind-modulele-cookie\/#breadcrumb","itemListElement":[{"@type":"ListItem","position":1,"name":"Home","item":"https:\/\/solarity.eu\/ro\/"},{"@type":"ListItem","position":2,"name":"Politica privind modulele cookie"}]},{"@type":"WebSite","@id":"https:\/\/solarity.eu\/ro\/#website","url":"https:\/\/solarity.eu\/ro\/","name":"Solarity","description":"Distributor and wholesaler of photovoltaic systems","publisher":{"@id":"https:\/\/solarity.eu\/ro\/#organization"},"potentialAction":[{"@type":"SearchAction","target":{"@type":"EntryPoint","urlTemplate":"https:\/\/solarity.eu\/ro\/?s={search_term_string}"},"query-input":{"@type":"PropertyValueSpecification","valueRequired":true,"valueName":"search_term_string"}}],"inLanguage":"ro-RO"},{"@type":"Organization","@id":"https:\/\/solarity.eu\/ro\/#organization","name":"Solarity","url":"https:\/\/solarity.eu\/ro\/","logo":{"@type":"ImageObject","inLanguage":"ro-RO","@id":"https:\/\/solarity.eu\/ro\/#\/schema\/logo\/image\/","url":"https:\/\/solarity.eu\/wp-content\/uploads\/2020\/08\/Solarity_Logo_new.jpg","contentUrl":"https:\/\/solarity.eu\/wp-content\/uploads\/2020\/08\/Solarity_Logo_new.jpg","width":364,"height":59,"caption":"Solarity"},"image":{"@id":"https:\/\/solarity.eu\/ro\/#\/schema\/logo\/image\/"},"sameAs":["https:\/\/www.facebook.com\/solaritycz\/"]}]}},"_links":{"self":[{"href":"https:\/\/solarity.eu\/ro\/wp-json\/wp\/v2\/pages\/131021","targetHints":{"allow":["GET"]}}],"collection":[{"href":"https:\/\/solarity.eu\/ro\/wp-json\/wp\/v2\/pages"}],"about":[{"href":"https:\/\/solarity.eu\/ro\/wp-json\/wp\/v2\/types\/page"}],"author":[{"embeddable":true,"href":"https:\/\/solarity.eu\/ro\/wp-json\/wp\/v2\/users\/30"}],"replies":[{"embeddable":true,"href":"https:\/\/solarity.eu\/ro\/wp-json\/wp\/v2\/comments?post=131021"}],"version-history":[{"count":1,"href":"https:\/\/solarity.eu\/ro\/wp-json\/wp\/v2\/pages\/131021\/revisions"}],"predecessor-version":[{"id":145889,"href":"https:\/\/solarity.eu\/ro\/wp-json\/wp\/v2\/pages\/131021\/revisions\/145889"}],"wp:attachment":[{"href":"https:\/\/solarity.eu\/ro\/wp-json\/wp\/v2\/media?parent=131021"}],"curies":[{"name":"wp","href":"https:\/\/api.w.org\/{rel}","templated":true}]}}